{"id":27002,"date":"2025-12-09T10:55:55","date_gmt":"2025-12-09T09:55:55","guid":{"rendered":"https:\/\/www.salzburgerland.com\/pl\/?page_id=27002"},"modified":"2025-12-09T11:47:58","modified_gmt":"2025-12-09T10:47:58","slug":"warunki-uczestnictwa-konkurs-zimowy-urlop-w-wildkogel-arena-neukirchen-bramberg","status":"publish","type":"page","link":"https:\/\/www.salzburgerland.com\/pl\/warunki-uczestnictwa-konkurs-zimowy-urlop-w-wildkogel-arena-neukirchen-bramberg\/","title":{"rendered":"Warunki Uczestnictwa Konkurs: Zimowy urlop w Wildkogel-Arena Neukirchen &#038; Bramberg"},"content":{"rendered":"<p>Bior\u0105c udzia\u0142 w konkursie, uczestnicy akceptuj\u0105 poni\u017csze warunki uczestnictwa i wyra\u017caj\u0105 na nie zgod\u0119.<\/p>\n<p><strong>KTO JEST ORGGANIZATOREM KONKURSU?<\/strong><\/p>\n<p>Organizatorem tego konkursu jest<\/p>\n<p>SalzburgerLand Tourismus GmbH<br>\nWiener Bundesstra\u00dfe 23<br>\n5300 Hallwang<br>\n\u00d6sterreich<br>\n(zwany dalej \u201eOrganizatorem\u201c).<\/p>\n<p><strong>KIEDY ODBYWA SI\u0118 KONKURS?<\/strong><\/p>\n<ul>\n<li>Konkurs ko\u0144czy 21.12.2025 o godzinie 23:59.<\/li>\n<li>Zg\u0142oszenia nades\u0142ane po zako\u0144czeniu konkursu nie b\u0119d\u0105 brane pod uwag\u0119. Za terminowe dotarcie zg\u0142oszenia do Organizatora odpowiada Uczestnik.<\/li>\n<li>Organizator zastrzega sobie prawo do wcze\u015bniejszego zako\u0144czenia konkursu w dowolnym momencie, bez podawania przyczyny.<\/li>\n<\/ul>\n<p><strong>KTO MO\u017bE BRA\u0106 UDZIA\u0141?<\/strong><\/p>\n<ul>\n<li>W konkursie mog\u0105 bra\u0107 udzia\u0142 wy\u0142\u0105cznie osoby pe\u0142noletnie (18+) zamieszka\u0142e w Polsce.<\/li>\n<li>Udzia\u0142 w konkursie jest bezp\u0142atny.<\/li>\n<li>Pracownicy Organizatora, sp\u00f3\u0142ek powi\u0105zanych oraz partner\u00f3w biznesowych i kooperacyjnych Organizatora, a tak\u017ce cz\u0142onkowie ich rodzin, mog\u0105 wzi\u0105\u0107 udzia\u0142 w konkursie, jednak nie mog\u0105 otrzyma\u0107 nagr\u00f3d.<\/li>\n<li>Organizator zastrzega sobie prawo do wykluczenia Uczestnik\u00f3w z konkursu. Wykluczenie mo\u017ce nast\u0105pi\u0107 m.in., je\u015bli Uczestnik naruszy warunki uczestnictwa (np. poda nieprawdziwe dane) lub je\u015bli istnieje obawa, \u017ce zachowanie Uczestnika mog\u0142oby zaszkodzi\u0107 wizerunkowi lub dobrej opinii Organizatora, konkursu lub firm powi\u0105zanych.<\/li>\n<\/ul>\n<p><strong>JAK WZI\u0104\u0106 UDZIA\u0141?<\/strong><\/p>\n<p>Uczestniczy\u0107 w konkursie mo\u017cna, wype\u0142niaj\u0105c formularz dost\u0119pny na stronie <a href=\"https:\/\/www.salzburgerland.com\/pl\/konkurs\/\" target=\"_blank\" rel=\"noopener\">https:\/\/www.salzburgerland.com\/pl\/konkurs\/<\/a>\u00a0i zaznaczaj\u0105c zgod\u0119 na udzia\u0142 w konkursie. Aby wzi\u0105\u0107 udzia\u0142, nale\u017cy poda\u0107 w\u0142asny adres e-mail, imi\u0119, nazwisko oraz dat\u0119 urodzenia. Wysy\u0142aj\u0105c zg\u0142oszenie online, jednocze\u015bnie wyra\u017casz zgod\u0119 na otrzymywanie w przysz\u0142o\u015bci newslettera Organizatora.<\/p>\n<p>Udzia\u0142 w konkursie jest mo\u017cliwy tak\u017ce bez subskrypcji newslettera, przez wys\u0142anie zg\u0142oszenie poczt\u0105.<\/p>\n<p>Aby wzi\u0105\u0107 udzia\u0142, wy\u015blij swoje zg\u0142oszenie do konkursu \u201eZimowy urlop w Wildkogel-Arena Neukirchen &amp; Bramberg\u201d na adres: SalzburgerLand Tourismus GmbH, Wiener Bundesstra\u00dfe 23, 5300 Hallwang. Je\u017celi nie dasz wyra\u017anej zgody na dalsze wykorzystywanie swoich danych w celach marketingowych, podane dane zostan\u0105 wykorzystane wy\u0142\u0105cznie do wy\u0142onienia zwyci\u0119zcy i przekazania nagrody oraz poinformowania o wyniku konkursu, a nast\u0119pnie zostan\u0105 usuni\u0119te.<br>\nWi\u0119cej informacji znajdziesz w naszej Polityce prywatno\u015bci.<\/p>\n<p>Ka\u017cda osoba mo\u017ce wzi\u0105\u0107 udzia\u0142 w konkursie tylko raz.<\/p>\n<p><strong>CO MOG\u0118 WYGRA\u0106?<\/strong><\/p>\n<ul>\n<li>W ramach konkursu jest do wygrania:<br>\nZimowy pobyt w Wildkogel-Arena Neukirchen &amp; Bramberg, obejmuj\u0105cy:\n<ul>\n<li>4 noclegi dla 2 os\u00f3b w pokoju dwuosobowym<\/li>\n<li>wy\u017cywienie w formie HB<\/li>\n<li>karnety narciarskie na stoki Wildkogel-Arena<\/li>\n<\/ul>\n<\/li>\n<\/ul>\n<p>Voucher jest wa\u017cny do ko\u0144ca sezonu zimowego 2026\/27.<\/p>\n<ul>\n<li>Nagroda nie mo\u017ce zosta\u0107 wyp\u0142acona w got\u00f3wce ani przekazana innej osobie. Zostanie przekazana wy\u0142\u0105cznie zwyci\u0119zcy.<\/li>\n<\/ul>\n<p><strong>JAK MOG\u0118 WYGRA\u0106?<\/strong><br>\nZwyci\u0119zca zostanie wy\u0142oniony w drodze losowania spo\u015br\u00f3d wszystkich Uczestnik\u00f3w.<\/p>\n<p><strong>SK\u0104D DOWIEM SI\u0118 O WYGRANEJ?<\/strong><\/p>\n<ul>\n<li>Zwyci\u0119zca zostanie poinformowany o wygranej mailowo \u2014 najp\u00f3\u017aniej do 23.12.2025.<\/li>\n<li>Je\u017celi zwyci\u0119zca nie zostanie osi\u0105gni\u0119ty na podane dane kontaktowe w ci\u0105gu 14 dni od powiadomienia o wygranej lub nie potwierdzi swoich danych adresowych w tym czasie, nagroda przepada. W takim przypadku Organizator zastrzega sobie prawo do wy\u0142onienia alternatywnego zwyci\u0119zcy w drodze losowania.<\/li>\n<\/ul>\n<p><strong>OBOWI\u0104ZUJ\u0104CE PRAWO, ODPOWIEDZIALNO\u015a\u0106 I GWARANCJA<\/strong><\/p>\n<ul>\n<li>Konkurs podlega przepisom i rozporz\u0105dzeniom prawnym obowi\u0105zuj\u0105cym w Austrii.<\/li>\n<li>Organizator nie ponosi odpowiedzialno\u015bci za czasow\u0105 niedost\u0119pno\u015b\u0107 Internetu ani za awarie techniczne, kt\u00f3re mog\u0105 uniemo\u017cliwi\u0107 lub utrudni\u0107 rejestracj\u0119 Uczestnik\u00f3w lub inne czynno\u015bci zwi\u0105zane z konkursem.<\/li>\n<li>Odpowiedzialno\u015b\u0107 Organizatora i jego pomocnik\u00f3w ogranicza si\u0119 do dzia\u0142a\u0144 umy\u015blnych i ra\u017c\u0105cego niedbalstwa. Nie dotyczy to naruszenia istotnych zobowi\u0105za\u0144 umownych oraz utraty \u017cycia lub uszkodzenia cia\u0142a. W przypadku naruszenia istotnych zobowi\u0105za\u0144 umownych, odpowiedzialno\u015b\u0107 ograniczona jest do typowo przewidywalnych szk\u00f3d. Za istotne obowi\u0105zki umowne uznaje si\u0119 te, kt\u00f3rych nale\u017cyte wykonanie jest niezb\u0119dne do prawid\u0142owego przeprowadzenia konkursu, a uczestnik mo\u017ce na nie regularnie liczy\u0107.<\/li>\n<\/ul>\n<p><strong>DROGA PRAWNA<\/strong><br>\nDroga s\u0105dowa jest wykluczona.<\/p>\n<p><strong>INFORMACJE O OCHRONIE DANYCH<\/strong><br>\nZa przetwarzanie danych w ramach konkursu odpowiada Organizator.<br>\nInspektor ochrony danych Organizatora jest dost\u0119pny pod adresem <a href=\"mailto:datenschutz@salzburgerland.com\">datenschutz@salzburgerland.com<\/a>.<\/p>\n<p>Podstaw\u0105 prawn\u0105 przetwarzania danych w celu udzia\u0142u w konkursie jest zgoda w my\u015bl art. 6 ust. 1 lit. a RODO w powi\u0105zaniu z art. 7 RODO. Jednocze\u015bnie wyra\u017casz zgod\u0119 na otrzymywanie newslettera Organizatora. Potwierdzenie zgody odbywa si\u0119 poprzez wiadomo\u015b\u0107 e-mail w procedurze Double-Opt-in, kt\u00f3ra zawiera link do klikni\u0119cia w celu potwierdzenia zgody. Zgoda jest dobrowolna i mo\u017ce zosta\u0107 w ka\u017cdej chwili wycofana bez podawania przyczyny, przez wys\u0142anie wiadomo\u015bci na adres e-mail: <a href=\"mailto:info@salzburgerland.com\">info@salzburgerland.com<\/a>. Udzia\u0142 w konkursie bez subskrypcji newslettera jest r\u00f3wnie\u017c mo\u017cliwy drog\u0105 pocztow\u0105.<\/p>\n<p>Dane nie s\u0105 przekazywane osobom trzecim, chyba \u017ce jest to niezb\u0119dne do przeprowadzenia konkursu lub wysy\u0142ki nagrody. Ponadto dane mog\u0105 by\u0107 udost\u0119pnione us\u0142ugodawcom (procesorom), kt\u00f3rzy obs\u0142uguj\u0105 konkurs lub system techniczny zwi\u0105zany z jego przeprowadzeniem oraz wysy\u0142k\u0105 newslettera. Us\u0142ugodawcy ci nie mog\u0105 wykorzystywa\u0107 danych do w\u0142asnych cel\u00f3w i s\u0105 zobowi\u0105zani do zachowania poufno\u015bci oraz stosowania nowoczesnych \u015brodk\u00f3w technicznych i organizacyjnych w celu ochrony danych, zgodnie z art. 28 RODO.<\/p>\n<p>Dane przekazane w ramach udzia\u0142u w konkursie zostan\u0105 usuni\u0119te po wr\u0119czeniu nagrody. Dane potrzebne do otrzymywania newslettera oraz do publikacji informacji o zwyci\u0119zcy b\u0119d\u0105 przetwarzane do momentu wycofania zgody.<\/p>\n<ul>\n<li>W zwi\u0105zku z przetwarzaniem danych osobowych przys\u0142uguje Ci prawo do: uzyskania informacji, ich sprostowania, usuni\u0119cia lub ograniczenia przetwarzania oraz prawo do przenoszenia danych zgodnie z RODO. Masz tak\u017ce prawo wniesienia skargi do organu nadzorczego ds. ochrony danych osobowych.Dalsze informacje dotycz\u0105ce ochrony danych u Organizatora, w tym wszystkie obowi\u0105zkowe informacje zgodnie z art. 13 RODO, zasady wysy\u0142ki newslettera oraz prawa os\u00f3b, kt\u00f3rych dane dotycz\u0105, mo\u017cna znale\u017a\u0107 pod adresem:<\/li>\n<\/ul>\n<p><a href=\"https:\/\/www.salzburgerland.com\/pl\/ochrona-danych-osobowych-i-wylaczenie-odpowiedzialnosci\/\">Ochrona danych osobowych i wy\u0142\u0105czenie odpowiedzialno\u015bci \u00bb SalzburgerLand.com<\/a><\/p>\n","protected":false},"excerpt":{"rendered":"<p>Bior\u0105c udzia\u0142 w konkursie, uczestnicy akceptuj\u0105 poni\u017csze warunki uczestnictwa i wyra\u017caj\u0105 na nie zgod\u0119. KTO JEST ORGGANIZATOREM KONKURSU? Organizatorem tego konkursu jest SalzburgerLand Tourismus GmbH Wiener Bundesstra\u00dfe 23 5300 Hallwang \u00d6sterreich (zwany dalej \u201eOrganizatorem\u201c). KIEDY ODBYWA SI\u0118 KONKURS? Konkurs ko\u0144czy 21.12.2025 o godzinie 23:59. Zg\u0142oszenia nades\u0142ane po zako\u0144czeniu konkursu nie b\u0119d\u0105 brane pod uwag\u0119. Za [&hellip;]<\/p>\n","protected":false},"author":27,"featured_media":0,"parent":0,"menu_order":0,"comment_status":"closed","ping_status":"closed","template":"","meta":{"_acf_changed":false,"wl_entities_gutenberg":"","_relevanssi_hide_post":"","_relevanssi_hide_content":"","_relevanssi_pin_for_all":"","_relevanssi_pin_keywords":"","_relevanssi_unpin_keywords":"","_relevanssi_related_keywords":"","_relevanssi_related_include_ids":"","_relevanssi_related_exclude_ids":"","_relevanssi_related_no_append":"","_relevanssi_related_not_related":"","_relevanssi_related_posts":"","_relevanssi_noindex_reason":"","footnotes":""},"wl_entity_type":[300],"class_list":["post-27002","page","type-page","status-publish","hentry","wl_entity_type-article"],"acf":[],"yoast_head":"<!-- This site is optimized with the Yoast SEO Premium plugin v27.3 (Yoast SEO v27.3) - https:\/\/yoast.com\/product\/yoast-seo-premium-wordpress\/ -->\n<title>Warunki Uczestnictwa Konkurs: Zimowy urlop w Wildkogel-Arena Neukirchen &amp; Bramberg \u00bb SalzburgerLand.com<\/title>\n<meta name=\"robots\" content=\"index, follow, max-snippet:-1, max-image-preview:large, max-video-preview:-1\" \/>\n<link rel=\"canonical\" href=\"https:\/\/www.salzburgerland.com\/pl\/warunki-uczestnictwa-konkurs-zimowy-urlop-w-wildkogel-arena-neukirchen-bramberg\/\" \/>\n<meta property=\"og:locale\" content=\"pl_PL\" \/>\n<meta property=\"og:type\" content=\"article\" \/>\n<meta property=\"og:title\" content=\"Warunki Uczestnictwa Konkurs: Zimowy urlop w Wildkogel-Arena Neukirchen &amp; Bramberg\" \/>\n<meta property=\"og:description\" content=\"Bior\u0105c udzia\u0142 w konkursie, uczestnicy akceptuj\u0105 poni\u017csze warunki uczestnictwa i wyra\u017caj\u0105 na nie zgod\u0119. KTO JEST ORGGANIZATOREM KONKURSU? Organizatorem\" \/>\n<meta property=\"og:url\" content=\"https:\/\/www.salzburgerland.com\/pl\/warunki-uczestnictwa-konkurs-zimowy-urlop-w-wildkogel-arena-neukirchen-bramberg\/\" \/>\n<meta property=\"og:site_name\" content=\"SalzburgerLand.com\" \/>\n<meta property=\"article:publisher\" content=\"https:\/\/www.facebook.com\/visitsalzburgerland\/\" \/>\n<meta property=\"article:modified_time\" content=\"2025-12-09T10:47:58+00:00\" \/>\n<meta name=\"twitter:card\" content=\"summary_large_image\" \/>\n<meta name=\"twitter:site\" content=\"@salzburgerland\" \/>\n<meta name=\"twitter:label1\" content=\"Szacowany czas czytania\" \/>\n\t<meta name=\"twitter:data1\" content=\"5 minut\" \/>\n<script type=\"application\/ld+json\" class=\"yoast-schema-graph\">{\"@context\":\"https:\\\/\\\/schema.org\",\"@graph\":[{\"@type\":\"WebPage\",\"@id\":\"https:\\\/\\\/www.salzburgerland.com\\\/pl\\\/warunki-uczestnictwa-konkurs-zimowy-urlop-w-wildkogel-arena-neukirchen-bramberg\\\/\",\"url\":\"https:\\\/\\\/www.salzburgerland.com\\\/pl\\\/warunki-uczestnictwa-konkurs-zimowy-urlop-w-wildkogel-arena-neukirchen-bramberg\\\/\",\"name\":\"Warunki Uczestnictwa Konkurs: Zimowy urlop w Wildkogel-Arena Neukirchen & Bramberg \u00bb SalzburgerLand.com\",\"isPartOf\":{\"@id\":\"https:\\\/\\\/www.salzburgerland.com\\\/pl\\\/#website\"},\"datePublished\":\"2025-12-09T09:55:55+00:00\",\"dateModified\":\"2025-12-09T10:47:58+00:00\",\"inLanguage\":\"pl-PL\",\"potentialAction\":[{\"@type\":\"ReadAction\",\"target\":[\"https:\\\/\\\/www.salzburgerland.com\\\/pl\\\/warunki-uczestnictwa-konkurs-zimowy-urlop-w-wildkogel-arena-neukirchen-bramberg\\\/\"]}]},{\"@type\":\"WebSite\",\"@id\":\"https:\\\/\\\/www.salzburgerland.com\\\/pl\\\/#website\",\"url\":\"https:\\\/\\\/www.salzburgerland.com\\\/pl\\\/\",\"name\":\"SalzburgerLand.com\",\"description\":\"Urlop Salzburg : hotele : turystyka Ziemia Salzburska : kultura : rodzinny urlop Ziemia Salzburska : informacja turystyczna : noclegi Austria : aktywny wypoczynek\",\"potentialAction\":[{\"@type\":\"SearchAction\",\"target\":{\"@type\":\"EntryPoint\",\"urlTemplate\":\"https:\\\/\\\/www.salzburgerland.com\\\/pl\\\/?s={search_term_string}\"},\"query-input\":{\"@type\":\"PropertyValueSpecification\",\"valueRequired\":true,\"valueName\":\"search_term_string\"}}],\"inLanguage\":\"pl-PL\"}]}<\/script>\n<!-- \/ Yoast SEO Premium plugin. -->","yoast_head_json":{"title":"Warunki Uczestnictwa Konkurs: Zimowy urlop w Wildkogel-Arena Neukirchen & Bramberg \u00bb SalzburgerLand.com","robots":{"index":"index","follow":"follow","max-snippet":"max-snippet:-1","max-image-preview":"max-image-preview:large","max-video-preview":"max-video-preview:-1"},"canonical":"https:\/\/www.salzburgerland.com\/pl\/warunki-uczestnictwa-konkurs-zimowy-urlop-w-wildkogel-arena-neukirchen-bramberg\/","og_locale":"pl_PL","og_type":"article","og_title":"Warunki Uczestnictwa Konkurs: Zimowy urlop w Wildkogel-Arena Neukirchen & Bramberg","og_description":"Bior\u0105c udzia\u0142 w konkursie, uczestnicy akceptuj\u0105 poni\u017csze warunki uczestnictwa i wyra\u017caj\u0105 na nie zgod\u0119. KTO JEST ORGGANIZATOREM KONKURSU? Organizatorem","og_url":"https:\/\/www.salzburgerland.com\/pl\/warunki-uczestnictwa-konkurs-zimowy-urlop-w-wildkogel-arena-neukirchen-bramberg\/","og_site_name":"SalzburgerLand.com","article_publisher":"https:\/\/www.facebook.com\/visitsalzburgerland\/","article_modified_time":"2025-12-09T10:47:58+00:00","twitter_card":"summary_large_image","twitter_site":"@salzburgerland","twitter_misc":{"Szacowany czas czytania":"5 minut"},"schema":{"@context":"https:\/\/schema.org","@graph":[{"@type":"WebPage","@id":"https:\/\/www.salzburgerland.com\/pl\/warunki-uczestnictwa-konkurs-zimowy-urlop-w-wildkogel-arena-neukirchen-bramberg\/","url":"https:\/\/www.salzburgerland.com\/pl\/warunki-uczestnictwa-konkurs-zimowy-urlop-w-wildkogel-arena-neukirchen-bramberg\/","name":"Warunki Uczestnictwa Konkurs: Zimowy urlop w Wildkogel-Arena Neukirchen & Bramberg \u00bb SalzburgerLand.com","isPartOf":{"@id":"https:\/\/www.salzburgerland.com\/pl\/#website"},"datePublished":"2025-12-09T09:55:55+00:00","dateModified":"2025-12-09T10:47:58+00:00","inLanguage":"pl-PL","potentialAction":[{"@type":"ReadAction","target":["https:\/\/www.salzburgerland.com\/pl\/warunki-uczestnictwa-konkurs-zimowy-urlop-w-wildkogel-arena-neukirchen-bramberg\/"]}]},{"@type":"WebSite","@id":"https:\/\/www.salzburgerland.com\/pl\/#website","url":"https:\/\/www.salzburgerland.com\/pl\/","name":"SalzburgerLand.com","description":"Urlop Salzburg : hotele : turystyka Ziemia Salzburska : kultura : rodzinny urlop Ziemia Salzburska : informacja turystyczna : noclegi Austria : aktywny wypoczynek","potentialAction":[{"@type":"SearchAction","target":{"@type":"EntryPoint","urlTemplate":"https:\/\/www.salzburgerland.com\/pl\/?s={search_term_string}"},"query-input":{"@type":"PropertyValueSpecification","valueRequired":true,"valueName":"search_term_string"}}],"inLanguage":"pl-PL"}]}},"_wl_alt_label":[],"wl:entity_url":"http:\/\/open.salzburgerland.com\/pl\/page\/warunki-uczestnictwa-27002","_links":{"self":[{"href":"https:\/\/www.salzburgerland.com\/pl\/wp-json\/wp\/v2\/pages\/27002","targetHints":{"allow":["GET"]}}],"collection":[{"href":"https:\/\/www.salzburgerland.com\/pl\/wp-json\/wp\/v2\/pages"}],"about":[{"href":"https:\/\/www.salzburgerland.com\/pl\/wp-json\/wp\/v2\/types\/page"}],"author":[{"embeddable":true,"href":"https:\/\/www.salzburgerland.com\/pl\/wp-json\/wp\/v2\/users\/27"}],"replies":[{"embeddable":true,"href":"https:\/\/www.salzburgerland.com\/pl\/wp-json\/wp\/v2\/comments?post=27002"}],"version-history":[{"count":2,"href":"https:\/\/www.salzburgerland.com\/pl\/wp-json\/wp\/v2\/pages\/27002\/revisions"}],"predecessor-version":[{"id":27005,"href":"https:\/\/www.salzburgerland.com\/pl\/wp-json\/wp\/v2\/pages\/27002\/revisions\/27005"}],"wp:attachment":[{"href":"https:\/\/www.salzburgerland.com\/pl\/wp-json\/wp\/v2\/media?parent=27002"}],"wp:term":[{"taxonomy":"wl_entity_type","embeddable":true,"href":"https:\/\/www.salzburgerland.com\/pl\/wp-json\/wp\/v2\/wl_entity_type?post=27002"}],"curies":[{"name":"wp","href":"https:\/\/api.w.org\/{rel}","templated":true}]}}