{"id":26031,"date":"2025-06-27T10:47:54","date_gmt":"2025-06-27T08:47:54","guid":{"rendered":"https:\/\/www.salzburgerland.com\/pl\/?page_id=26031"},"modified":"2026-03-18T11:43:36","modified_gmt":"2026-03-18T10:43:36","slug":"deklaracja-dostepnosci","status":"publish","type":"page","link":"https:\/\/www.salzburgerland.com\/pl\/deklaracja-dostepnosci\/","title":{"rendered":"Deklaracja dost\u0119pno\u015bci"},"content":{"rendered":"<h2>Deklaracja w sprawie dost\u0119pno\u015bci<\/h2>\n<p>My, SalzburgerLand Tourismus GmbH, dok\u0142adamy wszelkich stara\u0144, aby nasza strona internetowa by\u0142a dost\u0119pna zgodnie z ustaw\u0105 o dost\u0119pno\u015bci, zmienion\u0105 w celu wdro\u017cenia europejskiej dyrektywy w sprawie dost\u0119pno\u015bci (<a href=\"https:\/\/eur-lex.europa.eu\/legal-content\/DE\/TXT\/?uri=CELEX%3A32019L0882\" target=\"_blank\" rel=\"noopener\">dyrektywa 2019\/882<\/a>) w sprawie wymog\u00f3w dost\u0119pno\u015bci produkt\u00f3w i us\u0142ug.<br>\nZe wzgl\u0119du na nast\u0119puj\u0105ce niezgodno\u015bci i wyj\u0105tki niniejsza strona internetowa jest cz\u0119\u015bciowo zgodna z poziomem zgodno\u015bci AA \u201eWytycznych dotycz\u0105cych dost\u0119pno\u015bci tre\u015bci internetowych \u2013 WCAG 2.1\u201d zgodnie z obowi\u0105zuj\u0105c\u0105 zharmonizowan\u0105 norm\u0105 europejsk\u0105 \u201eNorma europejska EN 301 549 V3.2.1 (2022.08)\u201d.<\/p>\n<h2>Niedost\u0119pne tre\u015bci<\/h2>\n<p>Wymienione poni\u017cej tre\u015bci nie s\u0105 dost\u0119pne z nast\u0119puj\u0105cych powod\u00f3w:<\/p>\n<h3>Niezgodno\u015b\u0107 z przepisami dotycz\u0105cymi dost\u0119pno\u015bci:<\/h3>\n<ul>\n<li>Poniewa\u017c logo s\u0105 linkami, teksty alternatywne staj\u0105 si\u0119 tekstami link\u00f3w. Powinny one opisywa\u0107 miejsce docelowe linku, co nie zosta\u0142o jeszcze w pe\u0142ni wdro\u017cone.<\/li>\n<li>Filmy zamieszczone na naszych stronach internetowych nie s\u0105 obecnie w pe\u0142ni dost\u0119pne dla os\u00f3b niepe\u0142nosprawnych. Trwaj\u0105 prace nad automatycznym rozwi\u0105zaniem wykorzystuj\u0105cym klucz API do uzupe\u0142niania tre\u015bci. Napisy zosta\u0142y w znacznej mierze uzupe\u0142nione i powinny by\u0107 dost\u0119pne z nielicznymi wyj\u0105tkami.<\/li>\n<li>Audiodeskrypcja: Niekt\u00f3re filmy osadzone na tej stronie internetowej nie posiadaj\u0105 obecnie audiodeskrypcji ani dodatkowej tekstowej alternatywy medialnej opisuj\u0105cej tre\u015b\u0107 wizualn\u0105. Cz\u0119\u015b\u0107 tych film\u00f3w jest osadzona za po\u015brednictwem zewn\u0119trznej platformy YouTube. Poniewa\u017c s\u0105 to tre\u015bci dostarczane przez podmiot zewn\u0119trzny, mamy jedynie ograniczony wp\u0142yw na techniczn\u0105 realizacj\u0119 lub p\u00f3\u017aniejsze dodanie audiodeskrypcji. Obserwujemy rozw\u00f3j platformy i b\u0119dziemy bada\u0107 oraz wdra\u017ca\u0107 odpowiednie mo\u017cliwo\u015bci poprawy dost\u0119pno\u015bci, o ile b\u0119dzie to mo\u017cliwe pod wzgl\u0119dem technicznym i organizacyjnym.<\/li>\n<li>Staramy si\u0119 tworzy\u0107 nasze teksty w miar\u0119 mo\u017cliwo\u015bci bez skr\u00f3t\u00f3w i s\u0142\u00f3w obcych. Ponadto rezygnujemy z zawi\u0142ych konstrukcji zdaniowych. Je\u015bli jaki\u015b tekst jest dla Pa\u0144stwa niezrozumia\u0142y i wydaje si\u0119 Pa\u0144stwu tylko cz\u0119\u015bciowo dost\u0119pny, prosimy o kontakt. Postaramy si\u0119 udost\u0119pni\u0107 Pa\u0144stwu wersj\u0119 \u0142atw\u0105 do zrozumienia.<\/li>\n<li>Gdy tylko w\u0142\u0105cza si\u0119 powi\u0119kszenie tekstu, wiele tre\u015bci zostaje uci\u0119tych, a ponadto dochodzi do nak\u0142adania si\u0119 element\u00f3w<\/li>\n<li>Stosowanie odst\u0119p\u00f3w mi\u0119dzy tekstem zgodnie z wytycznymi WCAG powoduje nak\u0142adanie si\u0119 i zas\u0142anianie element\u00f3w<\/li>\n<li>Mapy nie maj\u0105 tekstu alternatywnego. Np. mapa: Mittersill le\u017cy otoczone g\u00f3rami w dolinie Salzachtal na po\u0142udnie od Kitzb\u00fchel. Mittersill nale\u017cy do powiatu Zell am See. Trzeba by stworzy\u0107 mo\u017cliwo\u015b\u0107 wprowadzania tekstu, kt\u00f3ry nast\u0119pnie musia\u0142by by\u0107 aktualizowany. Prostsze by\u0142oby u\u017cycie og\u00f3lnego tekstu, takiego jak \u201eLokalizacja &lt;POI&gt; na Google Maps\u201d<\/li>\n<li>Ochrona przed spamem \/ Recaptcha: Aby zabezpieczy\u0107 nasze formularze kontaktowe przed spamem i masowymi wiadomo\u015bciami e-mail, potrzebujemy tzw. funkcji \u201eRe-Captcha\u201d. Nie jest ona dost\u0119pna dla os\u00f3b z niepe\u0142nosprawno\u015bciami. Je\u015bli nie mo\u017cesz skorzysta\u0107 z formularza z powodu tej funkcji, wy\u015blij nam e-mail na adres info@salzburgerland.com<\/li>\n<li>Na tej stronie internetowej u\u017cywane s\u0105 cz\u0119\u015bciowo angielskie terminy i nazwy (np. \u201eSound of Music\u201d). Terminy te s\u0105 uznanymi na ca\u0142ym \u015bwiecie nazwami, markami lub okre\u015bleniami tematycznymi i nie zawsze da si\u0119 je sensownie lub jednoznacznie przet\u0142umaczy\u0107 na j\u0119zyk niemiecki. Staramy si\u0119 jednak, aby tre\u015bci by\u0142y jak najbardziej zrozumia\u0142e, a kluczowe informacje wyja\u015bnione w kontek\u015bcie.<\/li>\n<\/ul>\n<p><strong>Staramy si\u0119 poprawi\u0107 b\u0142\u0119dy do ko\u0144ca 2026 roku. Ponadto ju\u017c podczas wdra\u017cania d\u0105\u017cymy do zgodno\u015bci z WCAG 2.2 na poziomie AA.<\/strong><\/p>\n<p><strong>Uwagi:<\/strong> Niedost\u0119pne dokumenty Word i PDF s\u0105 dost\u0119pne do pobrania na stronie internetowej. Je\u015bli potrzebujesz pomocy z niedost\u0119pnymi dokumentami PDF, skontaktuj si\u0119 z <a href=\"mailto:info@salzburgerland.com\">info@salzburgerland.com<\/a>. W takim przypadku do\u0142o\u017cymy wszelkich stara\u0144, aby w miar\u0119 mo\u017cliwo\u015bci udost\u0119pni\u0107 zawarto\u015b\u0107 w odpowiedni spos\u00f3b.<\/p>\n<h3>Nieproporcjonalne obci\u0105\u017cenie:<\/h3>\n<p>Ze wzgl\u0119d\u00f3w ekonomicznych i organizacyjnych obecnie nie jest jeszcze mo\u017cliwe udost\u0119pnienie starszych dokument\u00f3w PDF i dokument\u00f3w Office (itp.). Ponadto nie jest mo\u017cliwe udost\u0119pnienie film\u00f3w w j\u0119zyku migowym.<\/p>\n<h3>Tre\u015bci te nie wchodz\u0105 w zakres obowi\u0105zuj\u0105cych przepis\u00f3w:<\/h3>\n<p>Starsze dokumenty i tre\u015bci, kt\u00f3re nie s\u0105 dost\u0119pne, s\u0105 dost\u0119pne na stronie internetowej. Poniewa\u017c zosta\u0142y one opublikowane przed 28 czerwca 2025 r., s\u0105 one wy\u0142\u0105czone z ustawy o dost\u0119pno\u015bci i obecnie nie s\u0105 planowane \u017cadne kompleksowe zmiany w odniesieniu do nich.<br>\nStrona internetowa zawiera dokumenty i tre\u015bci pochodz\u0105ce od zewn\u0119trznych dostawc\u00f3w, kt\u00f3re nie s\u0105 przez nas opracowywane, finansowane ani kontrolowane. Nie mo\u017cna z\u0142o\u017cy\u0107 o\u015bwiadczenia dotycz\u0105cego zgodno\u015bci tych tre\u015bci stron trzecich z przepisami dotycz\u0105cymi dost\u0119pno\u015bci, a zatem s\u0105 one r\u00f3wnie\u017c zwolnione z wymog\u00f3w ustawy o dost\u0119pno\u015bci.<br>\nNale\u017c\u0105 do nich na przyk\u0142ad dostawca Staymate OG, kt\u00f3ry zapewnia nasz planer wakacji MakeMyStay, dostawca Goodguys GmbH, kt\u00f3ry oferuje AI concierge \/ AI chatbot Amadeus. Ponadto istniej\u0105 maski i widoki w tak zwanym TOSC5 (View Event, Infrastructures, Companies), za kt\u00f3re odpowiada feratel media technologies AG. <a href=\"https:\/\/www.salzburgerland.com\/en\/accessibility-statement-from-feratel-media-technologies-ag\/\" target=\"_blank\" rel=\"noopener\">Deklaracj\u0119 dost\u0119pno\u015bci Feratel mo\u017cna znale\u017a\u0107 pod tym linkiem<\/a>. Firmy te s\u0105 za to odpowiedzialne i dok\u0142adaj\u0105 wszelkich stara\u0144, aby oferowane aplikacje by\u0142y jak najbardziej dost\u0119pne.<\/p>\n<h2>Stworzenie o\u015bwiadczenia o dost\u0119pno\u015bci<\/h2>\n<p>Poniewa\u017c obcoj\u0119zyczne strony internetowe korzystaj\u0105 z tego samego CMS (systemu zarz\u0105dzania tre\u015bci\u0105) o nazwie WordPress, co niemiecka strona internetowa, a zatem modu\u0142y, opcje wy\u015bwietlania itp. s\u0105 bardzo podobne i zosta\u0142y ocenione przez Dipl.-Ing. Gerharda Nussbauma z KI I (Kompetenznetzwerk Informationstechnologie zur F\u00f6rderung der Integration von Menschen mit Behinderungen) zgodnie z WCAG 2.2 AA lub EN 301 549 V3.2.1 \u2013 tutaj mo\u017cna przeprowadzi\u0107 samoocen\u0119, a otwarte punkty r\u00f3wnie\u017c si\u0119 tutaj licz\u0105.<br>\nNasza strona internetowa jest stale ulepszana. U\u017cyteczno\u015b\u0107 i dost\u0119pno\u015b\u0107 s\u0105 dla nas bardzo wa\u017cne. W przypadku napotkania jakichkolwiek barier na naszej stronie internetowej, kt\u00f3re utrudniaj\u0105 lub ograniczaj\u0105 korzystanie z niej, prosimy o poinformowanie nas o tym na nast\u0119puj\u0105cy adres e-mail: <a href=\"mailto:info@salzburgerland.com\">info@salzburgerland.com<\/a><br>\nW takim przypadku prosimy o kr\u00f3tkie opisanie problemu i podanie adresu URL danej strony internetowej lub dokumentu. Sprawdzimy Twoje zapytanie i skontaktujemy si\u0119 z Tob\u0105 tak szybko, jak to mo\u017cliwe.<\/p>\n","protected":false},"excerpt":{"rendered":"<p>Deklaracja w sprawie dost\u0119pno\u015bci My, SalzburgerLand Tourismus GmbH, dok\u0142adamy wszelkich stara\u0144, aby nasza strona internetowa by\u0142a dost\u0119pna zgodnie z ustaw\u0105 o dost\u0119pno\u015bci, zmienion\u0105 w celu wdro\u017cenia europejskiej dyrektywy w sprawie dost\u0119pno\u015bci (dyrektywa 2019\/882) w sprawie wymog\u00f3w dost\u0119pno\u015bci produkt\u00f3w i us\u0142ug. Ze wzgl\u0119du na nast\u0119puj\u0105ce niezgodno\u015bci i wyj\u0105tki niniejsza strona internetowa jest cz\u0119\u015bciowo zgodna z poziomem [&hellip;]<\/p>\n","protected":false},"author":27,"featured_media":0,"parent":0,"menu_order":0,"comment_status":"closed","ping_status":"closed","template":"","meta":{"_acf_changed":false,"wl_entities_gutenberg":"","_relevanssi_hide_post":"","_relevanssi_hide_content":"","_relevanssi_pin_for_all":"","_relevanssi_pin_keywords":"","_relevanssi_unpin_keywords":"","_relevanssi_related_keywords":"","_relevanssi_related_include_ids":"","_relevanssi_related_exclude_ids":"","_relevanssi_related_no_append":"","_relevanssi_related_not_related":"","_relevanssi_related_posts":"","_relevanssi_noindex_reason":"","footnotes":""},"wl_entity_type":[300],"class_list":["post-26031","page","type-page","status-publish","hentry","wl_entity_type-article"],"acf":[],"yoast_head":"<!-- This site is optimized with the Yoast SEO Premium plugin v27.5 (Yoast SEO v27.5) - https:\/\/yoast.com\/product\/yoast-seo-premium-wordpress\/ -->\n<title>Deklaracja dost\u0119pno\u015bci \u00bb SalzburgerLand.com<\/title>\n<meta name=\"robots\" content=\"index, follow, max-snippet:-1, max-image-preview:large, max-video-preview:-1\" \/>\n<link rel=\"canonical\" href=\"https:\/\/www.salzburgerland.com\/pl\/deklaracja-dostepnosci\/\" \/>\n<meta property=\"og:locale\" content=\"pl_PL\" \/>\n<meta property=\"og:type\" content=\"article\" \/>\n<meta property=\"og:title\" content=\"Deklaracja dost\u0119pno\u015bci\" \/>\n<meta property=\"og:description\" content=\"Deklaracja w sprawie dost\u0119pno\u015bci My, SalzburgerLand Tourismus GmbH, dok\u0142adamy wszelkich stara\u0144, aby nasza strona internetowa by\u0142a dost\u0119pna zgodnie z\" \/>\n<meta property=\"og:url\" content=\"https:\/\/www.salzburgerland.com\/pl\/deklaracja-dostepnosci\/\" \/>\n<meta property=\"og:site_name\" content=\"SalzburgerLand.com\" \/>\n<meta property=\"article:publisher\" content=\"https:\/\/www.facebook.com\/visitsalzburgerland\/\" \/>\n<meta property=\"article:modified_time\" content=\"2026-03-18T10:43:36+00:00\" \/>\n<meta name=\"twitter:card\" content=\"summary_large_image\" \/>\n<meta name=\"twitter:site\" content=\"@salzburgerland\" \/>\n<meta name=\"twitter:label1\" content=\"Szacowany czas czytania\" \/>\n\t<meta name=\"twitter:data1\" content=\"6 minut\" \/>\n<script type=\"application\/ld+json\" class=\"yoast-schema-graph\">{\"@context\":\"https:\\\/\\\/schema.org\",\"@graph\":[{\"@type\":\"WebPage\",\"@id\":\"https:\\\/\\\/www.salzburgerland.com\\\/pl\\\/deklaracja-dostepnosci\\\/\",\"url\":\"https:\\\/\\\/www.salzburgerland.com\\\/pl\\\/deklaracja-dostepnosci\\\/\",\"name\":\"Deklaracja dost\u0119pno\u015bci \u00bb SalzburgerLand.com\",\"isPartOf\":{\"@id\":\"https:\\\/\\\/www.salzburgerland.com\\\/pl\\\/#website\"},\"datePublished\":\"2025-06-27T08:47:54+00:00\",\"dateModified\":\"2026-03-18T10:43:36+00:00\",\"inLanguage\":\"pl-PL\",\"potentialAction\":[{\"@type\":\"ReadAction\",\"target\":[\"https:\\\/\\\/www.salzburgerland.com\\\/pl\\\/deklaracja-dostepnosci\\\/\"]}]},{\"@type\":\"WebSite\",\"@id\":\"https:\\\/\\\/www.salzburgerland.com\\\/pl\\\/#website\",\"url\":\"https:\\\/\\\/www.salzburgerland.com\\\/pl\\\/\",\"name\":\"SalzburgerLand.com\",\"description\":\"Urlop Salzburg : hotele : turystyka Ziemia Salzburska : kultura : rodzinny urlop Ziemia Salzburska : informacja turystyczna : noclegi Austria : aktywny wypoczynek\",\"potentialAction\":[{\"@type\":\"SearchAction\",\"target\":{\"@type\":\"EntryPoint\",\"urlTemplate\":\"https:\\\/\\\/www.salzburgerland.com\\\/pl\\\/?s={search_term_string}\"},\"query-input\":{\"@type\":\"PropertyValueSpecification\",\"valueRequired\":true,\"valueName\":\"search_term_string\"}}],\"inLanguage\":\"pl-PL\"}]}<\/script>\n<!-- \/ Yoast SEO Premium plugin. -->","yoast_head_json":{"title":"Deklaracja dost\u0119pno\u015bci \u00bb SalzburgerLand.com","robots":{"index":"index","follow":"follow","max-snippet":"max-snippet:-1","max-image-preview":"max-image-preview:large","max-video-preview":"max-video-preview:-1"},"canonical":"https:\/\/www.salzburgerland.com\/pl\/deklaracja-dostepnosci\/","og_locale":"pl_PL","og_type":"article","og_title":"Deklaracja dost\u0119pno\u015bci","og_description":"Deklaracja w sprawie dost\u0119pno\u015bci My, SalzburgerLand Tourismus GmbH, dok\u0142adamy wszelkich stara\u0144, aby nasza strona internetowa by\u0142a dost\u0119pna zgodnie z","og_url":"https:\/\/www.salzburgerland.com\/pl\/deklaracja-dostepnosci\/","og_site_name":"SalzburgerLand.com","article_publisher":"https:\/\/www.facebook.com\/visitsalzburgerland\/","article_modified_time":"2026-03-18T10:43:36+00:00","twitter_card":"summary_large_image","twitter_site":"@salzburgerland","twitter_misc":{"Szacowany czas czytania":"6 minut"},"schema":{"@context":"https:\/\/schema.org","@graph":[{"@type":"WebPage","@id":"https:\/\/www.salzburgerland.com\/pl\/deklaracja-dostepnosci\/","url":"https:\/\/www.salzburgerland.com\/pl\/deklaracja-dostepnosci\/","name":"Deklaracja dost\u0119pno\u015bci \u00bb SalzburgerLand.com","isPartOf":{"@id":"https:\/\/www.salzburgerland.com\/pl\/#website"},"datePublished":"2025-06-27T08:47:54+00:00","dateModified":"2026-03-18T10:43:36+00:00","inLanguage":"pl-PL","potentialAction":[{"@type":"ReadAction","target":["https:\/\/www.salzburgerland.com\/pl\/deklaracja-dostepnosci\/"]}]},{"@type":"WebSite","@id":"https:\/\/www.salzburgerland.com\/pl\/#website","url":"https:\/\/www.salzburgerland.com\/pl\/","name":"SalzburgerLand.com","description":"Urlop Salzburg : hotele : turystyka Ziemia Salzburska : kultura : rodzinny urlop Ziemia Salzburska : informacja turystyczna : noclegi Austria : aktywny wypoczynek","potentialAction":[{"@type":"SearchAction","target":{"@type":"EntryPoint","urlTemplate":"https:\/\/www.salzburgerland.com\/pl\/?s={search_term_string}"},"query-input":{"@type":"PropertyValueSpecification","valueRequired":true,"valueName":"search_term_string"}}],"inLanguage":"pl-PL"}]}},"_wl_alt_label":[],"wl:entity_url":"http:\/\/open.salzburgerland.com\/pl\/page\/deklaracja-dostepnosci-26031","_links":{"self":[{"href":"https:\/\/www.salzburgerland.com\/pl\/wp-json\/wp\/v2\/pages\/26031","targetHints":{"allow":["GET"]}}],"collection":[{"href":"https:\/\/www.salzburgerland.com\/pl\/wp-json\/wp\/v2\/pages"}],"about":[{"href":"https:\/\/www.salzburgerland.com\/pl\/wp-json\/wp\/v2\/types\/page"}],"author":[{"embeddable":true,"href":"https:\/\/www.salzburgerland.com\/pl\/wp-json\/wp\/v2\/users\/27"}],"replies":[{"embeddable":true,"href":"https:\/\/www.salzburgerland.com\/pl\/wp-json\/wp\/v2\/comments?post=26031"}],"version-history":[{"count":4,"href":"https:\/\/www.salzburgerland.com\/pl\/wp-json\/wp\/v2\/pages\/26031\/revisions"}],"predecessor-version":[{"id":27451,"href":"https:\/\/www.salzburgerland.com\/pl\/wp-json\/wp\/v2\/pages\/26031\/revisions\/27451"}],"wp:attachment":[{"href":"https:\/\/www.salzburgerland.com\/pl\/wp-json\/wp\/v2\/media?parent=26031"}],"wp:term":[{"taxonomy":"wl_entity_type","embeddable":true,"href":"https:\/\/www.salzburgerland.com\/pl\/wp-json\/wp\/v2\/wl_entity_type?post=26031"}],"curies":[{"name":"wp","href":"https:\/\/api.w.org\/{rel}","templated":true}]}}