{"id":6278,"date":"2025-06-27T10:22:52","date_gmt":"2025-06-27T08:22:52","guid":{"rendered":"https:\/\/www.salzburgerland.com\/it\/?page_id=6278"},"modified":"2026-03-18T11:33:17","modified_gmt":"2026-03-18T10:33:17","slug":"dichiarazione-di-accessibilita","status":"publish","type":"page","link":"https:\/\/www.salzburgerland.com\/it\/dichiarazione-di-accessibilita\/","title":{"rendered":"Dichiarazione di accessibilit\u00e0"},"content":{"rendered":"<h2>Dichiarazione di accessibilit\u00e0<\/h2>\n<p>Noi, SalzburgerLand Tourismus GmbH, ci impegniamo a rendere accessibile il nostro sito web in conformit\u00e0 con la legge sull\u2019accessibilit\u00e0 come modificata per implementare la direttiva europea sull\u2019accessibilit\u00e0 (<a href=\"https:\/\/eur-lex.europa.eu\/legal-content\/DE\/TXT\/?uri=CELEX%3A32019L0882\" target=\"_blank\" rel=\"noopener\">direttiva 2019\/882<\/a>) sui requisiti di accessibilit\u00e0 per prodotti e servizi.<br>\nA causa delle seguenti incompatibilit\u00e0 ed eccezioni, questo sito web \u00e8 parzialmente compatibile con il livello di conformit\u00e0 AA delle \u201cLinee guida per l\u2019accessibilit\u00e0 dei contenuti web \u2013 WCAG 2.1\u201d in conformit\u00e0 alla norma europea armonizzata applicabile \u201cStandard europeo EN 301 549 V3.2.1 (2022.08)\u201d.<\/p>\n<h2>Contenuti non accessibili<\/h2>\n<p>I contenuti elencati di seguito non sono accessibili per i seguenti motivi:<\/p>\n<h3>Incompatibilit\u00e0 con le norme sull\u2019accessibilit\u00e0:<\/h3>\n<ul>\n<li>Poich\u00e9 i loghi sono collegati, i testi alternativi diventano testi di collegamento. Questi dovrebbero descrivere la destinazione del collegamento, cosa che non \u00e8 stata ancora completamente implementata.<\/li>\n<li>I video utilizzati sui nostri siti web non sono attualmente completamente accessibili. Si sta lavorando a una soluzione automatica tramite la chiave API per l\u2019inserimento dei contenuti. I sottotitoli sono stati inseriti in modo esaustivo e dovrebbero essere disponibili, salvo poche eccezioni.<\/li>\n<li>Audiodescrizione: alcuni dei video incorporati in questo sito web non dispongono attualmente di audiodescrizione o di alternative testuali aggiuntive che descrivano il contenuto visivo. Una parte di questi video \u00e8 integrata tramite la piattaforma esterna YouTube. Trattandosi di contenuti di un fornitore terzo, abbiamo un\u2019influenza limitata sull\u2019implementazione tecnica o sull\u2019aggiunta successiva di audiodescrizioni. Monitoriamo gli sviluppi della piattaforma e valuteremo e implementeremo le opportune possibilit\u00e0 di miglioramento dell\u2019accessibilit\u00e0, nella misura in cui ci\u00f2 sia tecnicamente e organizzativamente possibile.<\/li>\n<li>Ci sforziamo di redigere i nostri testi evitando, per quanto possibile, abbreviazioni e termini stranieri. Inoltre, evitiamo costruzioni sintattiche complesse. Se un testo non vi risulta comprensibile e vi sembra quindi solo parzialmente accessibile, vi preghiamo di contattarci. Cercheremo di fornirvi una versione di facile comprensione.<\/li>\n<li>Non appena si attiva lo zoom solo sul testo, molti contenuti vengono troncati e si verificano anche sovrapposizioni<\/li>\n<li>Quando si applica la spaziatura del testo secondo le linee guida WCAG, si verificano sovrapposizioni e coperture<\/li>\n<li>Le mappe non dispongono di testo alternativo. Ad esempio, mappa: Mittersill \u00e8 circondata da montagne nella valle della Salzach, a sud di Kitzb\u00fchel. Mittersill appartiene al distretto di Zell am See. In questo caso, sarebbe necessario creare un campo di immissione per il testo, che dovrebbe poi essere aggiornato. Sarebbe pi\u00f9 semplice utilizzare un testo generico come \u201cPosizione di &lt;POI&gt; su Google Maps\u201d<\/li>\n<li>Protezione antispam \/ Recaptcha: per proteggere i nostri moduli di contatto dallo spam e dalle e-mail di massa, abbiamo bisogno di una cosiddetta funzione \u201cRe-Captcha\u201d. Questa non \u00e8 accessibile. Se non riuscite a utilizzare un modulo a causa di questa funzione, vi preghiamo di inviarci un\u2019e-mail all\u2019indirizzo info@salzburgerland.com<\/li>\n<li>Su questo sito web vengono utilizzati in parte termini e denominazioni inglesi (ad es. \u201cSound of Music\u201d). Si tratta di nomi, marchi o denominazioni tematiche affermati a livello internazionale che non sempre possono essere tradotti in modo sensato o univoco in tedesco. Ci preoccupiamo comunque di presentare i contenuti nel modo pi\u00f9 comprensibile possibile e di spiegare le informazioni fondamentali anche nel contesto.<\/li>\n<\/ul>\n<p><strong>Stiamo cercando di correggere gli errori entro la fine del 2026. Inoltre, in fase di implementazione puntiamo gi\u00e0 al livello di conformit\u00e0 AA delle WCAG 2.2.<\/strong><\/p>\n<p><strong>Note:<\/strong> I documenti Word e PDF non accessibili sono disponibili per il download sul sito web. Se avete bisogno di aiuto per i documenti PDF non accessibili, contattate <a href=\"mailto:info@salzburgerland.com\">info@salzburgerland.com<\/a>. In questo caso, ci impegneremo a mettere a disposizione il contenuto in modo adeguato, per quanto possibile.<\/p>\n<h3>Onere sproporzionato:<\/h3>\n<p>Per motivi economici e organizzativi, attualmente non \u00e8 ancora possibile rendere accessibili i documenti PDF pi\u00f9 vecchi e i documenti Office (ecc.). Inoltre, non \u00e8 possibile fornire i video nel linguaggio dei segni.<\/p>\n<h3>Questo contenuto non rientra nell\u2019ambito di applicazione della normativa vigente:<\/h3>\n<p>I documenti e i contenuti pi\u00f9 vecchi che non sono accessibili sono disponibili sul sito web. Poich\u00e9 sono stati pubblicati prima del 28 giugno 2025, sono esenti dalla legge sull\u2019accessibilit\u00e0 e non sono attualmente previste modifiche complete.<br>\nIl sito web contiene documenti e contenuti di fornitori terzi che non sono sviluppati, finanziati o controllati da noi. Non \u00e8 possibile rilasciare alcuna dichiarazione in merito alla compatibilit\u00e0 di questi contenuti di terzi con le norme sull\u2019accessibilit\u00e0 e pertanto anch\u2019essi sono esenti dai requisiti della Legge sull\u2019accessibilit\u00e0.<br>\nTra questi, ad esempio, il fornitore Staymate OG, che fornisce il nostro pianificatore di vacanze MakeMyStay, il fornitore Goodguys GmbH, che offre il concierge AI \/ chatbot AI Amadeus. Inoltre, ci sono maschere e visualizzazioni nel cosiddetto TOSC5 (View Event, Infrastructures, Companies), che sono di responsabilit\u00e0 di feratel media technologies AG. <a href=\"https:\/\/www.salzburgerland.com\/en\/accessibility-statement-from-feratel-media-technologies-ag\/\" target=\"_blank\" rel=\"noopener\">La dichiarazione di accessibilit\u00e0 di Feratel \u00e8 disponibile a questo link<\/a>. Queste aziende sono responsabili di questo e si impegnano a rendere le applicazioni offerte il pi\u00f9 accessibili possibile.<\/p>\n<h2>Creazione della dichiarazione di accessibilit\u00e0<\/h2>\n<p>Poich\u00e9 i siti web in lingua straniera utilizzano lo stesso CMS (sistema di gestione dei contenuti) WordPress del sito tedesco e quindi i moduli, le opzioni di visualizzazione ecc. sono molto simili e sono stati valutati dal Dipl.-Ing. Gerhard Nussbaum del KI I (Kompetenznetzwerk Informationstechnologie zur F\u00f6rderung der Integration von Menschen mit Behinderungen) in conformit\u00e0 alle WCAG 2.2 AA o alla EN 301 549 V3.2.1 \u2013 \u00e8 stato possibile implementare un\u2019autovalutazione in questo caso e i punti aperti contano anche qui.<br>\nIl nostro sito web viene costantemente migliorato. L\u2019usabilit\u00e0 e l\u2019accessibilit\u00e0 sono molto importanti per noi. Se sul nostro sito web incontrate barriere che ne impediscono o limitano l\u2019utilizzo, vi preghiamo di comunicarcelo al seguente indirizzo e-mail: <a href=\"mailto:info@salzburgerland.com\">info@salzburgerland.com<\/a><br>\n. In questo caso, vi preghiamo di descrivere brevemente il problema e di fornire l\u2019URL del sito web o del documento in questione. Verificheremo la vostra richiesta e vi contatteremo al pi\u00f9 presto.<\/p>\n","protected":false},"excerpt":{"rendered":"<p>Dichiarazione di accessibilit\u00e0 Noi, SalzburgerLand Tourismus GmbH, ci impegniamo a rendere accessibile il nostro sito web in conformit\u00e0 con la legge sull\u2019accessibilit\u00e0 come modificata per implementare la direttiva europea sull\u2019accessibilit\u00e0 (direttiva 2019\/882) sui requisiti di accessibilit\u00e0 per prodotti e servizi. A causa delle seguenti incompatibilit\u00e0 ed eccezioni, questo sito web \u00e8 parzialmente compatibile con il [&hellip;]<\/p>\n","protected":false},"author":34,"featured_media":0,"parent":0,"menu_order":0,"comment_status":"closed","ping_status":"closed","template":"","meta":{"_acf_changed":false,"wl_entities_gutenberg":"","_relevanssi_hide_post":"","_relevanssi_hide_content":"","_relevanssi_pin_for_all":"","_relevanssi_pin_keywords":"","_relevanssi_unpin_keywords":"","_relevanssi_related_keywords":"","_relevanssi_related_include_ids":"","_relevanssi_related_exclude_ids":"","_relevanssi_related_no_append":"","_relevanssi_related_not_related":"","_relevanssi_related_posts":"","_relevanssi_noindex_reason":"","footnotes":""},"wl_entity_type":[55],"class_list":["post-6278","page","type-page","status-publish","hentry","wl_entity_type-article"],"acf":[],"yoast_head":"<!-- This site is optimized with the Yoast SEO Premium plugin v27.5 (Yoast SEO v27.5) - https:\/\/yoast.com\/product\/yoast-seo-premium-wordpress\/ -->\n<title>Dichiarazione di accessibilit\u00e0 \u00bb SalzburgerLand.com<\/title>\n<meta name=\"robots\" content=\"index, follow, max-snippet:-1, max-image-preview:large, max-video-preview:-1\" \/>\n<link rel=\"canonical\" href=\"https:\/\/www.salzburgerland.com\/it\/dichiarazione-di-accessibilita\/\" \/>\n<meta property=\"og:locale\" content=\"it_IT\" \/>\n<meta property=\"og:type\" content=\"article\" \/>\n<meta property=\"og:title\" content=\"Dichiarazione di accessibilit\u00e0\" \/>\n<meta property=\"og:description\" content=\"Dichiarazione di accessibilit\u00e0 Noi, SalzburgerLand Tourismus GmbH, ci impegniamo a rendere accessibile il nostro sito web in conformit\u00e0 con la legge\" \/>\n<meta property=\"og:url\" content=\"https:\/\/www.salzburgerland.com\/it\/dichiarazione-di-accessibilita\/\" \/>\n<meta property=\"og:site_name\" content=\"SalzburgerLand.com\" \/>\n<meta property=\"article:publisher\" content=\"https:\/\/www.facebook.com\/salisburghese\/\" \/>\n<meta property=\"article:modified_time\" content=\"2026-03-18T10:33:17+00:00\" \/>\n<meta name=\"twitter:card\" content=\"summary_large_image\" \/>\n<meta name=\"twitter:label1\" content=\"Tempo di lettura stimato\" \/>\n\t<meta name=\"twitter:data1\" content=\"5 minuti\" \/>\n<script type=\"application\/ld+json\" class=\"yoast-schema-graph\">{\"@context\":\"https:\\\/\\\/schema.org\",\"@graph\":[{\"@type\":\"WebPage\",\"@id\":\"https:\\\/\\\/www.salzburgerland.com\\\/it\\\/dichiarazione-di-accessibilita\\\/\",\"url\":\"https:\\\/\\\/www.salzburgerland.com\\\/it\\\/dichiarazione-di-accessibilita\\\/\",\"name\":\"Dichiarazione di accessibilit\u00e0 \u00bb SalzburgerLand.com\",\"isPartOf\":{\"@id\":\"https:\\\/\\\/www.salzburgerland.com\\\/it\\\/#website\"},\"datePublished\":\"2025-06-27T08:22:52+00:00\",\"dateModified\":\"2026-03-18T10:33:17+00:00\",\"inLanguage\":\"it-IT\",\"potentialAction\":[{\"@type\":\"ReadAction\",\"target\":[\"https:\\\/\\\/www.salzburgerland.com\\\/it\\\/dichiarazione-di-accessibilita\\\/\"]}]},{\"@type\":\"WebSite\",\"@id\":\"https:\\\/\\\/www.salzburgerland.com\\\/it\\\/#website\",\"url\":\"https:\\\/\\\/www.salzburgerland.com\\\/it\\\/\",\"name\":\"SalzburgerLand.com\",\"description\":\"Le tue vacanze nel Salisburghese, Austria\",\"potentialAction\":[{\"@type\":\"SearchAction\",\"target\":{\"@type\":\"EntryPoint\",\"urlTemplate\":\"https:\\\/\\\/www.salzburgerland.com\\\/it\\\/?s={search_term_string}\"},\"query-input\":{\"@type\":\"PropertyValueSpecification\",\"valueRequired\":true,\"valueName\":\"search_term_string\"}}],\"inLanguage\":\"it-IT\"}]}<\/script>\n<!-- \/ Yoast SEO Premium plugin. -->","yoast_head_json":{"title":"Dichiarazione di accessibilit\u00e0 \u00bb SalzburgerLand.com","robots":{"index":"index","follow":"follow","max-snippet":"max-snippet:-1","max-image-preview":"max-image-preview:large","max-video-preview":"max-video-preview:-1"},"canonical":"https:\/\/www.salzburgerland.com\/it\/dichiarazione-di-accessibilita\/","og_locale":"it_IT","og_type":"article","og_title":"Dichiarazione di accessibilit\u00e0","og_description":"Dichiarazione di accessibilit\u00e0 Noi, SalzburgerLand Tourismus GmbH, ci impegniamo a rendere accessibile il nostro sito web in conformit\u00e0 con la legge","og_url":"https:\/\/www.salzburgerland.com\/it\/dichiarazione-di-accessibilita\/","og_site_name":"SalzburgerLand.com","article_publisher":"https:\/\/www.facebook.com\/salisburghese\/","article_modified_time":"2026-03-18T10:33:17+00:00","twitter_card":"summary_large_image","twitter_misc":{"Tempo di lettura stimato":"5 minuti"},"schema":{"@context":"https:\/\/schema.org","@graph":[{"@type":"WebPage","@id":"https:\/\/www.salzburgerland.com\/it\/dichiarazione-di-accessibilita\/","url":"https:\/\/www.salzburgerland.com\/it\/dichiarazione-di-accessibilita\/","name":"Dichiarazione di accessibilit\u00e0 \u00bb SalzburgerLand.com","isPartOf":{"@id":"https:\/\/www.salzburgerland.com\/it\/#website"},"datePublished":"2025-06-27T08:22:52+00:00","dateModified":"2026-03-18T10:33:17+00:00","inLanguage":"it-IT","potentialAction":[{"@type":"ReadAction","target":["https:\/\/www.salzburgerland.com\/it\/dichiarazione-di-accessibilita\/"]}]},{"@type":"WebSite","@id":"https:\/\/www.salzburgerland.com\/it\/#website","url":"https:\/\/www.salzburgerland.com\/it\/","name":"SalzburgerLand.com","description":"Le tue vacanze nel Salisburghese, Austria","potentialAction":[{"@type":"SearchAction","target":{"@type":"EntryPoint","urlTemplate":"https:\/\/www.salzburgerland.com\/it\/?s={search_term_string}"},"query-input":{"@type":"PropertyValueSpecification","valueRequired":true,"valueName":"search_term_string"}}],"inLanguage":"it-IT"}]}},"_wl_alt_label":[],"wl:entity_url":"http:\/\/open.salzburgerland.com\/it\/page\/dichiarazione-di-accessibilita-6278","_links":{"self":[{"href":"https:\/\/www.salzburgerland.com\/it\/wp-json\/wp\/v2\/pages\/6278","targetHints":{"allow":["GET"]}}],"collection":[{"href":"https:\/\/www.salzburgerland.com\/it\/wp-json\/wp\/v2\/pages"}],"about":[{"href":"https:\/\/www.salzburgerland.com\/it\/wp-json\/wp\/v2\/types\/page"}],"author":[{"embeddable":true,"href":"https:\/\/www.salzburgerland.com\/it\/wp-json\/wp\/v2\/users\/34"}],"replies":[{"embeddable":true,"href":"https:\/\/www.salzburgerland.com\/it\/wp-json\/wp\/v2\/comments?post=6278"}],"version-history":[{"count":3,"href":"https:\/\/www.salzburgerland.com\/it\/wp-json\/wp\/v2\/pages\/6278\/revisions"}],"predecessor-version":[{"id":6930,"href":"https:\/\/www.salzburgerland.com\/it\/wp-json\/wp\/v2\/pages\/6278\/revisions\/6930"}],"wp:attachment":[{"href":"https:\/\/www.salzburgerland.com\/it\/wp-json\/wp\/v2\/media?parent=6278"}],"wp:term":[{"taxonomy":"wl_entity_type","embeddable":true,"href":"https:\/\/www.salzburgerland.com\/it\/wp-json\/wp\/v2\/wl_entity_type?post=6278"}],"curies":[{"name":"wp","href":"https:\/\/api.w.org\/{rel}","templated":true}]}}