{"id":681632,"date":"2026-04-09T11:14:33","date_gmt":"2026-04-09T09:14:33","guid":{"rendered":"https:\/\/www.salzburgerland.com\/de\/?page_id=681632"},"modified":"2026-04-09T11:14:33","modified_gmt":"2026-04-09T09:14:33","slug":"fokus-und-regeneration-mindful-escapes-mit-lukas-kaufmann","status":"publish","type":"page","link":"https:\/\/www.salzburgerland.com\/de\/fokus-und-regeneration-mindful-escapes-mit-lukas-kaufmann\/","title":{"rendered":"Fokus und Regeneration \u2013 Mindful Escapes mit Lukas Kaufmann"},"content":{"rendered":"","protected":false},"excerpt":{"rendered":"","protected":false},"author":67,"featured_media":681634,"parent":0,"menu_order":0,"comment_status":"closed","ping_status":"closed","template":"","meta":{"_acf_changed":false,"wl_entities_gutenberg":"","_relevanssi_hide_post":"","_relevanssi_hide_content":"","_relevanssi_pin_for_all":"","_relevanssi_pin_keywords":"","_relevanssi_unpin_keywords":"","_relevanssi_related_keywords":"","_relevanssi_related_include_ids":"","_relevanssi_related_exclude_ids":"","_relevanssi_related_no_append":"","_relevanssi_related_not_related":"","_relevanssi_related_posts":"","_relevanssi_noindex_reason":"","footnotes":""},"wl_entity_type":[11495],"class_list":["post-681632","page","type-page","status-publish","has-post-thumbnail","hentry","wl_entity_type-article"],"acf":[],"yoast_head":"<!-- This site is optimized with the Yoast SEO Premium plugin v26.9 (Yoast SEO v26.9) - https:\/\/yoast.com\/product\/yoast-seo-premium-wordpress\/ -->\n<title>Fokus und Regeneration \u2013 Mindful Escapes mit Lukas Kaufmann \u00bb SalzburgerLand.com<\/title>\n<meta name=\"robots\" content=\"index, follow, max-snippet:-1, max-image-preview:large, max-video-preview:-1\" \/>\n<link rel=\"canonical\" href=\"https:\/\/www.salzburgerland.com\/de\/wp-json\/wp\/v2\/pages\/681632\" \/>\n<meta property=\"og:locale\" content=\"de_DE\" \/>\n<meta property=\"og:type\" content=\"article\" \/>\n<meta property=\"og:title\" content=\"Fokus und Regeneration \u2013 Mindful Escapes mit Lukas Kaufmann\" \/>\n<meta property=\"og:description\" content=\"Lukas Kaufmann sp\u00fcrt den Rhythmus der Stra\u00dfe rund um Koppl im SalzburgerLand. Schwei\u00df, Fokus und Energie verschmelzen mit achtsamer Regeneration.\" \/>\n<meta property=\"og:url\" content=\"https:\/\/www.salzburgerland.com\/de\/wp-json\/wp\/v2\/pages\/681632\" \/>\n<meta property=\"og:site_name\" content=\"SalzburgerLand.com\" \/>\n<meta property=\"article:publisher\" content=\"https:\/\/www.facebook.com\/salzburgerland\/\" \/>\n<meta property=\"og:image\" content=\"https:\/\/www.salzburgerland.com\/de\/wp-content\/uploads\/2026\/03\/bildschirmfoto-2026-03-12-um-13-18-25-1200x675.jpg\" \/>\n\t<meta property=\"og:image:width\" content=\"1200\" \/>\n\t<meta property=\"og:image:height\" content=\"675\" \/>\n\t<meta property=\"og:image:type\" content=\"image\/jpeg\" \/>\n<meta name=\"twitter:card\" content=\"summary_large_image\" \/>\n<meta name=\"twitter:site\" content=\"@Salzburgerland\" \/>\n<meta name=\"twitter:label1\" content=\"Gesch\u00e4tzte Lesezeit\" \/>\n\t<meta name=\"twitter:data1\" content=\"1\u00a0Minute\" \/>\n<script type=\"application\/ld+json\" class=\"yoast-schema-graph\">{\"@context\":\"https:\/\/schema.org\",\"@graph\":[{\"@type\":\"WebPage\",\"@id\":\"https:\/\/www.salzburgerland.com\/de\/fokus-und-regeneration-mindful-escapes-mit-lukas-kaufmann\/\",\"url\":\"https:\/\/www.salzburgerland.com\/de\/fokus-und-regeneration-mindful-escapes-mit-lukas-kaufmann\/\",\"name\":\"Fokus und Regeneration \u2013 Mindful Escapes mit Lukas Kaufmann \u00bb SalzburgerLand.com\",\"isPartOf\":{\"@id\":\"https:\/\/www.salzburgerland.com\/de\/#website\"},\"primaryImageOfPage\":{\"@id\":\"https:\/\/www.salzburgerland.com\/de\/fokus-und-regeneration-mindful-escapes-mit-lukas-kaufmann\/#primaryimage\"},\"image\":{\"@id\":\"https:\/\/www.salzburgerland.com\/de\/fokus-und-regeneration-mindful-escapes-mit-lukas-kaufmann\/#primaryimage\"},\"thumbnailUrl\":\"https:\/\/www.salzburgerland.com\/de\/wp-content\/uploads\/2026\/03\/bildschirmfoto-2026-03-12-um-13-18-25.jpg\",\"datePublished\":\"2026-04-09T09:14:33+00:00\",\"description\":\"Lukas Kaufmann sp\u00fcrt den Rhythmus der Stra\u00dfe rund um Koppl im SalzburgerLand. Schwei\u00df, Fokus und Energie verschmelzen mit achtsamer Regeneration.\",\"inLanguage\":\"de\",\"potentialAction\":[{\"@type\":\"ReadAction\",\"target\":[\"https:\/\/www.salzburgerland.com\/de\/fokus-und-regeneration-mindful-escapes-mit-lukas-kaufmann\/\"]}]},{\"@type\":\"ImageObject\",\"inLanguage\":\"de\",\"@id\":\"https:\/\/www.salzburgerland.com\/de\/fokus-und-regeneration-mindful-escapes-mit-lukas-kaufmann\/#primaryimage\",\"url\":\"https:\/\/www.salzburgerland.com\/de\/wp-content\/uploads\/2026\/03\/bildschirmfoto-2026-03-12-um-13-18-25.jpg\",\"contentUrl\":\"https:\/\/www.salzburgerland.com\/de\/wp-content\/uploads\/2026\/03\/bildschirmfoto-2026-03-12-um-13-18-25.jpg\",\"width\":2560,\"height\":1432,\"caption\":\"Radfahrer in wei\u00dfer Kleidung f\u00e4hrt bei Sonnenaufgang auf einem Bergpfad mit Blick auf eine Stadt und ferne Berge.\"},{\"@type\":\"WebSite\",\"@id\":\"https:\/\/www.salzburgerland.com\/de\/#website\",\"url\":\"https:\/\/www.salzburgerland.com\/de\/\",\"name\":\"SalzburgerLand.com\",\"description\":\"Ihr Urlaub in Salzburg, \u00d6sterreich\",\"publisher\":{\"@id\":\"https:\/\/www.salzburgerland.com\/de\/#organization\"},\"potentialAction\":[{\"@type\":\"SearchAction\",\"target\":{\"@type\":\"EntryPoint\",\"urlTemplate\":\"https:\/\/www.salzburgerland.com\/de\/?s={search_term_string}\"},\"query-input\":{\"@type\":\"PropertyValueSpecification\",\"valueRequired\":true,\"valueName\":\"search_term_string\"}}],\"inLanguage\":\"de\"},{\"@type\":\"Organization\",\"@id\":\"https:\/\/www.salzburgerland.com\/de\/#organization\",\"name\":\"SalzburgerLand Tourismus GmbH\",\"url\":\"https:\/\/www.salzburgerland.com\/de\/\",\"logo\":{\"@type\":\"ImageObject\",\"inLanguage\":\"de\",\"@id\":\"https:\/\/www.salzburgerland.com\/de\/#\/schema\/logo\/image\/\",\"url\":\"https:\/\/www.salzburgerland.com\/de\/wp-content\/uploads\/2017\/01\/salzburgerland-logo.jpg\",\"contentUrl\":\"https:\/\/www.salzburgerland.com\/de\/wp-content\/uploads\/2017\/01\/salzburgerland-logo.jpg\",\"width\":1920,\"height\":827,\"caption\":\"SalzburgerLand Tourismus GmbH\"},\"image\":{\"@id\":\"https:\/\/www.salzburgerland.com\/de\/#\/schema\/logo\/image\/\"},\"sameAs\":[\"https:\/\/www.facebook.com\/salzburgerland\/\",\"https:\/\/x.com\/Salzburgerland\",\"https:\/\/www.instagram.com\/salzburgerland\/\",\"http:\/\/dbpedia.org\/resource\/Salzburg_(state)\",\"http:\/\/wikidata.dbpedia.org\/resource\/Q43325\",\"http:\/\/open.salzburgerland.com\/de\/entity\/salzburgerland\",\"https:\/\/www.youtube.com\/user\/salzburgerland\"]}]}<\/script>\n<!-- \/ Yoast SEO Premium plugin. -->","yoast_head_json":{"title":"Fokus und Regeneration \u2013 Mindful Escapes mit Lukas Kaufmann \u00bb SalzburgerLand.com","robots":{"index":"index","follow":"follow","max-snippet":"max-snippet:-1","max-image-preview":"max-image-preview:large","max-video-preview":"max-video-preview:-1"},"canonical":"https:\/\/www.salzburgerland.com\/de\/wp-json\/wp\/v2\/pages\/681632","og_locale":"de_DE","og_type":"article","og_title":"Fokus und Regeneration \u2013 Mindful Escapes mit Lukas Kaufmann","og_description":"Lukas Kaufmann sp\u00fcrt den Rhythmus der Stra\u00dfe rund um Koppl im SalzburgerLand. Schwei\u00df, Fokus und Energie verschmelzen mit achtsamer Regeneration.","og_url":"https:\/\/www.salzburgerland.com\/de\/wp-json\/wp\/v2\/pages\/681632","og_site_name":"SalzburgerLand.com","article_publisher":"https:\/\/www.facebook.com\/salzburgerland\/","og_image":[{"width":1200,"height":675,"url":"https:\/\/www.salzburgerland.com\/de\/wp-content\/uploads\/2026\/03\/bildschirmfoto-2026-03-12-um-13-18-25-1200x675.jpg","type":"image\/jpeg"}],"twitter_card":"summary_large_image","twitter_site":"@Salzburgerland","twitter_misc":{"Gesch\u00e4tzte Lesezeit":"1\u00a0Minute"},"schema":{"@context":"https:\/\/schema.org","@graph":[{"@type":"WebPage","@id":"https:\/\/www.salzburgerland.com\/de\/fokus-und-regeneration-mindful-escapes-mit-lukas-kaufmann\/","url":"https:\/\/www.salzburgerland.com\/de\/fokus-und-regeneration-mindful-escapes-mit-lukas-kaufmann\/","name":"Fokus und Regeneration \u2013 Mindful Escapes mit Lukas Kaufmann \u00bb SalzburgerLand.com","isPartOf":{"@id":"https:\/\/www.salzburgerland.com\/de\/#website"},"primaryImageOfPage":{"@id":"https:\/\/www.salzburgerland.com\/de\/fokus-und-regeneration-mindful-escapes-mit-lukas-kaufmann\/#primaryimage"},"image":{"@id":"https:\/\/www.salzburgerland.com\/de\/fokus-und-regeneration-mindful-escapes-mit-lukas-kaufmann\/#primaryimage"},"thumbnailUrl":"https:\/\/www.salzburgerland.com\/de\/wp-content\/uploads\/2026\/03\/bildschirmfoto-2026-03-12-um-13-18-25.jpg","datePublished":"2026-04-09T09:14:33+00:00","description":"Lukas Kaufmann sp\u00fcrt den Rhythmus der Stra\u00dfe rund um Koppl im SalzburgerLand. Schwei\u00df, Fokus und Energie verschmelzen mit achtsamer Regeneration.","inLanguage":"de","potentialAction":[{"@type":"ReadAction","target":["https:\/\/www.salzburgerland.com\/de\/fokus-und-regeneration-mindful-escapes-mit-lukas-kaufmann\/"]}]},{"@type":"ImageObject","inLanguage":"de","@id":"https:\/\/www.salzburgerland.com\/de\/fokus-und-regeneration-mindful-escapes-mit-lukas-kaufmann\/#primaryimage","url":"https:\/\/www.salzburgerland.com\/de\/wp-content\/uploads\/2026\/03\/bildschirmfoto-2026-03-12-um-13-18-25.jpg","contentUrl":"https:\/\/www.salzburgerland.com\/de\/wp-content\/uploads\/2026\/03\/bildschirmfoto-2026-03-12-um-13-18-25.jpg","width":2560,"height":1432,"caption":"Radfahrer in wei\u00dfer Kleidung f\u00e4hrt bei Sonnenaufgang auf einem Bergpfad mit Blick auf eine Stadt und ferne Berge."},{"@type":"WebSite","@id":"https:\/\/www.salzburgerland.com\/de\/#website","url":"https:\/\/www.salzburgerland.com\/de\/","name":"SalzburgerLand.com","description":"Ihr Urlaub in Salzburg, \u00d6sterreich","publisher":{"@id":"https:\/\/www.salzburgerland.com\/de\/#organization"},"potentialAction":[{"@type":"SearchAction","target":{"@type":"EntryPoint","urlTemplate":"https:\/\/www.salzburgerland.com\/de\/?s={search_term_string}"},"query-input":{"@type":"PropertyValueSpecification","valueRequired":true,"valueName":"search_term_string"}}],"inLanguage":"de"},{"@type":"Organization","@id":"https:\/\/www.salzburgerland.com\/de\/#organization","name":"SalzburgerLand Tourismus GmbH","url":"https:\/\/www.salzburgerland.com\/de\/","logo":{"@type":"ImageObject","inLanguage":"de","@id":"https:\/\/www.salzburgerland.com\/de\/#\/schema\/logo\/image\/","url":"https:\/\/www.salzburgerland.com\/de\/wp-content\/uploads\/2017\/01\/salzburgerland-logo.jpg","contentUrl":"https:\/\/www.salzburgerland.com\/de\/wp-content\/uploads\/2017\/01\/salzburgerland-logo.jpg","width":1920,"height":827,"caption":"SalzburgerLand Tourismus GmbH"},"image":{"@id":"https:\/\/www.salzburgerland.com\/de\/#\/schema\/logo\/image\/"},"sameAs":["https:\/\/www.facebook.com\/salzburgerland\/","https:\/\/x.com\/Salzburgerland","https:\/\/www.instagram.com\/salzburgerland\/","http:\/\/dbpedia.org\/resource\/Salzburg_(state)","http:\/\/wikidata.dbpedia.org\/resource\/Q43325","http:\/\/open.salzburgerland.com\/de\/entity\/salzburgerland","https:\/\/www.youtube.com\/user\/salzburgerland"]}]}},"_wl_alt_label":[],"wl:entity_url":"http:\/\/open.salzburgerland.com\/de\/page\/fokus-und-regeneration-mindful-escapes-mit-lukas-kaufmann-681632","_links":{"self":[{"href":"https:\/\/www.salzburgerland.com\/de\/wp-json\/wp\/v2\/pages\/681632","targetHints":{"allow":["GET"]}}],"collection":[{"href":"https:\/\/www.salzburgerland.com\/de\/wp-json\/wp\/v2\/pages"}],"about":[{"href":"https:\/\/www.salzburgerland.com\/de\/wp-json\/wp\/v2\/types\/page"}],"author":[{"embeddable":true,"href":"https:\/\/www.salzburgerland.com\/de\/wp-json\/wp\/v2\/users\/67"}],"replies":[{"embeddable":true,"href":"https:\/\/www.salzburgerland.com\/de\/wp-json\/wp\/v2\/comments?post=681632"}],"version-history":[{"count":3,"href":"https:\/\/www.salzburgerland.com\/de\/wp-json\/wp\/v2\/pages\/681632\/revisions"}],"predecessor-version":[{"id":682025,"href":"https:\/\/www.salzburgerland.com\/de\/wp-json\/wp\/v2\/pages\/681632\/revisions\/682025"}],"wp:featuredmedia":[{"embeddable":true,"href":"https:\/\/www.salzburgerland.com\/de\/wp-json\/wp\/v2\/media\/681634"}],"wp:attachment":[{"href":"https:\/\/www.salzburgerland.com\/de\/wp-json\/wp\/v2\/media?parent=681632"}],"wp:term":[{"taxonomy":"wl_entity_type","embeddable":true,"href":"https:\/\/www.salzburgerland.com\/de\/wp-json\/wp\/v2\/wl_entity_type?post=681632"}],"curies":[{"name":"wp","href":"https:\/\/api.w.org\/{rel}","templated":true}]}}