{"id":677755,"date":"2025-06-26T17:29:51","date_gmt":"2025-06-26T15:29:51","guid":{"rendered":"https:\/\/www.salzburgerland.com\/de\/?page_id=677755"},"modified":"2025-06-26T17:29:51","modified_gmt":"2025-06-26T15:29:51","slug":"barrierefreiheitserklaerung-von-feratel-media-technologies-ag","status":"publish","type":"page","link":"https:\/\/www.salzburgerland.com\/de\/barrierefreiheitserklaerung-von-feratel-media-technologies-ag\/","title":{"rendered":"Barrierefreiheitserkl\u00e4rung von feratel media technologies AG"},"content":{"rendered":"<h2>Erkl\u00e4rung zur Barrierefreiheit<\/h2>\n<p>Die feratel media technologies AG ist bem\u00fcht, das TOSC5-Website-Widget im Einklang mit dem Barrierefreiheitsgesetz (BaFG) idgF zur Umsetzung der Richtlinie (EU) 2019\/882 des Europ\u00e4ischen Parlaments und des Rates vom vom 28. Juni 2025 \u00fcber den barrierefreien Zugang zu Websites und mobilen Anwendungen barrierefrei zug\u00e4nglich zu machen.<\/p>\n<p>Diese Erkl\u00e4rung zur Barrierefreiheit gilt ausschlie\u00dflich f\u00fcr das auf dieser Website integrierte TOSC5-Website-Widget (Buchungs- und Informations-Widget).<\/p>\n<h3>Stand der Vereinbarkeit mit den Anforderungen<\/h3>\n<p>Das TOSC5-Website-Widgets ist wegen der folgenden Unvereinbarkeiten und Ausnahmen teilweise mit Konformit\u00e4tsstufe AA der \u201eRichtlinien f\u00fcr barrierefreie Webinhalte Web \u2013 <span><a href=\"https:\/\/www.w3.org\/TR\/WCAG21\/\">WCAG<\/a><a href=\"https:\/\/www.w3.org\/TR\/WCAG21\/\"> 2.1<\/a><\/span>\u201c beziehungsweise mit dem geltenden Europ\u00e4ischen Standard EN 301 549 V 3.2.1 (2021-03) vereinbar.<\/p>\n<h2>Nicht barrierefreie Inhalte<\/h2>\n<p>Die nachstehend aufgef\u00fchrten Inhalte sind aus den folgenden Gr\u00fcnden nicht barrierefrei:<\/p>\n<h3>Unvereinbarkeit mit dem BaFG<\/h3>\n<ul>\n<li>9.1.1.1 \u2013 F\u00fcr einige nicht-textliche Inhalte, die Ihnen pr\u00e4sentiert werden, gibt es keine gleichwertige textliche Alternative, die denselben Zweck erf\u00fcllt;<\/li>\n<li>9.1.3.1 \u2013 In einigen F\u00e4llen k\u00f6nnen Informationen, Strukturen oder Zusammenh\u00e4nge, die durch die Darstellung von Seiten vermittelt werden, nicht programmatisch bestimmt werden (oder sind nicht \u00fcber Text verf\u00fcgbar);<\/li>\n<li>9.1.3.2 \u2013 In einigen F\u00e4llen, in denen die Reihenfolge, in der der Inhalt pr\u00e4sentiert wird, seine Bedeutung beeinflusst, erfolgt dies nur visuell und nicht strukturell;<\/li>\n<li>9.1.4.3 \u2013 Die visuelle Darstellung von Text und Bildern, die Text enthalten, weist nicht immer das erforderliche Mindestkontrastverh\u00e4ltnis auf, abgesehen von den in den Vorschriften vorgesehenen Ausnahmen (z. B. bei Logos);<\/li>\n<li>9.1.4.10 \u2013 Inhalte, die keine zweidimensionale Darstellung erfordern (z. B. Datentabellen oder Karten), werden bei einer Gr\u00f6\u00dfen\u00e4nderung nicht neu angeordnet;<\/li>\n<li>9.2.1.1 \u2013 Einige Features k\u00f6nnen nicht \u00fcber die Tastatur (oder eine \u00e4hnliche Eingabeschnittstelle) aktiviert werden;<\/li>\n<li>9.2.2.2 \u2013 Einige Animationen, blinkende, gleitende oder sich selbst aktualisierende Informationen werden automatisch gestartet, haben eine Dauer von mehr als f\u00fcnf Sekunden oder werden parallel zu anderen Inhalten pr\u00e4sentiert, es gibt keine Mechanismen, um sie zu stoppen oder zu verbergen;<\/li>\n<li>9.2.4.3 \u2013 Auf einigen Webseiten, die sequentiell durchlaufen werden k\u00f6nnen und auf denen die Navigationsreihenfolge die Bedeutung und Funktionsweise beeinflusst, erhalten einige Objekte, die den Fokus erhalten k\u00f6nnen, diesen nicht in einer Reihenfolge, der ihre Bedeutung und Funktionsweise bewahrt;<\/li>\n<li>9.2.4.6 \u2013 Header und\/oder Label verdeutlichen den Inhalt oder die Funktionalit\u00e4t nicht ausreichend;<\/li>\n<li>9.3.3.2 \u2013 In einigen F\u00e4llen werden keine Label oder Anweisungen bereitgestellt, wenn der Inhalt Eingaben durch den Benutzer erfordert;<\/li>\n<li>9.4.1.2 \u2013 In einigen F\u00e4llen sind die Komponenten der Benutzeroberfl\u00e4che (einschlie\u00dflich: Elemente eines Formulars, Links und skripterzeugte Komponenten\u2026), der Name, die Rolle, der Status, die Eigenschaften und die Werte nicht korrekt oder nicht gesetzt oder der Benutzer und seine assistiven Technologien werden nicht benachrichtigt, wenn sich diese \u00e4ndern;<\/li>\n<li>9.4.1.3 \u2013 In einigen F\u00e4llen werden Statusmeldungen dem Benutzer nicht so pr\u00e4sentiert, dass assistive Technologien sie interpretieren k\u00f6nnen, ohne den Fokus zu verlagern;<\/li>\n<\/ul>\n<h3>Unverh\u00e4ltnism\u00e4\u00dfige Belastung<\/h3>\n<p>Die im TOSC5-Website-Widget enthaltenen PDF barrierefrei umzusetzen sowie die Erstellung der Erkl\u00e4rung zur Barrierefreiheit in leichter Sprache stellt aktuell eine unverh\u00e4ltnism\u00e4\u00dfige Belastung dar. Sie bilden daher eine Ausnahme.<\/p>\n<h3>Die Inhalte fallen nicht in den Anwendungsbereich der anwendbaren Rechtsvorschriften<\/h3>\n<p>Eine Fassung in Geb\u00e4rdensprache ist nicht zwingend erforderlich.<\/p>\n<h2>Erstellung dieser Erkl\u00e4rung zur Barrierefreiheit<\/h2>\n<p>Diese Erkl\u00e4rung wurde am 3.6.2025 erstellt.<\/p>\n<p>Die Bewertung der Vereinbarkeit des TOSC5-Website-Widgets mit dem BaFG zur Umsetzung der Anforderungen der Richtlinie (EU) 2019\/882 erfolgte in Form einer \u00dcberpr\u00fcfung nach WCAG 2.1 im Konformit\u00e4tslevel AA im Mai 2025.<\/p>\n<p>Diese Erkl\u00e4rung wurde am 3.6.2025 aktualisiert.<\/p>\n<h2>Feedback und Kontaktangaben<\/h2>\n<p>Die Angebote und Services \u00fcber das TOSC5-Website-Widgets werden laufend verbessert, ausgetauscht und ausgebaut. Dabei ist uns die Bedienbarkeit und Zug\u00e4nglichkeit ein gro\u00dfes Anliegen.<\/p>\n<p>Wenn Ihnen Barrieren auffallen, die Sie an der Benutzung unseres <strong>TOSC5-Website-Widgets <\/strong>hindern \u2013 Probleme, die in dieser Erkl\u00e4rung nicht beschrieben sind, M\u00e4ngel in Bezug auf die Einhaltung der Barrierefreiheitsanforderungen \u2013 so bitten wir Sie, uns diese per E\u2011Mail mitzuteilen. Wir werden Ihre Anfrage pr\u00fcfen und Sie ehestm\u00f6glich kontaktieren.<\/p>\n<p>Bitte senden Sie uns s\u00e4mtliche Mitteilungen und Anregungen an EMAIL. Bitte beschreiben Sie das Problem und f\u00fchren Sie uns die URL(s) der betroffenen Website oder des Dokuments an.<\/p>\n<p>Kontakt:<\/p>\n<ul>\n<li>E-Mail: info@salzburgerland.com<\/li>\n<li>Telefonnummer: +43662 668844<\/li>\n<\/ul>\n<p>Wir pr\u00fcfen Ihre Anfrage und melden uns innerhalb von 14 Tagen bei Ihnen.<\/p>\n<h2>Durchsetzungsverfahren<\/h2>\n<p>Bei nicht zufriedenstellenden Antworten aus oben genannter Kontaktm\u00f6glichkeit k\u00f6nnen Sie sich mittels Beschwerde an das Sozialministeriumservice der Landesstelle Ober\u00f6sterreich wenden.<\/p>\n<p>Kontakt:<\/p>\n<ul>\n<li>Gruberstra\u00dfe 63, 4021 Linz<\/li>\n<li>Tel: 0732\/7604-0<\/li>\n<li>Fax: 0732\/7604-4400<\/li>\n<li>E-Mail: post.oberoesterreich@sozialministeriumservice.at<\/li>\n<\/ul>\n<p>Die Beschwerden werden von dem Sozialministeriumservice dahingehend gepr\u00fcft, ob sie sich auf Verst\u00f6\u00dfe gegen die Vorgaben des Barrierefreiheitsgesetz, insbesondere M\u00e4ngel bei der Einhaltung der Barrierefreiheitsanforderungen, durch den Bund oder einer ihm zuordenbaren Einrichtung beziehen.<\/p>\n<p>Sofern die Beschwerde berechtigt ist, hat das Sozialministeriumservice dem Bund oder den betroffenen Rechtstr\u00e4gern Handlungsempfehlungen auszusprechen und Ma\u00dfnahmen vorzuschlagen, die der Beseitigung der vorliegenden M\u00e4ngel dienen.<\/p>\n","protected":false},"excerpt":{"rendered":"<p>Erkl\u00e4rung zur Barrierefreiheit Die feratel media technologies AG ist bem\u00fcht, das TOSC5-Website-Widget im Einklang mit dem Barrierefreiheitsgesetz (BaFG) idgF zur Umsetzung der Richtlinie (EU) 2019\/882 des Europ\u00e4ischen Parlaments und des Rates vom vom 28. Juni 2025 \u00fcber den barrierefreien Zugang zu Websites und mobilen Anwendungen barrierefrei zug\u00e4nglich zu machen. Diese Erkl\u00e4rung zur Barrierefreiheit gilt ausschlie\u00dflich [&hellip;]<\/p>\n","protected":false},"author":120,"featured_media":0,"parent":0,"menu_order":0,"comment_status":"closed","ping_status":"closed","template":"","meta":{"_acf_changed":false,"wl_entities_gutenberg":"","_relevanssi_hide_post":"","_relevanssi_hide_content":"","_relevanssi_pin_for_all":"","_relevanssi_pin_keywords":"","_relevanssi_unpin_keywords":"","_relevanssi_related_keywords":"","_relevanssi_related_include_ids":"","_relevanssi_related_exclude_ids":"","_relevanssi_related_no_append":"","_relevanssi_related_not_related":"","_relevanssi_related_posts":"","_relevanssi_noindex_reason":"","footnotes":""},"wl_entity_type":[11495],"class_list":["post-677755","page","type-page","status-publish","hentry","wl_entity_type-article"],"acf":[],"yoast_head":"<!-- This site is optimized with the Yoast SEO Premium plugin v27.5 (Yoast SEO v27.5) - https:\/\/yoast.com\/product\/yoast-seo-premium-wordpress\/ -->\n<title>Barrierefreiheitserkl\u00e4rung von feratel media technologies AG \u00bb SalzburgerLand.com<\/title>\n<meta name=\"robots\" content=\"index, follow, max-snippet:-1, max-image-preview:large, max-video-preview:-1\" \/>\n<link rel=\"canonical\" href=\"https:\/\/www.salzburgerland.com\/de\/wp-json\/wp\/v2\/pages\/677755\" \/>\n<meta property=\"og:locale\" content=\"de_DE\" \/>\n<meta property=\"og:type\" content=\"article\" \/>\n<meta property=\"og:title\" content=\"Barrierefreiheitserkl\u00e4rung von feratel media technologies AG\" \/>\n<meta property=\"og:url\" content=\"https:\/\/www.salzburgerland.com\/de\/wp-json\/wp\/v2\/pages\/677755\" \/>\n<meta property=\"og:site_name\" content=\"SalzburgerLand.com\" \/>\n<meta property=\"article:publisher\" content=\"https:\/\/www.facebook.com\/salzburgerland\/\" \/>\n<meta name=\"twitter:card\" content=\"summary_large_image\" \/>\n<meta name=\"twitter:site\" content=\"@Salzburgerland\" \/>\n<meta name=\"twitter:label1\" content=\"Gesch\u00e4tzte Lesezeit\" \/>\n\t<meta name=\"twitter:data1\" content=\"5\u00a0Minuten\" \/>\n<script type=\"application\/ld+json\" class=\"yoast-schema-graph\">{\"@context\":\"https:\\\/\\\/schema.org\",\"@graph\":[{\"@type\":\"WebPage\",\"@id\":\"https:\\\/\\\/www.salzburgerland.com\\\/de\\\/barrierefreiheitserklaerung-von-feratel-media-technologies-ag\\\/\",\"url\":\"https:\\\/\\\/www.salzburgerland.com\\\/de\\\/barrierefreiheitserklaerung-von-feratel-media-technologies-ag\\\/\",\"name\":\"Barrierefreiheitserkl\u00e4rung von feratel media technologies AG \u00bb SalzburgerLand.com\",\"isPartOf\":{\"@id\":\"https:\\\/\\\/www.salzburgerland.com\\\/de\\\/#website\"},\"datePublished\":\"2025-06-26T15:29:51+00:00\",\"inLanguage\":\"de\",\"potentialAction\":[{\"@type\":\"ReadAction\",\"target\":[\"https:\\\/\\\/www.salzburgerland.com\\\/de\\\/barrierefreiheitserklaerung-von-feratel-media-technologies-ag\\\/\"]}]},{\"@type\":\"WebSite\",\"@id\":\"https:\\\/\\\/www.salzburgerland.com\\\/de\\\/#website\",\"url\":\"https:\\\/\\\/www.salzburgerland.com\\\/de\\\/\",\"name\":\"SalzburgerLand.com\",\"description\":\"Ihr Urlaub in Salzburg, \u00d6sterreich\",\"publisher\":{\"@id\":\"https:\\\/\\\/www.salzburgerland.com\\\/de\\\/#organization\"},\"potentialAction\":[{\"@type\":\"SearchAction\",\"target\":{\"@type\":\"EntryPoint\",\"urlTemplate\":\"https:\\\/\\\/www.salzburgerland.com\\\/de\\\/?s={search_term_string}\"},\"query-input\":{\"@type\":\"PropertyValueSpecification\",\"valueRequired\":true,\"valueName\":\"search_term_string\"}}],\"inLanguage\":\"de\"},{\"@type\":\"Organization\",\"@id\":\"https:\\\/\\\/www.salzburgerland.com\\\/de\\\/#organization\",\"name\":\"SalzburgerLand Tourismus GmbH\",\"url\":\"https:\\\/\\\/www.salzburgerland.com\\\/de\\\/\",\"logo\":{\"@type\":\"ImageObject\",\"inLanguage\":\"de\",\"@id\":\"https:\\\/\\\/www.salzburgerland.com\\\/de\\\/#\\\/schema\\\/logo\\\/image\\\/\",\"url\":\"https:\\\/\\\/www.salzburgerland.com\\\/de\\\/wp-content\\\/uploads\\\/2017\\\/01\\\/salzburgerland-logo.jpg\",\"contentUrl\":\"https:\\\/\\\/www.salzburgerland.com\\\/de\\\/wp-content\\\/uploads\\\/2017\\\/01\\\/salzburgerland-logo.jpg\",\"width\":1920,\"height\":827,\"caption\":\"SalzburgerLand Tourismus GmbH\"},\"image\":{\"@id\":\"https:\\\/\\\/www.salzburgerland.com\\\/de\\\/#\\\/schema\\\/logo\\\/image\\\/\"},\"sameAs\":[\"https:\\\/\\\/www.facebook.com\\\/salzburgerland\\\/\",\"https:\\\/\\\/x.com\\\/Salzburgerland\",\"https:\\\/\\\/www.instagram.com\\\/salzburgerland\\\/\",\"http:\\\/\\\/dbpedia.org\\\/resource\\\/Salzburg_(state)\",\"http:\\\/\\\/wikidata.dbpedia.org\\\/resource\\\/Q43325\",\"http:\\\/\\\/open.salzburgerland.com\\\/de\\\/entity\\\/salzburgerland\",\"https:\\\/\\\/www.youtube.com\\\/user\\\/salzburgerland\"]}]}<\/script>\n<!-- \/ Yoast SEO Premium plugin. -->","yoast_head_json":{"title":"Barrierefreiheitserkl\u00e4rung von feratel media technologies AG \u00bb SalzburgerLand.com","robots":{"index":"index","follow":"follow","max-snippet":"max-snippet:-1","max-image-preview":"max-image-preview:large","max-video-preview":"max-video-preview:-1"},"canonical":"https:\/\/www.salzburgerland.com\/de\/wp-json\/wp\/v2\/pages\/677755","og_locale":"de_DE","og_type":"article","og_title":"Barrierefreiheitserkl\u00e4rung von feratel media technologies AG","og_url":"https:\/\/www.salzburgerland.com\/de\/wp-json\/wp\/v2\/pages\/677755","og_site_name":"SalzburgerLand.com","article_publisher":"https:\/\/www.facebook.com\/salzburgerland\/","twitter_card":"summary_large_image","twitter_site":"@Salzburgerland","twitter_misc":{"Gesch\u00e4tzte Lesezeit":"5\u00a0Minuten"},"schema":{"@context":"https:\/\/schema.org","@graph":[{"@type":"WebPage","@id":"https:\/\/www.salzburgerland.com\/de\/barrierefreiheitserklaerung-von-feratel-media-technologies-ag\/","url":"https:\/\/www.salzburgerland.com\/de\/barrierefreiheitserklaerung-von-feratel-media-technologies-ag\/","name":"Barrierefreiheitserkl\u00e4rung von feratel media technologies AG \u00bb SalzburgerLand.com","isPartOf":{"@id":"https:\/\/www.salzburgerland.com\/de\/#website"},"datePublished":"2025-06-26T15:29:51+00:00","inLanguage":"de","potentialAction":[{"@type":"ReadAction","target":["https:\/\/www.salzburgerland.com\/de\/barrierefreiheitserklaerung-von-feratel-media-technologies-ag\/"]}]},{"@type":"WebSite","@id":"https:\/\/www.salzburgerland.com\/de\/#website","url":"https:\/\/www.salzburgerland.com\/de\/","name":"SalzburgerLand.com","description":"Ihr Urlaub in Salzburg, \u00d6sterreich","publisher":{"@id":"https:\/\/www.salzburgerland.com\/de\/#organization"},"potentialAction":[{"@type":"SearchAction","target":{"@type":"EntryPoint","urlTemplate":"https:\/\/www.salzburgerland.com\/de\/?s={search_term_string}"},"query-input":{"@type":"PropertyValueSpecification","valueRequired":true,"valueName":"search_term_string"}}],"inLanguage":"de"},{"@type":"Organization","@id":"https:\/\/www.salzburgerland.com\/de\/#organization","name":"SalzburgerLand Tourismus GmbH","url":"https:\/\/www.salzburgerland.com\/de\/","logo":{"@type":"ImageObject","inLanguage":"de","@id":"https:\/\/www.salzburgerland.com\/de\/#\/schema\/logo\/image\/","url":"https:\/\/www.salzburgerland.com\/de\/wp-content\/uploads\/2017\/01\/salzburgerland-logo.jpg","contentUrl":"https:\/\/www.salzburgerland.com\/de\/wp-content\/uploads\/2017\/01\/salzburgerland-logo.jpg","width":1920,"height":827,"caption":"SalzburgerLand Tourismus GmbH"},"image":{"@id":"https:\/\/www.salzburgerland.com\/de\/#\/schema\/logo\/image\/"},"sameAs":["https:\/\/www.facebook.com\/salzburgerland\/","https:\/\/x.com\/Salzburgerland","https:\/\/www.instagram.com\/salzburgerland\/","http:\/\/dbpedia.org\/resource\/Salzburg_(state)","http:\/\/wikidata.dbpedia.org\/resource\/Q43325","http:\/\/open.salzburgerland.com\/de\/entity\/salzburgerland","https:\/\/www.youtube.com\/user\/salzburgerland"]}]}},"_wl_alt_label":[],"wl:entity_url":"http:\/\/open.salzburgerland.com\/de\/page\/erklaerung-zur-barrierefreiheit-von-677755","_links":{"self":[{"href":"https:\/\/www.salzburgerland.com\/de\/wp-json\/wp\/v2\/pages\/677755","targetHints":{"allow":["GET"]}}],"collection":[{"href":"https:\/\/www.salzburgerland.com\/de\/wp-json\/wp\/v2\/pages"}],"about":[{"href":"https:\/\/www.salzburgerland.com\/de\/wp-json\/wp\/v2\/types\/page"}],"author":[{"embeddable":true,"href":"https:\/\/www.salzburgerland.com\/de\/wp-json\/wp\/v2\/users\/120"}],"replies":[{"embeddable":true,"href":"https:\/\/www.salzburgerland.com\/de\/wp-json\/wp\/v2\/comments?post=677755"}],"version-history":[{"count":1,"href":"https:\/\/www.salzburgerland.com\/de\/wp-json\/wp\/v2\/pages\/677755\/revisions"}],"predecessor-version":[{"id":677756,"href":"https:\/\/www.salzburgerland.com\/de\/wp-json\/wp\/v2\/pages\/677755\/revisions\/677756"}],"wp:attachment":[{"href":"https:\/\/www.salzburgerland.com\/de\/wp-json\/wp\/v2\/media?parent=677755"}],"wp:term":[{"taxonomy":"wl_entity_type","embeddable":true,"href":"https:\/\/www.salzburgerland.com\/de\/wp-json\/wp\/v2\/wl_entity_type?post=677755"}],"curies":[{"name":"wp","href":"https:\/\/api.w.org\/{rel}","templated":true}]}}