{"id":677754,"date":"2025-06-26T17:29:58","date_gmt":"2025-06-26T15:29:58","guid":{"rendered":"https:\/\/www.salzburgerland.com\/de\/?page_id=677754"},"modified":"2026-03-18T09:49:02","modified_gmt":"2026-03-18T08:49:02","slug":"barrierefreiheitserklaerung","status":"publish","type":"page","link":"https:\/\/www.salzburgerland.com\/de\/barrierefreiheitserklaerung\/","title":{"rendered":"Barrierefreiheitserkl\u00e4rung"},"content":{"rendered":"<h2>Erkl\u00e4rung zur Barrierefreiheit<\/h2>\n<p>Wir, die SalzburgerLand Tourismus GmbH sind bem\u00fcht, unsere Website im Einklang mit dem Barrierefreiheitsgesetz idgF zur Umsetzung der europ\u00e4ischen Barrierefreiheitsrichtlinie (<a href=\"https:\/\/eur-lex.europa.eu\/legal-content\/DE\/TXT\/?uri=CELEX%3A32019L0882\">RL 2019\/882<\/a>) \u00fcber die Barrierefreiheitsanforderungen von Produkten und Dienstleistungen barrierefrei zug\u00e4nglich zu gestalten.<\/p>\n<p>Diese Website ist wegen der folgenden Unvereinbarkeiten und Ausnahmen teilweise mit Konformit\u00e4tsstufe AA der \u201eRichtlinien f\u00fcr barrierefreie Webinhalte Web \u2013 WCAG 2.1\u201c entsprechend der geltenden harmonisierten europ\u00e4ischen Norm \u201eEurop\u00e4ischer Standard EN 301 549 V3.2.1 (2022.08)\u201c vereinbar.<\/p>\n<h2>Nicht barrierefreie Inhalte<\/h2>\n<p>Die nachstehend aufgef\u00fchrten Inhalte sind aus den folgenden Gr\u00fcnden nicht barrierefrei:<\/p>\n<h3>Unvereinbarkeit mit den Barrierefreiheitsbestimmungen:<\/h3>\n<ul>\n<li>Da die Logos verlinkt sind, werden die Alternativtexte zu Linktexte. Diese sollten das Linkziel beschreiben, was noch nicht vollst\u00e4ndig umgesetzt wurde.<\/li>\n<li>Die auf unseren Webseiten eingesetzten Videos\u00a0sind derzeit nicht vollst\u00e4ndig barrierefrei. Es wird an einer automatischen L\u00f6sung \u00fcber den API Key f\u00fcr die Bef\u00fcllung der Inhalte gearbeitet. Die Untertitel wurden umfangreich bef\u00fcllt und sollten bis auf wenige Ausnahmen vorhanden sein.<\/li>\n<li>Audiodeskription: Einige der auf dieser Website eingebetteten Videos verf\u00fcgen derzeit \u00fcber keine Audiodeskription oder zus\u00e4tzliche textliche Medienalternative, die den visuellen Inhalt beschreibt. Ein Teil dieser Videos wird \u00fcber die externe Plattform YouTube eingebunden. Da es sich dabei um Inhalte eines Drittanbieters handelt, haben wir nur eingeschr\u00e4nkten Einfluss auf die technische Umsetzung oder nachtr\u00e4gliche Erg\u00e4nzung von Audiodeskriptionen. Wir beobachten die Entwicklungen der Plattform und werden entsprechende M\u00f6glichkeiten zur Verbesserung der Barrierefreiheit pr\u00fcfen und umsetzen, sofern dies technisch und organisatorisch m\u00f6glich ist.<\/li>\n<li>Wir bem\u00fchen uns, unsere Texte weitgehend ohne Abk\u00fcrzungen und Fremdw\u00f6rter zu verfassen. Zudem verzichten wir auf umst\u00e4ndlichen Satzbau. Sollte Ihnen ein Text nicht verst\u00e4ndlich sein und Ihnen somit nur teilweise barrierefrei erscheinen, bitte kontaktieren Sie uns. Wir versuchen, Ihnen eine einfach verst\u00e4ndliche Version zur Verf\u00fcgung zu stellen.<\/li>\n<li>Sobald der nur der Text-Zoom aktiviert wird, werden viele Inhalte abgeschnitten und es kommt auch zu \u00dcberdeckungen<\/li>\n<li>Beim Anwenden des Text-Spacing auf WCAG-Vorgaben kommt es zu \u00dcberschneidungen und \u00dcberdeckungen<\/li>\n<li>Landkarten haben keinen Alternativtext. Z.B. Landkarte: Mittersill liegt umringt von Bergen im Salzachtal s\u00fcdlich von Kitzb\u00fchel. Mittersill geh\u00f6rt zum Bezirk Zell am See. Da m\u00fcsste man eine Eingabem\u00f6glichkeit f\u00fcr den Text schaffen, der dann auch gepflegt werden m\u00fcsste. Einfacher w\u00e4re ein generischer Text wie \u201eLage von &lt;POI&gt; auf Google Maps\u201c<\/li>\n<li>Spamschutz \/ Recaptcha: Wir ben\u00f6tigen zur Absicherung vor Spam und Massen-E-Mails f\u00fcr unsere Kontaktformulare eine sogenannte \u201eRe-Captcha\u201c Funktion. Diese ist nicht barrierefrei. Sollten Sie ein Formular durch die Funktion nicht nutzen k\u00f6nnen, senden Sie uns bitte eine E-Mail an <a href=\"mailto:info@salzburgerland.com\">info@salzburgerland.com<\/a><\/li>\n<li>Auf dieser Website werden teilweise englische Begriffe und Bezeichnungen verwendet (z. B. \u201eSound of Music\u201c). Diese Begriffe sind international etablierte Namen, Marken oder thematische Bezeichnungen und lassen sich nicht immer sinnvoll oder eindeutig ins Deutsche \u00fcbersetzen. Wir achten dennoch darauf, Inhalte m\u00f6glichst verst\u00e4ndlich aufzubereiten und zentrale Informationen auch im Kontext zu erkl\u00e4ren.<\/li>\n<\/ul>\n<p><strong>Wir sind bem\u00fcht, die Fehler bis Ende des Jahres 2026 auszubessern. Dar\u00fcber hinaus wird bei der Umsetzung bereits WCAG 2.2 Konformit\u00e4tsstufe AA angestrebt. <\/strong><\/p>\n<p><strong>Anmerkungen: <\/strong>Auf der Website stehen Word- und PDF-Dokumente zum Download bereit, die nicht barrierefrei sind. Ben\u00f6tigen Sie Hilfe bei nicht barrierefreien PDF-Dokumenten, wenden Sie sich bitte an <a href=\"mailto:info@salzburgerland.com\">info@salzburgerland.com<\/a>. Wir versuchen Ihnen in diesem Fall die Inhalte so weit wie m\u00f6glich in geeigneter Art und Weise zur Verf\u00fcgung zu stellen.<\/p>\n<h3><strong>Unverh\u00e4ltnism\u00e4\u00dfige Belastung: <\/strong><\/h3>\n<p>Aus wirtschaftlichen und organisatorischen Gr\u00fcnden ist es derzeit noch nicht m\u00f6glich, \u00e4ltere PDF-Dokumente und Office-Dokumente (etc.) barrierefrei zu gestalten. Au\u00dferdem ist es nicht m\u00f6glich die Videos in Geb\u00e4rdensprache bereitzustellen.<\/p>\n<h3>Diese Inhalte fallen nicht in den Anwendungsbereich der anwendbaren Rechtsvorschriften:<\/h3>\n<p>Auf der Website sind \u00e4ltere Dokumente und Inhalte verf\u00fcgbar, die nicht barrierefrei sind. Da diese vor dem 28.06.2025 ver\u00f6ffentlicht wurden, sind sie vom Barrierefreiheitsgesetz ausgenommen, und ist bei diesen derzeit keine umfassende \u00c4nderung geplant.<\/p>\n<p>Auf der Website sind Dokumente und Inhalte von Drittanbietern, die von uns weder entwickelt noch finanziert oder kontrolliert werden, enthalten. F\u00fcr diese Inhalte Dritter kann bez\u00fcglich Vereinbarkeit mit den Barrierefreiheitsbestimmungen keine Aussage getroffen werden und sind sie daher ebenfalls von den Anforderungen des Barrierefreiheitsgesetzes ausgenommen.<\/p>\n<p>Hierzu z\u00e4hlen unter andrem beispielsweise die Anbieter Staymate OG, die unseren Urlaubsplaner MakeMyStay bereitstellen, der Anbieter Goodguys GmbH, welcher den AI-Concierge\/KI-Chatbot Amadeus anbietet. Zudem gibt es Masken und Ansichten im sogenannten TOSC5 (Ansicht Veranstaltung, Infrastrukturen, Betriebe), welche in der Verantwortung von feratel media technologies AG. <a href=\"https:\/\/www.salzburgerland.com\/de\/barrierefreiheitserklaerung-von-feratel-media-technologies-ag\/\" target=\"_blank\" rel=\"noopener\">Unter diesem Link ist die Feratel Barrierefreiheitserkl\u00e4rung<\/a>. Diese Firmen sind daf\u00fcr verantwortlich und bem\u00fcht die angebotenen Anwendungen m\u00f6glichst barrierefrei anzubieten.<\/p>\n<h3>Erstellung der Erkl\u00e4rung zur Barrierefreiheit<\/h3>\n<p>Die Website verwendet das CMS-System (Content-Management-System) WordPress. Die Bewertung der Vereinbarkeit der Website mit dem BaFG erfolgte in Form einer Fremdevaluierung durch Dipl.-Ing. Gerhard Nussbaum vom KI I (Kompetenznetzwerk Informationstechnologie zur F\u00f6rderung der Integration von Menschen mit Behinderungen) nach WCAG 2.2 AA bzw. EN 301 549 V3.2.1<\/p>\n<p>Unsere Website wird laufend verbessert. Dabei sind uns die Bedienbarkeit und Zug\u00e4nglichkeit ein gro\u00dfes Anliegen. Sollten Sie auf unserer Website auf Barrieren sto\u00dfen, welche Sie bei der Benutzung behindern bzw. einschr\u00e4nken, bitten wir Sie, uns dies an folgende E-Mail-Adresse mitzuteilen: <a href=\"mailto:info@salzburgerland.com\">info@salzburgerland.com<\/a><\/p>\n<p>In diesem Fall beschreiben Sie bitte kurz das Problem und f\u00fchren Sie die URL der betroffenen Website oder des Dokuments an. Wir werden Ihre Anfrage pr\u00fcfen und Sie ehestm\u00f6glich kontaktieren.<\/p>\n<p>\u00a0<\/p>\n","protected":false},"excerpt":{"rendered":"<p>Erkl\u00e4rung zur Barrierefreiheit Wir, die SalzburgerLand Tourismus GmbH sind bem\u00fcht, unsere Website im Einklang mit dem Barrierefreiheitsgesetz idgF zur Umsetzung der europ\u00e4ischen Barrierefreiheitsrichtlinie (RL 2019\/882) \u00fcber die Barrierefreiheitsanforderungen von Produkten und Dienstleistungen barrierefrei zug\u00e4nglich zu gestalten. Diese Website ist wegen der folgenden Unvereinbarkeiten und Ausnahmen teilweise mit Konformit\u00e4tsstufe AA der \u201eRichtlinien f\u00fcr barrierefreie Webinhalte Web [&hellip;]<\/p>\n","protected":false},"author":120,"featured_media":0,"parent":0,"menu_order":0,"comment_status":"closed","ping_status":"closed","template":"","meta":{"_acf_changed":false,"wl_entities_gutenberg":"","_relevanssi_hide_post":"","_relevanssi_hide_content":"","_relevanssi_pin_for_all":"","_relevanssi_pin_keywords":"","_relevanssi_unpin_keywords":"","_relevanssi_related_keywords":"","_relevanssi_related_include_ids":"","_relevanssi_related_exclude_ids":"","_relevanssi_related_no_append":"","_relevanssi_related_not_related":"","_relevanssi_related_posts":"","_relevanssi_noindex_reason":"","footnotes":""},"wl_entity_type":[11495],"class_list":["post-677754","page","type-page","status-publish","hentry","wl_entity_type-article"],"acf":[],"yoast_head":"<!-- This site is optimized with the Yoast SEO Premium plugin v27.5 (Yoast SEO v27.5) - https:\/\/yoast.com\/product\/yoast-seo-premium-wordpress\/ -->\n<title>Barrierefreiheitserkl\u00e4rung \u00bb SalzburgerLand.com<\/title>\n<meta name=\"robots\" content=\"index, follow, max-snippet:-1, max-image-preview:large, max-video-preview:-1\" \/>\n<link rel=\"canonical\" href=\"https:\/\/www.salzburgerland.com\/de\/wp-json\/wp\/v2\/pages\/677754\" \/>\n<meta property=\"og:locale\" content=\"de_DE\" \/>\n<meta property=\"og:type\" content=\"article\" \/>\n<meta property=\"og:title\" content=\"Barrierefreiheitserkl\u00e4rung\" \/>\n<meta property=\"og:url\" content=\"https:\/\/www.salzburgerland.com\/de\/wp-json\/wp\/v2\/pages\/677754\" \/>\n<meta property=\"og:site_name\" content=\"SalzburgerLand.com\" \/>\n<meta property=\"article:publisher\" content=\"https:\/\/www.facebook.com\/salzburgerland\/\" \/>\n<meta property=\"article:modified_time\" content=\"2026-03-18T08:49:02+00:00\" \/>\n<meta name=\"twitter:card\" content=\"summary_large_image\" \/>\n<meta name=\"twitter:site\" content=\"@Salzburgerland\" \/>\n<meta name=\"twitter:label1\" content=\"Gesch\u00e4tzte Lesezeit\" \/>\n\t<meta name=\"twitter:data1\" content=\"5\u00a0Minuten\" \/>\n<script type=\"application\/ld+json\" class=\"yoast-schema-graph\">{\"@context\":\"https:\\\/\\\/schema.org\",\"@graph\":[{\"@type\":\"WebPage\",\"@id\":\"https:\\\/\\\/www.salzburgerland.com\\\/de\\\/barrierefreiheitserklaerung\\\/\",\"url\":\"https:\\\/\\\/www.salzburgerland.com\\\/de\\\/barrierefreiheitserklaerung\\\/\",\"name\":\"Barrierefreiheitserkl\u00e4rung \u00bb SalzburgerLand.com\",\"isPartOf\":{\"@id\":\"https:\\\/\\\/www.salzburgerland.com\\\/de\\\/#website\"},\"datePublished\":\"2025-06-26T15:29:58+00:00\",\"dateModified\":\"2026-03-18T08:49:02+00:00\",\"inLanguage\":\"de\",\"potentialAction\":[{\"@type\":\"ReadAction\",\"target\":[\"https:\\\/\\\/www.salzburgerland.com\\\/de\\\/barrierefreiheitserklaerung\\\/\"]}]},{\"@type\":\"WebSite\",\"@id\":\"https:\\\/\\\/www.salzburgerland.com\\\/de\\\/#website\",\"url\":\"https:\\\/\\\/www.salzburgerland.com\\\/de\\\/\",\"name\":\"SalzburgerLand.com\",\"description\":\"Ihr Urlaub in Salzburg, \u00d6sterreich\",\"publisher\":{\"@id\":\"https:\\\/\\\/www.salzburgerland.com\\\/de\\\/#organization\"},\"potentialAction\":[{\"@type\":\"SearchAction\",\"target\":{\"@type\":\"EntryPoint\",\"urlTemplate\":\"https:\\\/\\\/www.salzburgerland.com\\\/de\\\/?s={search_term_string}\"},\"query-input\":{\"@type\":\"PropertyValueSpecification\",\"valueRequired\":true,\"valueName\":\"search_term_string\"}}],\"inLanguage\":\"de\"},{\"@type\":\"Organization\",\"@id\":\"https:\\\/\\\/www.salzburgerland.com\\\/de\\\/#organization\",\"name\":\"SalzburgerLand Tourismus GmbH\",\"url\":\"https:\\\/\\\/www.salzburgerland.com\\\/de\\\/\",\"logo\":{\"@type\":\"ImageObject\",\"inLanguage\":\"de\",\"@id\":\"https:\\\/\\\/www.salzburgerland.com\\\/de\\\/#\\\/schema\\\/logo\\\/image\\\/\",\"url\":\"https:\\\/\\\/www.salzburgerland.com\\\/de\\\/wp-content\\\/uploads\\\/2017\\\/01\\\/salzburgerland-logo.jpg\",\"contentUrl\":\"https:\\\/\\\/www.salzburgerland.com\\\/de\\\/wp-content\\\/uploads\\\/2017\\\/01\\\/salzburgerland-logo.jpg\",\"width\":1920,\"height\":827,\"caption\":\"SalzburgerLand Tourismus GmbH\"},\"image\":{\"@id\":\"https:\\\/\\\/www.salzburgerland.com\\\/de\\\/#\\\/schema\\\/logo\\\/image\\\/\"},\"sameAs\":[\"https:\\\/\\\/www.facebook.com\\\/salzburgerland\\\/\",\"https:\\\/\\\/x.com\\\/Salzburgerland\",\"https:\\\/\\\/www.instagram.com\\\/salzburgerland\\\/\",\"http:\\\/\\\/dbpedia.org\\\/resource\\\/Salzburg_(state)\",\"http:\\\/\\\/wikidata.dbpedia.org\\\/resource\\\/Q43325\",\"http:\\\/\\\/open.salzburgerland.com\\\/de\\\/entity\\\/salzburgerland\",\"https:\\\/\\\/www.youtube.com\\\/user\\\/salzburgerland\"]}]}<\/script>\n<!-- \/ Yoast SEO Premium plugin. -->","yoast_head_json":{"title":"Barrierefreiheitserkl\u00e4rung \u00bb SalzburgerLand.com","robots":{"index":"index","follow":"follow","max-snippet":"max-snippet:-1","max-image-preview":"max-image-preview:large","max-video-preview":"max-video-preview:-1"},"canonical":"https:\/\/www.salzburgerland.com\/de\/wp-json\/wp\/v2\/pages\/677754","og_locale":"de_DE","og_type":"article","og_title":"Barrierefreiheitserkl\u00e4rung","og_url":"https:\/\/www.salzburgerland.com\/de\/wp-json\/wp\/v2\/pages\/677754","og_site_name":"SalzburgerLand.com","article_publisher":"https:\/\/www.facebook.com\/salzburgerland\/","article_modified_time":"2026-03-18T08:49:02+00:00","twitter_card":"summary_large_image","twitter_site":"@Salzburgerland","twitter_misc":{"Gesch\u00e4tzte Lesezeit":"5\u00a0Minuten"},"schema":{"@context":"https:\/\/schema.org","@graph":[{"@type":"WebPage","@id":"https:\/\/www.salzburgerland.com\/de\/barrierefreiheitserklaerung\/","url":"https:\/\/www.salzburgerland.com\/de\/barrierefreiheitserklaerung\/","name":"Barrierefreiheitserkl\u00e4rung \u00bb SalzburgerLand.com","isPartOf":{"@id":"https:\/\/www.salzburgerland.com\/de\/#website"},"datePublished":"2025-06-26T15:29:58+00:00","dateModified":"2026-03-18T08:49:02+00:00","inLanguage":"de","potentialAction":[{"@type":"ReadAction","target":["https:\/\/www.salzburgerland.com\/de\/barrierefreiheitserklaerung\/"]}]},{"@type":"WebSite","@id":"https:\/\/www.salzburgerland.com\/de\/#website","url":"https:\/\/www.salzburgerland.com\/de\/","name":"SalzburgerLand.com","description":"Ihr Urlaub in Salzburg, \u00d6sterreich","publisher":{"@id":"https:\/\/www.salzburgerland.com\/de\/#organization"},"potentialAction":[{"@type":"SearchAction","target":{"@type":"EntryPoint","urlTemplate":"https:\/\/www.salzburgerland.com\/de\/?s={search_term_string}"},"query-input":{"@type":"PropertyValueSpecification","valueRequired":true,"valueName":"search_term_string"}}],"inLanguage":"de"},{"@type":"Organization","@id":"https:\/\/www.salzburgerland.com\/de\/#organization","name":"SalzburgerLand Tourismus GmbH","url":"https:\/\/www.salzburgerland.com\/de\/","logo":{"@type":"ImageObject","inLanguage":"de","@id":"https:\/\/www.salzburgerland.com\/de\/#\/schema\/logo\/image\/","url":"https:\/\/www.salzburgerland.com\/de\/wp-content\/uploads\/2017\/01\/salzburgerland-logo.jpg","contentUrl":"https:\/\/www.salzburgerland.com\/de\/wp-content\/uploads\/2017\/01\/salzburgerland-logo.jpg","width":1920,"height":827,"caption":"SalzburgerLand Tourismus GmbH"},"image":{"@id":"https:\/\/www.salzburgerland.com\/de\/#\/schema\/logo\/image\/"},"sameAs":["https:\/\/www.facebook.com\/salzburgerland\/","https:\/\/x.com\/Salzburgerland","https:\/\/www.instagram.com\/salzburgerland\/","http:\/\/dbpedia.org\/resource\/Salzburg_(state)","http:\/\/wikidata.dbpedia.org\/resource\/Q43325","http:\/\/open.salzburgerland.com\/de\/entity\/salzburgerland","https:\/\/www.youtube.com\/user\/salzburgerland"]}]}},"_wl_alt_label":[],"wl:entity_url":"http:\/\/open.salzburgerland.com\/de\/page\/barrierefreiheitserklaerung-677754","_links":{"self":[{"href":"https:\/\/www.salzburgerland.com\/de\/wp-json\/wp\/v2\/pages\/677754","targetHints":{"allow":["GET"]}}],"collection":[{"href":"https:\/\/www.salzburgerland.com\/de\/wp-json\/wp\/v2\/pages"}],"about":[{"href":"https:\/\/www.salzburgerland.com\/de\/wp-json\/wp\/v2\/types\/page"}],"author":[{"embeddable":true,"href":"https:\/\/www.salzburgerland.com\/de\/wp-json\/wp\/v2\/users\/120"}],"replies":[{"embeddable":true,"href":"https:\/\/www.salzburgerland.com\/de\/wp-json\/wp\/v2\/comments?post=677754"}],"version-history":[{"count":9,"href":"https:\/\/www.salzburgerland.com\/de\/wp-json\/wp\/v2\/pages\/677754\/revisions"}],"predecessor-version":[{"id":677764,"href":"https:\/\/www.salzburgerland.com\/de\/wp-json\/wp\/v2\/pages\/677754\/revisions\/677764"}],"wp:attachment":[{"href":"https:\/\/www.salzburgerland.com\/de\/wp-json\/wp\/v2\/media?parent=677754"}],"wp:term":[{"taxonomy":"wl_entity_type","embeddable":true,"href":"https:\/\/www.salzburgerland.com\/de\/wp-json\/wp\/v2\/wl_entity_type?post=677754"}],"curies":[{"name":"wp","href":"https:\/\/api.w.org\/{rel}","templated":true}]}}