{"id":675909,"date":"2025-02-04T17:22:28","date_gmt":"2025-02-04T16:22:28","guid":{"rendered":"https:\/\/www.salzburgerland.com\/de\/?page_id=675909"},"modified":"2026-02-20T09:39:00","modified_gmt":"2026-02-20T08:39:00","slug":"oeffi-genussreise-durch-das-salzburgerland","status":"publish","type":"page","link":"https:\/\/www.salzburgerland.com\/de\/oeffi-genussreise-durch-das-salzburgerland\/","title":{"rendered":"\u00d6ffi-Genussreise durch das SalzburgerLand"},"content":{"rendered":"<p>Willkommen zu einer einzigartigen kulinarischen Entdeckungsreise durch das SalzburgerLand \u2013 und das ganz bequem mit den \u00f6ffentlichen Verkehrsmitteln. Diese \u00d6ffi-Genussreise f\u00fchrt euch drei Tage lang zu den besten Genuss-Highlights der Region. Das Beste daran: Dank des <a href=\"https:\/\/www.guestmobilityticket.at\/\" target=\"_blank\" rel=\"noopener\"><strong>Salzburg Verkehr Guest Mobility Tickets<\/strong><\/a> reist ihr als \u00dcbernachtungsg\u00e4ste im SalzburgerLand w\u00e4hrend eures Aufenthaltes mit den \u00f6ffentlichen Verkehrsmitteln durch das gesamte Bundesland ohne zus\u00e4tzliche Tickets kaufen zu m\u00fcssen. Inspiriert von der \u201eChef\u2019s Tour Genussreise\u201c des Jahrhundertkochs Eckart Witzigmann, erlebt ihr au\u00dfergew\u00f6hnliche Kulinarik, traditionelle Spezialit\u00e4ten und hochkar\u00e4tige Spitzenk\u00fcche \u2013 ohne dabei auf entspannte und nachhaltige Mobilit\u00e4t zu verzichten. Mit den praktischen <strong>Apps des <a href=\"https:\/\/salzburg-verkehr.at\/fahrplaene\/salzburg-verkehr-app\/\" target=\"_blank\" rel=\"noopener\">Salzburger Verkehrsverbundes<\/a> und der <a href=\"https:\/\/www.oebb.at\/de\/tickets-kundenkarten\/online-mobile-ticketing\/oebb-app\" target=\"_blank\" rel=\"noopener\">\u00d6BB <\/a><\/strong>gelingt die Reiseplanung m\u00fchelos, sodass ihr euch ganz auf das Genie\u00dfen konzentrieren k\u00f6nnt.<\/p>\n<p>Der Auftakt eurer Reise beginnt in der Stadt Salzburg, einer wahren Hochburg des Genusses. Nach individueller Anreise per Bahn oder Bus startet ihr mit einem stilvollen Fr\u00fchst\u00fcck im traditionsreichen <a href=\"https:\/\/www.sacher.com\/de\/restaurants\/cafe-sacher-salzburg\/\" target=\"_blank\" rel=\"noopener\"><strong>Caf\u00e9 Sacher<\/strong><\/a>. Hier k\u00f6nnt ihr euch mit einer Tasse Melange und einem St\u00fcck Original Sachertorte perfekt auf die kommenden Erlebnisse einstimmen. Anschlie\u00dfend geht es zu Fu\u00df \u00fcber die Salzach in die Altstadt, wo euch am legend\u00e4ren <strong><a href=\"https:\/\/www.salzburgerland.com\/de\/magazin\/das-weltberuhmte-bosna-eine-erfindung-aus-salzburg\/\" target=\"_blank\" rel=\"noopener\">Balkan-Grill die Original Salzburger Bosna<\/a><\/strong> erwartet \u2013 ein Streetfood-Klassiker mit langer Tradition im SalzburgerLand.<\/p>\n<p>Nach einer kurzen Fahrt mit dem O-Bus erreicht ihr das <a href=\"https:\/\/www.augustinerbier.at\/\" target=\"_blank\" rel=\"noopener\"><strong>Augustiner Br\u00e4u M\u00fclln<\/strong><\/a>, wo seit \u00fcber 400 Jahren das ber\u00fchmte Salzburger Bier gebraut wird. Genie\u00dft die urige Atmosph\u00e4re im Br\u00e4ust\u00fcbl oder im Sommer den schattigen Gastgarten. Am Abend erwartet euch dann das kulinarische Highlight des ersten Tages: das mit zwei Michelin-Sternen ausgezeichnete <a href=\"https:\/\/www.hangar-7.com\/de\/restaurant-ikarus\/\" target=\"_blank\" rel=\"noopener\"><strong>IKARUS im Hangar-7<\/strong><\/a>. Hier verw\u00f6hnt euch das Team rund um Executive Chef Martin Klein und unter der Patronanz von Eckart Witzigmann \u2013 seines Zeichens \u00fcbrigens auch Schirmherr der SalzburgerLand Via Culinaria. Nachdem Umbau werden in diesem ikonischen Platz ab Sommer 2025 wieder monatlich wechselnde Spitzenmen\u00fcs von internationalen Gastk\u00f6chen serviert. Bis dahin kann man die IKARUS-K\u00fcche in der Wolfschwang-Alm genie\u00dfen \u2013 oder im Stadt-Popup in der Getreidegasse kreative Tartar-Variationen \u00e1 la Restaurant Ikarus verkosten.<\/p>\n<p>Am n\u00e4chsten Morgen beginnt euer Tag mit einem Fr\u00fchst\u00fcck im charmanten <a href=\"https:\/\/www.cafe-bazar.at\/\" target=\"_blank\" rel=\"noopener\"><strong>Caf\u00e9 Bazar<\/strong><\/a>, bevor ihr mit der S-Bahn nach Hallein fahrt. Hier besucht ihr den <a href=\"https:\/\/www.guglhof.at\/\" target=\"_blank\" rel=\"noopener\"><strong>Guglhof<\/strong><\/a>, \u00d6sterreichs \u00e4lteste gewerblich betriebene Brennerei, und kostet pr\u00e4mierte Edelbr\u00e4nde, darunter den f\u00fcr die Region typischen Vogelbeerbrand. Weiter geht es per Zug nach Werfen, wo euch im 2-Sterne<a href=\"https:\/\/obauer.com\/de\" target=\"_blank\" rel=\"noopener\"><strong> Restaurant Obauer<\/strong> <\/a>ein exquisites Mittagsmen\u00fc von den Br\u00fcdern Karl und Rudi Obauer erwartet. Ihr zeitloser und eleganter K\u00fcchenstil mit modernen Einfl\u00fcssen, zubereitet mit Zutaten allerh\u00f6chster Qualit\u00e4t, garantiert euch ein absolutes Gourmet-Highlight \u2013 genussvoller kann man kaum zu Mittag einkehren.<\/p>\n<p>Bequem im Zug geht es zur letzten Etappe des Tages, die euch nach Bad Gastein f\u00fchrt, wo ihr im frisch renovierten <a href=\"https:\/\/www.travelcharme.com\/hotels\/straubinger\" target=\"_blank\" rel=\"noopener\"><strong>Straubinger Grand Hotel<\/strong><\/a> \u00fcbernachtet \u2013 an jenem Ort, an dem Eckart Witzigmann selbst seine Kochkarriere begann. Unser Tipp: Lasst hier wahlweise im eleganten Straubinger Saal oder in der Bar den Abend gem\u00fctlich ausklingen.<\/p>\n<p>Der finale Tag f\u00fchrt euch mit dem Bus hoch hinauf nach Sportgastein, wo ihr im <a href=\"https:\/\/www.valeriehaus.com\/\" target=\"_blank\" rel=\"noopener\"><strong>Alpen Restaurant Valeriehaus<\/strong> <\/a>mit Blick auf die majest\u00e4tische Bergwelt hausgemachte Kasnocken und k\u00f6stliche Nougat-Mohnkn\u00f6del genie\u00dft. Danach geht es mit Bahn und Bus weiter nach Zell am See. Dort k\u00f6nnt ihr einen entspannten Stadtbummel einlegen oder des besondere Flair einer Schifffahrt auf dem Zeller See genie\u00dfen\u2013 und Abends kann man Genuss auf Pinzgauerisch genie\u00dfen. Ein stilvoller Abschluss dieser au\u00dfergew\u00f6hnlichen kulinarischen Reise.<\/p>\n<p>Wir w\u00fcnschen euch eine genussvolle und unvergessliche <strong>\u00d6ffi-Genussreise mit dem <a href=\"https:\/\/www.guestmobilityticket.at\/\" target=\"_blank\" rel=\"noopener\">Salzburg Verkehr Guest Mobility Ticket<\/a> durch das SalzburgerLand <\/strong>\u2013 nachhaltig, bequem und voller kulinarischer H\u00f6hepunkte!<\/p>\n\n\t\t\t<div id=\"675909-1\" class=\"gallery gallery-675909 gallery-columns-3 gallery-size-1170_658\" itemscope itemtype=\"http:\/\/schema.org\/ImageGallery\">\n\t\t\t\t<ul class=\"gallery-row gallery-col-3 gallery-clear\">\n\t\t\t\t\t<li class=\"gallery-item col-3\" itemprop=\"associatedMedia\" itemscope itemtype=\"http:\/\/schema.org\/ImageObject\">\n\t\t\t\t\t\t<div class=\"gallery-icon landscape\"><a href=\"https:\/\/www.salzburgerland.com\/de\/wp-content\/uploads\/2020\/09\/witzigmann_110517_2_effinger-13_rz-1920x1067.jpg\" title=\"Witzigmann\"><img decoding=\"async\" data-title=\"Eckart Witzigmann \" title=\"Eckart Witzigmann \" data-caption=\"Eckart Witzigmann \" width=\"1170\" height=\"658\" src=\"https:\/\/www.salzburgerland.com\/de\/wp-content\/uploads\/2020\/09\/witzigmann_110517_2_effinger-13_rz-1170x658.jpg\" class=\"attachment-1170_658 size-1170_658\" alt=\"L\u00e4chelnder \u00e4lterer Mann mit wei\u00dfem Haar, der einen Schal und einen blauen Blazer tr\u00e4gt, steht im Freien. (vergr\u00f6\u00dferte Ansicht)\" srcset=\"https:\/\/www.salzburgerland.com\/de\/wp-content\/uploads\/2020\/09\/witzigmann_110517_2_effinger-13_rz-1170x658.jpg 1170w, https:\/\/www.salzburgerland.com\/de\/wp-content\/uploads\/2020\/09\/witzigmann_110517_2_effinger-13_rz-1200x675.jpg 1200w\" sizes=\"(max-width: 1170px) 100vw, 1170px\" aria-describedby=\"figcaption-675909-498110\" itemprop=\"thumbnail\"><\/a><\/div>\n\t\t\t\t\t\t<span id=\"figcaption-675909-498110\" class=\"gallery-caption\" itemprop=\"caption\"><span aria-hidden=\"true\">Eckart Witzigmann <\/span><\/span>\n\t\t\t\t\t<\/li>\n\t\t\t\t\t<li class=\"gallery-item col-3\" itemprop=\"associatedMedia\" itemscope itemtype=\"http:\/\/schema.org\/ImageObject\">\n\t\t\t\t\t\t<div class=\"gallery-icon landscape\"><a href=\"https:\/\/www.salzburgerland.com\/de\/wp-content\/uploads\/2025\/02\/svv_25-guest_mobility_ticket_logo_4c.jpg\" title=\"SVV Guest Mobility Ticket App\"><img decoding=\"async\" data-title=\"Salzburg Verkehr Guest Mobility Ticket\" title=\"Salzburg Verkehr Guest Mobility Ticket\" data-caption=\"Salzburg Verkehr Guest Mobility Ticket\" width=\"1065\" height=\"358\" src=\"https:\/\/www.salzburgerland.com\/de\/wp-content\/uploads\/2025\/02\/svv_25-guest_mobility_ticket_logo_4c.jpg\" class=\"attachment-1170_658 size-1170_658\" alt=\"Logo mit einer stilisierten Person, bunten Pfeilen und Text: Salzburg Verkehr G\u00e4ste-Mobilit\u00e4ts-Ticket. (vergr\u00f6\u00dferte Ansicht)\" srcset=\"https:\/\/www.salzburgerland.com\/de\/wp-content\/uploads\/2025\/02\/svv_25-guest_mobility_ticket_logo_4c.jpg 1065w, https:\/\/www.salzburgerland.com\/de\/wp-content\/uploads\/2025\/02\/svv_25-guest_mobility_ticket_logo_4c-768x258.jpg 768w, https:\/\/www.salzburgerland.com\/de\/wp-content\/uploads\/2025\/02\/svv_25-guest_mobility_ticket_logo_4c-150x50.jpg 150w\" sizes=\"(max-width: 1065px) 100vw, 1065px\" aria-describedby=\"figcaption-675909-675916\" itemprop=\"thumbnail\"><\/a><\/div>\n\t\t\t\t\t\t<span id=\"figcaption-675909-675916\" class=\"gallery-caption\" itemprop=\"caption\"><span aria-hidden=\"true\">Salzburg Verkehr Guest Mobility Ticket<\/span><\/span>\n\t\t\t\t\t<\/li>\n\t\t\t\t\t<li class=\"gallery-item col-3\" itemprop=\"associatedMedia\" itemscope itemtype=\"http:\/\/schema.org\/ImageObject\">\n\t\t\t\t\t\t<div class=\"gallery-icon landscape\"><a href=\"https:\/\/www.salzburgerland.com\/de\/wp-content\/uploads\/2025\/02\/svv_24_tourismusmobilitaet_still_07-1897x1067.jpg\" title=\"SVV Guest Mobility Ticket\"><img decoding=\"async\" data-title=\"Met de SVV App door het SalzburgerLand\" title=\"Met de SVV App door het SalzburgerLand\" data-caption=\"Met de SVV App door het SalzburgerLand\" width=\"1170\" height=\"658\" src=\"https:\/\/www.salzburgerland.com\/de\/wp-content\/uploads\/2025\/02\/svv_24_tourismusmobilitaet_still_07-1170x658.jpg\" class=\"attachment-1170_658 size-1170_658\" alt=\"Eine Person h\u00e4lt ein Telefon in der Hand, auf dem ein QR-Code angezeigt wird, und zeigt darauf, w\u00e4hrend eine Karte auf dem Tisch liegt. (vergr\u00f6\u00dferte Ansicht)\" srcset=\"https:\/\/www.salzburgerland.com\/de\/wp-content\/uploads\/2025\/02\/svv_24_tourismusmobilitaet_still_07-1170x658.jpg 1170w, https:\/\/www.salzburgerland.com\/de\/wp-content\/uploads\/2025\/02\/svv_24_tourismusmobilitaet_still_07-1897x1067.jpg 1897w, https:\/\/www.salzburgerland.com\/de\/wp-content\/uploads\/2025\/02\/svv_24_tourismusmobilitaet_still_07-768x432.jpg 768w, https:\/\/www.salzburgerland.com\/de\/wp-content\/uploads\/2025\/02\/svv_24_tourismusmobilitaet_still_07-1536x864.jpg 1536w, https:\/\/www.salzburgerland.com\/de\/wp-content\/uploads\/2025\/02\/svv_24_tourismusmobilitaet_still_07-1200x675.jpg 1200w, https:\/\/www.salzburgerland.com\/de\/wp-content\/uploads\/2025\/02\/svv_24_tourismusmobilitaet_still_07-150x84.jpg 150w, https:\/\/www.salzburgerland.com\/de\/wp-content\/uploads\/2025\/02\/svv_24_tourismusmobilitaet_still_07.jpg 1920w\" sizes=\"(max-width: 1170px) 100vw, 1170px\" aria-describedby=\"figcaption-675909-675915\" itemprop=\"thumbnail\"><\/a><\/div>\n\t\t\t\t\t\t<span id=\"figcaption-675909-675915\" class=\"gallery-caption\" itemprop=\"caption\"><span aria-hidden=\"true\">Met de SVV App door het SalzburgerLand<\/span><\/span>\n\t\t\t\t\t<\/li>\n\t\t\t\t<\/ul>\n\t\t\t<\/div><!-- .gallery -->\n\n<p>\u00a0<\/p>\n","protected":false},"excerpt":{"rendered":"<p>Willkommen zu einer einzigartigen kulinarischen Entdeckungsreise durch das SalzburgerLand \u2013 und das ganz bequem mit den \u00f6ffentlichen Verkehrsmitteln. Diese \u00d6ffi-Genussreise f\u00fchrt euch drei Tage lang zu den besten Genuss-Highlights der Region. Das Beste daran: Dank des Salzburg Verkehr Guest Mobility Tickets reist ihr als \u00dcbernachtungsg\u00e4ste im SalzburgerLand w\u00e4hrend eures Aufenthaltes mit den \u00f6ffentlichen Verkehrsmitteln durch [&hellip;]<\/p>\n","protected":false},"author":109,"featured_media":676158,"parent":0,"menu_order":0,"comment_status":"closed","ping_status":"closed","template":"","meta":{"_acf_changed":false,"wl_entities_gutenberg":"","_relevanssi_hide_post":"","_relevanssi_hide_content":"","_relevanssi_pin_for_all":"","_relevanssi_pin_keywords":"","_relevanssi_unpin_keywords":"","_relevanssi_related_keywords":"","_relevanssi_related_include_ids":"","_relevanssi_related_exclude_ids":"","_relevanssi_related_no_append":"","_relevanssi_related_not_related":"","_relevanssi_related_posts":"","_relevanssi_noindex_reason":"","footnotes":""},"wl_entity_type":[11495],"class_list":["post-675909","page","type-page","status-publish","has-post-thumbnail","hentry","wl_entity_type-article"],"acf":[],"yoast_head":"<!-- This site is optimized with the Yoast SEO Premium plugin v27.5 (Yoast SEO v27.5) - https:\/\/yoast.com\/product\/yoast-seo-premium-wordpress\/ -->\n<title>\u00d6ffi-Genussreise durch das SalzburgerLand \u00bb SalzburgerLand.com<\/title>\n<meta name=\"robots\" content=\"index, follow, max-snippet:-1, max-image-preview:large, max-video-preview:-1\" \/>\n<link rel=\"canonical\" href=\"https:\/\/www.salzburgerland.com\/de\/wp-json\/wp\/v2\/pages\/675909\" \/>\n<meta property=\"og:locale\" content=\"de_DE\" \/>\n<meta property=\"og:type\" content=\"article\" \/>\n<meta property=\"og:title\" content=\"\u00d6ffi-Genussreise durch das SalzburgerLand\" \/>\n<meta property=\"og:description\" content=\"Mit dem Salzburg Verkehr Guest Mobility Ticket entspannt Genuss-Highlights des SalzburgerLandes entdecken.\" \/>\n<meta property=\"og:url\" content=\"https:\/\/www.salzburgerland.com\/de\/wp-json\/wp\/v2\/pages\/675909\" \/>\n<meta property=\"og:site_name\" content=\"SalzburgerLand.com\" \/>\n<meta property=\"article:publisher\" content=\"https:\/\/www.facebook.com\/salzburgerland\/\" \/>\n<meta property=\"article:modified_time\" content=\"2026-02-20T08:39:00+00:00\" \/>\n<meta property=\"og:image\" content=\"https:\/\/www.salzburgerland.com\/de\/wp-content\/uploads\/2025\/02\/svv_24_tourismusmobilitaet_still_06-1200x675.jpg\" \/>\n\t<meta property=\"og:image:width\" content=\"1200\" \/>\n\t<meta property=\"og:image:height\" content=\"675\" \/>\n\t<meta property=\"og:image:type\" content=\"image\/jpeg\" \/>\n<meta name=\"twitter:card\" content=\"summary_large_image\" \/>\n<meta name=\"twitter:site\" content=\"@Salzburgerland\" \/>\n<meta name=\"twitter:label1\" content=\"Gesch\u00e4tzte Lesezeit\" \/>\n\t<meta name=\"twitter:data1\" content=\"12\u00a0Minuten\" \/>\n<script type=\"application\/ld+json\" class=\"yoast-schema-graph\">{\"@context\":\"https:\\\/\\\/schema.org\",\"@graph\":[{\"@type\":\"WebPage\",\"@id\":\"https:\\\/\\\/www.salzburgerland.com\\\/de\\\/oeffi-genussreise-durch-das-salzburgerland\\\/\",\"url\":\"https:\\\/\\\/www.salzburgerland.com\\\/de\\\/oeffi-genussreise-durch-das-salzburgerland\\\/\",\"name\":\"\u00d6ffi-Genussreise durch das SalzburgerLand \u00bb SalzburgerLand.com\",\"isPartOf\":{\"@id\":\"https:\\\/\\\/www.salzburgerland.com\\\/de\\\/#website\"},\"primaryImageOfPage\":{\"@id\":\"https:\\\/\\\/www.salzburgerland.com\\\/de\\\/oeffi-genussreise-durch-das-salzburgerland\\\/#primaryimage\"},\"image\":{\"@id\":\"https:\\\/\\\/www.salzburgerland.com\\\/de\\\/oeffi-genussreise-durch-das-salzburgerland\\\/#primaryimage\"},\"thumbnailUrl\":\"https:\\\/\\\/www.salzburgerland.com\\\/de\\\/wp-content\\\/uploads\\\/2025\\\/02\\\/svv_24_tourismusmobilitaet_still_06.jpg\",\"datePublished\":\"2025-02-04T16:22:28+00:00\",\"dateModified\":\"2026-02-20T08:39:00+00:00\",\"description\":\"Mit dem Salzburg Verkehr Guest Mobility Ticket entspannt Genuss-Highlights des SalzburgerLandes entdecken.\",\"inLanguage\":\"de\",\"potentialAction\":[{\"@type\":\"ReadAction\",\"target\":[\"https:\\\/\\\/www.salzburgerland.com\\\/de\\\/oeffi-genussreise-durch-das-salzburgerland\\\/\"]}]},{\"@type\":\"ImageObject\",\"inLanguage\":\"de\",\"@id\":\"https:\\\/\\\/www.salzburgerland.com\\\/de\\\/oeffi-genussreise-durch-das-salzburgerland\\\/#primaryimage\",\"url\":\"https:\\\/\\\/www.salzburgerland.com\\\/de\\\/wp-content\\\/uploads\\\/2025\\\/02\\\/svv_24_tourismusmobilitaet_still_06.jpg\",\"contentUrl\":\"https:\\\/\\\/www.salzburgerland.com\\\/de\\\/wp-content\\\/uploads\\\/2025\\\/02\\\/svv_24_tourismusmobilitaet_still_06.jpg\",\"width\":1920,\"height\":1080,\"caption\":\"Salzburg Verkehr Guest Mobility Ticket im SalzburgerLand\"},{\"@type\":\"WebSite\",\"@id\":\"https:\\\/\\\/www.salzburgerland.com\\\/de\\\/#website\",\"url\":\"https:\\\/\\\/www.salzburgerland.com\\\/de\\\/\",\"name\":\"SalzburgerLand.com\",\"description\":\"Ihr Urlaub in Salzburg, \u00d6sterreich\",\"publisher\":{\"@id\":\"https:\\\/\\\/www.salzburgerland.com\\\/de\\\/#organization\"},\"potentialAction\":[{\"@type\":\"SearchAction\",\"target\":{\"@type\":\"EntryPoint\",\"urlTemplate\":\"https:\\\/\\\/www.salzburgerland.com\\\/de\\\/?s={search_term_string}\"},\"query-input\":{\"@type\":\"PropertyValueSpecification\",\"valueRequired\":true,\"valueName\":\"search_term_string\"}}],\"inLanguage\":\"de\"},{\"@type\":\"Organization\",\"@id\":\"https:\\\/\\\/www.salzburgerland.com\\\/de\\\/#organization\",\"name\":\"SalzburgerLand Tourismus GmbH\",\"url\":\"https:\\\/\\\/www.salzburgerland.com\\\/de\\\/\",\"logo\":{\"@type\":\"ImageObject\",\"inLanguage\":\"de\",\"@id\":\"https:\\\/\\\/www.salzburgerland.com\\\/de\\\/#\\\/schema\\\/logo\\\/image\\\/\",\"url\":\"https:\\\/\\\/www.salzburgerland.com\\\/de\\\/wp-content\\\/uploads\\\/2017\\\/01\\\/salzburgerland-logo.jpg\",\"contentUrl\":\"https:\\\/\\\/www.salzburgerland.com\\\/de\\\/wp-content\\\/uploads\\\/2017\\\/01\\\/salzburgerland-logo.jpg\",\"width\":1920,\"height\":827,\"caption\":\"SalzburgerLand Tourismus GmbH\"},\"image\":{\"@id\":\"https:\\\/\\\/www.salzburgerland.com\\\/de\\\/#\\\/schema\\\/logo\\\/image\\\/\"},\"sameAs\":[\"https:\\\/\\\/www.facebook.com\\\/salzburgerland\\\/\",\"https:\\\/\\\/x.com\\\/Salzburgerland\",\"https:\\\/\\\/www.instagram.com\\\/salzburgerland\\\/\",\"http:\\\/\\\/dbpedia.org\\\/resource\\\/Salzburg_(state)\",\"http:\\\/\\\/wikidata.dbpedia.org\\\/resource\\\/Q43325\",\"http:\\\/\\\/open.salzburgerland.com\\\/de\\\/entity\\\/salzburgerland\",\"https:\\\/\\\/www.youtube.com\\\/user\\\/salzburgerland\"]}]}<\/script>\n<!-- \/ Yoast SEO Premium plugin. -->","yoast_head_json":{"title":"\u00d6ffi-Genussreise durch das SalzburgerLand \u00bb SalzburgerLand.com","robots":{"index":"index","follow":"follow","max-snippet":"max-snippet:-1","max-image-preview":"max-image-preview:large","max-video-preview":"max-video-preview:-1"},"canonical":"https:\/\/www.salzburgerland.com\/de\/wp-json\/wp\/v2\/pages\/675909","og_locale":"de_DE","og_type":"article","og_title":"\u00d6ffi-Genussreise durch das SalzburgerLand","og_description":"Mit dem Salzburg Verkehr Guest Mobility Ticket entspannt Genuss-Highlights des SalzburgerLandes entdecken.","og_url":"https:\/\/www.salzburgerland.com\/de\/wp-json\/wp\/v2\/pages\/675909","og_site_name":"SalzburgerLand.com","article_publisher":"https:\/\/www.facebook.com\/salzburgerland\/","article_modified_time":"2026-02-20T08:39:00+00:00","og_image":[{"width":1200,"height":675,"url":"https:\/\/www.salzburgerland.com\/de\/wp-content\/uploads\/2025\/02\/svv_24_tourismusmobilitaet_still_06-1200x675.jpg","type":"image\/jpeg"}],"twitter_card":"summary_large_image","twitter_site":"@Salzburgerland","twitter_misc":{"Gesch\u00e4tzte Lesezeit":"12\u00a0Minuten"},"schema":{"@context":"https:\/\/schema.org","@graph":[{"@type":"WebPage","@id":"https:\/\/www.salzburgerland.com\/de\/oeffi-genussreise-durch-das-salzburgerland\/","url":"https:\/\/www.salzburgerland.com\/de\/oeffi-genussreise-durch-das-salzburgerland\/","name":"\u00d6ffi-Genussreise durch das SalzburgerLand \u00bb SalzburgerLand.com","isPartOf":{"@id":"https:\/\/www.salzburgerland.com\/de\/#website"},"primaryImageOfPage":{"@id":"https:\/\/www.salzburgerland.com\/de\/oeffi-genussreise-durch-das-salzburgerland\/#primaryimage"},"image":{"@id":"https:\/\/www.salzburgerland.com\/de\/oeffi-genussreise-durch-das-salzburgerland\/#primaryimage"},"thumbnailUrl":"https:\/\/www.salzburgerland.com\/de\/wp-content\/uploads\/2025\/02\/svv_24_tourismusmobilitaet_still_06.jpg","datePublished":"2025-02-04T16:22:28+00:00","dateModified":"2026-02-20T08:39:00+00:00","description":"Mit dem Salzburg Verkehr Guest Mobility Ticket entspannt Genuss-Highlights des SalzburgerLandes entdecken.","inLanguage":"de","potentialAction":[{"@type":"ReadAction","target":["https:\/\/www.salzburgerland.com\/de\/oeffi-genussreise-durch-das-salzburgerland\/"]}]},{"@type":"ImageObject","inLanguage":"de","@id":"https:\/\/www.salzburgerland.com\/de\/oeffi-genussreise-durch-das-salzburgerland\/#primaryimage","url":"https:\/\/www.salzburgerland.com\/de\/wp-content\/uploads\/2025\/02\/svv_24_tourismusmobilitaet_still_06.jpg","contentUrl":"https:\/\/www.salzburgerland.com\/de\/wp-content\/uploads\/2025\/02\/svv_24_tourismusmobilitaet_still_06.jpg","width":1920,"height":1080,"caption":"Salzburg Verkehr Guest Mobility Ticket im SalzburgerLand"},{"@type":"WebSite","@id":"https:\/\/www.salzburgerland.com\/de\/#website","url":"https:\/\/www.salzburgerland.com\/de\/","name":"SalzburgerLand.com","description":"Ihr Urlaub in Salzburg, \u00d6sterreich","publisher":{"@id":"https:\/\/www.salzburgerland.com\/de\/#organization"},"potentialAction":[{"@type":"SearchAction","target":{"@type":"EntryPoint","urlTemplate":"https:\/\/www.salzburgerland.com\/de\/?s={search_term_string}"},"query-input":{"@type":"PropertyValueSpecification","valueRequired":true,"valueName":"search_term_string"}}],"inLanguage":"de"},{"@type":"Organization","@id":"https:\/\/www.salzburgerland.com\/de\/#organization","name":"SalzburgerLand Tourismus GmbH","url":"https:\/\/www.salzburgerland.com\/de\/","logo":{"@type":"ImageObject","inLanguage":"de","@id":"https:\/\/www.salzburgerland.com\/de\/#\/schema\/logo\/image\/","url":"https:\/\/www.salzburgerland.com\/de\/wp-content\/uploads\/2017\/01\/salzburgerland-logo.jpg","contentUrl":"https:\/\/www.salzburgerland.com\/de\/wp-content\/uploads\/2017\/01\/salzburgerland-logo.jpg","width":1920,"height":827,"caption":"SalzburgerLand Tourismus GmbH"},"image":{"@id":"https:\/\/www.salzburgerland.com\/de\/#\/schema\/logo\/image\/"},"sameAs":["https:\/\/www.facebook.com\/salzburgerland\/","https:\/\/x.com\/Salzburgerland","https:\/\/www.instagram.com\/salzburgerland\/","http:\/\/dbpedia.org\/resource\/Salzburg_(state)","http:\/\/wikidata.dbpedia.org\/resource\/Q43325","http:\/\/open.salzburgerland.com\/de\/entity\/salzburgerland","https:\/\/www.youtube.com\/user\/salzburgerland"]}]}},"_wl_alt_label":[],"wl:entity_url":"http:\/\/open.salzburgerland.com\/de\/page\/oeffi-genussreise-durch-das-salzburgerland-675909","_links":{"self":[{"href":"https:\/\/www.salzburgerland.com\/de\/wp-json\/wp\/v2\/pages\/675909","targetHints":{"allow":["GET"]}}],"collection":[{"href":"https:\/\/www.salzburgerland.com\/de\/wp-json\/wp\/v2\/pages"}],"about":[{"href":"https:\/\/www.salzburgerland.com\/de\/wp-json\/wp\/v2\/types\/page"}],"author":[{"embeddable":true,"href":"https:\/\/www.salzburgerland.com\/de\/wp-json\/wp\/v2\/users\/109"}],"replies":[{"embeddable":true,"href":"https:\/\/www.salzburgerland.com\/de\/wp-json\/wp\/v2\/comments?post=675909"}],"version-history":[{"count":22,"href":"https:\/\/www.salzburgerland.com\/de\/wp-json\/wp\/v2\/pages\/675909\/revisions"}],"predecessor-version":[{"id":681243,"href":"https:\/\/www.salzburgerland.com\/de\/wp-json\/wp\/v2\/pages\/675909\/revisions\/681243"}],"wp:featuredmedia":[{"embeddable":true,"href":"https:\/\/www.salzburgerland.com\/de\/wp-json\/wp\/v2\/media\/676158"}],"wp:attachment":[{"href":"https:\/\/www.salzburgerland.com\/de\/wp-json\/wp\/v2\/media?parent=675909"}],"wp:term":[{"taxonomy":"wl_entity_type","embeddable":true,"href":"https:\/\/www.salzburgerland.com\/de\/wp-json\/wp\/v2\/wl_entity_type?post=675909"}],"curies":[{"name":"wp","href":"https:\/\/api.w.org\/{rel}","templated":true}]}}