{"id":674793,"date":"2025-01-02T12:00:22","date_gmt":"2025-01-02T11:00:22","guid":{"rendered":"https:\/\/www.salzburgerland.com\/de\/?page_id=674793"},"modified":"2025-01-08T09:09:50","modified_gmt":"2025-01-08T08:09:50","slug":"naturgenuss-regionale-kulinarik-in-flachau","status":"publish","type":"page","link":"https:\/\/www.salzburgerland.com\/de\/naturgenuss-regionale-kulinarik-in-flachau\/","title":{"rendered":"Naturgenuss &#038; regionale Kulinarik in Flachau"},"content":{"rendered":"<p>Eingebettet in die imposante Bergwelt des SalzburgerLandes bietet <a href=\"https:\/\/www.salzburgerland.com\/de\/flachau\/veranstaltungen\" target=\"_blank\" rel=\"noopener\"><strong>Flachau<\/strong><\/a> eine perfekte <strong>Kombination aus Genuss, Aktivit\u00e4t und regionaler K\u00fcche<\/strong>. Hier k\u00f6nnt ihr nicht nur die Landschaft hautnah erleben, sondern auch den Geschmack der Region entdecken \u2013 von <strong>urigen Almh\u00fctten<\/strong> bis zu <strong>Gourmet-Restaurants<\/strong>.<\/p>\n<p>Eure zweit\u00e4gige Genussreise in Flachau verbindet Natur und Genuss auf besondere Weise: Ihr erkundet die sch\u00f6nsten Ecken, probiert lokale Spezialit\u00e4ten und erlebt die herzliche Gastfreundschaft der Region. Bei einer <strong>Bike- bzw. Gravelbiketour<\/strong> ins <strong>Marbachtal<\/strong> entdeckt ihr zwei besondere Alm-Juwelen: die <strong>Ennslehenalm<\/strong> und die <strong>Prechtlalm<\/strong>. Bei beiden Stationen kostet ihr euch durch die regionalen Schmankerln \u2013 und soviel sei gesagt: Die kulinarischen <strong>Alm-Leckerbissen<\/strong> bekommt ihr hier in Perfektion!<\/p>\n<p>Nach dem sportlich aktiven Tag im Marbachtal habt ihr euch eurer Abendessen redlich verdient. Das genie\u00dft ihr im Restaurant <strong>Hoagascht<\/strong>, wo ihr von Chef Hermann Oberreiter das \u201e<strong>Total Lokal\u201c Gericht<\/strong> der Region serviert bekommt. Er verr\u00e4t euch, was hinter dieser besonders k\u00f6stlichen Initiative der Region steckt.<\/p>\n<p>Der n\u00e4chste Tag beginnt fr\u00fch \u2013\u00a0denn ihr starten auf den <strong>Grie\u00dfenkar-Gipfel<\/strong>, um den Sonnenaufgang bei <strong>einem \u201eHolzhacker-Muas\u201c<\/strong> zu bestaunen. Das <strong>Deluxe-Fr\u00fchst\u00fcck<\/strong> dazu erwartet euch dann im <strong>Hotel Bergzeit<\/strong>, wo ihr den Vormittag genussvoll ausklingen lasst. Unser Tipp: Bevor ihr abreist, solltet ihr unbedingt das <strong>Restaurant SEVEN im Hotel Bergzeit<\/strong> besuchen! Chefkoch Joseph (SEVEN) Oberreiter wird euch mit seinen feinen Gerichten um den kulinarischen kleinen Finger wickeln.<\/p>\n<p>Taucht ein in zwei Tage voller H\u00f6hepunkte, die Flachau im SalzburgerLand unvergesslich machen.<\/p>\n\n\t\t\t<div id=\"674793-1\" class=\"gallery gallery-674793 gallery-columns-3 gallery-size-1170_658\" itemscope itemtype=\"http:\/\/schema.org\/ImageGallery\">\n\t\t\t\t<ul class=\"gallery-row gallery-col-3 gallery-clear\">\n\t\t\t\t\t<li class=\"gallery-item col-3\" itemprop=\"associatedMedia\" itemscope itemtype=\"http:\/\/schema.org\/ImageObject\">\n\t\t\t\t\t\t<div class=\"gallery-icon landscape\"><a href=\"https:\/\/www.salzburgerland.com\/de\/wp-content\/uploads\/2025\/01\/1.jpg\" title=\"Im Marbachtal in Flachau.\"><img decoding=\"async\" data-title=\"\u00a9 SalzburgerLand | carlettophotography\" title=\"\u00a9 SalzburgerLand | carlettophotography\" data-caption=\"\u00a9 SalzburgerLand | carlettophotography\" width=\"1170\" height=\"630\" src=\"https:\/\/www.salzburgerland.com\/de\/wp-content\/uploads\/2025\/01\/1-1170x630.jpg\" class=\"attachment-1170_658 size-1170_658\" alt=\"Eine Bergh\u00fctte mit Sitzgelegenheiten im Freien, K\u00fche, die in der N\u00e4he grasen, und ein gewundener Pfad durch gr\u00fcne H\u00fcgel und B\u00e4ume. (vergr\u00f6\u00dferte Ansicht)\" aria-describedby=\"figcaption-674793-674903\" itemprop=\"thumbnail\"><\/a><\/div>\n\t\t\t\t\t\t<span id=\"figcaption-674793-674903\" class=\"gallery-caption\" itemprop=\"caption\"><span aria-hidden=\"true\">\u00a9 SalzburgerLand | carlettophotography<\/span><\/span>\n\t\t\t\t\t<\/li>\n\t\t\t\t\t<li class=\"gallery-item col-3\" itemprop=\"associatedMedia\" itemscope itemtype=\"http:\/\/schema.org\/ImageObject\">\n\t\t\t\t\t\t<div class=\"gallery-icon landscape\"><a href=\"https:\/\/www.salzburgerland.com\/de\/wp-content\/uploads\/2025\/01\/2.jpg\" title=\"Brettljause auf der Prechtlalm in Flachau.\"><img decoding=\"async\" data-title=\"\u00a9 SalzburgerLand | carlettophotography\" title=\"\u00a9 SalzburgerLand | carlettophotography\" data-caption=\"\u00a9 SalzburgerLand | carlettophotography\" width=\"1170\" height=\"630\" src=\"https:\/\/www.salzburgerland.com\/de\/wp-content\/uploads\/2025\/01\/2-1170x630.jpg\" class=\"attachment-1170_658 size-1170_658\" alt=\"Ein Teller mit Aufschnitt, K\u00e4se, Gurke, Tomate, Essiggurke, rotem Pfeffer und Petersilie. (vergr\u00f6\u00dferte Ansicht)\" aria-describedby=\"figcaption-674793-674904\" itemprop=\"thumbnail\"><\/a><\/div>\n\t\t\t\t\t\t<span id=\"figcaption-674793-674904\" class=\"gallery-caption\" itemprop=\"caption\"><span aria-hidden=\"true\">\u00a9 SalzburgerLand | carlettophotography<\/span><\/span>\n\t\t\t\t\t<\/li>\n\t\t\t\t\t<li class=\"gallery-item col-3\" itemprop=\"associatedMedia\" itemscope itemtype=\"http:\/\/schema.org\/ImageObject\">\n\t\t\t\t\t\t<div class=\"gallery-icon landscape\"><a href=\"https:\/\/www.salzburgerland.com\/de\/wp-content\/uploads\/2025\/01\/3.jpg\" title=\"Beeindruckende Aussichten im Marbaltal in Flachau.\"><img decoding=\"async\" data-title=\"\u00a9 SalzburgerLand | carlettophotography\" title=\"\u00a9 SalzburgerLand | carlettophotography\" data-caption=\"\u00a9 SalzburgerLand | carlettophotography\" width=\"1170\" height=\"630\" src=\"https:\/\/www.salzburgerland.com\/de\/wp-content\/uploads\/2025\/01\/3-1170x630.jpg\" class=\"attachment-1170_658 size-1170_658\" alt=\"Ein felsiger Berggipfel mit gr\u00fcnen B\u00e4umen unter einem bew\u00f6lkten Himmel. (vergr\u00f6\u00dferte Ansicht)\" aria-describedby=\"figcaption-674793-674905\" itemprop=\"thumbnail\"><\/a><\/div>\n\t\t\t\t\t\t<span id=\"figcaption-674793-674905\" class=\"gallery-caption\" itemprop=\"caption\"><span aria-hidden=\"true\">\u00a9 SalzburgerLand | carlettophotography<\/span><\/span>\n\t\t\t\t\t<\/li>\n\t\t\t\t<\/ul>\n\t\t\t<\/div><!-- .gallery -->\n\n","protected":false},"excerpt":{"rendered":"<p>Eingebettet in die imposante Bergwelt des SalzburgerLandes bietet Flachau eine perfekte Kombination aus Genuss, Aktivit\u00e4t und regionaler K\u00fcche. Hier k\u00f6nnt ihr nicht nur die Landschaft hautnah erleben, sondern auch den Geschmack der Region entdecken \u2013 von urigen Almh\u00fctten bis zu Gourmet-Restaurants. Eure zweit\u00e4gige Genussreise in Flachau verbindet Natur und Genuss auf besondere Weise: Ihr erkundet [&hellip;]<\/p>\n","protected":false},"author":109,"featured_media":674794,"parent":0,"menu_order":0,"comment_status":"closed","ping_status":"closed","template":"","meta":{"_acf_changed":false,"wl_entities_gutenberg":"","_relevanssi_hide_post":"","_relevanssi_hide_content":"","_relevanssi_pin_for_all":"","_relevanssi_pin_keywords":"","_relevanssi_unpin_keywords":"","_relevanssi_related_keywords":"","_relevanssi_related_include_ids":"","_relevanssi_related_exclude_ids":"","_relevanssi_related_no_append":"","_relevanssi_related_not_related":"","_relevanssi_related_posts":"","_relevanssi_noindex_reason":"","footnotes":""},"wl_entity_type":[11495],"class_list":["post-674793","page","type-page","status-publish","has-post-thumbnail","hentry","wl_entity_type-article"],"acf":[],"yoast_head":"<!-- This site is optimized with the Yoast SEO Premium plugin v26.9 (Yoast SEO v26.9) - https:\/\/yoast.com\/product\/yoast-seo-premium-wordpress\/ -->\n<title>Naturgenuss &amp; regionale Kulinarik in Flachau \u00bb SalzburgerLand.com<\/title>\n<meta name=\"robots\" content=\"index, follow, max-snippet:-1, max-image-preview:large, max-video-preview:-1\" \/>\n<link rel=\"canonical\" href=\"https:\/\/www.salzburgerland.com\/de\/wp-json\/wp\/v2\/pages\/674793\" \/>\n<meta property=\"og:locale\" content=\"de_DE\" \/>\n<meta property=\"og:type\" content=\"article\" \/>\n<meta property=\"og:title\" content=\"Naturgenuss &amp; regionale Kulinarik in Flachau\" \/>\n<meta property=\"og:description\" content=\"Vom (Gravel-)Bike Erlebnis auf der Alm \u00fcber legend\u00e4re Brettljausen und \u201eTotal Lokal\u201c Kulinarik bis hin zum Sonnenaufgangs-Erlebnis: In Flachau ist alles f\u00fcr eure Genussreise angerichtet.\" \/>\n<meta property=\"og:url\" content=\"https:\/\/www.salzburgerland.com\/de\/wp-json\/wp\/v2\/pages\/674793\" \/>\n<meta property=\"og:site_name\" content=\"SalzburgerLand.com\" \/>\n<meta property=\"article:publisher\" content=\"https:\/\/www.facebook.com\/salzburgerland\/\" \/>\n<meta property=\"article:modified_time\" content=\"2025-01-08T08:09:50+00:00\" \/>\n<meta property=\"og:image\" content=\"https:\/\/www.salzburgerland.com\/de\/wp-content\/uploads\/2024\/12\/cfb_1-490_marbachtal-1200x675.jpg\" \/>\n\t<meta property=\"og:image:width\" content=\"1200\" \/>\n\t<meta property=\"og:image:height\" content=\"675\" \/>\n\t<meta property=\"og:image:type\" content=\"image\/jpeg\" \/>\n<meta name=\"twitter:card\" content=\"summary_large_image\" \/>\n<meta name=\"twitter:site\" content=\"@Salzburgerland\" \/>\n<meta name=\"twitter:label1\" content=\"Gesch\u00e4tzte Lesezeit\" \/>\n\t<meta name=\"twitter:data1\" content=\"10\u00a0Minuten\" \/>\n<script type=\"application\/ld+json\" class=\"yoast-schema-graph\">{\"@context\":\"https:\/\/schema.org\",\"@graph\":[{\"@type\":\"WebPage\",\"@id\":\"https:\/\/www.salzburgerland.com\/de\/naturgenuss-regionale-kulinarik-in-flachau\/\",\"url\":\"https:\/\/www.salzburgerland.com\/de\/naturgenuss-regionale-kulinarik-in-flachau\/\",\"name\":\"Naturgenuss & regionale Kulinarik in Flachau \u00bb SalzburgerLand.com\",\"isPartOf\":{\"@id\":\"https:\/\/www.salzburgerland.com\/de\/#website\"},\"primaryImageOfPage\":{\"@id\":\"https:\/\/www.salzburgerland.com\/de\/naturgenuss-regionale-kulinarik-in-flachau\/#primaryimage\"},\"image\":{\"@id\":\"https:\/\/www.salzburgerland.com\/de\/naturgenuss-regionale-kulinarik-in-flachau\/#primaryimage\"},\"thumbnailUrl\":\"https:\/\/www.salzburgerland.com\/de\/wp-content\/uploads\/2024\/12\/cfb_1-490_marbachtal.jpg\",\"datePublished\":\"2025-01-02T11:00:22+00:00\",\"dateModified\":\"2025-01-08T08:09:50+00:00\",\"description\":\"Vom (Gravel-)Bike Erlebnis auf der Alm \u00fcber legend\u00e4re Brettljausen und \u201eTotal Lokal\u201c Kulinarik bis hin zum Sonnenaufgangs-Erlebnis: In Flachau ist alles f\u00fcr eure Genussreise angerichtet.\",\"inLanguage\":\"de\",\"potentialAction\":[{\"@type\":\"ReadAction\",\"target\":[\"https:\/\/www.salzburgerland.com\/de\/naturgenuss-regionale-kulinarik-in-flachau\/\"]}]},{\"@type\":\"ImageObject\",\"inLanguage\":\"de\",\"@id\":\"https:\/\/www.salzburgerland.com\/de\/naturgenuss-regionale-kulinarik-in-flachau\/#primaryimage\",\"url\":\"https:\/\/www.salzburgerland.com\/de\/wp-content\/uploads\/2024\/12\/cfb_1-490_marbachtal.jpg\",\"contentUrl\":\"https:\/\/www.salzburgerland.com\/de\/wp-content\/uploads\/2024\/12\/cfb_1-490_marbachtal.jpg\",\"width\":2560,\"height\":1707,\"caption\":\"\u00a9 SalzburgerLand | carlettophotography\"},{\"@type\":\"WebSite\",\"@id\":\"https:\/\/www.salzburgerland.com\/de\/#website\",\"url\":\"https:\/\/www.salzburgerland.com\/de\/\",\"name\":\"SalzburgerLand.com\",\"description\":\"Ihr Urlaub in Salzburg, \u00d6sterreich\",\"publisher\":{\"@id\":\"https:\/\/www.salzburgerland.com\/de\/#organization\"},\"potentialAction\":[{\"@type\":\"SearchAction\",\"target\":{\"@type\":\"EntryPoint\",\"urlTemplate\":\"https:\/\/www.salzburgerland.com\/de\/?s={search_term_string}\"},\"query-input\":{\"@type\":\"PropertyValueSpecification\",\"valueRequired\":true,\"valueName\":\"search_term_string\"}}],\"inLanguage\":\"de\"},{\"@type\":\"Organization\",\"@id\":\"https:\/\/www.salzburgerland.com\/de\/#organization\",\"name\":\"SalzburgerLand Tourismus GmbH\",\"url\":\"https:\/\/www.salzburgerland.com\/de\/\",\"logo\":{\"@type\":\"ImageObject\",\"inLanguage\":\"de\",\"@id\":\"https:\/\/www.salzburgerland.com\/de\/#\/schema\/logo\/image\/\",\"url\":\"https:\/\/www.salzburgerland.com\/de\/wp-content\/uploads\/2017\/01\/salzburgerland-logo.jpg\",\"contentUrl\":\"https:\/\/www.salzburgerland.com\/de\/wp-content\/uploads\/2017\/01\/salzburgerland-logo.jpg\",\"width\":1920,\"height\":827,\"caption\":\"SalzburgerLand Tourismus GmbH\"},\"image\":{\"@id\":\"https:\/\/www.salzburgerland.com\/de\/#\/schema\/logo\/image\/\"},\"sameAs\":[\"https:\/\/www.facebook.com\/salzburgerland\/\",\"https:\/\/x.com\/Salzburgerland\",\"https:\/\/www.instagram.com\/salzburgerland\/\",\"http:\/\/dbpedia.org\/resource\/Salzburg_(state)\",\"http:\/\/wikidata.dbpedia.org\/resource\/Q43325\",\"http:\/\/open.salzburgerland.com\/de\/entity\/salzburgerland\",\"https:\/\/www.youtube.com\/user\/salzburgerland\"]}]}<\/script>\n<!-- \/ Yoast SEO Premium plugin. -->","yoast_head_json":{"title":"Naturgenuss & regionale Kulinarik in Flachau \u00bb SalzburgerLand.com","robots":{"index":"index","follow":"follow","max-snippet":"max-snippet:-1","max-image-preview":"max-image-preview:large","max-video-preview":"max-video-preview:-1"},"canonical":"https:\/\/www.salzburgerland.com\/de\/wp-json\/wp\/v2\/pages\/674793","og_locale":"de_DE","og_type":"article","og_title":"Naturgenuss & regionale Kulinarik in Flachau","og_description":"Vom (Gravel-)Bike Erlebnis auf der Alm \u00fcber legend\u00e4re Brettljausen und \u201eTotal Lokal\u201c Kulinarik bis hin zum Sonnenaufgangs-Erlebnis: In Flachau ist alles f\u00fcr eure Genussreise angerichtet.","og_url":"https:\/\/www.salzburgerland.com\/de\/wp-json\/wp\/v2\/pages\/674793","og_site_name":"SalzburgerLand.com","article_publisher":"https:\/\/www.facebook.com\/salzburgerland\/","article_modified_time":"2025-01-08T08:09:50+00:00","og_image":[{"width":1200,"height":675,"url":"https:\/\/www.salzburgerland.com\/de\/wp-content\/uploads\/2024\/12\/cfb_1-490_marbachtal-1200x675.jpg","type":"image\/jpeg"}],"twitter_card":"summary_large_image","twitter_site":"@Salzburgerland","twitter_misc":{"Gesch\u00e4tzte Lesezeit":"10\u00a0Minuten"},"schema":{"@context":"https:\/\/schema.org","@graph":[{"@type":"WebPage","@id":"https:\/\/www.salzburgerland.com\/de\/naturgenuss-regionale-kulinarik-in-flachau\/","url":"https:\/\/www.salzburgerland.com\/de\/naturgenuss-regionale-kulinarik-in-flachau\/","name":"Naturgenuss & regionale Kulinarik in Flachau \u00bb SalzburgerLand.com","isPartOf":{"@id":"https:\/\/www.salzburgerland.com\/de\/#website"},"primaryImageOfPage":{"@id":"https:\/\/www.salzburgerland.com\/de\/naturgenuss-regionale-kulinarik-in-flachau\/#primaryimage"},"image":{"@id":"https:\/\/www.salzburgerland.com\/de\/naturgenuss-regionale-kulinarik-in-flachau\/#primaryimage"},"thumbnailUrl":"https:\/\/www.salzburgerland.com\/de\/wp-content\/uploads\/2024\/12\/cfb_1-490_marbachtal.jpg","datePublished":"2025-01-02T11:00:22+00:00","dateModified":"2025-01-08T08:09:50+00:00","description":"Vom (Gravel-)Bike Erlebnis auf der Alm \u00fcber legend\u00e4re Brettljausen und \u201eTotal Lokal\u201c Kulinarik bis hin zum Sonnenaufgangs-Erlebnis: In Flachau ist alles f\u00fcr eure Genussreise angerichtet.","inLanguage":"de","potentialAction":[{"@type":"ReadAction","target":["https:\/\/www.salzburgerland.com\/de\/naturgenuss-regionale-kulinarik-in-flachau\/"]}]},{"@type":"ImageObject","inLanguage":"de","@id":"https:\/\/www.salzburgerland.com\/de\/naturgenuss-regionale-kulinarik-in-flachau\/#primaryimage","url":"https:\/\/www.salzburgerland.com\/de\/wp-content\/uploads\/2024\/12\/cfb_1-490_marbachtal.jpg","contentUrl":"https:\/\/www.salzburgerland.com\/de\/wp-content\/uploads\/2024\/12\/cfb_1-490_marbachtal.jpg","width":2560,"height":1707,"caption":"\u00a9 SalzburgerLand | carlettophotography"},{"@type":"WebSite","@id":"https:\/\/www.salzburgerland.com\/de\/#website","url":"https:\/\/www.salzburgerland.com\/de\/","name":"SalzburgerLand.com","description":"Ihr Urlaub in Salzburg, \u00d6sterreich","publisher":{"@id":"https:\/\/www.salzburgerland.com\/de\/#organization"},"potentialAction":[{"@type":"SearchAction","target":{"@type":"EntryPoint","urlTemplate":"https:\/\/www.salzburgerland.com\/de\/?s={search_term_string}"},"query-input":{"@type":"PropertyValueSpecification","valueRequired":true,"valueName":"search_term_string"}}],"inLanguage":"de"},{"@type":"Organization","@id":"https:\/\/www.salzburgerland.com\/de\/#organization","name":"SalzburgerLand Tourismus GmbH","url":"https:\/\/www.salzburgerland.com\/de\/","logo":{"@type":"ImageObject","inLanguage":"de","@id":"https:\/\/www.salzburgerland.com\/de\/#\/schema\/logo\/image\/","url":"https:\/\/www.salzburgerland.com\/de\/wp-content\/uploads\/2017\/01\/salzburgerland-logo.jpg","contentUrl":"https:\/\/www.salzburgerland.com\/de\/wp-content\/uploads\/2017\/01\/salzburgerland-logo.jpg","width":1920,"height":827,"caption":"SalzburgerLand Tourismus GmbH"},"image":{"@id":"https:\/\/www.salzburgerland.com\/de\/#\/schema\/logo\/image\/"},"sameAs":["https:\/\/www.facebook.com\/salzburgerland\/","https:\/\/x.com\/Salzburgerland","https:\/\/www.instagram.com\/salzburgerland\/","http:\/\/dbpedia.org\/resource\/Salzburg_(state)","http:\/\/wikidata.dbpedia.org\/resource\/Q43325","http:\/\/open.salzburgerland.com\/de\/entity\/salzburgerland","https:\/\/www.youtube.com\/user\/salzburgerland"]}]}},"_wl_alt_label":[],"wl:entity_url":"http:\/\/open.salzburgerland.com\/de\/page\/naturgenuss-regionale-kulinarik-in-flachau-674793","_links":{"self":[{"href":"https:\/\/www.salzburgerland.com\/de\/wp-json\/wp\/v2\/pages\/674793","targetHints":{"allow":["GET"]}}],"collection":[{"href":"https:\/\/www.salzburgerland.com\/de\/wp-json\/wp\/v2\/pages"}],"about":[{"href":"https:\/\/www.salzburgerland.com\/de\/wp-json\/wp\/v2\/types\/page"}],"author":[{"embeddable":true,"href":"https:\/\/www.salzburgerland.com\/de\/wp-json\/wp\/v2\/users\/109"}],"replies":[{"embeddable":true,"href":"https:\/\/www.salzburgerland.com\/de\/wp-json\/wp\/v2\/comments?post=674793"}],"version-history":[{"count":15,"href":"https:\/\/www.salzburgerland.com\/de\/wp-json\/wp\/v2\/pages\/674793\/revisions"}],"predecessor-version":[{"id":674975,"href":"https:\/\/www.salzburgerland.com\/de\/wp-json\/wp\/v2\/pages\/674793\/revisions\/674975"}],"wp:featuredmedia":[{"embeddable":true,"href":"https:\/\/www.salzburgerland.com\/de\/wp-json\/wp\/v2\/media\/674794"}],"wp:attachment":[{"href":"https:\/\/www.salzburgerland.com\/de\/wp-json\/wp\/v2\/media?parent=674793"}],"wp:term":[{"taxonomy":"wl_entity_type","embeddable":true,"href":"https:\/\/www.salzburgerland.com\/de\/wp-json\/wp\/v2\/wl_entity_type?post=674793"}],"curies":[{"name":"wp","href":"https:\/\/api.w.org\/{rel}","templated":true}]}}