{"id":659620,"date":"2023-04-22T20:41:22","date_gmt":"2023-04-22T18:41:22","guid":{"rendered":"https:\/\/www.salzburgerland.com\/de\/?page_id=659620"},"modified":"2023-04-22T20:41:22","modified_gmt":"2023-04-22T18:41:22","slug":"der-gipfel-des-genusses-in-gastein","status":"publish","type":"page","link":"https:\/\/www.salzburgerland.com\/de\/der-gipfel-des-genusses-in-gastein\/","title":{"rendered":"Der Gipfel des Genusses in Gastein"},"content":{"rendered":"<p>Diese <strong>zweit\u00e4gige Genussreise durch <a href=\"https:\/\/www.salzburgerland.com\/de\/gasteinertal\/\" target=\"_blank\" rel=\"noopener\">Gastein<\/a><\/strong> f\u00fchrt euch <strong>durch das gesamte Tal<\/strong> \u2013 und hoch <strong>hinauf auf die Almen<\/strong>. Schn\u00fcrt die Wanderschuhe und lasst euch von Natur und regionaler Kulinarik im SalzburgerLand begeistern.<\/p>\n<p>Gleich beim Start erwartet euch eine <strong>Kombination f\u00fcr die Sinne<\/strong>: Ihr wandert in <strong>Bad Hofgastein<\/strong> ins <strong>Angertal<\/strong> hinein, wobei ihr immer an kleinen <strong>Kulinarik-Stationen<\/strong> Halt macht. Ziel ist die <strong>Wald:Brunch<\/strong> Location, wo ihr am Waldrand ein <strong>mehrg\u00e4ngiges Men\u00fc vom Kreativ-Koch<\/strong> auf euch wartet.<\/p>\n<p>Gut gest\u00e4rkt kommt ihr anschlie\u00dfend zum <strong>Schmaranzgut<\/strong>, wo ihr durch den <strong>Hofladen<\/strong> mit vielen selbstgemachten Schmankerln st\u00f6bert und schlie\u00dflich vom <strong>Brennmeister h\u00f6chstpers\u00f6nlich<\/strong> eine <strong>Ginverkostung<\/strong> bekommt. <strong>Gen\u00e4chtigt<\/strong> wird in einem der charmanten <strong>historischen Hotels<\/strong> im Herzen von <strong>Bad Gastein<\/strong>.<\/p>\n<p>Der <strong>zweite Tag<\/strong> f\u00fchrt euch zum <strong>H\u00fcttenparadies am Nassfeld in Bad Gastein<\/strong>, wo eine idyllische Alm nach der n\u00e4chsten auf euch wartet. Auf der <strong>Moisesalm<\/strong> kehrt ihr ein, wo noch heute <strong>kunstvoll verzierte Butter<\/strong> frisch mit sogenannten Modeln hergestellt wird \u2013 die verkostet ihr nat\u00fcrlich bei einer <strong>Almjause<\/strong> mit allem, was dazugeh\u00f6rt. Den Abschluss eurer Genussreise in Gastein bildet ein <strong>Dorfpicknick mit Parnorama-Blick auf Dorfgastein<\/strong>, zu dem ihr \u2013 begleitet von historischen Erz\u00e4hlungen zum Ort und zu Gastein.<\/p>\n<p>Wir w\u00fcnschen euch herrliche kulinarische Momente, inmitten der wundersch\u00f6nen Natur von Gastein \u2013 lasst euch eure Genussreise schmecken!<\/p>\n\n\t\t\t<div id=\"659620-1\" class=\"gallery gallery-659620 gallery-columns-3 gallery-size-1170_658\" itemscope itemtype=\"http:\/\/schema.org\/ImageGallery\">\n\t\t\t\t<ul class=\"gallery-row gallery-col-3 gallery-clear\">\n\t\t\t\t\t<li class=\"gallery-item col-3\" itemprop=\"associatedMedia\" itemscope itemtype=\"http:\/\/schema.org\/ImageObject\">\n\t\t\t\t\t\t<div class=\"gallery-icon landscape\"><a href=\"https:\/\/www.salzburgerland.com\/de\/wp-content\/uploads\/2023\/04\/genussreise_gastein-71-1920x1067.jpg\" title=\"Gin Schmaranzgut\"><img decoding=\"async\" data-title=\"\u00a9 SalzburgerLand Tourismus\" title=\"\u00a9 SalzburgerLand Tourismus\" data-caption=\"\u00a9 SalzburgerLand Tourismus\" width=\"1170\" height=\"658\" src=\"https:\/\/www.salzburgerland.com\/de\/wp-content\/uploads\/2023\/04\/genussreise_gastein-71-1170x658.jpg\" class=\"attachment-1170_658 size-1170_658\" alt=\"Drei Personen sto\u00dfen in einer Bar mit klaren Spirituosen an, w\u00e4hrend im Hintergrund Flaschen in Regalen stehen. (vergr\u00f6\u00dferte Ansicht)\" srcset=\"https:\/\/www.salzburgerland.com\/de\/wp-content\/uploads\/2023\/04\/genussreise_gastein-71-1170x658.jpg 1170w, https:\/\/www.salzburgerland.com\/de\/wp-content\/uploads\/2023\/04\/genussreise_gastein-71-1200x675.jpg 1200w\" sizes=\"(max-width: 1170px) 100vw, 1170px\" aria-describedby=\"figcaption-659620-659634\" itemprop=\"thumbnail\"><\/a><\/div>\n\t\t\t\t\t\t<span id=\"figcaption-659620-659634\" class=\"gallery-caption\" itemprop=\"caption\"><span aria-hidden=\"true\">\u00a9 SalzburgerLand Tourismus<\/span><\/span>\n\t\t\t\t\t<\/li>\n\t\t\t\t\t<li class=\"gallery-item col-3\" itemprop=\"associatedMedia\" itemscope itemtype=\"http:\/\/schema.org\/ImageObject\">\n\t\t\t\t\t\t<div class=\"gallery-icon landscape\"><a href=\"https:\/\/www.salzburgerland.com\/de\/wp-content\/uploads\/2023\/04\/genussreise_gastein-7-1920x1067.jpg\" title=\"Wald:Brunch Gastein\"><img decoding=\"async\" data-title=\"\u00a9 SalzburgerLand Tourismus\" title=\"\u00a9 SalzburgerLand Tourismus\" data-caption=\"\u00a9 SalzburgerLand Tourismus\" width=\"1170\" height=\"658\" src=\"https:\/\/www.salzburgerland.com\/de\/wp-content\/uploads\/2023\/04\/genussreise_gastein-7-1170x658.jpg\" class=\"attachment-1170_658 size-1170_658\" alt=\"Kleine Desserttassen auf einem Baumstumpf in einem \u00fcppigen Wald mit Farnen und Bergen im Hintergrund. (vergr\u00f6\u00dferte Ansicht)\" srcset=\"https:\/\/www.salzburgerland.com\/de\/wp-content\/uploads\/2023\/04\/genussreise_gastein-7-1170x658.jpg 1170w, https:\/\/www.salzburgerland.com\/de\/wp-content\/uploads\/2023\/04\/genussreise_gastein-7-1200x675.jpg 1200w\" sizes=\"(max-width: 1170px) 100vw, 1170px\" aria-describedby=\"figcaption-659620-659632\" itemprop=\"thumbnail\"><\/a><\/div>\n\t\t\t\t\t\t<span id=\"figcaption-659620-659632\" class=\"gallery-caption\" itemprop=\"caption\"><span aria-hidden=\"true\">\u00a9 SalzburgerLand Tourismus<\/span><\/span>\n\t\t\t\t\t<\/li>\n\t\t\t\t\t<li class=\"gallery-item col-3\" itemprop=\"associatedMedia\" itemscope itemtype=\"http:\/\/schema.org\/ImageObject\">\n\t\t\t\t\t\t<div class=\"gallery-icon landscape\"><a href=\"https:\/\/www.salzburgerland.com\/de\/wp-content\/uploads\/2023\/04\/genussreise_gastein-33-1920x1067.jpg\" title=\"Brettljause Genussreise Gastein \u2013 Dorfgastein\"><img decoding=\"async\" data-title=\"\u00a9 SalzburgerLand Tourismus\" title=\"\u00a9 SalzburgerLand Tourismus\" data-caption=\"\u00a9 SalzburgerLand Tourismus\" width=\"1170\" height=\"658\" src=\"https:\/\/www.salzburgerland.com\/de\/wp-content\/uploads\/2023\/04\/genussreise_gastein-33-1170x658.jpg\" class=\"attachment-1170_658 size-1170_658\" alt=\"Zwei Personen genie\u00dfen ein Picknick mit Wurstwaren, Obst, Geb\u00e4ck und Joghurt auf einer schwarz-wei\u00df-karierten Decke. (vergr\u00f6\u00dferte Ansicht)\" srcset=\"https:\/\/www.salzburgerland.com\/de\/wp-content\/uploads\/2023\/04\/genussreise_gastein-33-1170x658.jpg 1170w, https:\/\/www.salzburgerland.com\/de\/wp-content\/uploads\/2023\/04\/genussreise_gastein-33-1200x675.jpg 1200w\" sizes=\"(max-width: 1170px) 100vw, 1170px\" aria-describedby=\"figcaption-659620-659633\" itemprop=\"thumbnail\"><\/a><\/div>\n\t\t\t\t\t\t<span id=\"figcaption-659620-659633\" class=\"gallery-caption\" itemprop=\"caption\"><span aria-hidden=\"true\">\u00a9 SalzburgerLand Tourismus<\/span><\/span>\n\t\t\t\t\t<\/li>\n\t\t\t\t<\/ul>\n\t\t\t<\/div><!-- .gallery -->\n\n","protected":false},"excerpt":{"rendered":"<p>Diese zweit\u00e4gige Genussreise durch Gastein f\u00fchrt euch durch das gesamte Tal \u2013 und hoch hinauf auf die Almen. Schn\u00fcrt die Wanderschuhe und lasst euch von Natur und regionaler Kulinarik im SalzburgerLand begeistern. Gleich beim Start erwartet euch eine Kombination f\u00fcr die Sinne: Ihr wandert in Bad Hofgastein ins Angertal hinein, wobei ihr immer an kleinen [&hellip;]<\/p>\n","protected":false},"author":109,"featured_media":659631,"parent":0,"menu_order":0,"comment_status":"closed","ping_status":"closed","template":"","meta":{"_acf_changed":false,"wl_entities_gutenberg":"","_relevanssi_hide_post":"","_relevanssi_hide_content":"","_relevanssi_pin_for_all":"","_relevanssi_pin_keywords":"","_relevanssi_unpin_keywords":"","_relevanssi_related_keywords":"","_relevanssi_related_include_ids":"","_relevanssi_related_exclude_ids":"","_relevanssi_related_no_append":"","_relevanssi_related_not_related":"","_relevanssi_related_posts":"","_relevanssi_noindex_reason":"","footnotes":""},"wl_entity_type":[11495],"class_list":["post-659620","page","type-page","status-publish","has-post-thumbnail","hentry","wl_entity_type-article"],"acf":[],"yoast_head":"<!-- This site is optimized with the Yoast SEO Premium plugin v27.5 (Yoast SEO v27.5) - https:\/\/yoast.com\/product\/yoast-seo-premium-wordpress\/ -->\n<title>Der Gipfel des Genusses in Gastein \u00bb SalzburgerLand.com<\/title>\n<meta name=\"robots\" content=\"index, follow, max-snippet:-1, max-image-preview:large, max-video-preview:-1\" \/>\n<link rel=\"canonical\" href=\"https:\/\/www.salzburgerland.com\/de\/wp-json\/wp\/v2\/pages\/659620\" \/>\n<meta property=\"og:locale\" content=\"de_DE\" \/>\n<meta property=\"og:type\" content=\"article\" \/>\n<meta property=\"og:title\" content=\"Der Gipfel des Genusses in Gastein\" \/>\n<meta property=\"og:description\" content=\"Ein Brunch im Wald, eine Almenwanderung mit Brettljause, ein geschichtstr\u00e4chtiger Spaziergang mit Picknick, eine Ginverkostung in der Brennerei \u2013 das nennen wir eine Erlebnis-Genussreise!\" \/>\n<meta property=\"og:url\" content=\"https:\/\/www.salzburgerland.com\/de\/wp-json\/wp\/v2\/pages\/659620\" \/>\n<meta property=\"og:site_name\" content=\"SalzburgerLand.com\" \/>\n<meta property=\"article:publisher\" content=\"https:\/\/www.facebook.com\/salzburgerland\/\" \/>\n<meta property=\"og:image\" content=\"https:\/\/www.salzburgerland.com\/de\/wp-content\/uploads\/2023\/04\/genussreise_gastein-38-1200x675.jpg\" \/>\n\t<meta property=\"og:image:width\" content=\"1200\" \/>\n\t<meta property=\"og:image:height\" content=\"675\" \/>\n\t<meta property=\"og:image:type\" content=\"image\/jpeg\" \/>\n<meta name=\"twitter:card\" content=\"summary_large_image\" \/>\n<meta name=\"twitter:site\" content=\"@Salzburgerland\" \/>\n<meta name=\"twitter:label1\" content=\"Gesch\u00e4tzte Lesezeit\" \/>\n\t<meta name=\"twitter:data1\" content=\"2\u00a0Minuten\" \/>\n<script type=\"application\/ld+json\" class=\"yoast-schema-graph\">{\"@context\":\"https:\\\/\\\/schema.org\",\"@graph\":[{\"@type\":\"WebPage\",\"@id\":\"https:\\\/\\\/www.salzburgerland.com\\\/de\\\/der-gipfel-des-genusses-in-gastein\\\/\",\"url\":\"https:\\\/\\\/www.salzburgerland.com\\\/de\\\/der-gipfel-des-genusses-in-gastein\\\/\",\"name\":\"Der Gipfel des Genusses in Gastein \u00bb SalzburgerLand.com\",\"isPartOf\":{\"@id\":\"https:\\\/\\\/www.salzburgerland.com\\\/de\\\/#website\"},\"primaryImageOfPage\":{\"@id\":\"https:\\\/\\\/www.salzburgerland.com\\\/de\\\/der-gipfel-des-genusses-in-gastein\\\/#primaryimage\"},\"image\":{\"@id\":\"https:\\\/\\\/www.salzburgerland.com\\\/de\\\/der-gipfel-des-genusses-in-gastein\\\/#primaryimage\"},\"thumbnailUrl\":\"https:\\\/\\\/www.salzburgerland.com\\\/de\\\/wp-content\\\/uploads\\\/2023\\\/04\\\/genussreise_gastein-38-scaled.jpg\",\"datePublished\":\"2023-04-22T18:41:22+00:00\",\"description\":\"Ein Brunch im Wald, eine Almenwanderung mit Brettljause, ein geschichtstr\u00e4chtiger Spaziergang mit Picknick, eine Ginverkostung in der Brennerei \u2013 das nennen wir eine Erlebnis-Genussreise!\",\"inLanguage\":\"de\",\"potentialAction\":[{\"@type\":\"ReadAction\",\"target\":[\"https:\\\/\\\/www.salzburgerland.com\\\/de\\\/der-gipfel-des-genusses-in-gastein\\\/\"]}]},{\"@type\":\"ImageObject\",\"inLanguage\":\"de\",\"@id\":\"https:\\\/\\\/www.salzburgerland.com\\\/de\\\/der-gipfel-des-genusses-in-gastein\\\/#primaryimage\",\"url\":\"https:\\\/\\\/www.salzburgerland.com\\\/de\\\/wp-content\\\/uploads\\\/2023\\\/04\\\/genussreise_gastein-38-scaled.jpg\",\"contentUrl\":\"https:\\\/\\\/www.salzburgerland.com\\\/de\\\/wp-content\\\/uploads\\\/2023\\\/04\\\/genussreise_gastein-38-scaled.jpg\",\"width\":1920,\"height\":1280,\"caption\":\"\u00a9 SalzburgerLand Tourismus\"},{\"@type\":\"WebSite\",\"@id\":\"https:\\\/\\\/www.salzburgerland.com\\\/de\\\/#website\",\"url\":\"https:\\\/\\\/www.salzburgerland.com\\\/de\\\/\",\"name\":\"SalzburgerLand.com\",\"description\":\"Ihr Urlaub in Salzburg, \u00d6sterreich\",\"publisher\":{\"@id\":\"https:\\\/\\\/www.salzburgerland.com\\\/de\\\/#organization\"},\"potentialAction\":[{\"@type\":\"SearchAction\",\"target\":{\"@type\":\"EntryPoint\",\"urlTemplate\":\"https:\\\/\\\/www.salzburgerland.com\\\/de\\\/?s={search_term_string}\"},\"query-input\":{\"@type\":\"PropertyValueSpecification\",\"valueRequired\":true,\"valueName\":\"search_term_string\"}}],\"inLanguage\":\"de\"},{\"@type\":\"Organization\",\"@id\":\"https:\\\/\\\/www.salzburgerland.com\\\/de\\\/#organization\",\"name\":\"SalzburgerLand Tourismus GmbH\",\"url\":\"https:\\\/\\\/www.salzburgerland.com\\\/de\\\/\",\"logo\":{\"@type\":\"ImageObject\",\"inLanguage\":\"de\",\"@id\":\"https:\\\/\\\/www.salzburgerland.com\\\/de\\\/#\\\/schema\\\/logo\\\/image\\\/\",\"url\":\"https:\\\/\\\/www.salzburgerland.com\\\/de\\\/wp-content\\\/uploads\\\/2017\\\/01\\\/salzburgerland-logo.jpg\",\"contentUrl\":\"https:\\\/\\\/www.salzburgerland.com\\\/de\\\/wp-content\\\/uploads\\\/2017\\\/01\\\/salzburgerland-logo.jpg\",\"width\":1920,\"height\":827,\"caption\":\"SalzburgerLand Tourismus GmbH\"},\"image\":{\"@id\":\"https:\\\/\\\/www.salzburgerland.com\\\/de\\\/#\\\/schema\\\/logo\\\/image\\\/\"},\"sameAs\":[\"https:\\\/\\\/www.facebook.com\\\/salzburgerland\\\/\",\"https:\\\/\\\/x.com\\\/Salzburgerland\",\"https:\\\/\\\/www.instagram.com\\\/salzburgerland\\\/\",\"http:\\\/\\\/dbpedia.org\\\/resource\\\/Salzburg_(state)\",\"http:\\\/\\\/wikidata.dbpedia.org\\\/resource\\\/Q43325\",\"http:\\\/\\\/open.salzburgerland.com\\\/de\\\/entity\\\/salzburgerland\",\"https:\\\/\\\/www.youtube.com\\\/user\\\/salzburgerland\"]}]}<\/script>\n<!-- \/ Yoast SEO Premium plugin. -->","yoast_head_json":{"title":"Der Gipfel des Genusses in Gastein \u00bb SalzburgerLand.com","robots":{"index":"index","follow":"follow","max-snippet":"max-snippet:-1","max-image-preview":"max-image-preview:large","max-video-preview":"max-video-preview:-1"},"canonical":"https:\/\/www.salzburgerland.com\/de\/wp-json\/wp\/v2\/pages\/659620","og_locale":"de_DE","og_type":"article","og_title":"Der Gipfel des Genusses in Gastein","og_description":"Ein Brunch im Wald, eine Almenwanderung mit Brettljause, ein geschichtstr\u00e4chtiger Spaziergang mit Picknick, eine Ginverkostung in der Brennerei \u2013 das nennen wir eine Erlebnis-Genussreise!","og_url":"https:\/\/www.salzburgerland.com\/de\/wp-json\/wp\/v2\/pages\/659620","og_site_name":"SalzburgerLand.com","article_publisher":"https:\/\/www.facebook.com\/salzburgerland\/","og_image":[{"width":1200,"height":675,"url":"https:\/\/www.salzburgerland.com\/de\/wp-content\/uploads\/2023\/04\/genussreise_gastein-38-1200x675.jpg","type":"image\/jpeg"}],"twitter_card":"summary_large_image","twitter_site":"@Salzburgerland","twitter_misc":{"Gesch\u00e4tzte Lesezeit":"2\u00a0Minuten"},"schema":{"@context":"https:\/\/schema.org","@graph":[{"@type":"WebPage","@id":"https:\/\/www.salzburgerland.com\/de\/der-gipfel-des-genusses-in-gastein\/","url":"https:\/\/www.salzburgerland.com\/de\/der-gipfel-des-genusses-in-gastein\/","name":"Der Gipfel des Genusses in Gastein \u00bb SalzburgerLand.com","isPartOf":{"@id":"https:\/\/www.salzburgerland.com\/de\/#website"},"primaryImageOfPage":{"@id":"https:\/\/www.salzburgerland.com\/de\/der-gipfel-des-genusses-in-gastein\/#primaryimage"},"image":{"@id":"https:\/\/www.salzburgerland.com\/de\/der-gipfel-des-genusses-in-gastein\/#primaryimage"},"thumbnailUrl":"https:\/\/www.salzburgerland.com\/de\/wp-content\/uploads\/2023\/04\/genussreise_gastein-38-scaled.jpg","datePublished":"2023-04-22T18:41:22+00:00","description":"Ein Brunch im Wald, eine Almenwanderung mit Brettljause, ein geschichtstr\u00e4chtiger Spaziergang mit Picknick, eine Ginverkostung in der Brennerei \u2013 das nennen wir eine Erlebnis-Genussreise!","inLanguage":"de","potentialAction":[{"@type":"ReadAction","target":["https:\/\/www.salzburgerland.com\/de\/der-gipfel-des-genusses-in-gastein\/"]}]},{"@type":"ImageObject","inLanguage":"de","@id":"https:\/\/www.salzburgerland.com\/de\/der-gipfel-des-genusses-in-gastein\/#primaryimage","url":"https:\/\/www.salzburgerland.com\/de\/wp-content\/uploads\/2023\/04\/genussreise_gastein-38-scaled.jpg","contentUrl":"https:\/\/www.salzburgerland.com\/de\/wp-content\/uploads\/2023\/04\/genussreise_gastein-38-scaled.jpg","width":1920,"height":1280,"caption":"\u00a9 SalzburgerLand Tourismus"},{"@type":"WebSite","@id":"https:\/\/www.salzburgerland.com\/de\/#website","url":"https:\/\/www.salzburgerland.com\/de\/","name":"SalzburgerLand.com","description":"Ihr Urlaub in Salzburg, \u00d6sterreich","publisher":{"@id":"https:\/\/www.salzburgerland.com\/de\/#organization"},"potentialAction":[{"@type":"SearchAction","target":{"@type":"EntryPoint","urlTemplate":"https:\/\/www.salzburgerland.com\/de\/?s={search_term_string}"},"query-input":{"@type":"PropertyValueSpecification","valueRequired":true,"valueName":"search_term_string"}}],"inLanguage":"de"},{"@type":"Organization","@id":"https:\/\/www.salzburgerland.com\/de\/#organization","name":"SalzburgerLand Tourismus GmbH","url":"https:\/\/www.salzburgerland.com\/de\/","logo":{"@type":"ImageObject","inLanguage":"de","@id":"https:\/\/www.salzburgerland.com\/de\/#\/schema\/logo\/image\/","url":"https:\/\/www.salzburgerland.com\/de\/wp-content\/uploads\/2017\/01\/salzburgerland-logo.jpg","contentUrl":"https:\/\/www.salzburgerland.com\/de\/wp-content\/uploads\/2017\/01\/salzburgerland-logo.jpg","width":1920,"height":827,"caption":"SalzburgerLand Tourismus GmbH"},"image":{"@id":"https:\/\/www.salzburgerland.com\/de\/#\/schema\/logo\/image\/"},"sameAs":["https:\/\/www.facebook.com\/salzburgerland\/","https:\/\/x.com\/Salzburgerland","https:\/\/www.instagram.com\/salzburgerland\/","http:\/\/dbpedia.org\/resource\/Salzburg_(state)","http:\/\/wikidata.dbpedia.org\/resource\/Q43325","http:\/\/open.salzburgerland.com\/de\/entity\/salzburgerland","https:\/\/www.youtube.com\/user\/salzburgerland"]}]}},"_wl_alt_label":[],"wl:entity_url":"http:\/\/open.salzburgerland.com\/de\/page\/der-gipfel-des-genusses-in-gastein-659620","_links":{"self":[{"href":"https:\/\/www.salzburgerland.com\/de\/wp-json\/wp\/v2\/pages\/659620","targetHints":{"allow":["GET"]}}],"collection":[{"href":"https:\/\/www.salzburgerland.com\/de\/wp-json\/wp\/v2\/pages"}],"about":[{"href":"https:\/\/www.salzburgerland.com\/de\/wp-json\/wp\/v2\/types\/page"}],"author":[{"embeddable":true,"href":"https:\/\/www.salzburgerland.com\/de\/wp-json\/wp\/v2\/users\/109"}],"replies":[{"embeddable":true,"href":"https:\/\/www.salzburgerland.com\/de\/wp-json\/wp\/v2\/comments?post=659620"}],"version-history":[{"count":5,"href":"https:\/\/www.salzburgerland.com\/de\/wp-json\/wp\/v2\/pages\/659620\/revisions"}],"predecessor-version":[{"id":659646,"href":"https:\/\/www.salzburgerland.com\/de\/wp-json\/wp\/v2\/pages\/659620\/revisions\/659646"}],"wp:featuredmedia":[{"embeddable":true,"href":"https:\/\/www.salzburgerland.com\/de\/wp-json\/wp\/v2\/media\/659631"}],"wp:attachment":[{"href":"https:\/\/www.salzburgerland.com\/de\/wp-json\/wp\/v2\/media?parent=659620"}],"wp:term":[{"taxonomy":"wl_entity_type","embeddable":true,"href":"https:\/\/www.salzburgerland.com\/de\/wp-json\/wp\/v2\/wl_entity_type?post=659620"}],"curies":[{"name":"wp","href":"https:\/\/api.w.org\/{rel}","templated":true}]}}