{"id":659535,"date":"2023-04-19T08:19:51","date_gmt":"2023-04-19T06:19:51","guid":{"rendered":"https:\/\/www.salzburgerland.com\/de\/?page_id=659535"},"modified":"2023-04-21T08:26:09","modified_gmt":"2023-04-21T06:26:09","slug":"mit-dem-e-bike-auf-kulinarischer-entdeckungstour-durch-saalfelden-leogang","status":"publish","type":"page","link":"https:\/\/www.salzburgerland.com\/de\/mit-dem-e-bike-auf-kulinarischer-entdeckungstour-durch-saalfelden-leogang\/","title":{"rendered":"Kulinarische E-Bike-Entdeckungstour durch Saalfelden Leogang"},"content":{"rendered":"<p>Knapp <strong>37 Kilometer<\/strong> stehen euch bei eurem Genussreise-Tag in <a href=\"https:\/\/www.salzburgerland.com\/de\/saalfelden-leogang\/\" target=\"_blank\" rel=\"noopener\"><strong>Saalfelden Leogang<\/strong><\/a> bevor, beginnend und endend beim der <strong>A-Sitz Talstation<\/strong>. Die werdet ihr <strong>dank E-Bike locker<\/strong> <strong>bew\u00e4ltigen<\/strong> \u2013 au\u00dferdem gilt auch bei dieser Genussreise im SalzburgerLand einmal mehr: <strong>Der Weg selbst ist das Ziel<\/strong>. Ein Tipp vorab: Wer sich sp\u00e4ter noch im k\u00fchlen Nass erfrischen m\u00f6chte, sollte unbedingt die <strong>Badesachen<\/strong> in den Rucksack einpacken.<\/p>\n<p>Euer erstes Ziel ist der <strong>Zieferhof und Mei Muich<\/strong>, wo ihr euch eine kleine St\u00e4rkung aus dem <strong>Gerstbodner Troadladl<\/strong> holt, bevor es hinauf zur <strong>Sinnlehenalm<\/strong> geht, wo ihr die atemberaubende Aussicht auf die <strong>Leoganger Bergwelt<\/strong> und eine <strong>Brettljause<\/strong> <strong>aus<\/strong> <strong>Alm-Spezialit\u00e4ten<\/strong> genie\u00dft. Nach einem Halt bei der <strong>Gem\u00fcseh\u00fctte des Biohofs Stechaubauer<\/strong> genie\u00dft ihr den Sprung in den <strong>Ritzensee<\/strong>, wo ihr euren flei\u00dfigen Radler-Waden etwas Entspannung g\u00f6nnt. Apropos g\u00f6nnen: Als kr\u00f6nenden Abschluss gibt es noch ein <strong>Misssi AlpenEis<\/strong> zur Belohnung.<\/p>\n<p>Wir w\u00fcnschen euch viel Vergn\u00fcgen bei eurem kulinarischen E-Bike-Tag in Saalfelden Leogang!<\/p>\n\n\t\t\t<div id=\"659535-1\" class=\"gallery gallery-659535 gallery-columns-3 gallery-size-1170_658\" itemscope itemtype=\"http:\/\/schema.org\/ImageGallery\">\n\t\t\t\t<ul class=\"gallery-row gallery-col-3 gallery-clear\">\n\t\t\t\t\t<li class=\"gallery-item col-3\" itemprop=\"associatedMedia\" itemscope itemtype=\"http:\/\/schema.org\/ImageObject\">\n\t\t\t\t\t\t<div class=\"gallery-icon landscape\"><a href=\"https:\/\/www.salzburgerland.com\/de\/wp-content\/uploads\/2023\/04\/genussreise_saalfeldenleogang-59-1920x1067.jpg\" title=\"Sinnlehenalm\"><img decoding=\"async\" data-title=\"\u00a9 SalzburgerLand Tourismus\" title=\"\u00a9 SalzburgerLand Tourismus\" data-caption=\"\u00a9 SalzburgerLand Tourismus\" width=\"1170\" height=\"658\" src=\"https:\/\/www.salzburgerland.com\/de\/wp-content\/uploads\/2023\/04\/genussreise_saalfeldenleogang-59-1170x658.jpg\" class=\"attachment-1170_658 size-1170_658\" alt=\"Mahlzeit im Freien auf einem Holztisch mit K\u00e4se, Weintrauben, Getr\u00e4nken und Menschen, die nach dem Essen greifen. (vergr\u00f6\u00dferte Ansicht)\" srcset=\"https:\/\/www.salzburgerland.com\/de\/wp-content\/uploads\/2023\/04\/genussreise_saalfeldenleogang-59-1170x658.jpg 1170w, https:\/\/www.salzburgerland.com\/de\/wp-content\/uploads\/2023\/04\/genussreise_saalfeldenleogang-59-1200x675.jpg 1200w\" sizes=\"(max-width: 1170px) 100vw, 1170px\" aria-describedby=\"figcaption-659535-659552\" itemprop=\"thumbnail\"><\/a><\/div>\n\t\t\t\t\t\t<span id=\"figcaption-659535-659552\" class=\"gallery-caption\" itemprop=\"caption\"><span aria-hidden=\"true\">\u00a9 SalzburgerLand Tourismus<\/span><\/span>\n\t\t\t\t\t<\/li>\n\t\t\t\t\t<li class=\"gallery-item col-3\" itemprop=\"associatedMedia\" itemscope itemtype=\"http:\/\/schema.org\/ImageObject\">\n\t\t\t\t\t\t<div class=\"gallery-icon landscape\"><a href=\"https:\/\/www.salzburgerland.com\/de\/wp-content\/uploads\/2023\/04\/genussreise_saalfeldenleogang-8-1920x1067.jpg\" title=\"Genussreise Saalfelden Leogang\"><img decoding=\"async\" data-title=\"\u00a9 SalzburgerLand Tourismus\" title=\"\u00a9 SalzburgerLand Tourismus\" data-caption=\"\u00a9 SalzburgerLand Tourismus\" width=\"1170\" height=\"658\" src=\"https:\/\/www.salzburgerland.com\/de\/wp-content\/uploads\/2023\/04\/genussreise_saalfeldenleogang-8-1170x658.jpg\" class=\"attachment-1170_658 size-1170_658\" alt=\"Drei Radfahrer fahren auf einer Landstra\u00dfe, vorbei an einem Chalet mit Bergen und B\u00e4umen im Hintergrund. (vergr\u00f6\u00dferte Ansicht)\" srcset=\"https:\/\/www.salzburgerland.com\/de\/wp-content\/uploads\/2023\/04\/genussreise_saalfeldenleogang-8-1170x658.jpg 1170w, https:\/\/www.salzburgerland.com\/de\/wp-content\/uploads\/2023\/04\/genussreise_saalfeldenleogang-8-1200x675.jpg 1200w\" sizes=\"(max-width: 1170px) 100vw, 1170px\" aria-describedby=\"figcaption-659535-659551\" itemprop=\"thumbnail\"><\/a><\/div>\n\t\t\t\t\t\t<span id=\"figcaption-659535-659551\" class=\"gallery-caption\" itemprop=\"caption\"><span aria-hidden=\"true\">\u00a9 SalzburgerLand Tourismus<\/span><\/span>\n\t\t\t\t\t<\/li>\n\t\t\t\t\t<li class=\"gallery-item col-3\" itemprop=\"associatedMedia\" itemscope itemtype=\"http:\/\/schema.org\/ImageObject\">\n\t\t\t\t\t\t<div class=\"gallery-icon landscape\"><a href=\"https:\/\/www.salzburgerland.com\/de\/wp-content\/uploads\/2023\/04\/genussreise_saalfeldenleogang-85-1920x1067.jpg\" title=\"Misssi PremiumEis\"><img decoding=\"async\" data-title=\"\u00a9 SalzburgerLand Tourismus\" title=\"\u00a9 SalzburgerLand Tourismus\" data-caption=\"\u00a9 SalzburgerLand Tourismus\" width=\"1170\" height=\"658\" src=\"https:\/\/www.salzburgerland.com\/de\/wp-content\/uploads\/2023\/04\/genussreise_saalfeldenleogang-85-1170x658.jpg\" class=\"attachment-1170_658 size-1170_658\" alt=\"Eine Person l\u00f6ffelt in einem Eiscaf\u00e9 graues Eis in eine Waffelt\u00fcte. (vergr\u00f6\u00dferte Ansicht)\" srcset=\"https:\/\/www.salzburgerland.com\/de\/wp-content\/uploads\/2023\/04\/genussreise_saalfeldenleogang-85-1170x658.jpg 1170w, https:\/\/www.salzburgerland.com\/de\/wp-content\/uploads\/2023\/04\/genussreise_saalfeldenleogang-85-1200x675.jpg 1200w\" sizes=\"(max-width: 1170px) 100vw, 1170px\" aria-describedby=\"figcaption-659535-659555\" itemprop=\"thumbnail\"><\/a><\/div>\n\t\t\t\t\t\t<span id=\"figcaption-659535-659555\" class=\"gallery-caption\" itemprop=\"caption\"><span aria-hidden=\"true\">\u00a9 SalzburgerLand Tourismus<\/span><\/span>\n\t\t\t\t\t<\/li>\n\t\t\t\t<\/ul>\n\t\t\t<\/div><!-- .gallery -->\n\n","protected":false},"excerpt":{"rendered":"<p>Knapp 37 Kilometer stehen euch bei eurem Genussreise-Tag in Saalfelden Leogang bevor, beginnend und endend beim der A-Sitz Talstation. Die werdet ihr dank E-Bike locker bew\u00e4ltigen \u2013 au\u00dferdem gilt auch bei dieser Genussreise im SalzburgerLand einmal mehr: Der Weg selbst ist das Ziel. Ein Tipp vorab: Wer sich sp\u00e4ter noch im k\u00fchlen Nass erfrischen m\u00f6chte, [&hellip;]<\/p>\n","protected":false},"author":109,"featured_media":659537,"parent":0,"menu_order":0,"comment_status":"closed","ping_status":"closed","template":"","meta":{"_acf_changed":false,"wl_entities_gutenberg":"","_relevanssi_hide_post":"","_relevanssi_hide_content":"","_relevanssi_pin_for_all":"","_relevanssi_pin_keywords":"","_relevanssi_unpin_keywords":"","_relevanssi_related_keywords":"","_relevanssi_related_include_ids":"","_relevanssi_related_exclude_ids":"","_relevanssi_related_no_append":"","_relevanssi_related_not_related":"","_relevanssi_related_posts":"","_relevanssi_noindex_reason":"","footnotes":""},"wl_entity_type":[11495],"class_list":["post-659535","page","type-page","status-publish","has-post-thumbnail","hentry","wl_entity_type-article"],"acf":[],"yoast_head":"<!-- This site is optimized with the Yoast SEO Premium plugin v26.9 (Yoast SEO v26.9) - https:\/\/yoast.com\/product\/yoast-seo-premium-wordpress\/ -->\n<title>Kulinarische E-Bike-Entdeckungstour durch Saalfelden Leogang \u00bb SalzburgerLand.com<\/title>\n<meta name=\"robots\" content=\"index, follow, max-snippet:-1, max-image-preview:large, max-video-preview:-1\" \/>\n<link rel=\"canonical\" href=\"https:\/\/www.salzburgerland.com\/de\/wp-json\/wp\/v2\/pages\/659535\" \/>\n<meta property=\"og:locale\" content=\"de_DE\" \/>\n<meta property=\"og:type\" content=\"article\" \/>\n<meta property=\"og:title\" content=\"Kulinarische E-Bike-Entdeckungstour durch Saalfelden Leogang\" \/>\n<meta property=\"og:description\" content=\"W\u00e4hrend ihr mit dem E-Bike Saalfelden Leogang erkundet, macht ihr Zwischenstopps bei Genuss-Handwerkern und -Produzenten der Region.\" \/>\n<meta property=\"og:url\" content=\"https:\/\/www.salzburgerland.com\/de\/wp-json\/wp\/v2\/pages\/659535\" \/>\n<meta property=\"og:site_name\" content=\"SalzburgerLand.com\" \/>\n<meta property=\"article:publisher\" content=\"https:\/\/www.facebook.com\/salzburgerland\/\" \/>\n<meta property=\"article:modified_time\" content=\"2023-04-21T06:26:09+00:00\" \/>\n<meta property=\"og:image\" content=\"https:\/\/www.salzburgerland.com\/de\/wp-content\/uploads\/2023\/04\/genussreise_saalfeldenleogang-41-1200x675.jpg\" \/>\n\t<meta property=\"og:image:width\" content=\"1200\" \/>\n\t<meta property=\"og:image:height\" content=\"675\" \/>\n\t<meta property=\"og:image:type\" content=\"image\/jpeg\" \/>\n<meta name=\"twitter:card\" content=\"summary_large_image\" \/>\n<meta name=\"twitter:site\" content=\"@Salzburgerland\" \/>\n<meta name=\"twitter:label1\" content=\"Gesch\u00e4tzte Lesezeit\" \/>\n\t<meta name=\"twitter:data1\" content=\"1\u00a0Minute\" \/>\n<script type=\"application\/ld+json\" class=\"yoast-schema-graph\">{\"@context\":\"https:\/\/schema.org\",\"@graph\":[{\"@type\":\"WebPage\",\"@id\":\"https:\/\/www.salzburgerland.com\/de\/mit-dem-e-bike-auf-kulinarischer-entdeckungstour-durch-saalfelden-leogang\/\",\"url\":\"https:\/\/www.salzburgerland.com\/de\/mit-dem-e-bike-auf-kulinarischer-entdeckungstour-durch-saalfelden-leogang\/\",\"name\":\"Kulinarische E-Bike-Entdeckungstour durch Saalfelden Leogang \u00bb SalzburgerLand.com\",\"isPartOf\":{\"@id\":\"https:\/\/www.salzburgerland.com\/de\/#website\"},\"primaryImageOfPage\":{\"@id\":\"https:\/\/www.salzburgerland.com\/de\/mit-dem-e-bike-auf-kulinarischer-entdeckungstour-durch-saalfelden-leogang\/#primaryimage\"},\"image\":{\"@id\":\"https:\/\/www.salzburgerland.com\/de\/mit-dem-e-bike-auf-kulinarischer-entdeckungstour-durch-saalfelden-leogang\/#primaryimage\"},\"thumbnailUrl\":\"https:\/\/www.salzburgerland.com\/de\/wp-content\/uploads\/2023\/04\/genussreise_saalfeldenleogang-41-scaled.jpg\",\"datePublished\":\"2023-04-19T06:19:51+00:00\",\"dateModified\":\"2023-04-21T06:26:09+00:00\",\"description\":\"W\u00e4hrend ihr mit dem E-Bike Saalfelden Leogang erkundet, macht ihr Zwischenstopps bei Genuss-Handwerkern und -Produzenten der Region.\",\"inLanguage\":\"de\",\"potentialAction\":[{\"@type\":\"ReadAction\",\"target\":[\"https:\/\/www.salzburgerland.com\/de\/mit-dem-e-bike-auf-kulinarischer-entdeckungstour-durch-saalfelden-leogang\/\"]}]},{\"@type\":\"ImageObject\",\"inLanguage\":\"de\",\"@id\":\"https:\/\/www.salzburgerland.com\/de\/mit-dem-e-bike-auf-kulinarischer-entdeckungstour-durch-saalfelden-leogang\/#primaryimage\",\"url\":\"https:\/\/www.salzburgerland.com\/de\/wp-content\/uploads\/2023\/04\/genussreise_saalfeldenleogang-41-scaled.jpg\",\"contentUrl\":\"https:\/\/www.salzburgerland.com\/de\/wp-content\/uploads\/2023\/04\/genussreise_saalfeldenleogang-41-scaled.jpg\",\"width\":1920,\"height\":1279,\"caption\":\"Eine von B\u00e4umen umgebene Bergh\u00fctte, mit entfernten D\u00f6rfern und gro\u00dfen Bergen im Hintergrund.\"},{\"@type\":\"WebSite\",\"@id\":\"https:\/\/www.salzburgerland.com\/de\/#website\",\"url\":\"https:\/\/www.salzburgerland.com\/de\/\",\"name\":\"SalzburgerLand.com\",\"description\":\"Ihr Urlaub in Salzburg, \u00d6sterreich\",\"publisher\":{\"@id\":\"https:\/\/www.salzburgerland.com\/de\/#organization\"},\"potentialAction\":[{\"@type\":\"SearchAction\",\"target\":{\"@type\":\"EntryPoint\",\"urlTemplate\":\"https:\/\/www.salzburgerland.com\/de\/?s={search_term_string}\"},\"query-input\":{\"@type\":\"PropertyValueSpecification\",\"valueRequired\":true,\"valueName\":\"search_term_string\"}}],\"inLanguage\":\"de\"},{\"@type\":\"Organization\",\"@id\":\"https:\/\/www.salzburgerland.com\/de\/#organization\",\"name\":\"SalzburgerLand Tourismus GmbH\",\"url\":\"https:\/\/www.salzburgerland.com\/de\/\",\"logo\":{\"@type\":\"ImageObject\",\"inLanguage\":\"de\",\"@id\":\"https:\/\/www.salzburgerland.com\/de\/#\/schema\/logo\/image\/\",\"url\":\"https:\/\/www.salzburgerland.com\/de\/wp-content\/uploads\/2017\/01\/salzburgerland-logo.jpg\",\"contentUrl\":\"https:\/\/www.salzburgerland.com\/de\/wp-content\/uploads\/2017\/01\/salzburgerland-logo.jpg\",\"width\":1920,\"height\":827,\"caption\":\"SalzburgerLand Tourismus GmbH\"},\"image\":{\"@id\":\"https:\/\/www.salzburgerland.com\/de\/#\/schema\/logo\/image\/\"},\"sameAs\":[\"https:\/\/www.facebook.com\/salzburgerland\/\",\"https:\/\/x.com\/Salzburgerland\",\"https:\/\/www.instagram.com\/salzburgerland\/\",\"http:\/\/dbpedia.org\/resource\/Salzburg_(state)\",\"http:\/\/wikidata.dbpedia.org\/resource\/Q43325\",\"http:\/\/open.salzburgerland.com\/de\/entity\/salzburgerland\",\"https:\/\/www.youtube.com\/user\/salzburgerland\"]}]}<\/script>\n<!-- \/ Yoast SEO Premium plugin. -->","yoast_head_json":{"title":"Kulinarische E-Bike-Entdeckungstour durch Saalfelden Leogang \u00bb SalzburgerLand.com","robots":{"index":"index","follow":"follow","max-snippet":"max-snippet:-1","max-image-preview":"max-image-preview:large","max-video-preview":"max-video-preview:-1"},"canonical":"https:\/\/www.salzburgerland.com\/de\/wp-json\/wp\/v2\/pages\/659535","og_locale":"de_DE","og_type":"article","og_title":"Kulinarische E-Bike-Entdeckungstour durch Saalfelden Leogang","og_description":"W\u00e4hrend ihr mit dem E-Bike Saalfelden Leogang erkundet, macht ihr Zwischenstopps bei Genuss-Handwerkern und -Produzenten der Region.","og_url":"https:\/\/www.salzburgerland.com\/de\/wp-json\/wp\/v2\/pages\/659535","og_site_name":"SalzburgerLand.com","article_publisher":"https:\/\/www.facebook.com\/salzburgerland\/","article_modified_time":"2023-04-21T06:26:09+00:00","og_image":[{"width":1200,"height":675,"url":"https:\/\/www.salzburgerland.com\/de\/wp-content\/uploads\/2023\/04\/genussreise_saalfeldenleogang-41-1200x675.jpg","type":"image\/jpeg"}],"twitter_card":"summary_large_image","twitter_site":"@Salzburgerland","twitter_misc":{"Gesch\u00e4tzte Lesezeit":"1\u00a0Minute"},"schema":{"@context":"https:\/\/schema.org","@graph":[{"@type":"WebPage","@id":"https:\/\/www.salzburgerland.com\/de\/mit-dem-e-bike-auf-kulinarischer-entdeckungstour-durch-saalfelden-leogang\/","url":"https:\/\/www.salzburgerland.com\/de\/mit-dem-e-bike-auf-kulinarischer-entdeckungstour-durch-saalfelden-leogang\/","name":"Kulinarische E-Bike-Entdeckungstour durch Saalfelden Leogang \u00bb SalzburgerLand.com","isPartOf":{"@id":"https:\/\/www.salzburgerland.com\/de\/#website"},"primaryImageOfPage":{"@id":"https:\/\/www.salzburgerland.com\/de\/mit-dem-e-bike-auf-kulinarischer-entdeckungstour-durch-saalfelden-leogang\/#primaryimage"},"image":{"@id":"https:\/\/www.salzburgerland.com\/de\/mit-dem-e-bike-auf-kulinarischer-entdeckungstour-durch-saalfelden-leogang\/#primaryimage"},"thumbnailUrl":"https:\/\/www.salzburgerland.com\/de\/wp-content\/uploads\/2023\/04\/genussreise_saalfeldenleogang-41-scaled.jpg","datePublished":"2023-04-19T06:19:51+00:00","dateModified":"2023-04-21T06:26:09+00:00","description":"W\u00e4hrend ihr mit dem E-Bike Saalfelden Leogang erkundet, macht ihr Zwischenstopps bei Genuss-Handwerkern und -Produzenten der Region.","inLanguage":"de","potentialAction":[{"@type":"ReadAction","target":["https:\/\/www.salzburgerland.com\/de\/mit-dem-e-bike-auf-kulinarischer-entdeckungstour-durch-saalfelden-leogang\/"]}]},{"@type":"ImageObject","inLanguage":"de","@id":"https:\/\/www.salzburgerland.com\/de\/mit-dem-e-bike-auf-kulinarischer-entdeckungstour-durch-saalfelden-leogang\/#primaryimage","url":"https:\/\/www.salzburgerland.com\/de\/wp-content\/uploads\/2023\/04\/genussreise_saalfeldenleogang-41-scaled.jpg","contentUrl":"https:\/\/www.salzburgerland.com\/de\/wp-content\/uploads\/2023\/04\/genussreise_saalfeldenleogang-41-scaled.jpg","width":1920,"height":1279,"caption":"Eine von B\u00e4umen umgebene Bergh\u00fctte, mit entfernten D\u00f6rfern und gro\u00dfen Bergen im Hintergrund."},{"@type":"WebSite","@id":"https:\/\/www.salzburgerland.com\/de\/#website","url":"https:\/\/www.salzburgerland.com\/de\/","name":"SalzburgerLand.com","description":"Ihr Urlaub in Salzburg, \u00d6sterreich","publisher":{"@id":"https:\/\/www.salzburgerland.com\/de\/#organization"},"potentialAction":[{"@type":"SearchAction","target":{"@type":"EntryPoint","urlTemplate":"https:\/\/www.salzburgerland.com\/de\/?s={search_term_string}"},"query-input":{"@type":"PropertyValueSpecification","valueRequired":true,"valueName":"search_term_string"}}],"inLanguage":"de"},{"@type":"Organization","@id":"https:\/\/www.salzburgerland.com\/de\/#organization","name":"SalzburgerLand Tourismus GmbH","url":"https:\/\/www.salzburgerland.com\/de\/","logo":{"@type":"ImageObject","inLanguage":"de","@id":"https:\/\/www.salzburgerland.com\/de\/#\/schema\/logo\/image\/","url":"https:\/\/www.salzburgerland.com\/de\/wp-content\/uploads\/2017\/01\/salzburgerland-logo.jpg","contentUrl":"https:\/\/www.salzburgerland.com\/de\/wp-content\/uploads\/2017\/01\/salzburgerland-logo.jpg","width":1920,"height":827,"caption":"SalzburgerLand Tourismus GmbH"},"image":{"@id":"https:\/\/www.salzburgerland.com\/de\/#\/schema\/logo\/image\/"},"sameAs":["https:\/\/www.facebook.com\/salzburgerland\/","https:\/\/x.com\/Salzburgerland","https:\/\/www.instagram.com\/salzburgerland\/","http:\/\/dbpedia.org\/resource\/Salzburg_(state)","http:\/\/wikidata.dbpedia.org\/resource\/Q43325","http:\/\/open.salzburgerland.com\/de\/entity\/salzburgerland","https:\/\/www.youtube.com\/user\/salzburgerland"]}]}},"_wl_alt_label":[],"wl:entity_url":"http:\/\/open.salzburgerland.com\/de\/page\/mit-dem-e-bike-auf-kulinarischer-entdeckungstour-durch-saalfelden-leogang-659535","_links":{"self":[{"href":"https:\/\/www.salzburgerland.com\/de\/wp-json\/wp\/v2\/pages\/659535","targetHints":{"allow":["GET"]}}],"collection":[{"href":"https:\/\/www.salzburgerland.com\/de\/wp-json\/wp\/v2\/pages"}],"about":[{"href":"https:\/\/www.salzburgerland.com\/de\/wp-json\/wp\/v2\/types\/page"}],"author":[{"embeddable":true,"href":"https:\/\/www.salzburgerland.com\/de\/wp-json\/wp\/v2\/users\/109"}],"replies":[{"embeddable":true,"href":"https:\/\/www.salzburgerland.com\/de\/wp-json\/wp\/v2\/comments?post=659535"}],"version-history":[{"count":5,"href":"https:\/\/www.salzburgerland.com\/de\/wp-json\/wp\/v2\/pages\/659535\/revisions"}],"predecessor-version":[{"id":659619,"href":"https:\/\/www.salzburgerland.com\/de\/wp-json\/wp\/v2\/pages\/659535\/revisions\/659619"}],"wp:featuredmedia":[{"embeddable":true,"href":"https:\/\/www.salzburgerland.com\/de\/wp-json\/wp\/v2\/media\/659537"}],"wp:attachment":[{"href":"https:\/\/www.salzburgerland.com\/de\/wp-json\/wp\/v2\/media?parent=659535"}],"wp:term":[{"taxonomy":"wl_entity_type","embeddable":true,"href":"https:\/\/www.salzburgerland.com\/de\/wp-json\/wp\/v2\/wl_entity_type?post=659535"}],"curies":[{"name":"wp","href":"https:\/\/api.w.org\/{rel}","templated":true}]}}