{"id":659479,"date":"2023-04-18T19:26:31","date_gmt":"2023-04-18T17:26:31","guid":{"rendered":"https:\/\/www.salzburgerland.com\/de\/?page_id=659479"},"modified":"2023-04-19T08:52:16","modified_gmt":"2023-04-19T06:52:16","slug":"genuss-kultur-geschichte-im-tennengau-hautnah-erleben","status":"publish","type":"page","link":"https:\/\/www.salzburgerland.com\/de\/genuss-kultur-geschichte-im-tennengau-hautnah-erleben\/","title":{"rendered":"Genuss, Kultur &#038; Geschichte im Tennengau hautnah erleben"},"content":{"rendered":"<p>Eure Genussreise f\u00fchrt euch <strong>zwei Tage <\/strong>lang zu au\u00dfergew\u00f6hnlichen <strong>kulinarischen Erlebnissen<\/strong>, <strong>beeindruckenden Naturschauspielen<\/strong> und <strong>kulturellen Highlights<\/strong> im <a href=\"https:\/\/www.salzburgerland.com\/de\/genuss-erlebnis-im-tennengau\/\" target=\"_blank\" rel=\"noopener\"><strong>Tennengau<\/strong><\/a> im SalzburgerLand.<\/p>\n<p>Los geht\u2019s beim <strong>Alpine Cuisine Botschafter und Spitzenkoch Andreas D\u00f6llerer<\/strong>, der euch in seinen <strong>D\u00f6llerer Genusswelten<\/strong> willkommen hei\u00dft. Dort genie\u00dft ihr neben einen <strong>4-Gang-Souper<\/strong> auch eine <strong>Veranstaltung der Gollinger Festspiele<\/strong>, die in der nahegelegenen Burg Golling stattfindet.<\/p>\n<p>Tag 2 eurer Genussreise f\u00fchrt euch zum Naturschauspiel <strong>Gollinger Wasserfall<\/strong>, bevor es zum familiengef\u00fchrten <strong>Jadorferwirt zum Mittagessen<\/strong> geht, wo euch Josef Ramsauer jun. und Josef sen. bekochen. Der weitere Weg f\u00fchrt euch in die <strong>Tennengauer Bezirkshauptstadt Hallein<\/strong>, wo ihr im <strong>Hofbr\u00e4u Kaltenhausen<\/strong> die Halleiner Bierkultur genie\u00dft, den <strong>historischen Stadtkern von Hallein<\/strong> erkundet und im <strong>Bistro Salzkr\u00e4merei<\/strong> im The Salt den Nachmittags-Kaffee und leckere Tartes genie\u00dft.<\/p>\n<p>Nach einem Besuch der <strong>Brennerei Guglhof<\/strong> erwartet euch zum Abschluss ein Chef\u2019s Choice Men\u00fc in der <strong>Genusskr\u00e4merei <\/strong>von Aaron Priewasser. Viel Vergn\u00fcgen auf eurer Reise durch den Tennengau, wo ihr Genuss, Kultur und Geschichte hautnah erleben werdet.<\/p>\n\n\t\t\t<div id=\"659479-1\" class=\"gallery gallery-659479 gallery-columns-3 gallery-size-1170_658\" itemscope itemtype=\"http:\/\/schema.org\/ImageGallery\">\n\t\t\t\t<ul class=\"gallery-row gallery-col-3 gallery-clear\">\n\t\t\t\t\t<li class=\"gallery-item col-3\" itemprop=\"associatedMedia\" itemscope itemtype=\"http:\/\/schema.org\/ImageObject\">\n\t\t\t\t\t\t<div class=\"gallery-icon landscape\"><a href=\"https:\/\/www.salzburgerland.com\/de\/wp-content\/uploads\/2023\/04\/genussreise_tennengau-40-1920x1067.jpg\" title=\"Jadorferwirt\"><img decoding=\"async\" data-title=\"\u00a9 SalzburgerLand Tourismus\" title=\"\u00a9 SalzburgerLand Tourismus\" data-caption=\"\u00a9 SalzburgerLand Tourismus\" width=\"1170\" height=\"658\" src=\"https:\/\/www.salzburgerland.com\/de\/wp-content\/uploads\/2023\/04\/genussreise_tennengau-40-1170x658.jpg\" class=\"attachment-1170_658 size-1170_658\" alt=\"Die Hand eines Kochs, der gebratenen Fisch mit N\u00fcssen, Gr\u00fcnzeug und Gem\u00fcsew\u00fcrfeln auf einem wei\u00dfen Teller anrichtet. (vergr\u00f6\u00dferte Ansicht)\" srcset=\"https:\/\/www.salzburgerland.com\/de\/wp-content\/uploads\/2023\/04\/genussreise_tennengau-40-1170x658.jpg 1170w, https:\/\/www.salzburgerland.com\/de\/wp-content\/uploads\/2023\/04\/genussreise_tennengau-40-1200x675.jpg 1200w\" sizes=\"(max-width: 1170px) 100vw, 1170px\" aria-describedby=\"figcaption-659479-659515\" itemprop=\"thumbnail\"><\/a><\/div>\n\t\t\t\t\t\t<span id=\"figcaption-659479-659515\" class=\"gallery-caption\" itemprop=\"caption\"><span aria-hidden=\"true\">\u00a9 SalzburgerLand Tourismus<\/span><\/span>\n\t\t\t\t\t<\/li>\n\t\t\t\t\t<li class=\"gallery-item col-3\" itemprop=\"associatedMedia\" itemscope itemtype=\"http:\/\/schema.org\/ImageObject\">\n\t\t\t\t\t\t<div class=\"gallery-icon landscape\"><a href=\"https:\/\/www.salzburgerland.com\/de\/wp-content\/uploads\/2023\/04\/genussreise_tennengau-167-1920x1067.jpg\" title=\"Brennerei Guglhof\"><img decoding=\"async\" data-title=\"\u00a9 SalzburgerLand Tourismus\" title=\"\u00a9 SalzburgerLand Tourismus\" data-caption=\"\u00a9 SalzburgerLand Tourismus\" width=\"1170\" height=\"658\" src=\"https:\/\/www.salzburgerland.com\/de\/wp-content\/uploads\/2023\/04\/genussreise_tennengau-167-1170x658.jpg\" class=\"attachment-1170_658 size-1170_658\" alt=\"Drei Personen unterhalten sich in einem Weinkeller, in dem gro\u00dfe Holzf\u00e4sser an Steinw\u00e4nden gestapelt sind. (vergr\u00f6\u00dferte Ansicht)\" srcset=\"https:\/\/www.salzburgerland.com\/de\/wp-content\/uploads\/2023\/04\/genussreise_tennengau-167-1170x658.jpg 1170w, https:\/\/www.salzburgerland.com\/de\/wp-content\/uploads\/2023\/04\/genussreise_tennengau-167-1200x675.jpg 1200w\" sizes=\"(max-width: 1170px) 100vw, 1170px\" aria-describedby=\"figcaption-659479-659514\" itemprop=\"thumbnail\"><\/a><\/div>\n\t\t\t\t\t\t<span id=\"figcaption-659479-659514\" class=\"gallery-caption\" itemprop=\"caption\"><span aria-hidden=\"true\">\u00a9 SalzburgerLand Tourismus<\/span><\/span>\n\t\t\t\t\t<\/li>\n\t\t\t\t\t<li class=\"gallery-item col-3\" itemprop=\"associatedMedia\" itemscope itemtype=\"http:\/\/schema.org\/ImageObject\">\n\t\t\t\t\t\t<div class=\"gallery-icon landscape\"><a href=\"https:\/\/www.salzburgerland.com\/de\/wp-content\/uploads\/2023\/04\/genussreise_tennengau-148-1920x1067.jpg\" title=\"Genussrk\u00e4merei\"><img decoding=\"async\" data-title=\"\u00a9 SalzburgerLand Tourismus\" title=\"\u00a9 SalzburgerLand Tourismus\" data-caption=\"\u00a9 SalzburgerLand Tourismus\" width=\"1170\" height=\"658\" src=\"https:\/\/www.salzburgerland.com\/de\/wp-content\/uploads\/2023\/04\/genussreise_tennengau-148-1170x658.jpg\" class=\"attachment-1170_658 size-1170_658\" alt=\"Eine Person, die an einem Holztisch mit Wasser- und Weingl\u00e4sern ein Gourmet-Steak isst. (vergr\u00f6\u00dferte Ansicht)\" srcset=\"https:\/\/www.salzburgerland.com\/de\/wp-content\/uploads\/2023\/04\/genussreise_tennengau-148-1170x658.jpg 1170w, https:\/\/www.salzburgerland.com\/de\/wp-content\/uploads\/2023\/04\/genussreise_tennengau-148-1200x675.jpg 1200w\" sizes=\"(max-width: 1170px) 100vw, 1170px\" aria-describedby=\"figcaption-659479-659513\" itemprop=\"thumbnail\"><\/a><\/div>\n\t\t\t\t\t\t<span id=\"figcaption-659479-659513\" class=\"gallery-caption\" itemprop=\"caption\"><span aria-hidden=\"true\">\u00a9 SalzburgerLand Tourismus<\/span><\/span>\n\t\t\t\t\t<\/li>\n\t\t\t\t<\/ul>\n\t\t\t<\/div><!-- .gallery -->\n\n","protected":false},"excerpt":{"rendered":"<p>Eure Genussreise f\u00fchrt euch zwei Tage lang zu au\u00dfergew\u00f6hnlichen kulinarischen Erlebnissen, beeindruckenden Naturschauspielen und kulturellen Highlights im Tennengau im SalzburgerLand. Los geht\u2019s beim Alpine Cuisine Botschafter und Spitzenkoch Andreas D\u00f6llerer, der euch in seinen D\u00f6llerer Genusswelten willkommen hei\u00dft. Dort genie\u00dft ihr neben einen 4-Gang-Souper auch eine Veranstaltung der Gollinger Festspiele, die in der nahegelegenen Burg [&hellip;]<\/p>\n","protected":false},"author":109,"featured_media":659481,"parent":0,"menu_order":0,"comment_status":"closed","ping_status":"closed","template":"","meta":{"_acf_changed":false,"wl_entities_gutenberg":"","_relevanssi_hide_post":"","_relevanssi_hide_content":"","_relevanssi_pin_for_all":"","_relevanssi_pin_keywords":"","_relevanssi_unpin_keywords":"","_relevanssi_related_keywords":"","_relevanssi_related_include_ids":"","_relevanssi_related_exclude_ids":"","_relevanssi_related_no_append":"","_relevanssi_related_not_related":"","_relevanssi_related_posts":"","_relevanssi_noindex_reason":"","footnotes":""},"wl_entity_type":[11495],"class_list":["post-659479","page","type-page","status-publish","has-post-thumbnail","hentry","wl_entity_type-article"],"acf":[],"yoast_head":"<!-- This site is optimized with the Yoast SEO Premium plugin v26.9 (Yoast SEO v26.9) - https:\/\/yoast.com\/product\/yoast-seo-premium-wordpress\/ -->\n<title>Genuss, Kultur &amp; Geschichte im Tennengau hautnah erleben \u00bb SalzburgerLand.com<\/title>\n<meta name=\"robots\" content=\"index, follow, max-snippet:-1, max-image-preview:large, max-video-preview:-1\" \/>\n<link rel=\"canonical\" href=\"https:\/\/www.salzburgerland.com\/de\/wp-json\/wp\/v2\/pages\/659479\" \/>\n<meta property=\"og:locale\" content=\"de_DE\" \/>\n<meta property=\"og:type\" content=\"article\" \/>\n<meta property=\"og:title\" content=\"Genuss, Kultur &amp; Geschichte im Tennengau hautnah erleben\" \/>\n<meta property=\"og:description\" content=\"Alpine K\u00fcche trifft auf Gollinger Festspiele, ein atemberaubender Wasserfall auf regionale Wirtshausgen\u00fcsse vom Feinsten und Kulturgeschichte auf (Sightsseing-)Leckerbissen.\" \/>\n<meta property=\"og:url\" content=\"https:\/\/www.salzburgerland.com\/de\/wp-json\/wp\/v2\/pages\/659479\" \/>\n<meta property=\"og:site_name\" content=\"SalzburgerLand.com\" \/>\n<meta property=\"article:publisher\" content=\"https:\/\/www.facebook.com\/salzburgerland\/\" \/>\n<meta property=\"article:modified_time\" content=\"2023-04-19T06:52:16+00:00\" \/>\n<meta property=\"og:image\" content=\"https:\/\/www.salzburgerland.com\/de\/wp-content\/uploads\/2023\/04\/genussreise_tennengau-108-1200x675.jpg\" \/>\n\t<meta property=\"og:image:width\" content=\"1200\" \/>\n\t<meta property=\"og:image:height\" content=\"675\" \/>\n\t<meta property=\"og:image:type\" content=\"image\/jpeg\" \/>\n<meta name=\"twitter:card\" content=\"summary_large_image\" \/>\n<meta name=\"twitter:site\" content=\"@Salzburgerland\" \/>\n<meta name=\"twitter:label1\" content=\"Gesch\u00e4tzte Lesezeit\" \/>\n\t<meta name=\"twitter:data1\" content=\"1\u00a0Minute\" \/>\n<script type=\"application\/ld+json\" class=\"yoast-schema-graph\">{\"@context\":\"https:\/\/schema.org\",\"@graph\":[{\"@type\":\"WebPage\",\"@id\":\"https:\/\/www.salzburgerland.com\/de\/genuss-kultur-geschichte-im-tennengau-hautnah-erleben\/\",\"url\":\"https:\/\/www.salzburgerland.com\/de\/genuss-kultur-geschichte-im-tennengau-hautnah-erleben\/\",\"name\":\"Genuss, Kultur & Geschichte im Tennengau hautnah erleben \u00bb SalzburgerLand.com\",\"isPartOf\":{\"@id\":\"https:\/\/www.salzburgerland.com\/de\/#website\"},\"primaryImageOfPage\":{\"@id\":\"https:\/\/www.salzburgerland.com\/de\/genuss-kultur-geschichte-im-tennengau-hautnah-erleben\/#primaryimage\"},\"image\":{\"@id\":\"https:\/\/www.salzburgerland.com\/de\/genuss-kultur-geschichte-im-tennengau-hautnah-erleben\/#primaryimage\"},\"thumbnailUrl\":\"https:\/\/www.salzburgerland.com\/de\/wp-content\/uploads\/2023\/04\/genussreise_tennengau-108-scaled.jpg\",\"datePublished\":\"2023-04-18T17:26:31+00:00\",\"dateModified\":\"2023-04-19T06:52:16+00:00\",\"description\":\"Alpine K\u00fcche trifft auf Gollinger Festspiele, ein atemberaubender Wasserfall auf regionale Wirtshausgen\u00fcsse vom Feinsten und Kulturgeschichte auf (Sightsseing-)Leckerbissen.\",\"inLanguage\":\"de\",\"potentialAction\":[{\"@type\":\"ReadAction\",\"target\":[\"https:\/\/www.salzburgerland.com\/de\/genuss-kultur-geschichte-im-tennengau-hautnah-erleben\/\"]}]},{\"@type\":\"ImageObject\",\"inLanguage\":\"de\",\"@id\":\"https:\/\/www.salzburgerland.com\/de\/genuss-kultur-geschichte-im-tennengau-hautnah-erleben\/#primaryimage\",\"url\":\"https:\/\/www.salzburgerland.com\/de\/wp-content\/uploads\/2023\/04\/genussreise_tennengau-108-scaled.jpg\",\"contentUrl\":\"https:\/\/www.salzburgerland.com\/de\/wp-content\/uploads\/2023\/04\/genussreise_tennengau-108-scaled.jpg\",\"width\":1920,\"height\":1280,\"caption\":\"\u00a9 SalzburgerLand Tourismus\"},{\"@type\":\"WebSite\",\"@id\":\"https:\/\/www.salzburgerland.com\/de\/#website\",\"url\":\"https:\/\/www.salzburgerland.com\/de\/\",\"name\":\"SalzburgerLand.com\",\"description\":\"Ihr Urlaub in Salzburg, \u00d6sterreich\",\"publisher\":{\"@id\":\"https:\/\/www.salzburgerland.com\/de\/#organization\"},\"potentialAction\":[{\"@type\":\"SearchAction\",\"target\":{\"@type\":\"EntryPoint\",\"urlTemplate\":\"https:\/\/www.salzburgerland.com\/de\/?s={search_term_string}\"},\"query-input\":{\"@type\":\"PropertyValueSpecification\",\"valueRequired\":true,\"valueName\":\"search_term_string\"}}],\"inLanguage\":\"de\"},{\"@type\":\"Organization\",\"@id\":\"https:\/\/www.salzburgerland.com\/de\/#organization\",\"name\":\"SalzburgerLand Tourismus GmbH\",\"url\":\"https:\/\/www.salzburgerland.com\/de\/\",\"logo\":{\"@type\":\"ImageObject\",\"inLanguage\":\"de\",\"@id\":\"https:\/\/www.salzburgerland.com\/de\/#\/schema\/logo\/image\/\",\"url\":\"https:\/\/www.salzburgerland.com\/de\/wp-content\/uploads\/2017\/01\/salzburgerland-logo.jpg\",\"contentUrl\":\"https:\/\/www.salzburgerland.com\/de\/wp-content\/uploads\/2017\/01\/salzburgerland-logo.jpg\",\"width\":1920,\"height\":827,\"caption\":\"SalzburgerLand Tourismus GmbH\"},\"image\":{\"@id\":\"https:\/\/www.salzburgerland.com\/de\/#\/schema\/logo\/image\/\"},\"sameAs\":[\"https:\/\/www.facebook.com\/salzburgerland\/\",\"https:\/\/x.com\/Salzburgerland\",\"https:\/\/www.instagram.com\/salzburgerland\/\",\"http:\/\/dbpedia.org\/resource\/Salzburg_(state)\",\"http:\/\/wikidata.dbpedia.org\/resource\/Q43325\",\"http:\/\/open.salzburgerland.com\/de\/entity\/salzburgerland\",\"https:\/\/www.youtube.com\/user\/salzburgerland\"]}]}<\/script>\n<!-- \/ Yoast SEO Premium plugin. -->","yoast_head_json":{"title":"Genuss, Kultur & Geschichte im Tennengau hautnah erleben \u00bb SalzburgerLand.com","robots":{"index":"index","follow":"follow","max-snippet":"max-snippet:-1","max-image-preview":"max-image-preview:large","max-video-preview":"max-video-preview:-1"},"canonical":"https:\/\/www.salzburgerland.com\/de\/wp-json\/wp\/v2\/pages\/659479","og_locale":"de_DE","og_type":"article","og_title":"Genuss, Kultur & Geschichte im Tennengau hautnah erleben","og_description":"Alpine K\u00fcche trifft auf Gollinger Festspiele, ein atemberaubender Wasserfall auf regionale Wirtshausgen\u00fcsse vom Feinsten und Kulturgeschichte auf (Sightsseing-)Leckerbissen.","og_url":"https:\/\/www.salzburgerland.com\/de\/wp-json\/wp\/v2\/pages\/659479","og_site_name":"SalzburgerLand.com","article_publisher":"https:\/\/www.facebook.com\/salzburgerland\/","article_modified_time":"2023-04-19T06:52:16+00:00","og_image":[{"width":1200,"height":675,"url":"https:\/\/www.salzburgerland.com\/de\/wp-content\/uploads\/2023\/04\/genussreise_tennengau-108-1200x675.jpg","type":"image\/jpeg"}],"twitter_card":"summary_large_image","twitter_site":"@Salzburgerland","twitter_misc":{"Gesch\u00e4tzte Lesezeit":"1\u00a0Minute"},"schema":{"@context":"https:\/\/schema.org","@graph":[{"@type":"WebPage","@id":"https:\/\/www.salzburgerland.com\/de\/genuss-kultur-geschichte-im-tennengau-hautnah-erleben\/","url":"https:\/\/www.salzburgerland.com\/de\/genuss-kultur-geschichte-im-tennengau-hautnah-erleben\/","name":"Genuss, Kultur & Geschichte im Tennengau hautnah erleben \u00bb SalzburgerLand.com","isPartOf":{"@id":"https:\/\/www.salzburgerland.com\/de\/#website"},"primaryImageOfPage":{"@id":"https:\/\/www.salzburgerland.com\/de\/genuss-kultur-geschichte-im-tennengau-hautnah-erleben\/#primaryimage"},"image":{"@id":"https:\/\/www.salzburgerland.com\/de\/genuss-kultur-geschichte-im-tennengau-hautnah-erleben\/#primaryimage"},"thumbnailUrl":"https:\/\/www.salzburgerland.com\/de\/wp-content\/uploads\/2023\/04\/genussreise_tennengau-108-scaled.jpg","datePublished":"2023-04-18T17:26:31+00:00","dateModified":"2023-04-19T06:52:16+00:00","description":"Alpine K\u00fcche trifft auf Gollinger Festspiele, ein atemberaubender Wasserfall auf regionale Wirtshausgen\u00fcsse vom Feinsten und Kulturgeschichte auf (Sightsseing-)Leckerbissen.","inLanguage":"de","potentialAction":[{"@type":"ReadAction","target":["https:\/\/www.salzburgerland.com\/de\/genuss-kultur-geschichte-im-tennengau-hautnah-erleben\/"]}]},{"@type":"ImageObject","inLanguage":"de","@id":"https:\/\/www.salzburgerland.com\/de\/genuss-kultur-geschichte-im-tennengau-hautnah-erleben\/#primaryimage","url":"https:\/\/www.salzburgerland.com\/de\/wp-content\/uploads\/2023\/04\/genussreise_tennengau-108-scaled.jpg","contentUrl":"https:\/\/www.salzburgerland.com\/de\/wp-content\/uploads\/2023\/04\/genussreise_tennengau-108-scaled.jpg","width":1920,"height":1280,"caption":"\u00a9 SalzburgerLand Tourismus"},{"@type":"WebSite","@id":"https:\/\/www.salzburgerland.com\/de\/#website","url":"https:\/\/www.salzburgerland.com\/de\/","name":"SalzburgerLand.com","description":"Ihr Urlaub in Salzburg, \u00d6sterreich","publisher":{"@id":"https:\/\/www.salzburgerland.com\/de\/#organization"},"potentialAction":[{"@type":"SearchAction","target":{"@type":"EntryPoint","urlTemplate":"https:\/\/www.salzburgerland.com\/de\/?s={search_term_string}"},"query-input":{"@type":"PropertyValueSpecification","valueRequired":true,"valueName":"search_term_string"}}],"inLanguage":"de"},{"@type":"Organization","@id":"https:\/\/www.salzburgerland.com\/de\/#organization","name":"SalzburgerLand Tourismus GmbH","url":"https:\/\/www.salzburgerland.com\/de\/","logo":{"@type":"ImageObject","inLanguage":"de","@id":"https:\/\/www.salzburgerland.com\/de\/#\/schema\/logo\/image\/","url":"https:\/\/www.salzburgerland.com\/de\/wp-content\/uploads\/2017\/01\/salzburgerland-logo.jpg","contentUrl":"https:\/\/www.salzburgerland.com\/de\/wp-content\/uploads\/2017\/01\/salzburgerland-logo.jpg","width":1920,"height":827,"caption":"SalzburgerLand Tourismus GmbH"},"image":{"@id":"https:\/\/www.salzburgerland.com\/de\/#\/schema\/logo\/image\/"},"sameAs":["https:\/\/www.facebook.com\/salzburgerland\/","https:\/\/x.com\/Salzburgerland","https:\/\/www.instagram.com\/salzburgerland\/","http:\/\/dbpedia.org\/resource\/Salzburg_(state)","http:\/\/wikidata.dbpedia.org\/resource\/Q43325","http:\/\/open.salzburgerland.com\/de\/entity\/salzburgerland","https:\/\/www.youtube.com\/user\/salzburgerland"]}]}},"_wl_alt_label":[],"wl:entity_url":"http:\/\/open.salzburgerland.com\/de\/page\/genuss-kultur-und-geschichte-im-tennengau-hautnah-erleben-659479","_links":{"self":[{"href":"https:\/\/www.salzburgerland.com\/de\/wp-json\/wp\/v2\/pages\/659479","targetHints":{"allow":["GET"]}}],"collection":[{"href":"https:\/\/www.salzburgerland.com\/de\/wp-json\/wp\/v2\/pages"}],"about":[{"href":"https:\/\/www.salzburgerland.com\/de\/wp-json\/wp\/v2\/types\/page"}],"author":[{"embeddable":true,"href":"https:\/\/www.salzburgerland.com\/de\/wp-json\/wp\/v2\/users\/109"}],"replies":[{"embeddable":true,"href":"https:\/\/www.salzburgerland.com\/de\/wp-json\/wp\/v2\/comments?post=659479"}],"version-history":[{"count":5,"href":"https:\/\/www.salzburgerland.com\/de\/wp-json\/wp\/v2\/pages\/659479\/revisions"}],"predecessor-version":[{"id":659560,"href":"https:\/\/www.salzburgerland.com\/de\/wp-json\/wp\/v2\/pages\/659479\/revisions\/659560"}],"wp:featuredmedia":[{"embeddable":true,"href":"https:\/\/www.salzburgerland.com\/de\/wp-json\/wp\/v2\/media\/659481"}],"wp:attachment":[{"href":"https:\/\/www.salzburgerland.com\/de\/wp-json\/wp\/v2\/media?parent=659479"}],"wp:term":[{"taxonomy":"wl_entity_type","embeddable":true,"href":"https:\/\/www.salzburgerland.com\/de\/wp-json\/wp\/v2\/wl_entity_type?post=659479"}],"curies":[{"name":"wp","href":"https:\/\/api.w.org\/{rel}","templated":true}]}}