{"id":659454,"date":"2023-04-18T19:18:54","date_gmt":"2023-04-18T17:18:54","guid":{"rendered":"https:\/\/www.salzburgerland.com\/de\/?page_id=659454"},"modified":"2023-04-19T09:16:32","modified_gmt":"2023-04-19T07:16:32","slug":"mit-allen-sinnen-geniessen-nationalpark-hohe-tauern-grossglocknerstrasse","status":"publish","type":"page","link":"https:\/\/www.salzburgerland.com\/de\/mit-allen-sinnen-geniessen-nationalpark-hohe-tauern-grossglocknerstrasse\/","title":{"rendered":"Mit allen Sinnen genie\u00dfen: Nationalpark Hohe Tauern &#038; Gro\u00dfglocknerstra\u00dfe"},"content":{"rendered":"<p>Bei eurer <strong>dreit\u00e4gigen Genussreise<\/strong> im <a href=\"https:\/\/www.salzburgerland.com\/de\/ferienregion-nationalpark-hohe-tauern\/\" target=\"_blank\" rel=\"noopener\">Nationalpark Hohe Tauern<\/a> und auf die <a href=\"https:\/\/www.salzburgerland.com\/de\/grossglockner-hochalpenstrasse\/\" target=\"_blank\" rel=\"noopener\">Gro\u00dfglockner Hochalpenstra\u00dfe<\/a> erwarten euch <strong>Pinzgauer Schmankerl<\/strong>, <strong>spannende Infos <\/strong>rund ums <strong>Bierbrauen<\/strong>, <strong>Fischen<\/strong> und die <strong>heimischen Kr\u00e4uter<\/strong> sowie <strong>Parnoramablicke der Extraklasse<\/strong> auf der Glocknerstra\u00dfe.<\/p>\n<p>Ihr <strong>startet in Mittersill beim Hotel Br\u00e4urup<\/strong>, wo ihr im 4-Sterne-Hotel regionale Fischspezialit\u00e4ten genie\u00dft und n\u00e4chtigt, bevor ihr <strong>am zweiten Tag<\/strong> eurer Reise den <strong>Hollersbacher Kr\u00e4utergarten<\/strong> und seine <strong>Kr\u00e4uter-Expertin Andrea Rieder<\/strong> besucht. Danach geht es schon mit dem<strong> E-Auto Richtung Gro\u00dfglockner Hochalpenstra\u00dfe<\/strong>mit ihrem ersten \u201eH\u00f6hepunkt\u201c, dem <strong>Kaiserschmarrn-Zwischenstopp<\/strong> auf der Panorama-Sonnenterrasse des <strong>Restaurants Fuschert\u00f6rl<\/strong>. Im Anschluss lasst ihr euch auf <strong>2.571 Metern beim Berggasthof Edelwei\u00dfspitze <\/strong>eine gschmackige\u00a0<strong>Brettljause mit regionalen Schmankerl <\/strong>schmecken. Einmal n\u00e4chtigt ihr noch in der Region, und zwar beim <strong>Taxhof<\/strong> in Bruck an der Glocknerstra\u00dfe, wo ihr die <strong>legend\u00e4ren Moosbeer-Nocken<\/strong> genie\u00dfen k\u00f6nnt.<\/p>\n<p>Ihr lernt auf eurer Reise <strong>Pinzgauer Genussstationen und -Produzenten<\/strong> kennen und entdeckt das <strong>Erlebnis Nationalpark Hohe Tauern und Gro\u00dfglockner Hochalpenstra\u00dfe hautnah<\/strong> \u2013 wir w\u00fcnschen euch viel Freude bei eurer Genussreise im SalzburgerLand!<\/p>\n\n\t\t\t<div id=\"659454-1\" class=\"gallery gallery-659454 gallery-columns-3 gallery-size-1170_658\" itemscope itemtype=\"http:\/\/schema.org\/ImageGallery\">\n\t\t\t\t<ul class=\"gallery-row gallery-col-3 gallery-clear\">\n\t\t\t\t\t<li class=\"gallery-item col-3\" itemprop=\"associatedMedia\" itemscope itemtype=\"http:\/\/schema.org\/ImageObject\">\n\t\t\t\t\t\t<div class=\"gallery-icon landscape\"><a href=\"https:\/\/www.salzburgerland.com\/de\/wp-content\/uploads\/2023\/04\/genussreise_hohetauern-20-1920x1067.jpg\" title=\"Hotel Br\u00e4urup\"><img decoding=\"async\" data-title=\"\u00a9 SalzburgerLand Tourismus\" title=\"\u00a9 SalzburgerLand Tourismus\" data-caption=\"\u00a9 SalzburgerLand Tourismus\" width=\"1170\" height=\"658\" src=\"https:\/\/www.salzburgerland.com\/de\/wp-content\/uploads\/2023\/04\/genussreise_hohetauern-20-1170x658.jpg\" class=\"attachment-1170_658 size-1170_658\" alt=\"Drei Menschen, die l\u00e4cheln und mit einem Glas Bier in einem warm beleuchteten Innenraum ansto\u00dfen. (vergr\u00f6\u00dferte Ansicht)\" srcset=\"https:\/\/www.salzburgerland.com\/de\/wp-content\/uploads\/2023\/04\/genussreise_hohetauern-20-1170x658.jpg 1170w, https:\/\/www.salzburgerland.com\/de\/wp-content\/uploads\/2023\/04\/genussreise_hohetauern-20-1200x675.jpg 1200w\" sizes=\"(max-width: 1170px) 100vw, 1170px\" aria-describedby=\"figcaption-659454-659456\" itemprop=\"thumbnail\"><\/a><\/div>\n\t\t\t\t\t\t<span id=\"figcaption-659454-659456\" class=\"gallery-caption\" itemprop=\"caption\"><span aria-hidden=\"true\">\u00a9 SalzburgerLand Tourismus<\/span><\/span>\n\t\t\t\t\t<\/li>\n\t\t\t\t\t<li class=\"gallery-item col-3\" itemprop=\"associatedMedia\" itemscope itemtype=\"http:\/\/schema.org\/ImageObject\">\n\t\t\t\t\t\t<div class=\"gallery-icon landscape\"><a href=\"https:\/\/www.salzburgerland.com\/de\/wp-content\/uploads\/2023\/04\/genussreise_hohetauern-54-1920x1067.jpg\" title=\"Hollersbacher Kr\u00e4utergarten\"><img decoding=\"async\" data-title=\"\u00a9 SalzburgerLand Tourismus\" title=\"\u00a9 SalzburgerLand Tourismus\" data-caption=\"\u00a9 SalzburgerLand Tourismus\" width=\"1170\" height=\"658\" src=\"https:\/\/www.salzburgerland.com\/de\/wp-content\/uploads\/2023\/04\/genussreise_hohetauern-54-1170x658.jpg\" class=\"attachment-1170_658 size-1170_658\" alt=\"Drei Personen stehen auf einer Holzbr\u00fccke in einem Garten und betrachten an einem sonnigen Tag Blumen und Gr\u00fcnpflanzen. (vergr\u00f6\u00dferte Ansicht)\" srcset=\"https:\/\/www.salzburgerland.com\/de\/wp-content\/uploads\/2023\/04\/genussreise_hohetauern-54-1170x658.jpg 1170w, https:\/\/www.salzburgerland.com\/de\/wp-content\/uploads\/2023\/04\/genussreise_hohetauern-54-1200x675.jpg 1200w\" sizes=\"(max-width: 1170px) 100vw, 1170px\" aria-describedby=\"figcaption-659454-659457\" itemprop=\"thumbnail\"><\/a><\/div>\n\t\t\t\t\t\t<span id=\"figcaption-659454-659457\" class=\"gallery-caption\" itemprop=\"caption\"><span aria-hidden=\"true\">\u00a9 SalzburgerLand Tourismus<\/span><\/span>\n\t\t\t\t\t<\/li>\n\t\t\t\t\t<li class=\"gallery-item col-3\" itemprop=\"associatedMedia\" itemscope itemtype=\"http:\/\/schema.org\/ImageObject\">\n\t\t\t\t\t\t<div class=\"gallery-icon landscape\"><a href=\"https:\/\/www.salzburgerland.com\/de\/wp-content\/uploads\/2023\/04\/genussreise_hohetauern-1122-1920x1067.jpg\" title=\"Restaurant Fuschert\u00f6rl\"><img decoding=\"async\" data-title=\"\u00a9 SalzburgerLand Tourismus\" title=\"\u00a9 SalzburgerLand Tourismus\" data-caption=\"\u00a9 SalzburgerLand Tourismus\" width=\"1170\" height=\"658\" src=\"https:\/\/www.salzburgerland.com\/de\/wp-content\/uploads\/2023\/04\/genussreise_hohetauern-1122-1170x658.jpg\" class=\"attachment-1170_658 size-1170_658\" alt=\"Menschen teilen sich eine Pfanne mit Kaiserschmarrn und Beeren an einem f\u00fcr das Fr\u00fchst\u00fcck gedeckten Tisch im Freien. (vergr\u00f6\u00dferte Ansicht)\" srcset=\"https:\/\/www.salzburgerland.com\/de\/wp-content\/uploads\/2023\/04\/genussreise_hohetauern-1122-1170x658.jpg 1170w, https:\/\/www.salzburgerland.com\/de\/wp-content\/uploads\/2023\/04\/genussreise_hohetauern-1122-1200x675.jpg 1200w\" sizes=\"(max-width: 1170px) 100vw, 1170px\" aria-describedby=\"figcaption-659454-659471\" itemprop=\"thumbnail\"><\/a><\/div>\n\t\t\t\t\t\t<span id=\"figcaption-659454-659471\" class=\"gallery-caption\" itemprop=\"caption\"><span aria-hidden=\"true\">\u00a9 SalzburgerLand Tourismus<\/span><\/span>\n\t\t\t\t\t<\/li>\n\t\t\t\t<\/ul>\n\t\t\t<\/div><!-- .gallery -->\n\n","protected":false},"excerpt":{"rendered":"<p>Bei eurer dreit\u00e4gigen Genussreise im Nationalpark Hohe Tauern und auf die Gro\u00dfglockner Hochalpenstra\u00dfe erwarten euch Pinzgauer Schmankerl, spannende Infos rund ums Bierbrauen, Fischen und die heimischen Kr\u00e4uter sowie Parnoramablicke der Extraklasse auf der Glocknerstra\u00dfe. Ihr startet in Mittersill beim Hotel Br\u00e4urup, wo ihr im 4-Sterne-Hotel regionale Fischspezialit\u00e4ten genie\u00dft und n\u00e4chtigt, bevor ihr am zweiten Tag [&hellip;]<\/p>\n","protected":false},"author":109,"featured_media":659455,"parent":0,"menu_order":0,"comment_status":"closed","ping_status":"closed","template":"","meta":{"_acf_changed":false,"wl_entities_gutenberg":"","_relevanssi_hide_post":"","_relevanssi_hide_content":"","_relevanssi_pin_for_all":"","_relevanssi_pin_keywords":"","_relevanssi_unpin_keywords":"","_relevanssi_related_keywords":"","_relevanssi_related_include_ids":"","_relevanssi_related_exclude_ids":"","_relevanssi_related_no_append":"","_relevanssi_related_not_related":"","_relevanssi_related_posts":"","_relevanssi_noindex_reason":"","footnotes":""},"wl_entity_type":[11495],"class_list":["post-659454","page","type-page","status-publish","has-post-thumbnail","hentry","wl_entity_type-article"],"acf":[],"yoast_head":"<!-- This site is optimized with the Yoast SEO Premium plugin v26.9 (Yoast SEO v26.9) - https:\/\/yoast.com\/product\/yoast-seo-premium-wordpress\/ -->\n<title>Mit allen Sinnen genie\u00dfen: Nationalpark Hohe Tauern &amp; Gro\u00dfglocknerstra\u00dfe \u00bb SalzburgerLand.com<\/title>\n<meta name=\"robots\" content=\"index, follow, max-snippet:-1, max-image-preview:large, max-video-preview:-1\" \/>\n<link rel=\"canonical\" href=\"https:\/\/www.salzburgerland.com\/de\/wp-json\/wp\/v2\/pages\/659454\" \/>\n<meta property=\"og:locale\" content=\"de_DE\" \/>\n<meta property=\"og:type\" content=\"article\" \/>\n<meta property=\"og:title\" content=\"Mit allen Sinnen genie\u00dfen: Nationalpark Hohe Tauern &amp; Gro\u00dfglocknerstra\u00dfe\" \/>\n<meta property=\"og:description\" content=\"Lust auf regionale und traditionelle Schmankerl mit einem Bergpanorama der Extraklasse? Dann seid ihr bei dieser Genussreise im SalzburgerLand genau richtig.\" \/>\n<meta property=\"og:url\" content=\"https:\/\/www.salzburgerland.com\/de\/wp-json\/wp\/v2\/pages\/659454\" \/>\n<meta property=\"og:site_name\" content=\"SalzburgerLand.com\" \/>\n<meta property=\"article:publisher\" content=\"https:\/\/www.facebook.com\/salzburgerland\/\" \/>\n<meta property=\"article:modified_time\" content=\"2023-04-19T07:16:32+00:00\" \/>\n<meta property=\"og:image\" content=\"https:\/\/www.salzburgerland.com\/de\/wp-content\/uploads\/2023\/04\/genussreise_hohetauern-104-1200x675.jpg\" \/>\n\t<meta property=\"og:image:width\" content=\"1200\" \/>\n\t<meta property=\"og:image:height\" content=\"675\" \/>\n\t<meta property=\"og:image:type\" content=\"image\/jpeg\" \/>\n<meta name=\"twitter:card\" content=\"summary_large_image\" \/>\n<meta name=\"twitter:site\" content=\"@Salzburgerland\" \/>\n<meta name=\"twitter:label1\" content=\"Gesch\u00e4tzte Lesezeit\" \/>\n\t<meta name=\"twitter:data1\" content=\"1\u00a0Minute\" \/>\n<script type=\"application\/ld+json\" class=\"yoast-schema-graph\">{\"@context\":\"https:\/\/schema.org\",\"@graph\":[{\"@type\":\"WebPage\",\"@id\":\"https:\/\/www.salzburgerland.com\/de\/mit-allen-sinnen-geniessen-nationalpark-hohe-tauern-grossglocknerstrasse\/\",\"url\":\"https:\/\/www.salzburgerland.com\/de\/mit-allen-sinnen-geniessen-nationalpark-hohe-tauern-grossglocknerstrasse\/\",\"name\":\"Mit allen Sinnen genie\u00dfen: Nationalpark Hohe Tauern & Gro\u00dfglocknerstra\u00dfe \u00bb SalzburgerLand.com\",\"isPartOf\":{\"@id\":\"https:\/\/www.salzburgerland.com\/de\/#website\"},\"primaryImageOfPage\":{\"@id\":\"https:\/\/www.salzburgerland.com\/de\/mit-allen-sinnen-geniessen-nationalpark-hohe-tauern-grossglocknerstrasse\/#primaryimage\"},\"image\":{\"@id\":\"https:\/\/www.salzburgerland.com\/de\/mit-allen-sinnen-geniessen-nationalpark-hohe-tauern-grossglocknerstrasse\/#primaryimage\"},\"thumbnailUrl\":\"https:\/\/www.salzburgerland.com\/de\/wp-content\/uploads\/2023\/04\/genussreise_hohetauern-104-scaled.jpg\",\"datePublished\":\"2023-04-18T17:18:54+00:00\",\"dateModified\":\"2023-04-19T07:16:32+00:00\",\"description\":\"Lust auf regionale und traditionelle Schmankerl mit einem Bergpanorama der Extraklasse? Dann seid ihr bei dieser Genussreise im SalzburgerLand genau richtig.\",\"inLanguage\":\"de\",\"potentialAction\":[{\"@type\":\"ReadAction\",\"target\":[\"https:\/\/www.salzburgerland.com\/de\/mit-allen-sinnen-geniessen-nationalpark-hohe-tauern-grossglocknerstrasse\/\"]}]},{\"@type\":\"ImageObject\",\"inLanguage\":\"de\",\"@id\":\"https:\/\/www.salzburgerland.com\/de\/mit-allen-sinnen-geniessen-nationalpark-hohe-tauern-grossglocknerstrasse\/#primaryimage\",\"url\":\"https:\/\/www.salzburgerland.com\/de\/wp-content\/uploads\/2023\/04\/genussreise_hohetauern-104-scaled.jpg\",\"contentUrl\":\"https:\/\/www.salzburgerland.com\/de\/wp-content\/uploads\/2023\/04\/genussreise_hohetauern-104-scaled.jpg\",\"width\":1920,\"height\":1280,\"caption\":\"Zwei Tage auf Genussreise durch das SalzburgLand entlang des Nationalparks Hohe Tauern und der Glocknerstra\u00dfe \u00a9 SalzburgerLand Tourismus\"},{\"@type\":\"WebSite\",\"@id\":\"https:\/\/www.salzburgerland.com\/de\/#website\",\"url\":\"https:\/\/www.salzburgerland.com\/de\/\",\"name\":\"SalzburgerLand.com\",\"description\":\"Ihr Urlaub in Salzburg, \u00d6sterreich\",\"publisher\":{\"@id\":\"https:\/\/www.salzburgerland.com\/de\/#organization\"},\"potentialAction\":[{\"@type\":\"SearchAction\",\"target\":{\"@type\":\"EntryPoint\",\"urlTemplate\":\"https:\/\/www.salzburgerland.com\/de\/?s={search_term_string}\"},\"query-input\":{\"@type\":\"PropertyValueSpecification\",\"valueRequired\":true,\"valueName\":\"search_term_string\"}}],\"inLanguage\":\"de\"},{\"@type\":\"Organization\",\"@id\":\"https:\/\/www.salzburgerland.com\/de\/#organization\",\"name\":\"SalzburgerLand Tourismus GmbH\",\"url\":\"https:\/\/www.salzburgerland.com\/de\/\",\"logo\":{\"@type\":\"ImageObject\",\"inLanguage\":\"de\",\"@id\":\"https:\/\/www.salzburgerland.com\/de\/#\/schema\/logo\/image\/\",\"url\":\"https:\/\/www.salzburgerland.com\/de\/wp-content\/uploads\/2017\/01\/salzburgerland-logo.jpg\",\"contentUrl\":\"https:\/\/www.salzburgerland.com\/de\/wp-content\/uploads\/2017\/01\/salzburgerland-logo.jpg\",\"width\":1920,\"height\":827,\"caption\":\"SalzburgerLand Tourismus GmbH\"},\"image\":{\"@id\":\"https:\/\/www.salzburgerland.com\/de\/#\/schema\/logo\/image\/\"},\"sameAs\":[\"https:\/\/www.facebook.com\/salzburgerland\/\",\"https:\/\/x.com\/Salzburgerland\",\"https:\/\/www.instagram.com\/salzburgerland\/\",\"http:\/\/dbpedia.org\/resource\/Salzburg_(state)\",\"http:\/\/wikidata.dbpedia.org\/resource\/Q43325\",\"http:\/\/open.salzburgerland.com\/de\/entity\/salzburgerland\",\"https:\/\/www.youtube.com\/user\/salzburgerland\"]}]}<\/script>\n<!-- \/ Yoast SEO Premium plugin. -->","yoast_head_json":{"title":"Mit allen Sinnen genie\u00dfen: Nationalpark Hohe Tauern & Gro\u00dfglocknerstra\u00dfe \u00bb SalzburgerLand.com","robots":{"index":"index","follow":"follow","max-snippet":"max-snippet:-1","max-image-preview":"max-image-preview:large","max-video-preview":"max-video-preview:-1"},"canonical":"https:\/\/www.salzburgerland.com\/de\/wp-json\/wp\/v2\/pages\/659454","og_locale":"de_DE","og_type":"article","og_title":"Mit allen Sinnen genie\u00dfen: Nationalpark Hohe Tauern & Gro\u00dfglocknerstra\u00dfe","og_description":"Lust auf regionale und traditionelle Schmankerl mit einem Bergpanorama der Extraklasse? Dann seid ihr bei dieser Genussreise im SalzburgerLand genau richtig.","og_url":"https:\/\/www.salzburgerland.com\/de\/wp-json\/wp\/v2\/pages\/659454","og_site_name":"SalzburgerLand.com","article_publisher":"https:\/\/www.facebook.com\/salzburgerland\/","article_modified_time":"2023-04-19T07:16:32+00:00","og_image":[{"width":1200,"height":675,"url":"https:\/\/www.salzburgerland.com\/de\/wp-content\/uploads\/2023\/04\/genussreise_hohetauern-104-1200x675.jpg","type":"image\/jpeg"}],"twitter_card":"summary_large_image","twitter_site":"@Salzburgerland","twitter_misc":{"Gesch\u00e4tzte Lesezeit":"1\u00a0Minute"},"schema":{"@context":"https:\/\/schema.org","@graph":[{"@type":"WebPage","@id":"https:\/\/www.salzburgerland.com\/de\/mit-allen-sinnen-geniessen-nationalpark-hohe-tauern-grossglocknerstrasse\/","url":"https:\/\/www.salzburgerland.com\/de\/mit-allen-sinnen-geniessen-nationalpark-hohe-tauern-grossglocknerstrasse\/","name":"Mit allen Sinnen genie\u00dfen: Nationalpark Hohe Tauern & Gro\u00dfglocknerstra\u00dfe \u00bb SalzburgerLand.com","isPartOf":{"@id":"https:\/\/www.salzburgerland.com\/de\/#website"},"primaryImageOfPage":{"@id":"https:\/\/www.salzburgerland.com\/de\/mit-allen-sinnen-geniessen-nationalpark-hohe-tauern-grossglocknerstrasse\/#primaryimage"},"image":{"@id":"https:\/\/www.salzburgerland.com\/de\/mit-allen-sinnen-geniessen-nationalpark-hohe-tauern-grossglocknerstrasse\/#primaryimage"},"thumbnailUrl":"https:\/\/www.salzburgerland.com\/de\/wp-content\/uploads\/2023\/04\/genussreise_hohetauern-104-scaled.jpg","datePublished":"2023-04-18T17:18:54+00:00","dateModified":"2023-04-19T07:16:32+00:00","description":"Lust auf regionale und traditionelle Schmankerl mit einem Bergpanorama der Extraklasse? Dann seid ihr bei dieser Genussreise im SalzburgerLand genau richtig.","inLanguage":"de","potentialAction":[{"@type":"ReadAction","target":["https:\/\/www.salzburgerland.com\/de\/mit-allen-sinnen-geniessen-nationalpark-hohe-tauern-grossglocknerstrasse\/"]}]},{"@type":"ImageObject","inLanguage":"de","@id":"https:\/\/www.salzburgerland.com\/de\/mit-allen-sinnen-geniessen-nationalpark-hohe-tauern-grossglocknerstrasse\/#primaryimage","url":"https:\/\/www.salzburgerland.com\/de\/wp-content\/uploads\/2023\/04\/genussreise_hohetauern-104-scaled.jpg","contentUrl":"https:\/\/www.salzburgerland.com\/de\/wp-content\/uploads\/2023\/04\/genussreise_hohetauern-104-scaled.jpg","width":1920,"height":1280,"caption":"Zwei Tage auf Genussreise durch das SalzburgLand entlang des Nationalparks Hohe Tauern und der Glocknerstra\u00dfe \u00a9 SalzburgerLand Tourismus"},{"@type":"WebSite","@id":"https:\/\/www.salzburgerland.com\/de\/#website","url":"https:\/\/www.salzburgerland.com\/de\/","name":"SalzburgerLand.com","description":"Ihr Urlaub in Salzburg, \u00d6sterreich","publisher":{"@id":"https:\/\/www.salzburgerland.com\/de\/#organization"},"potentialAction":[{"@type":"SearchAction","target":{"@type":"EntryPoint","urlTemplate":"https:\/\/www.salzburgerland.com\/de\/?s={search_term_string}"},"query-input":{"@type":"PropertyValueSpecification","valueRequired":true,"valueName":"search_term_string"}}],"inLanguage":"de"},{"@type":"Organization","@id":"https:\/\/www.salzburgerland.com\/de\/#organization","name":"SalzburgerLand Tourismus GmbH","url":"https:\/\/www.salzburgerland.com\/de\/","logo":{"@type":"ImageObject","inLanguage":"de","@id":"https:\/\/www.salzburgerland.com\/de\/#\/schema\/logo\/image\/","url":"https:\/\/www.salzburgerland.com\/de\/wp-content\/uploads\/2017\/01\/salzburgerland-logo.jpg","contentUrl":"https:\/\/www.salzburgerland.com\/de\/wp-content\/uploads\/2017\/01\/salzburgerland-logo.jpg","width":1920,"height":827,"caption":"SalzburgerLand Tourismus GmbH"},"image":{"@id":"https:\/\/www.salzburgerland.com\/de\/#\/schema\/logo\/image\/"},"sameAs":["https:\/\/www.facebook.com\/salzburgerland\/","https:\/\/x.com\/Salzburgerland","https:\/\/www.instagram.com\/salzburgerland\/","http:\/\/dbpedia.org\/resource\/Salzburg_(state)","http:\/\/wikidata.dbpedia.org\/resource\/Q43325","http:\/\/open.salzburgerland.com\/de\/entity\/salzburgerland","https:\/\/www.youtube.com\/user\/salzburgerland"]}]}},"_wl_alt_label":[],"wl:entity_url":"http:\/\/open.salzburgerland.com\/de\/page\/den-nationalpark-hohe-tauern-die-grossglockner-hochalpenstrasse-mit-allen-sinnen-geniessen-659454","_links":{"self":[{"href":"https:\/\/www.salzburgerland.com\/de\/wp-json\/wp\/v2\/pages\/659454","targetHints":{"allow":["GET"]}}],"collection":[{"href":"https:\/\/www.salzburgerland.com\/de\/wp-json\/wp\/v2\/pages"}],"about":[{"href":"https:\/\/www.salzburgerland.com\/de\/wp-json\/wp\/v2\/types\/page"}],"author":[{"embeddable":true,"href":"https:\/\/www.salzburgerland.com\/de\/wp-json\/wp\/v2\/users\/109"}],"replies":[{"embeddable":true,"href":"https:\/\/www.salzburgerland.com\/de\/wp-json\/wp\/v2\/comments?post=659454"}],"version-history":[{"count":5,"href":"https:\/\/www.salzburgerland.com\/de\/wp-json\/wp\/v2\/pages\/659454\/revisions"}],"predecessor-version":[{"id":659563,"href":"https:\/\/www.salzburgerland.com\/de\/wp-json\/wp\/v2\/pages\/659454\/revisions\/659563"}],"wp:featuredmedia":[{"embeddable":true,"href":"https:\/\/www.salzburgerland.com\/de\/wp-json\/wp\/v2\/media\/659455"}],"wp:attachment":[{"href":"https:\/\/www.salzburgerland.com\/de\/wp-json\/wp\/v2\/media?parent=659454"}],"wp:term":[{"taxonomy":"wl_entity_type","embeddable":true,"href":"https:\/\/www.salzburgerland.com\/de\/wp-json\/wp\/v2\/wl_entity_type?post=659454"}],"curies":[{"name":"wp","href":"https:\/\/api.w.org\/{rel}","templated":true}]}}