{"id":657331,"date":"2022-12-23T07:53:33","date_gmt":"2022-12-23T06:53:33","guid":{"rendered":"https:\/\/www.salzburgerland.com\/de\/?page_id=657331"},"modified":"2024-05-24T10:51:02","modified_gmt":"2024-05-24T08:51:02","slug":"mit-dem-porsche-auf-genussreise-entlang-der-via-culinaria","status":"publish","type":"page","link":"https:\/\/www.salzburgerland.com\/de\/mit-dem-porsche-auf-genussreise-entlang-der-via-culinaria\/","title":{"rendered":"Mit dem Porsche auf Genussreise entlang der Via Culinaria"},"content":{"rendered":"<p>Ein Ausflug mit einem <a href=\"https:\/\/www.porsche.at\/\" target=\"_blank\" rel=\"noopener\">Porsche<\/a> ist so viel mehr als blo\u00df eine Fahrt \u00admit einem Auto \u2013 es ist ein Lebensgef\u00fchl, das auch Ferry Porsche beim Bau des <strong>perfekten Sportwagens<\/strong> angespornt hat. Der von seinem Sohn Ferdinand Porsche entworfene <strong>911 ist das Herzst\u00fcck<\/strong> der au\u00dfergew\u00f6hnlichen Automarke. <span>Seit 2019 gibt es mit dem <\/span><b>Taycan den ersten vollelektrischen Sportwagen von Porsche<\/b><span>.<\/span><\/p>\n<p><span>Das\u00a0<\/span><strong><span>agile Fahrvergn\u00fcgen mit dem Porsche Taycan<\/span><\/strong><span> <\/span>wird in dieser <strong>dreit\u00e4gigen Genussreise<\/strong> mit <strong>ausgew\u00e4hlten kulinarischen Highlights<\/strong> entlang der <a href=\"https:\/\/www.salzburgerland.com\/de\/via-culinaria\/\" target=\"_blank\" rel=\"noopener\"><strong>Via Culinaria im SalzburgerLand<\/strong> <\/a>kombiniert. Das verspricht au\u00dfergew\u00f6hnliche Stationen, kulinarische Besonderheiten und Entdeckungen, atemberaubende Ausblicke und unvergessliche Erlebnisse \u2013\u00a0kurzum: Genuss pur! Ausgangspunkt ist das <strong><a href=\"https:\/\/www.porsche.at\/salzburg\/\" target=\"_blank\" rel=\"noopener\">Porsche Zentrum Salzburg<\/a> <\/strong>in der Stadt Salzburg \u2013 Stopps erwarten euch unter anderem in <a href=\"https:\/\/www.salzburgerland.com\/de\/zell-am-see-kaprun\/\" target=\"_blank\" rel=\"noopener\"><strong>Zell am See<\/strong><\/a>, entlang der <a href=\"https:\/\/www.grossglockner.at\/gg\/de\/index\" target=\"_blank\" rel=\"noopener\"><strong>Gro\u00dfglockner Hochalpenstra\u00dfe,<\/strong><\/a>\u00a0im <a href=\"https:\/\/www.salzburgerland.com\/de\/gasteinertal\/\" target=\"_blank\" rel=\"noopener\"><strong>Gasteinertal<\/strong><\/a>, bei den <b>Festspielen <\/b><b>Golling<\/b>, auf der <strong>Postalmstra\u00dfe<\/strong> und am <a href=\"https:\/\/www.salzburgerland.com\/de\/fuschlsee\/\" target=\"_blank\" rel=\"noopener\"><strong>Fuschlsee<\/strong><\/a>.<\/p>\n<p><span style=\"color: #333333;\">Genie\u00dft<\/span> die Fahrt und die vielen kulinarischen und kulturellen H\u00f6hepunkte auf der \u201ePorsche trifft Via Culinaria\u201c Genussreise durch das SalzburgerLand und vor allem: Lasst es euch gutgehen!<\/p>\n<div style=\"width: 1080px;\" class=\"wp-video\"><video class=\"wp-video-shortcode\" id=\"video-657331-1\" width=\"1080\" height=\"1080\" preload=\"metadata\" controls=\"controls\"><source type=\"video\/mp4\" src=\"https:\/\/cdn.salzburgerland.com\/de\/wp-content\/uploads\/2023\/01\/porsche_landscape_slt-porsche-kulinarik-kooperation-5.mp4?_=1\"><\/source><a href=\"https:\/\/cdn.salzburgerland.com\/de\/wp-content\/uploads\/2023\/01\/porsche_landscape_slt-porsche-kulinarik-kooperation-5.mp4\">https:\/\/cdn.salzburgerland.com\/de\/wp-content\/uploads\/2023\/01\/porsche_landscape_slt-porsche-kulinarik-kooperation-5.mp4<\/a><\/video><\/div>\n","protected":false},"excerpt":{"rendered":"<p>Ein Ausflug mit einem Porsche ist so viel mehr als blo\u00df eine Fahrt \u00admit einem Auto \u2013 es ist ein Lebensgef\u00fchl, das auch Ferry Porsche beim Bau des perfekten Sportwagens angespornt hat. Der von seinem Sohn Ferdinand Porsche entworfene 911 ist das Herzst\u00fcck der au\u00dfergew\u00f6hnlichen Automarke. Seit 2019 gibt es mit dem Taycan den ersten [&hellip;]<\/p>\n","protected":false},"author":109,"featured_media":657332,"parent":0,"menu_order":0,"comment_status":"closed","ping_status":"closed","template":"","meta":{"_acf_changed":false,"wl_entities_gutenberg":"","_relevanssi_hide_post":"","_relevanssi_hide_content":"","_relevanssi_pin_for_all":"","_relevanssi_pin_keywords":"","_relevanssi_unpin_keywords":"","_relevanssi_related_keywords":"","_relevanssi_related_include_ids":"","_relevanssi_related_exclude_ids":"","_relevanssi_related_no_append":"","_relevanssi_related_not_related":"","_relevanssi_related_posts":"","_relevanssi_noindex_reason":"","footnotes":""},"wl_entity_type":[11495],"class_list":["post-657331","page","type-page","status-publish","has-post-thumbnail","hentry","wl_entity_type-article"],"acf":[],"yoast_head":"<!-- This site is optimized with the Yoast SEO Premium plugin v27.5 (Yoast SEO v27.5) - https:\/\/yoast.com\/product\/yoast-seo-premium-wordpress\/ -->\n<title>Mit dem Porsche auf Genussreise entlang der Via Culinaria \u00bb SalzburgerLand.com<\/title>\n<meta name=\"robots\" content=\"index, follow, max-snippet:-1, max-image-preview:large, max-video-preview:-1\" \/>\n<link rel=\"canonical\" href=\"https:\/\/www.salzburgerland.com\/de\/wp-json\/wp\/v2\/pages\/657331\" \/>\n<meta property=\"og:locale\" content=\"de_DE\" \/>\n<meta property=\"og:type\" content=\"article\" \/>\n<meta property=\"og:title\" content=\"Mit dem Porsche auf Genussreise entlang der Via Culinaria\" \/>\n<meta property=\"og:description\" content=\"Diese dreit\u00e4gige Genussreise f\u00fchrt euch mit dem Porsche zu kulinarischen Highlights und beeindruckenden Aussichtspunkten im SalzburgerLand \u2013 ein Ausflug f\u00fcr alle Sinne.\" \/>\n<meta property=\"og:url\" content=\"https:\/\/www.salzburgerland.com\/de\/wp-json\/wp\/v2\/pages\/657331\" \/>\n<meta property=\"og:site_name\" content=\"SalzburgerLand.com\" \/>\n<meta property=\"article:publisher\" content=\"https:\/\/www.facebook.com\/salzburgerland\/\" \/>\n<meta property=\"article:modified_time\" content=\"2024-05-24T08:51:02+00:00\" \/>\n<meta property=\"og:image\" content=\"https:\/\/www.salzburgerland.com\/de\/wp-content\/uploads\/2022\/12\/porsche-50194-1200x675.jpg\" \/>\n\t<meta property=\"og:image:width\" content=\"1200\" \/>\n\t<meta property=\"og:image:height\" content=\"675\" \/>\n\t<meta property=\"og:image:type\" content=\"image\/jpeg\" \/>\n<meta name=\"twitter:card\" content=\"summary_large_image\" \/>\n<meta name=\"twitter:site\" content=\"@Salzburgerland\" \/>\n<meta name=\"twitter:label1\" content=\"Gesch\u00e4tzte Lesezeit\" \/>\n\t<meta name=\"twitter:data1\" content=\"9\u00a0Minuten\" \/>\n<script type=\"application\/ld+json\" class=\"yoast-schema-graph\">{\"@context\":\"https:\\\/\\\/schema.org\",\"@graph\":[{\"@type\":\"WebPage\",\"@id\":\"https:\\\/\\\/www.salzburgerland.com\\\/de\\\/mit-dem-porsche-auf-genussreise-entlang-der-via-culinaria\\\/\",\"url\":\"https:\\\/\\\/www.salzburgerland.com\\\/de\\\/mit-dem-porsche-auf-genussreise-entlang-der-via-culinaria\\\/\",\"name\":\"Mit dem Porsche auf Genussreise entlang der Via Culinaria \u00bb SalzburgerLand.com\",\"isPartOf\":{\"@id\":\"https:\\\/\\\/www.salzburgerland.com\\\/de\\\/#website\"},\"primaryImageOfPage\":{\"@id\":\"https:\\\/\\\/www.salzburgerland.com\\\/de\\\/mit-dem-porsche-auf-genussreise-entlang-der-via-culinaria\\\/#primaryimage\"},\"image\":{\"@id\":\"https:\\\/\\\/www.salzburgerland.com\\\/de\\\/mit-dem-porsche-auf-genussreise-entlang-der-via-culinaria\\\/#primaryimage\"},\"thumbnailUrl\":\"https:\\\/\\\/www.salzburgerland.com\\\/de\\\/wp-content\\\/uploads\\\/2022\\\/12\\\/porsche-50194-scaled.jpg\",\"datePublished\":\"2022-12-23T06:53:33+00:00\",\"dateModified\":\"2024-05-24T08:51:02+00:00\",\"description\":\"Diese dreit\u00e4gige Genussreise f\u00fchrt euch mit dem Porsche zu kulinarischen Highlights und beeindruckenden Aussichtspunkten im SalzburgerLand \u2013 ein Ausflug f\u00fcr alle Sinne.\",\"inLanguage\":\"de\",\"potentialAction\":[{\"@type\":\"ReadAction\",\"target\":[\"https:\\\/\\\/www.salzburgerland.com\\\/de\\\/mit-dem-porsche-auf-genussreise-entlang-der-via-culinaria\\\/\"]}]},{\"@type\":\"ImageObject\",\"inLanguage\":\"de\",\"@id\":\"https:\\\/\\\/www.salzburgerland.com\\\/de\\\/mit-dem-porsche-auf-genussreise-entlang-der-via-culinaria\\\/#primaryimage\",\"url\":\"https:\\\/\\\/www.salzburgerland.com\\\/de\\\/wp-content\\\/uploads\\\/2022\\\/12\\\/porsche-50194-scaled.jpg\",\"contentUrl\":\"https:\\\/\\\/www.salzburgerland.com\\\/de\\\/wp-content\\\/uploads\\\/2022\\\/12\\\/porsche-50194-scaled.jpg\",\"width\":1920,\"height\":1281,\"caption\":\"Mit dem Porsche auf Genussreise durch das SalzburgLand \u00a9 SalzburgerLand Tourismus\"},{\"@type\":\"WebSite\",\"@id\":\"https:\\\/\\\/www.salzburgerland.com\\\/de\\\/#website\",\"url\":\"https:\\\/\\\/www.salzburgerland.com\\\/de\\\/\",\"name\":\"SalzburgerLand.com\",\"description\":\"Ihr Urlaub in Salzburg, \u00d6sterreich\",\"publisher\":{\"@id\":\"https:\\\/\\\/www.salzburgerland.com\\\/de\\\/#organization\"},\"potentialAction\":[{\"@type\":\"SearchAction\",\"target\":{\"@type\":\"EntryPoint\",\"urlTemplate\":\"https:\\\/\\\/www.salzburgerland.com\\\/de\\\/?s={search_term_string}\"},\"query-input\":{\"@type\":\"PropertyValueSpecification\",\"valueRequired\":true,\"valueName\":\"search_term_string\"}}],\"inLanguage\":\"de\"},{\"@type\":\"Organization\",\"@id\":\"https:\\\/\\\/www.salzburgerland.com\\\/de\\\/#organization\",\"name\":\"SalzburgerLand Tourismus GmbH\",\"url\":\"https:\\\/\\\/www.salzburgerland.com\\\/de\\\/\",\"logo\":{\"@type\":\"ImageObject\",\"inLanguage\":\"de\",\"@id\":\"https:\\\/\\\/www.salzburgerland.com\\\/de\\\/#\\\/schema\\\/logo\\\/image\\\/\",\"url\":\"https:\\\/\\\/www.salzburgerland.com\\\/de\\\/wp-content\\\/uploads\\\/2017\\\/01\\\/salzburgerland-logo.jpg\",\"contentUrl\":\"https:\\\/\\\/www.salzburgerland.com\\\/de\\\/wp-content\\\/uploads\\\/2017\\\/01\\\/salzburgerland-logo.jpg\",\"width\":1920,\"height\":827,\"caption\":\"SalzburgerLand Tourismus GmbH\"},\"image\":{\"@id\":\"https:\\\/\\\/www.salzburgerland.com\\\/de\\\/#\\\/schema\\\/logo\\\/image\\\/\"},\"sameAs\":[\"https:\\\/\\\/www.facebook.com\\\/salzburgerland\\\/\",\"https:\\\/\\\/x.com\\\/Salzburgerland\",\"https:\\\/\\\/www.instagram.com\\\/salzburgerland\\\/\",\"http:\\\/\\\/dbpedia.org\\\/resource\\\/Salzburg_(state)\",\"http:\\\/\\\/wikidata.dbpedia.org\\\/resource\\\/Q43325\",\"http:\\\/\\\/open.salzburgerland.com\\\/de\\\/entity\\\/salzburgerland\",\"https:\\\/\\\/www.youtube.com\\\/user\\\/salzburgerland\"]}]}<\/script>\n<!-- \/ Yoast SEO Premium plugin. -->","yoast_head_json":{"title":"Mit dem Porsche auf Genussreise entlang der Via Culinaria \u00bb SalzburgerLand.com","robots":{"index":"index","follow":"follow","max-snippet":"max-snippet:-1","max-image-preview":"max-image-preview:large","max-video-preview":"max-video-preview:-1"},"canonical":"https:\/\/www.salzburgerland.com\/de\/wp-json\/wp\/v2\/pages\/657331","og_locale":"de_DE","og_type":"article","og_title":"Mit dem Porsche auf Genussreise entlang der Via Culinaria","og_description":"Diese dreit\u00e4gige Genussreise f\u00fchrt euch mit dem Porsche zu kulinarischen Highlights und beeindruckenden Aussichtspunkten im SalzburgerLand \u2013 ein Ausflug f\u00fcr alle Sinne.","og_url":"https:\/\/www.salzburgerland.com\/de\/wp-json\/wp\/v2\/pages\/657331","og_site_name":"SalzburgerLand.com","article_publisher":"https:\/\/www.facebook.com\/salzburgerland\/","article_modified_time":"2024-05-24T08:51:02+00:00","og_image":[{"width":1200,"height":675,"url":"https:\/\/www.salzburgerland.com\/de\/wp-content\/uploads\/2022\/12\/porsche-50194-1200x675.jpg","type":"image\/jpeg"}],"twitter_card":"summary_large_image","twitter_site":"@Salzburgerland","twitter_misc":{"Gesch\u00e4tzte Lesezeit":"9\u00a0Minuten"},"schema":{"@context":"https:\/\/schema.org","@graph":[{"@type":"WebPage","@id":"https:\/\/www.salzburgerland.com\/de\/mit-dem-porsche-auf-genussreise-entlang-der-via-culinaria\/","url":"https:\/\/www.salzburgerland.com\/de\/mit-dem-porsche-auf-genussreise-entlang-der-via-culinaria\/","name":"Mit dem Porsche auf Genussreise entlang der Via Culinaria \u00bb SalzburgerLand.com","isPartOf":{"@id":"https:\/\/www.salzburgerland.com\/de\/#website"},"primaryImageOfPage":{"@id":"https:\/\/www.salzburgerland.com\/de\/mit-dem-porsche-auf-genussreise-entlang-der-via-culinaria\/#primaryimage"},"image":{"@id":"https:\/\/www.salzburgerland.com\/de\/mit-dem-porsche-auf-genussreise-entlang-der-via-culinaria\/#primaryimage"},"thumbnailUrl":"https:\/\/www.salzburgerland.com\/de\/wp-content\/uploads\/2022\/12\/porsche-50194-scaled.jpg","datePublished":"2022-12-23T06:53:33+00:00","dateModified":"2024-05-24T08:51:02+00:00","description":"Diese dreit\u00e4gige Genussreise f\u00fchrt euch mit dem Porsche zu kulinarischen Highlights und beeindruckenden Aussichtspunkten im SalzburgerLand \u2013 ein Ausflug f\u00fcr alle Sinne.","inLanguage":"de","potentialAction":[{"@type":"ReadAction","target":["https:\/\/www.salzburgerland.com\/de\/mit-dem-porsche-auf-genussreise-entlang-der-via-culinaria\/"]}]},{"@type":"ImageObject","inLanguage":"de","@id":"https:\/\/www.salzburgerland.com\/de\/mit-dem-porsche-auf-genussreise-entlang-der-via-culinaria\/#primaryimage","url":"https:\/\/www.salzburgerland.com\/de\/wp-content\/uploads\/2022\/12\/porsche-50194-scaled.jpg","contentUrl":"https:\/\/www.salzburgerland.com\/de\/wp-content\/uploads\/2022\/12\/porsche-50194-scaled.jpg","width":1920,"height":1281,"caption":"Mit dem Porsche auf Genussreise durch das SalzburgLand \u00a9 SalzburgerLand Tourismus"},{"@type":"WebSite","@id":"https:\/\/www.salzburgerland.com\/de\/#website","url":"https:\/\/www.salzburgerland.com\/de\/","name":"SalzburgerLand.com","description":"Ihr Urlaub in Salzburg, \u00d6sterreich","publisher":{"@id":"https:\/\/www.salzburgerland.com\/de\/#organization"},"potentialAction":[{"@type":"SearchAction","target":{"@type":"EntryPoint","urlTemplate":"https:\/\/www.salzburgerland.com\/de\/?s={search_term_string}"},"query-input":{"@type":"PropertyValueSpecification","valueRequired":true,"valueName":"search_term_string"}}],"inLanguage":"de"},{"@type":"Organization","@id":"https:\/\/www.salzburgerland.com\/de\/#organization","name":"SalzburgerLand Tourismus GmbH","url":"https:\/\/www.salzburgerland.com\/de\/","logo":{"@type":"ImageObject","inLanguage":"de","@id":"https:\/\/www.salzburgerland.com\/de\/#\/schema\/logo\/image\/","url":"https:\/\/www.salzburgerland.com\/de\/wp-content\/uploads\/2017\/01\/salzburgerland-logo.jpg","contentUrl":"https:\/\/www.salzburgerland.com\/de\/wp-content\/uploads\/2017\/01\/salzburgerland-logo.jpg","width":1920,"height":827,"caption":"SalzburgerLand Tourismus GmbH"},"image":{"@id":"https:\/\/www.salzburgerland.com\/de\/#\/schema\/logo\/image\/"},"sameAs":["https:\/\/www.facebook.com\/salzburgerland\/","https:\/\/x.com\/Salzburgerland","https:\/\/www.instagram.com\/salzburgerland\/","http:\/\/dbpedia.org\/resource\/Salzburg_(state)","http:\/\/wikidata.dbpedia.org\/resource\/Q43325","http:\/\/open.salzburgerland.com\/de\/entity\/salzburgerland","https:\/\/www.youtube.com\/user\/salzburgerland"]}]}},"_wl_alt_label":[],"wl:entity_url":"http:\/\/open.salzburgerland.com\/de\/page\/-657331","_links":{"self":[{"href":"https:\/\/www.salzburgerland.com\/de\/wp-json\/wp\/v2\/pages\/657331","targetHints":{"allow":["GET"]}}],"collection":[{"href":"https:\/\/www.salzburgerland.com\/de\/wp-json\/wp\/v2\/pages"}],"about":[{"href":"https:\/\/www.salzburgerland.com\/de\/wp-json\/wp\/v2\/types\/page"}],"author":[{"embeddable":true,"href":"https:\/\/www.salzburgerland.com\/de\/wp-json\/wp\/v2\/users\/109"}],"replies":[{"embeddable":true,"href":"https:\/\/www.salzburgerland.com\/de\/wp-json\/wp\/v2\/comments?post=657331"}],"version-history":[{"count":5,"href":"https:\/\/www.salzburgerland.com\/de\/wp-json\/wp\/v2\/pages\/657331\/revisions"}],"predecessor-version":[{"id":672122,"href":"https:\/\/www.salzburgerland.com\/de\/wp-json\/wp\/v2\/pages\/657331\/revisions\/672122"}],"wp:featuredmedia":[{"embeddable":true,"href":"https:\/\/www.salzburgerland.com\/de\/wp-json\/wp\/v2\/media\/657332"}],"wp:attachment":[{"href":"https:\/\/www.salzburgerland.com\/de\/wp-json\/wp\/v2\/media?parent=657331"}],"wp:term":[{"taxonomy":"wl_entity_type","embeddable":true,"href":"https:\/\/www.salzburgerland.com\/de\/wp-json\/wp\/v2\/wl_entity_type?post=657331"}],"curies":[{"name":"wp","href":"https:\/\/api.w.org\/{rel}","templated":true}]}}