{"id":652724,"date":"2022-04-04T00:15:53","date_gmt":"2022-04-03T22:15:53","guid":{"rendered":"https:\/\/www.salzburgerland.com\/de\/?page_id=652724"},"modified":"2022-04-09T05:54:46","modified_gmt":"2022-04-09T03:54:46","slug":"kulinarischer-nationalpark-hohe-tauern","status":"publish","type":"page","link":"https:\/\/www.salzburgerland.com\/de\/kulinarischer-nationalpark-hohe-tauern\/","title":{"rendered":"Kulinarischer Nationalpark Hohe Tauern"},"content":{"rendered":"<p>Bei dieser Genussreise werden ihr aus dem Staunen nicht mehr herauskommen \u2013 daf\u00fcr sorgen neben der <strong>beeindruckenden Landschaft und Natur<\/strong> auch <strong>informative Stopps<\/strong> und spannende <strong>(kulinarische) Begegnungen mit Produzenten und K\u00f6chen<\/strong>.<\/p>\n<p>Im <strong><a href=\"https:\/\/www.salzburgerland.com\/de\/ferienregion-nationalpark-hohe-tauern\/\" target=\"_blank\" rel=\"noopener\">Nationalpark Hohe Tauern<\/a> <\/strong>entdeckt ihr die unterschiedlichen Welten der Ferienregion, macht Halt in <a href=\"https:\/\/www.salzburgerland.com\/de\/via-culinaria\/\" target=\"_blank\" rel=\"noopener\"><strong>Via Culinaria Betrieben<\/strong><\/a>, genie\u00dft <strong>au\u00dfergew\u00f6hnliche regionale K\u00fcchenkonzepte<\/strong> und erfahrt <strong>spannende Infos<\/strong> zu Kr\u00e4utern, Craft-Beeren &amp; Co.! Eure dreit\u00e4gige Genussreise beginnt bei den Nationalparkwelten, wo ihr alles \u00fcber die au\u00dfergew\u00f6hnliche Landschaft erf\u00e4hrt, die euch in der Ferienregion umgibt.<\/p>\n<p>Weiter geht es im <strong>Restaurant Weyerhof der Familie Meilinger<\/strong>, ihr <strong>wandert mit Kr\u00e4uterexpertin<\/strong> Andrea Rieder durch ihren Kr\u00e4utergarten, kostet euch durch <strong>Schokolade- und Lebkuchen-Spezialit\u00e4ten<\/strong> der Familie Pletzer in deren Konditorei, erlebt was es hei\u00dft, in einer <strong>Rauchkuchl mit regionalen Produkten<\/strong> aus maximal 20 Kilometern Umkreis zu dinieren, verkostet <strong>au\u00dfergew\u00f6hnliche Craft-Biere aus dem Pinzgau<\/strong> und lasst eure Genussreise \u201eauf der <strong>Sunnseit<\/strong>\u201c \u2013 der Sonnenseite des Lebens ausklingen.<\/p>\n<p>Viel Spa\u00df beim Entdecken, Staunen und Genie\u00dfen im Nationalpark Hohe Tauern!<\/p>\n","protected":false},"excerpt":{"rendered":"<p>Bei dieser Genussreise werden ihr aus dem Staunen nicht mehr herauskommen \u2013 daf\u00fcr sorgen neben der beeindruckenden Landschaft und Natur auch informative Stopps und spannende (kulinarische) Begegnungen mit Produzenten und K\u00f6chen. Im Nationalpark Hohe Tauern entdeckt ihr die unterschiedlichen Welten der Ferienregion, macht Halt in Via Culinaria Betrieben, genie\u00dft au\u00dfergew\u00f6hnliche regionale K\u00fcchenkonzepte und erfahrt spannende [&hellip;]<\/p>\n","protected":false},"author":109,"featured_media":651687,"parent":0,"menu_order":0,"comment_status":"closed","ping_status":"closed","template":"","meta":{"_acf_changed":false,"wl_entities_gutenberg":"","_relevanssi_hide_post":"","_relevanssi_hide_content":"","_relevanssi_pin_for_all":"","_relevanssi_pin_keywords":"","_relevanssi_unpin_keywords":"","_relevanssi_related_keywords":"","_relevanssi_related_include_ids":"","_relevanssi_related_exclude_ids":"","_relevanssi_related_no_append":"","_relevanssi_related_not_related":"","_relevanssi_related_posts":"","_relevanssi_noindex_reason":"","footnotes":""},"wl_entity_type":[11495],"class_list":["post-652724","page","type-page","status-publish","has-post-thumbnail","hentry","wl_entity_type-article"],"acf":[],"yoast_head":"<!-- This site is optimized with the Yoast SEO Premium plugin v26.9 (Yoast SEO v26.9) - https:\/\/yoast.com\/product\/yoast-seo-premium-wordpress\/ -->\n<title>Kulinarischer Nationalpark Hohe Tauern \u00bb SalzburgerLand.com<\/title>\n<meta name=\"robots\" content=\"index, follow, max-snippet:-1, max-image-preview:large, max-video-preview:-1\" \/>\n<link rel=\"canonical\" href=\"https:\/\/www.salzburgerland.com\/de\/wp-json\/wp\/v2\/pages\/652724\" \/>\n<meta property=\"og:locale\" content=\"de_DE\" \/>\n<meta property=\"og:type\" content=\"article\" \/>\n<meta property=\"og:title\" content=\"Kulinarischer Nationalpark Hohe Tauern\" \/>\n<meta property=\"og:description\" content=\"Hochgebirgslandschaften treffen in eurer Genussreise auf regionale und saisonale K\u00f6stlichkeiten.\" \/>\n<meta property=\"og:url\" content=\"https:\/\/www.salzburgerland.com\/de\/wp-json\/wp\/v2\/pages\/652724\" \/>\n<meta property=\"og:site_name\" content=\"SalzburgerLand.com\" \/>\n<meta property=\"article:publisher\" content=\"https:\/\/www.facebook.com\/salzburgerland\/\" \/>\n<meta property=\"article:modified_time\" content=\"2022-04-09T03:54:46+00:00\" \/>\n<meta property=\"og:image\" content=\"https:\/\/www.salzburgerland.com\/de\/wp-content\/uploads\/2022\/03\/rz_low_glockner__mik7347-1200x675.jpg\" \/>\n\t<meta property=\"og:image:width\" content=\"1200\" \/>\n\t<meta property=\"og:image:height\" content=\"675\" \/>\n\t<meta property=\"og:image:type\" content=\"image\/jpeg\" \/>\n<meta name=\"twitter:card\" content=\"summary_large_image\" \/>\n<meta name=\"twitter:site\" content=\"@Salzburgerland\" \/>\n<meta name=\"twitter:label1\" content=\"Gesch\u00e4tzte Lesezeit\" \/>\n\t<meta name=\"twitter:data1\" content=\"1\u00a0Minute\" \/>\n<script type=\"application\/ld+json\" class=\"yoast-schema-graph\">{\"@context\":\"https:\/\/schema.org\",\"@graph\":[{\"@type\":\"WebPage\",\"@id\":\"https:\/\/www.salzburgerland.com\/de\/kulinarischer-nationalpark-hohe-tauern\/\",\"url\":\"https:\/\/www.salzburgerland.com\/de\/kulinarischer-nationalpark-hohe-tauern\/\",\"name\":\"Kulinarischer Nationalpark Hohe Tauern \u00bb SalzburgerLand.com\",\"isPartOf\":{\"@id\":\"https:\/\/www.salzburgerland.com\/de\/#website\"},\"primaryImageOfPage\":{\"@id\":\"https:\/\/www.salzburgerland.com\/de\/kulinarischer-nationalpark-hohe-tauern\/#primaryimage\"},\"image\":{\"@id\":\"https:\/\/www.salzburgerland.com\/de\/kulinarischer-nationalpark-hohe-tauern\/#primaryimage\"},\"thumbnailUrl\":\"https:\/\/www.salzburgerland.com\/de\/wp-content\/uploads\/2022\/03\/rz_low_glockner__mik7347-scaled.jpg\",\"datePublished\":\"2022-04-03T22:15:53+00:00\",\"dateModified\":\"2022-04-09T03:54:46+00:00\",\"description\":\"Hochgebirgslandschaften treffen in eurer Genussreise auf regionale und saisonale K\u00f6stlichkeiten.\",\"inLanguage\":\"de\",\"potentialAction\":[{\"@type\":\"ReadAction\",\"target\":[\"https:\/\/www.salzburgerland.com\/de\/kulinarischer-nationalpark-hohe-tauern\/\"]}]},{\"@type\":\"ImageObject\",\"inLanguage\":\"de\",\"@id\":\"https:\/\/www.salzburgerland.com\/de\/kulinarischer-nationalpark-hohe-tauern\/#primaryimage\",\"url\":\"https:\/\/www.salzburgerland.com\/de\/wp-content\/uploads\/2022\/03\/rz_low_glockner__mik7347-scaled.jpg\",\"contentUrl\":\"https:\/\/www.salzburgerland.com\/de\/wp-content\/uploads\/2022\/03\/rz_low_glockner__mik7347-scaled.jpg\",\"width\":1920,\"height\":1280,\"caption\":\"Imposante Berge und Natur pur, wohin das Auge reicht. \u00a9 Michael K\u00f6nigshofer\"},{\"@type\":\"WebSite\",\"@id\":\"https:\/\/www.salzburgerland.com\/de\/#website\",\"url\":\"https:\/\/www.salzburgerland.com\/de\/\",\"name\":\"SalzburgerLand.com\",\"description\":\"Ihr Urlaub in Salzburg, \u00d6sterreich\",\"publisher\":{\"@id\":\"https:\/\/www.salzburgerland.com\/de\/#organization\"},\"potentialAction\":[{\"@type\":\"SearchAction\",\"target\":{\"@type\":\"EntryPoint\",\"urlTemplate\":\"https:\/\/www.salzburgerland.com\/de\/?s={search_term_string}\"},\"query-input\":{\"@type\":\"PropertyValueSpecification\",\"valueRequired\":true,\"valueName\":\"search_term_string\"}}],\"inLanguage\":\"de\"},{\"@type\":\"Organization\",\"@id\":\"https:\/\/www.salzburgerland.com\/de\/#organization\",\"name\":\"SalzburgerLand Tourismus GmbH\",\"url\":\"https:\/\/www.salzburgerland.com\/de\/\",\"logo\":{\"@type\":\"ImageObject\",\"inLanguage\":\"de\",\"@id\":\"https:\/\/www.salzburgerland.com\/de\/#\/schema\/logo\/image\/\",\"url\":\"https:\/\/www.salzburgerland.com\/de\/wp-content\/uploads\/2017\/01\/salzburgerland-logo.jpg\",\"contentUrl\":\"https:\/\/www.salzburgerland.com\/de\/wp-content\/uploads\/2017\/01\/salzburgerland-logo.jpg\",\"width\":1920,\"height\":827,\"caption\":\"SalzburgerLand Tourismus GmbH\"},\"image\":{\"@id\":\"https:\/\/www.salzburgerland.com\/de\/#\/schema\/logo\/image\/\"},\"sameAs\":[\"https:\/\/www.facebook.com\/salzburgerland\/\",\"https:\/\/x.com\/Salzburgerland\",\"https:\/\/www.instagram.com\/salzburgerland\/\",\"http:\/\/dbpedia.org\/resource\/Salzburg_(state)\",\"http:\/\/wikidata.dbpedia.org\/resource\/Q43325\",\"http:\/\/open.salzburgerland.com\/de\/entity\/salzburgerland\",\"https:\/\/www.youtube.com\/user\/salzburgerland\"]}]}<\/script>\n<!-- \/ Yoast SEO Premium plugin. -->","yoast_head_json":{"title":"Kulinarischer Nationalpark Hohe Tauern \u00bb SalzburgerLand.com","robots":{"index":"index","follow":"follow","max-snippet":"max-snippet:-1","max-image-preview":"max-image-preview:large","max-video-preview":"max-video-preview:-1"},"canonical":"https:\/\/www.salzburgerland.com\/de\/wp-json\/wp\/v2\/pages\/652724","og_locale":"de_DE","og_type":"article","og_title":"Kulinarischer Nationalpark Hohe Tauern","og_description":"Hochgebirgslandschaften treffen in eurer Genussreise auf regionale und saisonale K\u00f6stlichkeiten.","og_url":"https:\/\/www.salzburgerland.com\/de\/wp-json\/wp\/v2\/pages\/652724","og_site_name":"SalzburgerLand.com","article_publisher":"https:\/\/www.facebook.com\/salzburgerland\/","article_modified_time":"2022-04-09T03:54:46+00:00","og_image":[{"width":1200,"height":675,"url":"https:\/\/www.salzburgerland.com\/de\/wp-content\/uploads\/2022\/03\/rz_low_glockner__mik7347-1200x675.jpg","type":"image\/jpeg"}],"twitter_card":"summary_large_image","twitter_site":"@Salzburgerland","twitter_misc":{"Gesch\u00e4tzte Lesezeit":"1\u00a0Minute"},"schema":{"@context":"https:\/\/schema.org","@graph":[{"@type":"WebPage","@id":"https:\/\/www.salzburgerland.com\/de\/kulinarischer-nationalpark-hohe-tauern\/","url":"https:\/\/www.salzburgerland.com\/de\/kulinarischer-nationalpark-hohe-tauern\/","name":"Kulinarischer Nationalpark Hohe Tauern \u00bb SalzburgerLand.com","isPartOf":{"@id":"https:\/\/www.salzburgerland.com\/de\/#website"},"primaryImageOfPage":{"@id":"https:\/\/www.salzburgerland.com\/de\/kulinarischer-nationalpark-hohe-tauern\/#primaryimage"},"image":{"@id":"https:\/\/www.salzburgerland.com\/de\/kulinarischer-nationalpark-hohe-tauern\/#primaryimage"},"thumbnailUrl":"https:\/\/www.salzburgerland.com\/de\/wp-content\/uploads\/2022\/03\/rz_low_glockner__mik7347-scaled.jpg","datePublished":"2022-04-03T22:15:53+00:00","dateModified":"2022-04-09T03:54:46+00:00","description":"Hochgebirgslandschaften treffen in eurer Genussreise auf regionale und saisonale K\u00f6stlichkeiten.","inLanguage":"de","potentialAction":[{"@type":"ReadAction","target":["https:\/\/www.salzburgerland.com\/de\/kulinarischer-nationalpark-hohe-tauern\/"]}]},{"@type":"ImageObject","inLanguage":"de","@id":"https:\/\/www.salzburgerland.com\/de\/kulinarischer-nationalpark-hohe-tauern\/#primaryimage","url":"https:\/\/www.salzburgerland.com\/de\/wp-content\/uploads\/2022\/03\/rz_low_glockner__mik7347-scaled.jpg","contentUrl":"https:\/\/www.salzburgerland.com\/de\/wp-content\/uploads\/2022\/03\/rz_low_glockner__mik7347-scaled.jpg","width":1920,"height":1280,"caption":"Imposante Berge und Natur pur, wohin das Auge reicht. \u00a9 Michael K\u00f6nigshofer"},{"@type":"WebSite","@id":"https:\/\/www.salzburgerland.com\/de\/#website","url":"https:\/\/www.salzburgerland.com\/de\/","name":"SalzburgerLand.com","description":"Ihr Urlaub in Salzburg, \u00d6sterreich","publisher":{"@id":"https:\/\/www.salzburgerland.com\/de\/#organization"},"potentialAction":[{"@type":"SearchAction","target":{"@type":"EntryPoint","urlTemplate":"https:\/\/www.salzburgerland.com\/de\/?s={search_term_string}"},"query-input":{"@type":"PropertyValueSpecification","valueRequired":true,"valueName":"search_term_string"}}],"inLanguage":"de"},{"@type":"Organization","@id":"https:\/\/www.salzburgerland.com\/de\/#organization","name":"SalzburgerLand Tourismus GmbH","url":"https:\/\/www.salzburgerland.com\/de\/","logo":{"@type":"ImageObject","inLanguage":"de","@id":"https:\/\/www.salzburgerland.com\/de\/#\/schema\/logo\/image\/","url":"https:\/\/www.salzburgerland.com\/de\/wp-content\/uploads\/2017\/01\/salzburgerland-logo.jpg","contentUrl":"https:\/\/www.salzburgerland.com\/de\/wp-content\/uploads\/2017\/01\/salzburgerland-logo.jpg","width":1920,"height":827,"caption":"SalzburgerLand Tourismus GmbH"},"image":{"@id":"https:\/\/www.salzburgerland.com\/de\/#\/schema\/logo\/image\/"},"sameAs":["https:\/\/www.facebook.com\/salzburgerland\/","https:\/\/x.com\/Salzburgerland","https:\/\/www.instagram.com\/salzburgerland\/","http:\/\/dbpedia.org\/resource\/Salzburg_(state)","http:\/\/wikidata.dbpedia.org\/resource\/Q43325","http:\/\/open.salzburgerland.com\/de\/entity\/salzburgerland","https:\/\/www.youtube.com\/user\/salzburgerland"]}]}},"_wl_alt_label":[],"wl:entity_url":"http:\/\/open.salzburgerland.com\/de\/page\/kulinarischer-nationalpark-hohe-tauern-652724","_links":{"self":[{"href":"https:\/\/www.salzburgerland.com\/de\/wp-json\/wp\/v2\/pages\/652724","targetHints":{"allow":["GET"]}}],"collection":[{"href":"https:\/\/www.salzburgerland.com\/de\/wp-json\/wp\/v2\/pages"}],"about":[{"href":"https:\/\/www.salzburgerland.com\/de\/wp-json\/wp\/v2\/types\/page"}],"author":[{"embeddable":true,"href":"https:\/\/www.salzburgerland.com\/de\/wp-json\/wp\/v2\/users\/109"}],"replies":[{"embeddable":true,"href":"https:\/\/www.salzburgerland.com\/de\/wp-json\/wp\/v2\/comments?post=652724"}],"version-history":[{"count":5,"href":"https:\/\/www.salzburgerland.com\/de\/wp-json\/wp\/v2\/pages\/652724\/revisions"}],"predecessor-version":[{"id":653099,"href":"https:\/\/www.salzburgerland.com\/de\/wp-json\/wp\/v2\/pages\/652724\/revisions\/653099"}],"wp:featuredmedia":[{"embeddable":true,"href":"https:\/\/www.salzburgerland.com\/de\/wp-json\/wp\/v2\/media\/651687"}],"wp:attachment":[{"href":"https:\/\/www.salzburgerland.com\/de\/wp-json\/wp\/v2\/media?parent=652724"}],"wp:term":[{"taxonomy":"wl_entity_type","embeddable":true,"href":"https:\/\/www.salzburgerland.com\/de\/wp-json\/wp\/v2\/wl_entity_type?post=652724"}],"curies":[{"name":"wp","href":"https:\/\/api.w.org\/{rel}","templated":true}]}}