{"id":652221,"date":"2022-03-23T12:06:11","date_gmt":"2022-03-23T11:06:11","guid":{"rendered":"https:\/\/www.salzburgerland.com\/de\/?page_id=652221"},"modified":"2023-07-28T11:38:31","modified_gmt":"2023-07-28T09:38:31","slug":"kulinarisches-fruehlingserwachen","status":"publish","type":"page","link":"https:\/\/www.salzburgerland.com\/de\/kulinarisches-fruehlingserwachen\/","title":{"rendered":"Kulinarisches Fr\u00fchlingserwachen"},"content":{"rendered":"<p>In <a href=\"https:\/\/www.salzburgerland.com\/de\/altenmarkt-zauchensee\/\" target=\"_blank\" rel=\"noopener\"><strong>Altenmarkt-Zauchensee<\/strong><\/a> ist die <a href=\"https:\/\/www.altenmarkt-zauchensee.at\/de\/sommer-momente\/bluete-zeit.html\" target=\"_blank\" rel=\"noopener\"><strong>Bl\u00fcte.Zeit<\/strong><\/a> angebrochen! Das verspricht kulturelles und kulinarisches Fr\u00fchlingserwachen auf den Bergen, unvergessliche Kulinarik-, Genuss- und Shopping-Erlebnisse und Wohlf\u00fchl-Momente, die in Erinnerung bleiben. Deswegen fahrt ihr <strong>von 2. bis 4. Juni 2022 auf dreit\u00e4gige Genussreise<\/strong> ins SalzburgerLand \u2013\u00a0euch erwarten drei Tage voller k\u00f6stlicher Momente, von der gef\u00fchrten E-Bike Tour \u00fcber Pop-Up-Galerien und Wellness-Sessions bis hin zu Bauernmarkt-Gen\u00fcssen, alpinem Brunch und selbstgefischten Delikatessen.<\/p>\n<p>Nehmt euch Zeit f\u00fcr au\u00dfergew\u00f6hnliche <strong><a href=\"https:\/\/www.altenmarkt-zauchensee.at\/media\/katalog\/Momente-in-di-Berg.pdf\" target=\"_blank\" rel=\"noopener\">Momente in di Berg<\/a> <\/strong>in Altenmarkt-Zauchensee, begleitet von Locals wie bei der <strong><a href=\"https:\/\/www.altenmarkt-zauchensee.at\/de\/veranstaltung\/page-3bergetour-gefuehrter-genuss-auf-2-raedern.html#22.06.2023%20-%2021.09.2023\" target=\"_blank\" rel=\"noopener\">3.Berge.Tour<\/a> mit dem E-Bike<\/strong> und genussvoll untermalt mit regionalen Schmankerl, etwa auf den drei Hausbergen am Schlatter-, Schwemm und Ameisenberg, am lokalen Wochenmarkt oder beim Alpin.Brunch. Viel Spa\u00df beim Genie\u00dfen und lasst es euch schmecken!<\/p>\n","protected":false},"excerpt":{"rendered":"<p>In Altenmarkt-Zauchensee ist die Bl\u00fcte.Zeit angebrochen! Das verspricht kulturelles und kulinarisches Fr\u00fchlingserwachen auf den Bergen, unvergessliche Kulinarik-, Genuss- und Shopping-Erlebnisse und Wohlf\u00fchl-Momente, die in Erinnerung bleiben. Deswegen fahrt ihr von 2. bis 4. Juni 2022 auf dreit\u00e4gige Genussreise ins SalzburgerLand \u2013\u00a0euch erwarten drei Tage voller k\u00f6stlicher Momente, von der gef\u00fchrten E-Bike Tour \u00fcber Pop-Up-Galerien und [&hellip;]<\/p>\n","protected":false},"author":67,"featured_media":652351,"parent":0,"menu_order":0,"comment_status":"closed","ping_status":"closed","template":"","meta":{"_acf_changed":false,"wl_entities_gutenberg":"","_relevanssi_hide_post":"","_relevanssi_hide_content":"","_relevanssi_pin_for_all":"","_relevanssi_pin_keywords":"","_relevanssi_unpin_keywords":"","_relevanssi_related_keywords":"","_relevanssi_related_include_ids":"","_relevanssi_related_exclude_ids":"","_relevanssi_related_no_append":"","_relevanssi_related_not_related":"","_relevanssi_related_posts":"","_relevanssi_noindex_reason":"","footnotes":""},"wl_entity_type":[11495],"class_list":["post-652221","page","type-page","status-publish","has-post-thumbnail","hentry","wl_entity_type-article"],"acf":[],"yoast_head":"<!-- This site is optimized with the Yoast SEO Premium plugin v26.9 (Yoast SEO v26.9) - https:\/\/yoast.com\/product\/yoast-seo-premium-wordpress\/ -->\n<title>Kulinarisches Fr\u00fchlingserwachen \u00bb SalzburgerLand.com<\/title>\n<meta name=\"robots\" content=\"index, follow, max-snippet:-1, max-image-preview:large, max-video-preview:-1\" \/>\n<link rel=\"canonical\" href=\"https:\/\/www.salzburgerland.com\/de\/wp-json\/wp\/v2\/pages\/652221\" \/>\n<meta property=\"og:locale\" content=\"de_DE\" \/>\n<meta property=\"og:type\" content=\"article\" \/>\n<meta property=\"og:title\" content=\"Kulinarisches Fr\u00fchlingserwachen\" \/>\n<meta property=\"og:description\" content=\"Drei Juni-Tage voll Genuss \u2013 von der E-Bike Kulinarik-Tour \u00fcber Wochenmarkt-Schmankerl bis zum Alpin.Brunch\" \/>\n<meta property=\"og:url\" content=\"https:\/\/www.salzburgerland.com\/de\/wp-json\/wp\/v2\/pages\/652221\" \/>\n<meta property=\"og:site_name\" content=\"SalzburgerLand.com\" \/>\n<meta property=\"article:publisher\" content=\"https:\/\/www.facebook.com\/salzburgerland\/\" \/>\n<meta property=\"article:modified_time\" content=\"2023-07-28T09:38:31+00:00\" \/>\n<meta property=\"og:image\" content=\"https:\/\/www.salzburgerland.com\/de\/wp-content\/uploads\/2022\/03\/slt_genussradeln_altenmarkt-75-1200x675.jpg\" \/>\n\t<meta property=\"og:image:width\" content=\"1200\" \/>\n\t<meta property=\"og:image:height\" content=\"675\" \/>\n\t<meta property=\"og:image:type\" content=\"image\/jpeg\" \/>\n<meta name=\"twitter:card\" content=\"summary_large_image\" \/>\n<meta name=\"twitter:site\" content=\"@Salzburgerland\" \/>\n<meta name=\"twitter:label1\" content=\"Gesch\u00e4tzte Lesezeit\" \/>\n\t<meta name=\"twitter:data1\" content=\"1\u00a0Minute\" \/>\n<script type=\"application\/ld+json\" class=\"yoast-schema-graph\">{\"@context\":\"https:\/\/schema.org\",\"@graph\":[{\"@type\":\"WebPage\",\"@id\":\"https:\/\/www.salzburgerland.com\/de\/kulinarisches-fruehlingserwachen\/\",\"url\":\"https:\/\/www.salzburgerland.com\/de\/kulinarisches-fruehlingserwachen\/\",\"name\":\"Kulinarisches Fr\u00fchlingserwachen \u00bb SalzburgerLand.com\",\"isPartOf\":{\"@id\":\"https:\/\/www.salzburgerland.com\/de\/#website\"},\"primaryImageOfPage\":{\"@id\":\"https:\/\/www.salzburgerland.com\/de\/kulinarisches-fruehlingserwachen\/#primaryimage\"},\"image\":{\"@id\":\"https:\/\/www.salzburgerland.com\/de\/kulinarisches-fruehlingserwachen\/#primaryimage\"},\"thumbnailUrl\":\"https:\/\/www.salzburgerland.com\/de\/wp-content\/uploads\/2022\/03\/slt_genussradeln_altenmarkt-75-scaled.jpg\",\"datePublished\":\"2022-03-23T11:06:11+00:00\",\"dateModified\":\"2023-07-28T09:38:31+00:00\",\"description\":\"Drei Juni-Tage voll Genuss \u2013 von der E-Bike Kulinarik-Tour \u00fcber Wochenmarkt-Schmankerl bis zum Alpin.Brunch\",\"inLanguage\":\"de\",\"potentialAction\":[{\"@type\":\"ReadAction\",\"target\":[\"https:\/\/www.salzburgerland.com\/de\/kulinarisches-fruehlingserwachen\/\"]}]},{\"@type\":\"ImageObject\",\"inLanguage\":\"de\",\"@id\":\"https:\/\/www.salzburgerland.com\/de\/kulinarisches-fruehlingserwachen\/#primaryimage\",\"url\":\"https:\/\/www.salzburgerland.com\/de\/wp-content\/uploads\/2022\/03\/slt_genussradeln_altenmarkt-75-scaled.jpg\",\"contentUrl\":\"https:\/\/www.salzburgerland.com\/de\/wp-content\/uploads\/2022\/03\/slt_genussradeln_altenmarkt-75-scaled.jpg\",\"width\":1920,\"height\":1280,\"caption\":\"Drei Radfahrer machen auf einer Stra\u00dfe eine Pause, mit Blick auf eine malerische Berglandschaft und eine Talstadt im Sonnenlicht.\"},{\"@type\":\"WebSite\",\"@id\":\"https:\/\/www.salzburgerland.com\/de\/#website\",\"url\":\"https:\/\/www.salzburgerland.com\/de\/\",\"name\":\"SalzburgerLand.com\",\"description\":\"Ihr Urlaub in Salzburg, \u00d6sterreich\",\"publisher\":{\"@id\":\"https:\/\/www.salzburgerland.com\/de\/#organization\"},\"potentialAction\":[{\"@type\":\"SearchAction\",\"target\":{\"@type\":\"EntryPoint\",\"urlTemplate\":\"https:\/\/www.salzburgerland.com\/de\/?s={search_term_string}\"},\"query-input\":{\"@type\":\"PropertyValueSpecification\",\"valueRequired\":true,\"valueName\":\"search_term_string\"}}],\"inLanguage\":\"de\"},{\"@type\":\"Organization\",\"@id\":\"https:\/\/www.salzburgerland.com\/de\/#organization\",\"name\":\"SalzburgerLand Tourismus GmbH\",\"url\":\"https:\/\/www.salzburgerland.com\/de\/\",\"logo\":{\"@type\":\"ImageObject\",\"inLanguage\":\"de\",\"@id\":\"https:\/\/www.salzburgerland.com\/de\/#\/schema\/logo\/image\/\",\"url\":\"https:\/\/www.salzburgerland.com\/de\/wp-content\/uploads\/2017\/01\/salzburgerland-logo.jpg\",\"contentUrl\":\"https:\/\/www.salzburgerland.com\/de\/wp-content\/uploads\/2017\/01\/salzburgerland-logo.jpg\",\"width\":1920,\"height\":827,\"caption\":\"SalzburgerLand Tourismus GmbH\"},\"image\":{\"@id\":\"https:\/\/www.salzburgerland.com\/de\/#\/schema\/logo\/image\/\"},\"sameAs\":[\"https:\/\/www.facebook.com\/salzburgerland\/\",\"https:\/\/x.com\/Salzburgerland\",\"https:\/\/www.instagram.com\/salzburgerland\/\",\"http:\/\/dbpedia.org\/resource\/Salzburg_(state)\",\"http:\/\/wikidata.dbpedia.org\/resource\/Q43325\",\"http:\/\/open.salzburgerland.com\/de\/entity\/salzburgerland\",\"https:\/\/www.youtube.com\/user\/salzburgerland\"]}]}<\/script>\n<!-- \/ Yoast SEO Premium plugin. -->","yoast_head_json":{"title":"Kulinarisches Fr\u00fchlingserwachen \u00bb SalzburgerLand.com","robots":{"index":"index","follow":"follow","max-snippet":"max-snippet:-1","max-image-preview":"max-image-preview:large","max-video-preview":"max-video-preview:-1"},"canonical":"https:\/\/www.salzburgerland.com\/de\/wp-json\/wp\/v2\/pages\/652221","og_locale":"de_DE","og_type":"article","og_title":"Kulinarisches Fr\u00fchlingserwachen","og_description":"Drei Juni-Tage voll Genuss \u2013 von der E-Bike Kulinarik-Tour \u00fcber Wochenmarkt-Schmankerl bis zum Alpin.Brunch","og_url":"https:\/\/www.salzburgerland.com\/de\/wp-json\/wp\/v2\/pages\/652221","og_site_name":"SalzburgerLand.com","article_publisher":"https:\/\/www.facebook.com\/salzburgerland\/","article_modified_time":"2023-07-28T09:38:31+00:00","og_image":[{"width":1200,"height":675,"url":"https:\/\/www.salzburgerland.com\/de\/wp-content\/uploads\/2022\/03\/slt_genussradeln_altenmarkt-75-1200x675.jpg","type":"image\/jpeg"}],"twitter_card":"summary_large_image","twitter_site":"@Salzburgerland","twitter_misc":{"Gesch\u00e4tzte Lesezeit":"1\u00a0Minute"},"schema":{"@context":"https:\/\/schema.org","@graph":[{"@type":"WebPage","@id":"https:\/\/www.salzburgerland.com\/de\/kulinarisches-fruehlingserwachen\/","url":"https:\/\/www.salzburgerland.com\/de\/kulinarisches-fruehlingserwachen\/","name":"Kulinarisches Fr\u00fchlingserwachen \u00bb SalzburgerLand.com","isPartOf":{"@id":"https:\/\/www.salzburgerland.com\/de\/#website"},"primaryImageOfPage":{"@id":"https:\/\/www.salzburgerland.com\/de\/kulinarisches-fruehlingserwachen\/#primaryimage"},"image":{"@id":"https:\/\/www.salzburgerland.com\/de\/kulinarisches-fruehlingserwachen\/#primaryimage"},"thumbnailUrl":"https:\/\/www.salzburgerland.com\/de\/wp-content\/uploads\/2022\/03\/slt_genussradeln_altenmarkt-75-scaled.jpg","datePublished":"2022-03-23T11:06:11+00:00","dateModified":"2023-07-28T09:38:31+00:00","description":"Drei Juni-Tage voll Genuss \u2013 von der E-Bike Kulinarik-Tour \u00fcber Wochenmarkt-Schmankerl bis zum Alpin.Brunch","inLanguage":"de","potentialAction":[{"@type":"ReadAction","target":["https:\/\/www.salzburgerland.com\/de\/kulinarisches-fruehlingserwachen\/"]}]},{"@type":"ImageObject","inLanguage":"de","@id":"https:\/\/www.salzburgerland.com\/de\/kulinarisches-fruehlingserwachen\/#primaryimage","url":"https:\/\/www.salzburgerland.com\/de\/wp-content\/uploads\/2022\/03\/slt_genussradeln_altenmarkt-75-scaled.jpg","contentUrl":"https:\/\/www.salzburgerland.com\/de\/wp-content\/uploads\/2022\/03\/slt_genussradeln_altenmarkt-75-scaled.jpg","width":1920,"height":1280,"caption":"Drei Radfahrer machen auf einer Stra\u00dfe eine Pause, mit Blick auf eine malerische Berglandschaft und eine Talstadt im Sonnenlicht."},{"@type":"WebSite","@id":"https:\/\/www.salzburgerland.com\/de\/#website","url":"https:\/\/www.salzburgerland.com\/de\/","name":"SalzburgerLand.com","description":"Ihr Urlaub in Salzburg, \u00d6sterreich","publisher":{"@id":"https:\/\/www.salzburgerland.com\/de\/#organization"},"potentialAction":[{"@type":"SearchAction","target":{"@type":"EntryPoint","urlTemplate":"https:\/\/www.salzburgerland.com\/de\/?s={search_term_string}"},"query-input":{"@type":"PropertyValueSpecification","valueRequired":true,"valueName":"search_term_string"}}],"inLanguage":"de"},{"@type":"Organization","@id":"https:\/\/www.salzburgerland.com\/de\/#organization","name":"SalzburgerLand Tourismus GmbH","url":"https:\/\/www.salzburgerland.com\/de\/","logo":{"@type":"ImageObject","inLanguage":"de","@id":"https:\/\/www.salzburgerland.com\/de\/#\/schema\/logo\/image\/","url":"https:\/\/www.salzburgerland.com\/de\/wp-content\/uploads\/2017\/01\/salzburgerland-logo.jpg","contentUrl":"https:\/\/www.salzburgerland.com\/de\/wp-content\/uploads\/2017\/01\/salzburgerland-logo.jpg","width":1920,"height":827,"caption":"SalzburgerLand Tourismus GmbH"},"image":{"@id":"https:\/\/www.salzburgerland.com\/de\/#\/schema\/logo\/image\/"},"sameAs":["https:\/\/www.facebook.com\/salzburgerland\/","https:\/\/x.com\/Salzburgerland","https:\/\/www.instagram.com\/salzburgerland\/","http:\/\/dbpedia.org\/resource\/Salzburg_(state)","http:\/\/wikidata.dbpedia.org\/resource\/Q43325","http:\/\/open.salzburgerland.com\/de\/entity\/salzburgerland","https:\/\/www.youtube.com\/user\/salzburgerland"]}]}},"_wl_alt_label":[],"wl:entity_url":"http:\/\/open.salzburgerland.com\/de\/page\/-652221","_links":{"self":[{"href":"https:\/\/www.salzburgerland.com\/de\/wp-json\/wp\/v2\/pages\/652221","targetHints":{"allow":["GET"]}}],"collection":[{"href":"https:\/\/www.salzburgerland.com\/de\/wp-json\/wp\/v2\/pages"}],"about":[{"href":"https:\/\/www.salzburgerland.com\/de\/wp-json\/wp\/v2\/types\/page"}],"author":[{"embeddable":true,"href":"https:\/\/www.salzburgerland.com\/de\/wp-json\/wp\/v2\/users\/67"}],"replies":[{"embeddable":true,"href":"https:\/\/www.salzburgerland.com\/de\/wp-json\/wp\/v2\/comments?post=652221"}],"version-history":[{"count":5,"href":"https:\/\/www.salzburgerland.com\/de\/wp-json\/wp\/v2\/pages\/652221\/revisions"}],"predecessor-version":[{"id":664139,"href":"https:\/\/www.salzburgerland.com\/de\/wp-json\/wp\/v2\/pages\/652221\/revisions\/664139"}],"wp:featuredmedia":[{"embeddable":true,"href":"https:\/\/www.salzburgerland.com\/de\/wp-json\/wp\/v2\/media\/652351"}],"wp:attachment":[{"href":"https:\/\/www.salzburgerland.com\/de\/wp-json\/wp\/v2\/media?parent=652221"}],"wp:term":[{"taxonomy":"wl_entity_type","embeddable":true,"href":"https:\/\/www.salzburgerland.com\/de\/wp-json\/wp\/v2\/wl_entity_type?post=652221"}],"curies":[{"name":"wp","href":"https:\/\/api.w.org\/{rel}","templated":true}]}}