{"id":651816,"date":"2022-03-18T12:52:07","date_gmt":"2022-03-18T11:52:07","guid":{"rendered":"https:\/\/www.salzburgerland.com\/de\/?page_id=651816"},"modified":"2022-04-05T13:57:23","modified_gmt":"2022-04-05T11:57:23","slug":"genusserlebnisse-im-gasteinertal","status":"publish","type":"page","link":"https:\/\/www.salzburgerland.com\/de\/genusserlebnisse-im-gasteinertal\/","title":{"rendered":"Genusserlebnisse im Gasteinertal"},"content":{"rendered":"<p>Das <a href=\"https:\/\/www.salzburgerland.com\/de\/gasteinertal\/\" target=\"_blank\" rel=\"noopener\">Gasteinertal<\/a> \u00fcbt auf seine G\u00e4ste seit jeher eine gro\u00dfe Anziehungskraft aus \u2013\u00a0allen voran wegen seiner <strong>beeindruckenden<\/strong> <strong>Natur<\/strong>, seiner <strong>au\u00dfergew\u00f6hnlichen Geschichte<\/strong> und den <strong>unvergesslichen Erlebnissen<\/strong>, die ihr nach jedem Besuch mit nachhause nehmen. Weitere Highlights in <a href=\"https:\/\/www.salzburgerland.com\/de\/dorfgastein\/\" target=\"_blank\" rel=\"noopener\">Dorfgastein<\/a>, <a href=\"https:\/\/www.salzburgerland.com\/de\/bad-hofgastein\/\" target=\"_blank\" rel=\"noopener\">Bad Hofgastein<\/a> und <a href=\"https:\/\/www.salzburgerland.com\/de\/bad-gastein\/\" target=\"_blank\" rel=\"noopener\">Bad Gastein<\/a> findet ihr in den <strong>regionalen K\u00f6stlichkeiten<\/strong>, die es auf verschiedenste Arten zu genie\u00dfen gilt.<\/p>\n<p>Ihr begebt euch auf eine <strong>dreit\u00e4gige Reise ins \u201eGasteinertal der Gen\u00fcsse\u201c<\/strong>, auf der euch <strong>Sportliches<\/strong> ebenso erwartet wie <strong>Entspannendes<\/strong> und <strong>Geschichtliches<\/strong> \u2013 und wo <strong>unvergessliche kulinarische Erlebnisse<\/strong> auf euch warten. Angefangen bei der klassischen <strong>Brettljause<\/strong> mit selbstgemachten Spezialit\u00e4ten wie Almk\u00e4se, frisch gebackenes Brot und <strong>Kaiserschmarrn<\/strong>, \u00fcber <strong>Fr\u00fchst\u00fccks-Highlights<\/strong> auf der Alm und im am Berg gelegenen Boutique Hotel bis hin zu <strong>regionaltypischer K\u00fcche, kreativ interpretiert<\/strong> und <strong>immer mit Fokus auf heimische Lebensmittel<\/strong>. Und auch der ein oder andere <a href=\"https:\/\/www.salzburgerland.com\/de\/via-culinaria\/\" target=\"_blank\" rel=\"noopener\">Via Culinaria<\/a> Betrieb ist auf eurer Genussreise im Gateinertal zu entdecken.<\/p>\n<p>Bei dieser Genussreise im SalzburgerLand ist im wahrsten Sinne des Wortes f\u00fcr jeden Geschmack etwas dabei \u2013 also legt los und entdeckt und erschmeckt das Gasteinertal in all seinen k\u00f6stlichen Facetten.<\/p>\n","protected":false},"excerpt":{"rendered":"<p>Das Gasteinertal \u00fcbt auf seine G\u00e4ste seit jeher eine gro\u00dfe Anziehungskraft aus \u2013\u00a0allen voran wegen seiner beeindruckenden Natur, seiner au\u00dfergew\u00f6hnlichen Geschichte und den unvergesslichen Erlebnissen, die ihr nach jedem Besuch mit nachhause nehmen. Weitere Highlights in Dorfgastein, Bad Hofgastein und Bad Gastein findet ihr in den regionalen K\u00f6stlichkeiten, die es auf verschiedenste Arten zu genie\u00dfen [&hellip;]<\/p>\n","protected":false},"author":67,"featured_media":650255,"parent":0,"menu_order":0,"comment_status":"closed","ping_status":"closed","template":"","meta":{"_acf_changed":false,"wl_entities_gutenberg":"","_relevanssi_hide_post":"","_relevanssi_hide_content":"","_relevanssi_pin_for_all":"","_relevanssi_pin_keywords":"","_relevanssi_unpin_keywords":"","_relevanssi_related_keywords":"","_relevanssi_related_include_ids":"","_relevanssi_related_exclude_ids":"","_relevanssi_related_no_append":"","_relevanssi_related_not_related":"","_relevanssi_related_posts":"","_relevanssi_noindex_reason":"","footnotes":""},"wl_entity_type":[11495],"class_list":["post-651816","page","type-page","status-publish","has-post-thumbnail","hentry","wl_entity_type-article"],"acf":[],"yoast_head":"<!-- This site is optimized with the Yoast SEO Premium plugin v26.9 (Yoast SEO v26.9) - https:\/\/yoast.com\/product\/yoast-seo-premium-wordpress\/ -->\n<title>Genusserlebnisse im Gasteinertal \u00bb SalzburgerLand.com<\/title>\n<meta name=\"robots\" content=\"index, follow, max-snippet:-1, max-image-preview:large, max-video-preview:-1\" \/>\n<link rel=\"canonical\" href=\"https:\/\/www.salzburgerland.com\/de\/wp-json\/wp\/v2\/pages\/651816\" \/>\n<meta property=\"og:locale\" content=\"de_DE\" \/>\n<meta property=\"og:type\" content=\"article\" \/>\n<meta property=\"og:title\" content=\"Genusserlebnisse im Gasteinertal\" \/>\n<meta property=\"og:url\" content=\"https:\/\/www.salzburgerland.com\/de\/wp-json\/wp\/v2\/pages\/651816\" \/>\n<meta property=\"og:site_name\" content=\"SalzburgerLand.com\" \/>\n<meta property=\"article:publisher\" content=\"https:\/\/www.facebook.com\/salzburgerland\/\" \/>\n<meta property=\"article:modified_time\" content=\"2022-04-05T11:57:23+00:00\" \/>\n<meta property=\"og:image\" content=\"https:\/\/www.salzburgerland.com\/de\/wp-content\/uploads\/2022\/02\/gipfelkreuz-gamskarkogel-sonnenaufgang-bergpanorama-c-gasteinertal-tourismus-gmbh-1200x675.jpg\" \/>\n\t<meta property=\"og:image:width\" content=\"1200\" \/>\n\t<meta property=\"og:image:height\" content=\"675\" \/>\n\t<meta property=\"og:image:type\" content=\"image\/jpeg\" \/>\n<meta name=\"twitter:card\" content=\"summary_large_image\" \/>\n<meta name=\"twitter:site\" content=\"@Salzburgerland\" \/>\n<meta name=\"twitter:label1\" content=\"Gesch\u00e4tzte Lesezeit\" \/>\n\t<meta name=\"twitter:data1\" content=\"1\u00a0Minute\" \/>\n<script type=\"application\/ld+json\" class=\"yoast-schema-graph\">{\"@context\":\"https:\/\/schema.org\",\"@graph\":[{\"@type\":\"WebPage\",\"@id\":\"https:\/\/www.salzburgerland.com\/de\/genusserlebnisse-im-gasteinertal\/\",\"url\":\"https:\/\/www.salzburgerland.com\/de\/genusserlebnisse-im-gasteinertal\/\",\"name\":\"Genusserlebnisse im Gasteinertal \u00bb SalzburgerLand.com\",\"isPartOf\":{\"@id\":\"https:\/\/www.salzburgerland.com\/de\/#website\"},\"primaryImageOfPage\":{\"@id\":\"https:\/\/www.salzburgerland.com\/de\/genusserlebnisse-im-gasteinertal\/#primaryimage\"},\"image\":{\"@id\":\"https:\/\/www.salzburgerland.com\/de\/genusserlebnisse-im-gasteinertal\/#primaryimage\"},\"thumbnailUrl\":\"https:\/\/www.salzburgerland.com\/de\/wp-content\/uploads\/2022\/02\/gipfelkreuz-gamskarkogel-sonnenaufgang-bergpanorama-c-gasteinertal-tourismus-gmbh.jpg\",\"datePublished\":\"2022-03-18T11:52:07+00:00\",\"dateModified\":\"2022-04-05T11:57:23+00:00\",\"inLanguage\":\"de\",\"potentialAction\":[{\"@type\":\"ReadAction\",\"target\":[\"https:\/\/www.salzburgerland.com\/de\/genusserlebnisse-im-gasteinertal\/\"]}]},{\"@type\":\"ImageObject\",\"inLanguage\":\"de\",\"@id\":\"https:\/\/www.salzburgerland.com\/de\/genusserlebnisse-im-gasteinertal\/#primaryimage\",\"url\":\"https:\/\/www.salzburgerland.com\/de\/wp-content\/uploads\/2022\/02\/gipfelkreuz-gamskarkogel-sonnenaufgang-bergpanorama-c-gasteinertal-tourismus-gmbh.jpg\",\"contentUrl\":\"https:\/\/www.salzburgerland.com\/de\/wp-content\/uploads\/2022\/02\/gipfelkreuz-gamskarkogel-sonnenaufgang-bergpanorama-c-gasteinertal-tourismus-gmbh.jpg\",\"width\":1920,\"height\":1282,\"caption\":\"\u00a9 Gasteinertal Tourismus GmbH\"},{\"@type\":\"WebSite\",\"@id\":\"https:\/\/www.salzburgerland.com\/de\/#website\",\"url\":\"https:\/\/www.salzburgerland.com\/de\/\",\"name\":\"SalzburgerLand.com\",\"description\":\"Ihr Urlaub in Salzburg, \u00d6sterreich\",\"publisher\":{\"@id\":\"https:\/\/www.salzburgerland.com\/de\/#organization\"},\"potentialAction\":[{\"@type\":\"SearchAction\",\"target\":{\"@type\":\"EntryPoint\",\"urlTemplate\":\"https:\/\/www.salzburgerland.com\/de\/?s={search_term_string}\"},\"query-input\":{\"@type\":\"PropertyValueSpecification\",\"valueRequired\":true,\"valueName\":\"search_term_string\"}}],\"inLanguage\":\"de\"},{\"@type\":\"Organization\",\"@id\":\"https:\/\/www.salzburgerland.com\/de\/#organization\",\"name\":\"SalzburgerLand Tourismus GmbH\",\"url\":\"https:\/\/www.salzburgerland.com\/de\/\",\"logo\":{\"@type\":\"ImageObject\",\"inLanguage\":\"de\",\"@id\":\"https:\/\/www.salzburgerland.com\/de\/#\/schema\/logo\/image\/\",\"url\":\"https:\/\/www.salzburgerland.com\/de\/wp-content\/uploads\/2017\/01\/salzburgerland-logo.jpg\",\"contentUrl\":\"https:\/\/www.salzburgerland.com\/de\/wp-content\/uploads\/2017\/01\/salzburgerland-logo.jpg\",\"width\":1920,\"height\":827,\"caption\":\"SalzburgerLand Tourismus GmbH\"},\"image\":{\"@id\":\"https:\/\/www.salzburgerland.com\/de\/#\/schema\/logo\/image\/\"},\"sameAs\":[\"https:\/\/www.facebook.com\/salzburgerland\/\",\"https:\/\/x.com\/Salzburgerland\",\"https:\/\/www.instagram.com\/salzburgerland\/\",\"http:\/\/dbpedia.org\/resource\/Salzburg_(state)\",\"http:\/\/wikidata.dbpedia.org\/resource\/Q43325\",\"http:\/\/open.salzburgerland.com\/de\/entity\/salzburgerland\",\"https:\/\/www.youtube.com\/user\/salzburgerland\"]}]}<\/script>\n<!-- \/ Yoast SEO Premium plugin. -->","yoast_head_json":{"title":"Genusserlebnisse im Gasteinertal \u00bb SalzburgerLand.com","robots":{"index":"index","follow":"follow","max-snippet":"max-snippet:-1","max-image-preview":"max-image-preview:large","max-video-preview":"max-video-preview:-1"},"canonical":"https:\/\/www.salzburgerland.com\/de\/wp-json\/wp\/v2\/pages\/651816","og_locale":"de_DE","og_type":"article","og_title":"Genusserlebnisse im Gasteinertal","og_url":"https:\/\/www.salzburgerland.com\/de\/wp-json\/wp\/v2\/pages\/651816","og_site_name":"SalzburgerLand.com","article_publisher":"https:\/\/www.facebook.com\/salzburgerland\/","article_modified_time":"2022-04-05T11:57:23+00:00","og_image":[{"width":1200,"height":675,"url":"https:\/\/www.salzburgerland.com\/de\/wp-content\/uploads\/2022\/02\/gipfelkreuz-gamskarkogel-sonnenaufgang-bergpanorama-c-gasteinertal-tourismus-gmbh-1200x675.jpg","type":"image\/jpeg"}],"twitter_card":"summary_large_image","twitter_site":"@Salzburgerland","twitter_misc":{"Gesch\u00e4tzte Lesezeit":"1\u00a0Minute"},"schema":{"@context":"https:\/\/schema.org","@graph":[{"@type":"WebPage","@id":"https:\/\/www.salzburgerland.com\/de\/genusserlebnisse-im-gasteinertal\/","url":"https:\/\/www.salzburgerland.com\/de\/genusserlebnisse-im-gasteinertal\/","name":"Genusserlebnisse im Gasteinertal \u00bb SalzburgerLand.com","isPartOf":{"@id":"https:\/\/www.salzburgerland.com\/de\/#website"},"primaryImageOfPage":{"@id":"https:\/\/www.salzburgerland.com\/de\/genusserlebnisse-im-gasteinertal\/#primaryimage"},"image":{"@id":"https:\/\/www.salzburgerland.com\/de\/genusserlebnisse-im-gasteinertal\/#primaryimage"},"thumbnailUrl":"https:\/\/www.salzburgerland.com\/de\/wp-content\/uploads\/2022\/02\/gipfelkreuz-gamskarkogel-sonnenaufgang-bergpanorama-c-gasteinertal-tourismus-gmbh.jpg","datePublished":"2022-03-18T11:52:07+00:00","dateModified":"2022-04-05T11:57:23+00:00","inLanguage":"de","potentialAction":[{"@type":"ReadAction","target":["https:\/\/www.salzburgerland.com\/de\/genusserlebnisse-im-gasteinertal\/"]}]},{"@type":"ImageObject","inLanguage":"de","@id":"https:\/\/www.salzburgerland.com\/de\/genusserlebnisse-im-gasteinertal\/#primaryimage","url":"https:\/\/www.salzburgerland.com\/de\/wp-content\/uploads\/2022\/02\/gipfelkreuz-gamskarkogel-sonnenaufgang-bergpanorama-c-gasteinertal-tourismus-gmbh.jpg","contentUrl":"https:\/\/www.salzburgerland.com\/de\/wp-content\/uploads\/2022\/02\/gipfelkreuz-gamskarkogel-sonnenaufgang-bergpanorama-c-gasteinertal-tourismus-gmbh.jpg","width":1920,"height":1282,"caption":"\u00a9 Gasteinertal Tourismus GmbH"},{"@type":"WebSite","@id":"https:\/\/www.salzburgerland.com\/de\/#website","url":"https:\/\/www.salzburgerland.com\/de\/","name":"SalzburgerLand.com","description":"Ihr Urlaub in Salzburg, \u00d6sterreich","publisher":{"@id":"https:\/\/www.salzburgerland.com\/de\/#organization"},"potentialAction":[{"@type":"SearchAction","target":{"@type":"EntryPoint","urlTemplate":"https:\/\/www.salzburgerland.com\/de\/?s={search_term_string}"},"query-input":{"@type":"PropertyValueSpecification","valueRequired":true,"valueName":"search_term_string"}}],"inLanguage":"de"},{"@type":"Organization","@id":"https:\/\/www.salzburgerland.com\/de\/#organization","name":"SalzburgerLand Tourismus GmbH","url":"https:\/\/www.salzburgerland.com\/de\/","logo":{"@type":"ImageObject","inLanguage":"de","@id":"https:\/\/www.salzburgerland.com\/de\/#\/schema\/logo\/image\/","url":"https:\/\/www.salzburgerland.com\/de\/wp-content\/uploads\/2017\/01\/salzburgerland-logo.jpg","contentUrl":"https:\/\/www.salzburgerland.com\/de\/wp-content\/uploads\/2017\/01\/salzburgerland-logo.jpg","width":1920,"height":827,"caption":"SalzburgerLand Tourismus GmbH"},"image":{"@id":"https:\/\/www.salzburgerland.com\/de\/#\/schema\/logo\/image\/"},"sameAs":["https:\/\/www.facebook.com\/salzburgerland\/","https:\/\/x.com\/Salzburgerland","https:\/\/www.instagram.com\/salzburgerland\/","http:\/\/dbpedia.org\/resource\/Salzburg_(state)","http:\/\/wikidata.dbpedia.org\/resource\/Q43325","http:\/\/open.salzburgerland.com\/de\/entity\/salzburgerland","https:\/\/www.youtube.com\/user\/salzburgerland"]}]}},"_wl_alt_label":[],"wl:entity_url":"http:\/\/open.salzburgerland.com\/de\/page\/unterwegs-im-gasteiner-tal-der-genuesse-651816","_links":{"self":[{"href":"https:\/\/www.salzburgerland.com\/de\/wp-json\/wp\/v2\/pages\/651816","targetHints":{"allow":["GET"]}}],"collection":[{"href":"https:\/\/www.salzburgerland.com\/de\/wp-json\/wp\/v2\/pages"}],"about":[{"href":"https:\/\/www.salzburgerland.com\/de\/wp-json\/wp\/v2\/types\/page"}],"author":[{"embeddable":true,"href":"https:\/\/www.salzburgerland.com\/de\/wp-json\/wp\/v2\/users\/67"}],"replies":[{"embeddable":true,"href":"https:\/\/www.salzburgerland.com\/de\/wp-json\/wp\/v2\/comments?post=651816"}],"version-history":[{"count":5,"href":"https:\/\/www.salzburgerland.com\/de\/wp-json\/wp\/v2\/pages\/651816\/revisions"}],"predecessor-version":[{"id":652924,"href":"https:\/\/www.salzburgerland.com\/de\/wp-json\/wp\/v2\/pages\/651816\/revisions\/652924"}],"wp:featuredmedia":[{"embeddable":true,"href":"https:\/\/www.salzburgerland.com\/de\/wp-json\/wp\/v2\/media\/650255"}],"wp:attachment":[{"href":"https:\/\/www.salzburgerland.com\/de\/wp-json\/wp\/v2\/media?parent=651816"}],"wp:term":[{"taxonomy":"wl_entity_type","embeddable":true,"href":"https:\/\/www.salzburgerland.com\/de\/wp-json\/wp\/v2\/wl_entity_type?post=651816"}],"curies":[{"name":"wp","href":"https:\/\/api.w.org\/{rel}","templated":true}]}}