{"id":651693,"date":"2022-03-18T12:50:50","date_gmt":"2022-03-18T11:50:50","guid":{"rendered":"https:\/\/www.salzburgerland.com\/de\/?page_id=651693"},"modified":"2022-04-05T14:05:13","modified_gmt":"2022-04-05T12:05:13","slug":"fuer-jeden-genuss-die-passenden-kraeuter","status":"publish","type":"page","link":"https:\/\/www.salzburgerland.com\/de\/fuer-jeden-genuss-die-passenden-kraeuter\/","title":{"rendered":"F\u00fcr jeden Genuss die passenden Kr\u00e4uter"},"content":{"rendered":"<p>Haubenk\u00fcche trifft auf Kr\u00e4uteralmen \u2013 das klingt nach einer Kombination, die ihr euch nicht entgehen lassen solltet. Deshalb verbringt ihr die kommenden drei Tage bei einer Genusstour am <a href=\"https:\/\/www.salzburgerland.com\/de\/hochkoenig\/\" target=\"_blank\" rel=\"noopener\"><strong>Hochk\u00f6nig<\/strong><\/a>, wo <strong>Haubenkoch Vitus Winkler<\/strong>, seines Zeichens von Gault Millau mit vier Hauben dekoriert, <strong>alpinen Kr\u00e4utergenuss<\/strong> neu interpretiert. Gemeinsam mit den Almleuten der <strong>Kr\u00e4uteralmen<\/strong> am Hochk\u00f6nig hat er <strong>spannende Kr\u00e4utergericht<\/strong> und f\u00fcr jede Alm einen eigenen <strong>\u201e<a href=\"https:\/\/www.hochkoenig.at\/de\/sommer\/essen-trinken\/haubenkueche-meets-kraeuteralmen.html\" target=\"_blank\" rel=\"noopener\">Signature Dish<\/a>\u201c<\/strong> kreiert \u2013 darunter auch beliebte <a href=\"https:\/\/www.salzburgerland.com\/de\/via-culinaria\/\" target=\"_blank\" rel=\"noopener\">Via Culinaria Almen<\/a>.<\/p>\n<p>Zwei der drei Tage eurer Genussreise am Hochk\u00f6nig begebt ihr euch also auf Kr\u00e4uter-Spurensuche und genie\u00dft <strong>k\u00f6stliche Gerichte aus der Feder von Spitzenkoch Vitus Winkler<\/strong>, <strong>regional zubereitet<\/strong> von den jeweiligen Alm-Gastgebern der verschiedenen <a href=\"https:\/\/www.hochkoenig.at\/de\/sommer\/wandern\/kraeuterwandern-am-hochkoenig.html\" target=\"_blank\" rel=\"noopener\"><strong>Hochk\u00f6nig-Kr\u00e4uteralmen<\/strong><\/a>. Am finalen Tag macht ihr euch mit dem <strong>E-Bike<\/strong> und einem Tourguide auf, um eine <a href=\"https:\/\/www.hochkoenig.at\/de\/sommer\/essen-trinken\/kulinarische-koenigstouren-im-sommer.html\" target=\"_blank\" rel=\"noopener\"><strong>kulinarische K\u00f6nigstour<\/strong><\/a> mit drei Genussstationen zu befahren.<\/p>\n<p><iframe title=\"Vitus Winkler kocht mit unseren Kr\u00e4uteralmen\" width=\"500\" height=\"281\" src=\"https:\/\/www.youtube-nocookie.com\/embed\/IBD3CmVWkkg?feature=oembed&amp;rel=0&amp;modestbranding=1\" frameborder=\"0\" allow=\"accelerometer; autoplay; clipboard-write; encrypted-media; gyroscope; picture-in-picture; web-share\" referrerpolicy=\"strict-origin-when-cross-origin\" allowfullscreen><\/iframe><\/p>\n","protected":false},"excerpt":{"rendered":"<p>Haubenk\u00fcche trifft auf Kr\u00e4uteralmen \u2013 das klingt nach einer Kombination, die ihr euch nicht entgehen lassen solltet. Deshalb verbringt ihr die kommenden drei Tage bei einer Genusstour am Hochk\u00f6nig, wo Haubenkoch Vitus Winkler, seines Zeichens von Gault Millau mit vier Hauben dekoriert, alpinen Kr\u00e4utergenuss neu interpretiert. Gemeinsam mit den Almleuten der Kr\u00e4uteralmen am Hochk\u00f6nig hat [&hellip;]<\/p>\n","protected":false},"author":67,"featured_media":651707,"parent":0,"menu_order":0,"comment_status":"closed","ping_status":"closed","template":"","meta":{"_acf_changed":false,"wl_entities_gutenberg":"","_relevanssi_hide_post":"","_relevanssi_hide_content":"","_relevanssi_pin_for_all":"","_relevanssi_pin_keywords":"","_relevanssi_unpin_keywords":"","_relevanssi_related_keywords":"","_relevanssi_related_include_ids":"","_relevanssi_related_exclude_ids":"","_relevanssi_related_no_append":"","_relevanssi_related_not_related":"","_relevanssi_related_posts":"","_relevanssi_noindex_reason":"","footnotes":""},"wl_entity_type":[11495],"class_list":["post-651693","page","type-page","status-publish","has-post-thumbnail","hentry","wl_entity_type-article"],"acf":[],"yoast_head":"<!-- This site is optimized with the Yoast SEO Premium plugin v26.9 (Yoast SEO v26.9) - https:\/\/yoast.com\/product\/yoast-seo-premium-wordpress\/ -->\n<title>F\u00fcr jeden Genuss die passenden Kr\u00e4uter \u00bb SalzburgerLand.com<\/title>\n<meta name=\"robots\" content=\"index, follow, max-snippet:-1, max-image-preview:large, max-video-preview:-1\" \/>\n<link rel=\"canonical\" href=\"https:\/\/www.salzburgerland.com\/de\/wp-json\/wp\/v2\/pages\/651693\" \/>\n<meta property=\"og:locale\" content=\"de_DE\" \/>\n<meta property=\"og:type\" content=\"article\" \/>\n<meta property=\"og:title\" content=\"F\u00fcr jeden Genuss die passenden Kr\u00e4uter\" \/>\n<meta property=\"og:description\" content=\"Ihr erlebt am Hochk\u00f6nig, welche Hochgen\u00fcsse f\u00fcr Leib &amp; Seele regionale Kr\u00e4uter f\u00fcr euch bereithalten.\" \/>\n<meta property=\"og:url\" content=\"https:\/\/www.salzburgerland.com\/de\/wp-json\/wp\/v2\/pages\/651693\" \/>\n<meta property=\"og:site_name\" content=\"SalzburgerLand.com\" \/>\n<meta property=\"article:publisher\" content=\"https:\/\/www.facebook.com\/salzburgerland\/\" \/>\n<meta property=\"article:modified_time\" content=\"2022-04-05T12:05:13+00:00\" \/>\n<meta property=\"og:image\" content=\"https:\/\/www.salzburgerland.com\/de\/wp-content\/uploads\/2022\/03\/medium-hochkoenig-1-1200x675.jpg\" \/>\n\t<meta property=\"og:image:width\" content=\"1200\" \/>\n\t<meta property=\"og:image:height\" content=\"675\" \/>\n\t<meta property=\"og:image:type\" content=\"image\/jpeg\" \/>\n<meta name=\"twitter:card\" content=\"summary_large_image\" \/>\n<meta name=\"twitter:site\" content=\"@Salzburgerland\" \/>\n<meta name=\"twitter:label1\" content=\"Gesch\u00e4tzte Lesezeit\" \/>\n\t<meta name=\"twitter:data1\" content=\"1\u00a0Minute\" \/>\n<script type=\"application\/ld+json\" class=\"yoast-schema-graph\">{\"@context\":\"https:\/\/schema.org\",\"@graph\":[{\"@type\":\"WebPage\",\"@id\":\"https:\/\/www.salzburgerland.com\/de\/fuer-jeden-genuss-die-passenden-kraeuter\/\",\"url\":\"https:\/\/www.salzburgerland.com\/de\/fuer-jeden-genuss-die-passenden-kraeuter\/\",\"name\":\"F\u00fcr jeden Genuss die passenden Kr\u00e4uter \u00bb SalzburgerLand.com\",\"isPartOf\":{\"@id\":\"https:\/\/www.salzburgerland.com\/de\/#website\"},\"primaryImageOfPage\":{\"@id\":\"https:\/\/www.salzburgerland.com\/de\/fuer-jeden-genuss-die-passenden-kraeuter\/#primaryimage\"},\"image\":{\"@id\":\"https:\/\/www.salzburgerland.com\/de\/fuer-jeden-genuss-die-passenden-kraeuter\/#primaryimage\"},\"thumbnailUrl\":\"https:\/\/www.salzburgerland.com\/de\/wp-content\/uploads\/2022\/03\/medium-hochkoenig-1.jpg\",\"datePublished\":\"2022-03-18T11:50:50+00:00\",\"dateModified\":\"2022-04-05T12:05:13+00:00\",\"description\":\"Ihr erlebt am Hochk\u00f6nig, welche Hochgen\u00fcsse f\u00fcr Leib & Seele regionale Kr\u00e4uter f\u00fcr euch bereithalten.\",\"inLanguage\":\"de\",\"potentialAction\":[{\"@type\":\"ReadAction\",\"target\":[\"https:\/\/www.salzburgerland.com\/de\/fuer-jeden-genuss-die-passenden-kraeuter\/\"]}]},{\"@type\":\"ImageObject\",\"inLanguage\":\"de\",\"@id\":\"https:\/\/www.salzburgerland.com\/de\/fuer-jeden-genuss-die-passenden-kraeuter\/#primaryimage\",\"url\":\"https:\/\/www.salzburgerland.com\/de\/wp-content\/uploads\/2022\/03\/medium-hochkoenig-1.jpg\",\"contentUrl\":\"https:\/\/www.salzburgerland.com\/de\/wp-content\/uploads\/2022\/03\/medium-hochkoenig-1.jpg\",\"width\":1920,\"height\":1280,\"caption\":\"Beeindruckendes Panorama \u00a9 Hochk\u00f6nig Tourismus\"},{\"@type\":\"WebSite\",\"@id\":\"https:\/\/www.salzburgerland.com\/de\/#website\",\"url\":\"https:\/\/www.salzburgerland.com\/de\/\",\"name\":\"SalzburgerLand.com\",\"description\":\"Ihr Urlaub in Salzburg, \u00d6sterreich\",\"publisher\":{\"@id\":\"https:\/\/www.salzburgerland.com\/de\/#organization\"},\"potentialAction\":[{\"@type\":\"SearchAction\",\"target\":{\"@type\":\"EntryPoint\",\"urlTemplate\":\"https:\/\/www.salzburgerland.com\/de\/?s={search_term_string}\"},\"query-input\":{\"@type\":\"PropertyValueSpecification\",\"valueRequired\":true,\"valueName\":\"search_term_string\"}}],\"inLanguage\":\"de\"},{\"@type\":\"Organization\",\"@id\":\"https:\/\/www.salzburgerland.com\/de\/#organization\",\"name\":\"SalzburgerLand Tourismus GmbH\",\"url\":\"https:\/\/www.salzburgerland.com\/de\/\",\"logo\":{\"@type\":\"ImageObject\",\"inLanguage\":\"de\",\"@id\":\"https:\/\/www.salzburgerland.com\/de\/#\/schema\/logo\/image\/\",\"url\":\"https:\/\/www.salzburgerland.com\/de\/wp-content\/uploads\/2017\/01\/salzburgerland-logo.jpg\",\"contentUrl\":\"https:\/\/www.salzburgerland.com\/de\/wp-content\/uploads\/2017\/01\/salzburgerland-logo.jpg\",\"width\":1920,\"height\":827,\"caption\":\"SalzburgerLand Tourismus GmbH\"},\"image\":{\"@id\":\"https:\/\/www.salzburgerland.com\/de\/#\/schema\/logo\/image\/\"},\"sameAs\":[\"https:\/\/www.facebook.com\/salzburgerland\/\",\"https:\/\/x.com\/Salzburgerland\",\"https:\/\/www.instagram.com\/salzburgerland\/\",\"http:\/\/dbpedia.org\/resource\/Salzburg_(state)\",\"http:\/\/wikidata.dbpedia.org\/resource\/Q43325\",\"http:\/\/open.salzburgerland.com\/de\/entity\/salzburgerland\",\"https:\/\/www.youtube.com\/user\/salzburgerland\"]}]}<\/script>\n<!-- \/ Yoast SEO Premium plugin. -->","yoast_head_json":{"title":"F\u00fcr jeden Genuss die passenden Kr\u00e4uter \u00bb SalzburgerLand.com","robots":{"index":"index","follow":"follow","max-snippet":"max-snippet:-1","max-image-preview":"max-image-preview:large","max-video-preview":"max-video-preview:-1"},"canonical":"https:\/\/www.salzburgerland.com\/de\/wp-json\/wp\/v2\/pages\/651693","og_locale":"de_DE","og_type":"article","og_title":"F\u00fcr jeden Genuss die passenden Kr\u00e4uter","og_description":"Ihr erlebt am Hochk\u00f6nig, welche Hochgen\u00fcsse f\u00fcr Leib & Seele regionale Kr\u00e4uter f\u00fcr euch bereithalten.","og_url":"https:\/\/www.salzburgerland.com\/de\/wp-json\/wp\/v2\/pages\/651693","og_site_name":"SalzburgerLand.com","article_publisher":"https:\/\/www.facebook.com\/salzburgerland\/","article_modified_time":"2022-04-05T12:05:13+00:00","og_image":[{"width":1200,"height":675,"url":"https:\/\/www.salzburgerland.com\/de\/wp-content\/uploads\/2022\/03\/medium-hochkoenig-1-1200x675.jpg","type":"image\/jpeg"}],"twitter_card":"summary_large_image","twitter_site":"@Salzburgerland","twitter_misc":{"Gesch\u00e4tzte Lesezeit":"1\u00a0Minute"},"schema":{"@context":"https:\/\/schema.org","@graph":[{"@type":"WebPage","@id":"https:\/\/www.salzburgerland.com\/de\/fuer-jeden-genuss-die-passenden-kraeuter\/","url":"https:\/\/www.salzburgerland.com\/de\/fuer-jeden-genuss-die-passenden-kraeuter\/","name":"F\u00fcr jeden Genuss die passenden Kr\u00e4uter \u00bb SalzburgerLand.com","isPartOf":{"@id":"https:\/\/www.salzburgerland.com\/de\/#website"},"primaryImageOfPage":{"@id":"https:\/\/www.salzburgerland.com\/de\/fuer-jeden-genuss-die-passenden-kraeuter\/#primaryimage"},"image":{"@id":"https:\/\/www.salzburgerland.com\/de\/fuer-jeden-genuss-die-passenden-kraeuter\/#primaryimage"},"thumbnailUrl":"https:\/\/www.salzburgerland.com\/de\/wp-content\/uploads\/2022\/03\/medium-hochkoenig-1.jpg","datePublished":"2022-03-18T11:50:50+00:00","dateModified":"2022-04-05T12:05:13+00:00","description":"Ihr erlebt am Hochk\u00f6nig, welche Hochgen\u00fcsse f\u00fcr Leib & Seele regionale Kr\u00e4uter f\u00fcr euch bereithalten.","inLanguage":"de","potentialAction":[{"@type":"ReadAction","target":["https:\/\/www.salzburgerland.com\/de\/fuer-jeden-genuss-die-passenden-kraeuter\/"]}]},{"@type":"ImageObject","inLanguage":"de","@id":"https:\/\/www.salzburgerland.com\/de\/fuer-jeden-genuss-die-passenden-kraeuter\/#primaryimage","url":"https:\/\/www.salzburgerland.com\/de\/wp-content\/uploads\/2022\/03\/medium-hochkoenig-1.jpg","contentUrl":"https:\/\/www.salzburgerland.com\/de\/wp-content\/uploads\/2022\/03\/medium-hochkoenig-1.jpg","width":1920,"height":1280,"caption":"Beeindruckendes Panorama \u00a9 Hochk\u00f6nig Tourismus"},{"@type":"WebSite","@id":"https:\/\/www.salzburgerland.com\/de\/#website","url":"https:\/\/www.salzburgerland.com\/de\/","name":"SalzburgerLand.com","description":"Ihr Urlaub in Salzburg, \u00d6sterreich","publisher":{"@id":"https:\/\/www.salzburgerland.com\/de\/#organization"},"potentialAction":[{"@type":"SearchAction","target":{"@type":"EntryPoint","urlTemplate":"https:\/\/www.salzburgerland.com\/de\/?s={search_term_string}"},"query-input":{"@type":"PropertyValueSpecification","valueRequired":true,"valueName":"search_term_string"}}],"inLanguage":"de"},{"@type":"Organization","@id":"https:\/\/www.salzburgerland.com\/de\/#organization","name":"SalzburgerLand Tourismus GmbH","url":"https:\/\/www.salzburgerland.com\/de\/","logo":{"@type":"ImageObject","inLanguage":"de","@id":"https:\/\/www.salzburgerland.com\/de\/#\/schema\/logo\/image\/","url":"https:\/\/www.salzburgerland.com\/de\/wp-content\/uploads\/2017\/01\/salzburgerland-logo.jpg","contentUrl":"https:\/\/www.salzburgerland.com\/de\/wp-content\/uploads\/2017\/01\/salzburgerland-logo.jpg","width":1920,"height":827,"caption":"SalzburgerLand Tourismus GmbH"},"image":{"@id":"https:\/\/www.salzburgerland.com\/de\/#\/schema\/logo\/image\/"},"sameAs":["https:\/\/www.facebook.com\/salzburgerland\/","https:\/\/x.com\/Salzburgerland","https:\/\/www.instagram.com\/salzburgerland\/","http:\/\/dbpedia.org\/resource\/Salzburg_(state)","http:\/\/wikidata.dbpedia.org\/resource\/Q43325","http:\/\/open.salzburgerland.com\/de\/entity\/salzburgerland","https:\/\/www.youtube.com\/user\/salzburgerland"]}]}},"_wl_alt_label":[],"wl:entity_url":"http:\/\/open.salzburgerland.com\/de\/page\/fuer_jeden_genuss_ist_ein_kraut_gewachsen","_links":{"self":[{"href":"https:\/\/www.salzburgerland.com\/de\/wp-json\/wp\/v2\/pages\/651693","targetHints":{"allow":["GET"]}}],"collection":[{"href":"https:\/\/www.salzburgerland.com\/de\/wp-json\/wp\/v2\/pages"}],"about":[{"href":"https:\/\/www.salzburgerland.com\/de\/wp-json\/wp\/v2\/types\/page"}],"author":[{"embeddable":true,"href":"https:\/\/www.salzburgerland.com\/de\/wp-json\/wp\/v2\/users\/67"}],"replies":[{"embeddable":true,"href":"https:\/\/www.salzburgerland.com\/de\/wp-json\/wp\/v2\/comments?post=651693"}],"version-history":[{"count":5,"href":"https:\/\/www.salzburgerland.com\/de\/wp-json\/wp\/v2\/pages\/651693\/revisions"}],"predecessor-version":[{"id":652926,"href":"https:\/\/www.salzburgerland.com\/de\/wp-json\/wp\/v2\/pages\/651693\/revisions\/652926"}],"wp:featuredmedia":[{"embeddable":true,"href":"https:\/\/www.salzburgerland.com\/de\/wp-json\/wp\/v2\/media\/651707"}],"wp:attachment":[{"href":"https:\/\/www.salzburgerland.com\/de\/wp-json\/wp\/v2\/media?parent=651693"}],"wp:term":[{"taxonomy":"wl_entity_type","embeddable":true,"href":"https:\/\/www.salzburgerland.com\/de\/wp-json\/wp\/v2\/wl_entity_type?post=651693"}],"curies":[{"name":"wp","href":"https:\/\/api.w.org\/{rel}","templated":true}]}}