{"id":651595,"date":"2022-03-18T12:50:35","date_gmt":"2022-03-18T11:50:35","guid":{"rendered":"https:\/\/www.salzburgerland.com\/de\/?page_id=651595"},"modified":"2022-04-05T14:07:51","modified_gmt":"2022-04-05T12:07:51","slug":"kulinarische-vielfalt-im-salzburger-seenland","status":"publish","type":"page","link":"https:\/\/www.salzburgerland.com\/de\/kulinarische-vielfalt-im-salzburger-seenland\/","title":{"rendered":"Kulinarische Vielfalt im Salzburger Seenland"},"content":{"rendered":"<p>Was darf\u2019s denn sein: Europas bestes Pils, ein fangfrischer Fisch aus Obertrumer See, Mattsee oder Wallersee oder doch lieber ein St\u00fcck Bio-Schokolade? Bei eurer Genussreise durch das <a href=\"https:\/\/www.salzburgerland.com\/de\/salzburger-seenland\/\" target=\"_blank\" rel=\"noopener\">Salzburger Seenland<\/a> m\u00fcsst ihr euch zum Gl\u00fcck nicht entscheiden, denn ihr lasst es euch bei eurer viert\u00e4gigen Tour mit \u00dcbernachtung im <a href=\"https:\/\/www.seewirt-mattsee.at\/\" target=\"_blank\" rel=\"noopener\">Seewirt Mattsee<\/a> in allen Belangen gut gehen und besucht dabei selbstverst\u00e4ndlich auch den ein oder anderen <a href=\"https:\/\/www.salzburgerland.com\/de\/via-culinaria\/\" target=\"_blank\" rel=\"noopener\">Via Culinaria Betrieb<\/a>.<\/p>\n<p>Ihr startet mit einer F\u00fchrung durch die\u00a0<strong>Trumer Brauwelt in Obertrum<\/strong>, genie\u00dft Konzert-Highlights im Rahmen des\u00a0<strong>Mattseer Diabelli Sommers<\/strong>, dreht\u00a0<strong>mit dem Rad<\/strong>\u00a0eine Runde\u00a0<strong>um die Trumer Seen und den Wallersee<\/strong>, erlebt das Salzburger Seenland bei einem Sprung ins K\u00fchle nass, vom\u00a0<strong>Stand Up Paddle<\/strong>\u00a0und dem\u00a0<strong>Boot<\/strong>\u00a0aus und lasst bei idyllischen\u00a0<strong>Spazierg\u00e4ngen<\/strong>\u00a0die Seele baumeln.<\/p>\n<p>Und dazwischen? Gibt es nat\u00fcrlich abwechslungsreiche kulinarische Schmankerl die vom <strong>Biermen\u00fc<\/strong> \u00fcber <strong>Bio-Delikatessen<\/strong> von regionalen Bauern aus <strong>der Bio-Heu-Region Salzburger Seenland<\/strong> \u00fcber <strong>fangfrischen Fisch und Kr\u00e4uterschnecken<\/strong> bis hin zu s\u00fc\u00dfen Kreationen wie der <strong>Mozarttorte<\/strong> und der <strong>BioArt Schokolade<\/strong> reichen.<\/p>\n<p>Hunger bekommen? Dann w\u00fcnschen wir allen Naschkatzen Petri Heil und Prost \u2013 los geht eure Genussreise durch das Salzburger Seenland.<\/p>\n","protected":false},"excerpt":{"rendered":"<p>Was darf\u2019s denn sein: Europas bestes Pils, ein fangfrischer Fisch aus Obertrumer See, Mattsee oder Wallersee oder doch lieber ein St\u00fcck Bio-Schokolade? Bei eurer Genussreise durch das Salzburger Seenland m\u00fcsst ihr euch zum Gl\u00fcck nicht entscheiden, denn ihr lasst es euch bei eurer viert\u00e4gigen Tour mit \u00dcbernachtung im Seewirt Mattsee in allen Belangen gut gehen [&hellip;]<\/p>\n","protected":false},"author":67,"featured_media":169331,"parent":0,"menu_order":0,"comment_status":"closed","ping_status":"closed","template":"","meta":{"_acf_changed":false,"wl_entities_gutenberg":"","_relevanssi_hide_post":"","_relevanssi_hide_content":"","_relevanssi_pin_for_all":"","_relevanssi_pin_keywords":"","_relevanssi_unpin_keywords":"","_relevanssi_related_keywords":"","_relevanssi_related_include_ids":"","_relevanssi_related_exclude_ids":"","_relevanssi_related_no_append":"","_relevanssi_related_not_related":"","_relevanssi_related_posts":"","_relevanssi_noindex_reason":"","footnotes":""},"wl_entity_type":[11495],"class_list":["post-651595","page","type-page","status-publish","has-post-thumbnail","hentry","wl_entity_type-article"],"acf":[],"yoast_head":"<!-- This site is optimized with the Yoast SEO Premium plugin v26.9 (Yoast SEO v26.9) - https:\/\/yoast.com\/product\/yoast-seo-premium-wordpress\/ -->\n<title>Kulinarische Vielfalt im Salzburger Seenland \u00bb SalzburgerLand.com<\/title>\n<meta name=\"robots\" content=\"index, follow, max-snippet:-1, max-image-preview:large, max-video-preview:-1\" \/>\n<link rel=\"canonical\" href=\"https:\/\/www.salzburgerland.com\/de\/wp-json\/wp\/v2\/pages\/651595\" \/>\n<meta property=\"og:locale\" content=\"de_DE\" \/>\n<meta property=\"og:type\" content=\"article\" \/>\n<meta property=\"og:title\" content=\"Kulinarische Vielfalt im Salzburger Seenland\" \/>\n<meta property=\"og:description\" content=\"Das Salzburger Seenland bietet euch auf, in und rund um seine Seen fantastische Erlebnisse zum Entdecken und Genie\u00dfen.\" \/>\n<meta property=\"og:url\" content=\"https:\/\/www.salzburgerland.com\/de\/wp-json\/wp\/v2\/pages\/651595\" \/>\n<meta property=\"og:site_name\" content=\"SalzburgerLand.com\" \/>\n<meta property=\"article:publisher\" content=\"https:\/\/www.facebook.com\/salzburgerland\/\" \/>\n<meta property=\"article:modified_time\" content=\"2022-04-05T12:07:51+00:00\" \/>\n<meta property=\"og:image\" content=\"https:\/\/www.salzburgerland.com\/de\/wp-content\/uploads\/2016\/08\/salzburgerseenland_mattsee_von_ludwigshoehe--1200x675.jpg\" \/>\n\t<meta property=\"og:image:width\" content=\"1200\" \/>\n\t<meta property=\"og:image:height\" content=\"675\" \/>\n\t<meta property=\"og:image:type\" content=\"image\/jpeg\" \/>\n<meta name=\"twitter:card\" content=\"summary_large_image\" \/>\n<meta name=\"twitter:site\" content=\"@Salzburgerland\" \/>\n<meta name=\"twitter:label1\" content=\"Gesch\u00e4tzte Lesezeit\" \/>\n\t<meta name=\"twitter:data1\" content=\"2\u00a0Minuten\" \/>\n<script type=\"application\/ld+json\" class=\"yoast-schema-graph\">{\"@context\":\"https:\/\/schema.org\",\"@graph\":[{\"@type\":\"WebPage\",\"@id\":\"https:\/\/www.salzburgerland.com\/de\/kulinarische-vielfalt-im-salzburger-seenland\/\",\"url\":\"https:\/\/www.salzburgerland.com\/de\/kulinarische-vielfalt-im-salzburger-seenland\/\",\"name\":\"Kulinarische Vielfalt im Salzburger Seenland \u00bb SalzburgerLand.com\",\"isPartOf\":{\"@id\":\"https:\/\/www.salzburgerland.com\/de\/#website\"},\"primaryImageOfPage\":{\"@id\":\"https:\/\/www.salzburgerland.com\/de\/kulinarische-vielfalt-im-salzburger-seenland\/#primaryimage\"},\"image\":{\"@id\":\"https:\/\/www.salzburgerland.com\/de\/kulinarische-vielfalt-im-salzburger-seenland\/#primaryimage\"},\"thumbnailUrl\":\"https:\/\/www.salzburgerland.com\/de\/wp-content\/uploads\/2016\/08\/salzburgerseenland_mattsee_von_ludwigshoehe-.jpg\",\"datePublished\":\"2022-03-18T11:50:35+00:00\",\"dateModified\":\"2022-04-05T12:07:51+00:00\",\"description\":\"Das Salzburger Seenland bietet euch auf, in und rund um seine Seen fantastische Erlebnisse zum Entdecken und Genie\u00dfen.\",\"inLanguage\":\"de\",\"potentialAction\":[{\"@type\":\"ReadAction\",\"target\":[\"https:\/\/www.salzburgerland.com\/de\/kulinarische-vielfalt-im-salzburger-seenland\/\"]}]},{\"@type\":\"ImageObject\",\"inLanguage\":\"de\",\"@id\":\"https:\/\/www.salzburgerland.com\/de\/kulinarische-vielfalt-im-salzburger-seenland\/#primaryimage\",\"url\":\"https:\/\/www.salzburgerland.com\/de\/wp-content\/uploads\/2016\/08\/salzburgerseenland_mattsee_von_ludwigshoehe-.jpg\",\"contentUrl\":\"https:\/\/www.salzburgerland.com\/de\/wp-content\/uploads\/2016\/08\/salzburgerseenland_mattsee_von_ludwigshoehe-.jpg\",\"width\":1920,\"height\":1280,\"caption\":\"(C) Salzburger Seenland -Mattsee_von_Ludwigsh\u00f6he\"},{\"@type\":\"WebSite\",\"@id\":\"https:\/\/www.salzburgerland.com\/de\/#website\",\"url\":\"https:\/\/www.salzburgerland.com\/de\/\",\"name\":\"SalzburgerLand.com\",\"description\":\"Ihr Urlaub in Salzburg, \u00d6sterreich\",\"publisher\":{\"@id\":\"https:\/\/www.salzburgerland.com\/de\/#organization\"},\"potentialAction\":[{\"@type\":\"SearchAction\",\"target\":{\"@type\":\"EntryPoint\",\"urlTemplate\":\"https:\/\/www.salzburgerland.com\/de\/?s={search_term_string}\"},\"query-input\":{\"@type\":\"PropertyValueSpecification\",\"valueRequired\":true,\"valueName\":\"search_term_string\"}}],\"inLanguage\":\"de\"},{\"@type\":\"Organization\",\"@id\":\"https:\/\/www.salzburgerland.com\/de\/#organization\",\"name\":\"SalzburgerLand Tourismus GmbH\",\"url\":\"https:\/\/www.salzburgerland.com\/de\/\",\"logo\":{\"@type\":\"ImageObject\",\"inLanguage\":\"de\",\"@id\":\"https:\/\/www.salzburgerland.com\/de\/#\/schema\/logo\/image\/\",\"url\":\"https:\/\/www.salzburgerland.com\/de\/wp-content\/uploads\/2017\/01\/salzburgerland-logo.jpg\",\"contentUrl\":\"https:\/\/www.salzburgerland.com\/de\/wp-content\/uploads\/2017\/01\/salzburgerland-logo.jpg\",\"width\":1920,\"height\":827,\"caption\":\"SalzburgerLand Tourismus GmbH\"},\"image\":{\"@id\":\"https:\/\/www.salzburgerland.com\/de\/#\/schema\/logo\/image\/\"},\"sameAs\":[\"https:\/\/www.facebook.com\/salzburgerland\/\",\"https:\/\/x.com\/Salzburgerland\",\"https:\/\/www.instagram.com\/salzburgerland\/\",\"http:\/\/dbpedia.org\/resource\/Salzburg_(state)\",\"http:\/\/wikidata.dbpedia.org\/resource\/Q43325\",\"http:\/\/open.salzburgerland.com\/de\/entity\/salzburgerland\",\"https:\/\/www.youtube.com\/user\/salzburgerland\"]}]}<\/script>\n<!-- \/ Yoast SEO Premium plugin. -->","yoast_head_json":{"title":"Kulinarische Vielfalt im Salzburger Seenland \u00bb SalzburgerLand.com","robots":{"index":"index","follow":"follow","max-snippet":"max-snippet:-1","max-image-preview":"max-image-preview:large","max-video-preview":"max-video-preview:-1"},"canonical":"https:\/\/www.salzburgerland.com\/de\/wp-json\/wp\/v2\/pages\/651595","og_locale":"de_DE","og_type":"article","og_title":"Kulinarische Vielfalt im Salzburger Seenland","og_description":"Das Salzburger Seenland bietet euch auf, in und rund um seine Seen fantastische Erlebnisse zum Entdecken und Genie\u00dfen.","og_url":"https:\/\/www.salzburgerland.com\/de\/wp-json\/wp\/v2\/pages\/651595","og_site_name":"SalzburgerLand.com","article_publisher":"https:\/\/www.facebook.com\/salzburgerland\/","article_modified_time":"2022-04-05T12:07:51+00:00","og_image":[{"width":1200,"height":675,"url":"https:\/\/www.salzburgerland.com\/de\/wp-content\/uploads\/2016\/08\/salzburgerseenland_mattsee_von_ludwigshoehe--1200x675.jpg","type":"image\/jpeg"}],"twitter_card":"summary_large_image","twitter_site":"@Salzburgerland","twitter_misc":{"Gesch\u00e4tzte Lesezeit":"2\u00a0Minuten"},"schema":{"@context":"https:\/\/schema.org","@graph":[{"@type":"WebPage","@id":"https:\/\/www.salzburgerland.com\/de\/kulinarische-vielfalt-im-salzburger-seenland\/","url":"https:\/\/www.salzburgerland.com\/de\/kulinarische-vielfalt-im-salzburger-seenland\/","name":"Kulinarische Vielfalt im Salzburger Seenland \u00bb SalzburgerLand.com","isPartOf":{"@id":"https:\/\/www.salzburgerland.com\/de\/#website"},"primaryImageOfPage":{"@id":"https:\/\/www.salzburgerland.com\/de\/kulinarische-vielfalt-im-salzburger-seenland\/#primaryimage"},"image":{"@id":"https:\/\/www.salzburgerland.com\/de\/kulinarische-vielfalt-im-salzburger-seenland\/#primaryimage"},"thumbnailUrl":"https:\/\/www.salzburgerland.com\/de\/wp-content\/uploads\/2016\/08\/salzburgerseenland_mattsee_von_ludwigshoehe-.jpg","datePublished":"2022-03-18T11:50:35+00:00","dateModified":"2022-04-05T12:07:51+00:00","description":"Das Salzburger Seenland bietet euch auf, in und rund um seine Seen fantastische Erlebnisse zum Entdecken und Genie\u00dfen.","inLanguage":"de","potentialAction":[{"@type":"ReadAction","target":["https:\/\/www.salzburgerland.com\/de\/kulinarische-vielfalt-im-salzburger-seenland\/"]}]},{"@type":"ImageObject","inLanguage":"de","@id":"https:\/\/www.salzburgerland.com\/de\/kulinarische-vielfalt-im-salzburger-seenland\/#primaryimage","url":"https:\/\/www.salzburgerland.com\/de\/wp-content\/uploads\/2016\/08\/salzburgerseenland_mattsee_von_ludwigshoehe-.jpg","contentUrl":"https:\/\/www.salzburgerland.com\/de\/wp-content\/uploads\/2016\/08\/salzburgerseenland_mattsee_von_ludwigshoehe-.jpg","width":1920,"height":1280,"caption":"(C) Salzburger Seenland -Mattsee_von_Ludwigsh\u00f6he"},{"@type":"WebSite","@id":"https:\/\/www.salzburgerland.com\/de\/#website","url":"https:\/\/www.salzburgerland.com\/de\/","name":"SalzburgerLand.com","description":"Ihr Urlaub in Salzburg, \u00d6sterreich","publisher":{"@id":"https:\/\/www.salzburgerland.com\/de\/#organization"},"potentialAction":[{"@type":"SearchAction","target":{"@type":"EntryPoint","urlTemplate":"https:\/\/www.salzburgerland.com\/de\/?s={search_term_string}"},"query-input":{"@type":"PropertyValueSpecification","valueRequired":true,"valueName":"search_term_string"}}],"inLanguage":"de"},{"@type":"Organization","@id":"https:\/\/www.salzburgerland.com\/de\/#organization","name":"SalzburgerLand Tourismus GmbH","url":"https:\/\/www.salzburgerland.com\/de\/","logo":{"@type":"ImageObject","inLanguage":"de","@id":"https:\/\/www.salzburgerland.com\/de\/#\/schema\/logo\/image\/","url":"https:\/\/www.salzburgerland.com\/de\/wp-content\/uploads\/2017\/01\/salzburgerland-logo.jpg","contentUrl":"https:\/\/www.salzburgerland.com\/de\/wp-content\/uploads\/2017\/01\/salzburgerland-logo.jpg","width":1920,"height":827,"caption":"SalzburgerLand Tourismus GmbH"},"image":{"@id":"https:\/\/www.salzburgerland.com\/de\/#\/schema\/logo\/image\/"},"sameAs":["https:\/\/www.facebook.com\/salzburgerland\/","https:\/\/x.com\/Salzburgerland","https:\/\/www.instagram.com\/salzburgerland\/","http:\/\/dbpedia.org\/resource\/Salzburg_(state)","http:\/\/wikidata.dbpedia.org\/resource\/Q43325","http:\/\/open.salzburgerland.com\/de\/entity\/salzburgerland","https:\/\/www.youtube.com\/user\/salzburgerland"]}]}},"_wl_alt_label":[],"wl:entity_url":"http:\/\/open.salzburgerland.com\/de\/page\/petri_heil___prost_an_alle_naschkatzen","_links":{"self":[{"href":"https:\/\/www.salzburgerland.com\/de\/wp-json\/wp\/v2\/pages\/651595","targetHints":{"allow":["GET"]}}],"collection":[{"href":"https:\/\/www.salzburgerland.com\/de\/wp-json\/wp\/v2\/pages"}],"about":[{"href":"https:\/\/www.salzburgerland.com\/de\/wp-json\/wp\/v2\/types\/page"}],"author":[{"embeddable":true,"href":"https:\/\/www.salzburgerland.com\/de\/wp-json\/wp\/v2\/users\/67"}],"replies":[{"embeddable":true,"href":"https:\/\/www.salzburgerland.com\/de\/wp-json\/wp\/v2\/comments?post=651595"}],"version-history":[{"count":5,"href":"https:\/\/www.salzburgerland.com\/de\/wp-json\/wp\/v2\/pages\/651595\/revisions"}],"predecessor-version":[{"id":652927,"href":"https:\/\/www.salzburgerland.com\/de\/wp-json\/wp\/v2\/pages\/651595\/revisions\/652927"}],"wp:featuredmedia":[{"embeddable":true,"href":"https:\/\/www.salzburgerland.com\/de\/wp-json\/wp\/v2\/media\/169331"}],"wp:attachment":[{"href":"https:\/\/www.salzburgerland.com\/de\/wp-json\/wp\/v2\/media?parent=651595"}],"wp:term":[{"taxonomy":"wl_entity_type","embeddable":true,"href":"https:\/\/www.salzburgerland.com\/de\/wp-json\/wp\/v2\/wl_entity_type?post=651595"}],"curies":[{"name":"wp","href":"https:\/\/api.w.org\/{rel}","templated":true}]}}