{"id":651555,"date":"2022-03-18T12:51:49","date_gmt":"2022-03-18T11:51:49","guid":{"rendered":"https:\/\/www.salzburgerland.com\/de\/?page_id=651555"},"modified":"2022-05-24T10:56:29","modified_gmt":"2022-05-24T08:56:29","slug":"bio-liebe-genussreise","status":"publish","type":"page","link":"https:\/\/www.salzburgerland.com\/de\/bio-liebe-genussreise\/","title":{"rendered":"Bio-Liebe Genussreise \u2013 Teil 1"},"content":{"rendered":"<p>Die Liebe zur eigenen Heimat steht \u00fcber allem: Das spiegelt sich in dem wider, was wir unseren G\u00e4sten servieren. Lebensmitteln bringen wir h\u00f6chste Wertsch\u00e4tzung entgegen, weil auch die Ethik beim Essen eine Rolle spielt. Und weil es nichts Sch\u00f6neres gibt, wenn unsere Tiere mit gl\u00fccklichem Muh und M\u00e4h \u00fcber die Wiesen springen und Kraut und R\u00fcben auch nach Kraut und R\u00fcben schmecken.<\/p>\n<p>Wenn auch ihr Lebensmittel in h\u00f6chstem Ma\u00dfe sch\u00e4tzt, gutes Essen als Beitrag zu einer achtsamen Lebensf\u00fchrung z\u00e4hlt und bei eurem Urlaub mit gutem Gewissen genie\u00dfen m\u00f6chtet, dann wird euch diese Genussreise aufs H\u00f6chste gl\u00fccklich machen.<\/p>\n<p>An drei Tagen lernt ihr Menschen kennen, die <strong>echte Bio-Pioniere<\/strong> sind und Tag f\u00fcr Tag f\u00fcr eine bessere Welt aufstehen, leben und arbeiten. Sie kennen ihre Traditionen und zeichnen sich zugleich durch eine enorme Innovationsfreude aus.<\/p>\n<p>Alle von uns ausgew\u00e4hlten Betriebe \u2013 Landwirte, Produzenten, Direktvermarkter, Hotels, Restaurants und Gasth\u00e4user \u2013 haben sich voll und ganz der biologischen Lebensweise verschrieben. Sie sind allesamt zertifiziert: Sei es durch das Qualit\u00e4ts- und Herkunftssicherungssystem der Agrarmarkt Austria, dem <a href=\"http:\/\/www.garantiert-regional.at\" target=\"_blank\" rel=\"noopener\"><strong>SalzburgerLand Herkunfts-Zertifikat<\/strong><\/a> oder von BIO AUSTRIA. Manche von ihnen sind Partner vom <a href=\"https:\/\/www.salzburgerland.com\/de\/rk-bioparadies-sommer\/\" target=\"_blank\" rel=\"noopener\"><strong>BioParadies SalzburgerLand<\/strong><\/a> und bieten regionale Bio-Kulinarik auch im Urlaub an.<\/p>\n<p>Diese Genussreise durch das SalzburgerLand basiert auf absolut vertrauensw\u00fcrdigen Standards und f\u00fchrt zu ausgew\u00e4hlten Adressen: Sie versprechen euch eine unvergesslichen Genusstour im SalzburgerLand.<\/p>\n","protected":false},"excerpt":{"rendered":"<p>Die Liebe zur eigenen Heimat steht \u00fcber allem: Das spiegelt sich in dem wider, was wir unseren G\u00e4sten servieren. Lebensmitteln bringen wir h\u00f6chste Wertsch\u00e4tzung entgegen, weil auch die Ethik beim Essen eine Rolle spielt. Und weil es nichts Sch\u00f6neres gibt, wenn unsere Tiere mit gl\u00fccklichem Muh und M\u00e4h \u00fcber die Wiesen springen und Kraut und [&hellip;]<\/p>\n","protected":false},"author":67,"featured_media":352499,"parent":0,"menu_order":0,"comment_status":"closed","ping_status":"closed","template":"","meta":{"_acf_changed":false,"wl_entities_gutenberg":"","_relevanssi_hide_post":"","_relevanssi_hide_content":"","_relevanssi_pin_for_all":"","_relevanssi_pin_keywords":"","_relevanssi_unpin_keywords":"","_relevanssi_related_keywords":"","_relevanssi_related_include_ids":"","_relevanssi_related_exclude_ids":"","_relevanssi_related_no_append":"","_relevanssi_related_not_related":"","_relevanssi_related_posts":"","_relevanssi_noindex_reason":"","footnotes":""},"wl_entity_type":[11495],"class_list":["post-651555","page","type-page","status-publish","has-post-thumbnail","hentry","wl_entity_type-article"],"acf":[],"yoast_head":"<!-- This site is optimized with the Yoast SEO Premium plugin v26.9 (Yoast SEO v26.9) - https:\/\/yoast.com\/product\/yoast-seo-premium-wordpress\/ -->\n<title>Bio-Liebe Genussreise \u2013 Teil 1 \u00bb SalzburgerLand.com<\/title>\n<meta name=\"robots\" content=\"index, follow, max-snippet:-1, max-image-preview:large, max-video-preview:-1\" \/>\n<link rel=\"canonical\" href=\"https:\/\/www.salzburgerland.com\/de\/wp-json\/wp\/v2\/pages\/651555\" \/>\n<meta property=\"og:locale\" content=\"de_DE\" \/>\n<meta property=\"og:type\" content=\"article\" \/>\n<meta property=\"og:title\" content=\"Bio-Liebe Genussreise \u2013 Teil 1\" \/>\n<meta property=\"og:description\" content=\"Die Liebe zur eigenen Heimat steht \u00fcber allem: Das spiegelt sich in dem wider, was wir unseren G\u00e4sten servieren.\" \/>\n<meta property=\"og:url\" content=\"https:\/\/www.salzburgerland.com\/de\/wp-json\/wp\/v2\/pages\/651555\" \/>\n<meta property=\"og:site_name\" content=\"SalzburgerLand.com\" \/>\n<meta property=\"article:publisher\" content=\"https:\/\/www.facebook.com\/salzburgerland\/\" \/>\n<meta property=\"article:modified_time\" content=\"2022-05-24T08:56:29+00:00\" \/>\n<meta property=\"og:image\" content=\"https:\/\/www.salzburgerland.com\/de\/wp-content\/uploads\/2017\/03\/biogeniesser-forsthofalm_07_aaa_favorit-1200x675.jpg\" \/>\n\t<meta property=\"og:image:width\" content=\"1200\" \/>\n\t<meta property=\"og:image:height\" content=\"675\" \/>\n\t<meta property=\"og:image:type\" content=\"image\/jpeg\" \/>\n<meta name=\"twitter:card\" content=\"summary_large_image\" \/>\n<meta name=\"twitter:site\" content=\"@Salzburgerland\" \/>\n<meta name=\"twitter:label1\" content=\"Gesch\u00e4tzte Lesezeit\" \/>\n\t<meta name=\"twitter:data1\" content=\"2\u00a0Minuten\" \/>\n<script type=\"application\/ld+json\" class=\"yoast-schema-graph\">{\"@context\":\"https:\/\/schema.org\",\"@graph\":[{\"@type\":\"WebPage\",\"@id\":\"https:\/\/www.salzburgerland.com\/de\/bio-liebe-genussreise\/\",\"url\":\"https:\/\/www.salzburgerland.com\/de\/bio-liebe-genussreise\/\",\"name\":\"Bio-Liebe Genussreise \u2013 Teil 1 \u00bb SalzburgerLand.com\",\"isPartOf\":{\"@id\":\"https:\/\/www.salzburgerland.com\/de\/#website\"},\"primaryImageOfPage\":{\"@id\":\"https:\/\/www.salzburgerland.com\/de\/bio-liebe-genussreise\/#primaryimage\"},\"image\":{\"@id\":\"https:\/\/www.salzburgerland.com\/de\/bio-liebe-genussreise\/#primaryimage\"},\"thumbnailUrl\":\"https:\/\/www.salzburgerland.com\/de\/wp-content\/uploads\/2017\/03\/biogeniesser-forsthofalm_07_aaa_favorit.jpg\",\"datePublished\":\"2022-03-18T11:51:49+00:00\",\"dateModified\":\"2022-05-24T08:56:29+00:00\",\"description\":\"Die Liebe zur eigenen Heimat steht \u00fcber allem: Das spiegelt sich in dem wider, was wir unseren G\u00e4sten servieren.\",\"inLanguage\":\"de\",\"potentialAction\":[{\"@type\":\"ReadAction\",\"target\":[\"https:\/\/www.salzburgerland.com\/de\/bio-liebe-genussreise\/\"]}]},{\"@type\":\"ImageObject\",\"inLanguage\":\"de\",\"@id\":\"https:\/\/www.salzburgerland.com\/de\/bio-liebe-genussreise\/#primaryimage\",\"url\":\"https:\/\/www.salzburgerland.com\/de\/wp-content\/uploads\/2017\/03\/biogeniesser-forsthofalm_07_aaa_favorit.jpg\",\"contentUrl\":\"https:\/\/www.salzburgerland.com\/de\/wp-content\/uploads\/2017\/03\/biogeniesser-forsthofalm_07_aaa_favorit.jpg\",\"width\":1900,\"height\":1267,\"caption\":\"\u00a9 SalzburgerLand: Bio vom Feinsten.\"},{\"@type\":\"WebSite\",\"@id\":\"https:\/\/www.salzburgerland.com\/de\/#website\",\"url\":\"https:\/\/www.salzburgerland.com\/de\/\",\"name\":\"SalzburgerLand.com\",\"description\":\"Ihr Urlaub in Salzburg, \u00d6sterreich\",\"publisher\":{\"@id\":\"https:\/\/www.salzburgerland.com\/de\/#organization\"},\"potentialAction\":[{\"@type\":\"SearchAction\",\"target\":{\"@type\":\"EntryPoint\",\"urlTemplate\":\"https:\/\/www.salzburgerland.com\/de\/?s={search_term_string}\"},\"query-input\":{\"@type\":\"PropertyValueSpecification\",\"valueRequired\":true,\"valueName\":\"search_term_string\"}}],\"inLanguage\":\"de\"},{\"@type\":\"Organization\",\"@id\":\"https:\/\/www.salzburgerland.com\/de\/#organization\",\"name\":\"SalzburgerLand Tourismus GmbH\",\"url\":\"https:\/\/www.salzburgerland.com\/de\/\",\"logo\":{\"@type\":\"ImageObject\",\"inLanguage\":\"de\",\"@id\":\"https:\/\/www.salzburgerland.com\/de\/#\/schema\/logo\/image\/\",\"url\":\"https:\/\/www.salzburgerland.com\/de\/wp-content\/uploads\/2017\/01\/salzburgerland-logo.jpg\",\"contentUrl\":\"https:\/\/www.salzburgerland.com\/de\/wp-content\/uploads\/2017\/01\/salzburgerland-logo.jpg\",\"width\":1920,\"height\":827,\"caption\":\"SalzburgerLand Tourismus GmbH\"},\"image\":{\"@id\":\"https:\/\/www.salzburgerland.com\/de\/#\/schema\/logo\/image\/\"},\"sameAs\":[\"https:\/\/www.facebook.com\/salzburgerland\/\",\"https:\/\/x.com\/Salzburgerland\",\"https:\/\/www.instagram.com\/salzburgerland\/\",\"http:\/\/dbpedia.org\/resource\/Salzburg_(state)\",\"http:\/\/wikidata.dbpedia.org\/resource\/Q43325\",\"http:\/\/open.salzburgerland.com\/de\/entity\/salzburgerland\",\"https:\/\/www.youtube.com\/user\/salzburgerland\"]}]}<\/script>\n<!-- \/ Yoast SEO Premium plugin. -->","yoast_head_json":{"title":"Bio-Liebe Genussreise \u2013 Teil 1 \u00bb SalzburgerLand.com","robots":{"index":"index","follow":"follow","max-snippet":"max-snippet:-1","max-image-preview":"max-image-preview:large","max-video-preview":"max-video-preview:-1"},"canonical":"https:\/\/www.salzburgerland.com\/de\/wp-json\/wp\/v2\/pages\/651555","og_locale":"de_DE","og_type":"article","og_title":"Bio-Liebe Genussreise \u2013 Teil 1","og_description":"Die Liebe zur eigenen Heimat steht \u00fcber allem: Das spiegelt sich in dem wider, was wir unseren G\u00e4sten servieren.","og_url":"https:\/\/www.salzburgerland.com\/de\/wp-json\/wp\/v2\/pages\/651555","og_site_name":"SalzburgerLand.com","article_publisher":"https:\/\/www.facebook.com\/salzburgerland\/","article_modified_time":"2022-05-24T08:56:29+00:00","og_image":[{"width":1200,"height":675,"url":"https:\/\/www.salzburgerland.com\/de\/wp-content\/uploads\/2017\/03\/biogeniesser-forsthofalm_07_aaa_favorit-1200x675.jpg","type":"image\/jpeg"}],"twitter_card":"summary_large_image","twitter_site":"@Salzburgerland","twitter_misc":{"Gesch\u00e4tzte Lesezeit":"2\u00a0Minuten"},"schema":{"@context":"https:\/\/schema.org","@graph":[{"@type":"WebPage","@id":"https:\/\/www.salzburgerland.com\/de\/bio-liebe-genussreise\/","url":"https:\/\/www.salzburgerland.com\/de\/bio-liebe-genussreise\/","name":"Bio-Liebe Genussreise \u2013 Teil 1 \u00bb SalzburgerLand.com","isPartOf":{"@id":"https:\/\/www.salzburgerland.com\/de\/#website"},"primaryImageOfPage":{"@id":"https:\/\/www.salzburgerland.com\/de\/bio-liebe-genussreise\/#primaryimage"},"image":{"@id":"https:\/\/www.salzburgerland.com\/de\/bio-liebe-genussreise\/#primaryimage"},"thumbnailUrl":"https:\/\/www.salzburgerland.com\/de\/wp-content\/uploads\/2017\/03\/biogeniesser-forsthofalm_07_aaa_favorit.jpg","datePublished":"2022-03-18T11:51:49+00:00","dateModified":"2022-05-24T08:56:29+00:00","description":"Die Liebe zur eigenen Heimat steht \u00fcber allem: Das spiegelt sich in dem wider, was wir unseren G\u00e4sten servieren.","inLanguage":"de","potentialAction":[{"@type":"ReadAction","target":["https:\/\/www.salzburgerland.com\/de\/bio-liebe-genussreise\/"]}]},{"@type":"ImageObject","inLanguage":"de","@id":"https:\/\/www.salzburgerland.com\/de\/bio-liebe-genussreise\/#primaryimage","url":"https:\/\/www.salzburgerland.com\/de\/wp-content\/uploads\/2017\/03\/biogeniesser-forsthofalm_07_aaa_favorit.jpg","contentUrl":"https:\/\/www.salzburgerland.com\/de\/wp-content\/uploads\/2017\/03\/biogeniesser-forsthofalm_07_aaa_favorit.jpg","width":1900,"height":1267,"caption":"\u00a9 SalzburgerLand: Bio vom Feinsten."},{"@type":"WebSite","@id":"https:\/\/www.salzburgerland.com\/de\/#website","url":"https:\/\/www.salzburgerland.com\/de\/","name":"SalzburgerLand.com","description":"Ihr Urlaub in Salzburg, \u00d6sterreich","publisher":{"@id":"https:\/\/www.salzburgerland.com\/de\/#organization"},"potentialAction":[{"@type":"SearchAction","target":{"@type":"EntryPoint","urlTemplate":"https:\/\/www.salzburgerland.com\/de\/?s={search_term_string}"},"query-input":{"@type":"PropertyValueSpecification","valueRequired":true,"valueName":"search_term_string"}}],"inLanguage":"de"},{"@type":"Organization","@id":"https:\/\/www.salzburgerland.com\/de\/#organization","name":"SalzburgerLand Tourismus GmbH","url":"https:\/\/www.salzburgerland.com\/de\/","logo":{"@type":"ImageObject","inLanguage":"de","@id":"https:\/\/www.salzburgerland.com\/de\/#\/schema\/logo\/image\/","url":"https:\/\/www.salzburgerland.com\/de\/wp-content\/uploads\/2017\/01\/salzburgerland-logo.jpg","contentUrl":"https:\/\/www.salzburgerland.com\/de\/wp-content\/uploads\/2017\/01\/salzburgerland-logo.jpg","width":1920,"height":827,"caption":"SalzburgerLand Tourismus GmbH"},"image":{"@id":"https:\/\/www.salzburgerland.com\/de\/#\/schema\/logo\/image\/"},"sameAs":["https:\/\/www.facebook.com\/salzburgerland\/","https:\/\/x.com\/Salzburgerland","https:\/\/www.instagram.com\/salzburgerland\/","http:\/\/dbpedia.org\/resource\/Salzburg_(state)","http:\/\/wikidata.dbpedia.org\/resource\/Q43325","http:\/\/open.salzburgerland.com\/de\/entity\/salzburgerland","https:\/\/www.youtube.com\/user\/salzburgerland"]}]}},"_wl_alt_label":[],"wl:entity_url":"http:\/\/open.salzburgerland.com\/de\/page\/id\/651555","_links":{"self":[{"href":"https:\/\/www.salzburgerland.com\/de\/wp-json\/wp\/v2\/pages\/651555","targetHints":{"allow":["GET"]}}],"collection":[{"href":"https:\/\/www.salzburgerland.com\/de\/wp-json\/wp\/v2\/pages"}],"about":[{"href":"https:\/\/www.salzburgerland.com\/de\/wp-json\/wp\/v2\/types\/page"}],"author":[{"embeddable":true,"href":"https:\/\/www.salzburgerland.com\/de\/wp-json\/wp\/v2\/users\/67"}],"replies":[{"embeddable":true,"href":"https:\/\/www.salzburgerland.com\/de\/wp-json\/wp\/v2\/comments?post=651555"}],"version-history":[{"count":5,"href":"https:\/\/www.salzburgerland.com\/de\/wp-json\/wp\/v2\/pages\/651555\/revisions"}],"predecessor-version":[{"id":654158,"href":"https:\/\/www.salzburgerland.com\/de\/wp-json\/wp\/v2\/pages\/651555\/revisions\/654158"}],"wp:featuredmedia":[{"embeddable":true,"href":"https:\/\/www.salzburgerland.com\/de\/wp-json\/wp\/v2\/media\/352499"}],"wp:attachment":[{"href":"https:\/\/www.salzburgerland.com\/de\/wp-json\/wp\/v2\/media?parent=651555"}],"wp:term":[{"taxonomy":"wl_entity_type","embeddable":true,"href":"https:\/\/www.salzburgerland.com\/de\/wp-json\/wp\/v2\/wl_entity_type?post=651555"}],"curies":[{"name":"wp","href":"https:\/\/api.w.org\/{rel}","templated":true}]}}