{"id":250160,"date":"2018-06-04T11:19:30","date_gmt":"2018-06-04T09:19:30","guid":{"rendered":"https:\/\/www.salzburgerland.com\/de\/?p=250160"},"modified":"2025-09-08T13:06:34","modified_gmt":"2025-09-08T11:06:34","slug":"bauernherbst-wirte","status":"publish","type":"page","link":"https:\/\/www.salzburgerland.com\/de\/bauernherbst-wirte\/","title":{"rendered":"Bauernherbst-Wirte &#8211; Salzburger Genuss"},"content":{"rendered":"<p><span style=\"font-weight: 400;\">Willkommen bei den Bauernherbst-Wirten in Salzburg, wo kulinarische Traditionen lebendig werden. W\u00e4hrend des Bauernherbstes, der von Mitte August bis Ende Oktober gefeiert wird, zaubern unsere Wirte k\u00f6stliche Gerichte, die das Herz jedes Feinschmeckers h\u00f6her schlagen lassen. Genie\u00dfen Sie regionale Spezialit\u00e4ten wie Kasnocken, Kaspresskn\u00f6del und Bauernkrapfen, die mit frischen Zutaten und viel Liebe zubereitet werden. Lassen Sie sich von der Vielfalt und dem Geschmack der Salzburger K\u00fcche verzaubern und erleben Sie ein kulinarisches Fest, das die Erntezeit geb\u00fchrend feiert. Tauchen Sie ein in die Welt der Salzburger Schmankerl und genie\u00dfen Sie unvergessliche Momente im Bauernherbst.<\/span><\/p>\n","protected":false},"excerpt":{"rendered":"<p>Willkommen bei den Bauernherbst-Wirten in Salzburg, wo kulinarische Traditionen lebendig werden. W\u00e4hrend des Bauernherbstes, der von Mitte August bis Ende Oktober gefeiert wird, zaubern unsere Wirte k\u00f6stliche Gerichte, die das Herz jedes Feinschmeckers h\u00f6her schlagen lassen. Genie\u00dfen Sie regionale Spezialit\u00e4ten wie Kasnocken, Kaspresskn\u00f6del und Bauernkrapfen, die mit frischen Zutaten und viel Liebe zubereitet werden. Lassen [&hellip;]<\/p>\n","protected":false},"author":44,"featured_media":676602,"parent":0,"menu_order":0,"comment_status":"closed","ping_status":"closed","template":"","meta":{"_acf_changed":false,"wl_entities_gutenberg":"","_relevanssi_hide_post":"","_relevanssi_hide_content":"","_relevanssi_pin_for_all":"","_relevanssi_pin_keywords":"","_relevanssi_unpin_keywords":"","_relevanssi_related_keywords":"","_relevanssi_related_include_ids":"","_relevanssi_related_exclude_ids":"","_relevanssi_related_no_append":"","_relevanssi_related_not_related":"","_relevanssi_related_posts":"","_relevanssi_noindex_reason":"","footnotes":""},"wl_entity_type":[11495,12908],"class_list":["post-250160","page","type-page","status-publish","has-post-thumbnail","hentry","wl_entity_type-article","wl_entity_type-faq-page"],"acf":[],"yoast_head":"<!-- This site is optimized with the Yoast SEO Premium plugin v26.9 (Yoast SEO v26.9) - https:\/\/yoast.com\/product\/yoast-seo-premium-wordpress\/ -->\n<title>Bauernherbst-Wirte und Schmankerl - Ihr Urlaub in Salzburg, \u00d6sterreiche<\/title>\n<meta name=\"robots\" content=\"index, follow, max-snippet:-1, max-image-preview:large, max-video-preview:-1\" \/>\n<link rel=\"canonical\" href=\"https:\/\/www.salzburgerland.com\/de\/wp-json\/wp\/v2\/pages\/250160\" \/>\n<meta property=\"og:locale\" content=\"de_DE\" \/>\n<meta property=\"og:type\" content=\"article\" \/>\n<meta property=\"og:title\" content=\"Bauernherbst-Wirte - Salzburger Genuss\" \/>\n<meta property=\"og:description\" content=\"Wenn Salzburgs Bauernherbst-Wirte aufkochen ger\u00e4t ein ganzes Land ins Schw\u00e4rmen!\" \/>\n<meta property=\"og:url\" content=\"https:\/\/www.salzburgerland.com\/de\/wp-json\/wp\/v2\/pages\/250160\" \/>\n<meta property=\"og:site_name\" content=\"SalzburgerLand.com\" \/>\n<meta property=\"article:publisher\" content=\"https:\/\/www.facebook.com\/salzburgerland\/\" \/>\n<meta property=\"article:modified_time\" content=\"2025-09-08T11:06:34+00:00\" \/>\n<meta property=\"og:image\" content=\"https:\/\/www.salzburgerland.com\/de\/wp-content\/uploads\/2025\/03\/rs4533_210531_slt-kulinarik_0008-scr-1100x675.jpg\" \/>\n\t<meta property=\"og:image:width\" content=\"1100\" \/>\n\t<meta property=\"og:image:height\" content=\"675\" \/>\n\t<meta property=\"og:image:type\" content=\"image\/jpeg\" \/>\n<meta name=\"twitter:card\" content=\"summary_large_image\" \/>\n<meta name=\"twitter:site\" content=\"@Salzburgerland\" \/>\n<meta name=\"twitter:label1\" content=\"Gesch\u00e4tzte Lesezeit\" \/>\n\t<meta name=\"twitter:data1\" content=\"2\u00a0Minuten\" \/>\n<script type=\"application\/ld+json\" class=\"yoast-schema-graph\">{\"@context\":\"https:\/\/schema.org\",\"@graph\":[{\"@type\":\"WebPage\",\"@id\":\"https:\/\/www.salzburgerland.com\/de\/bauernherbst-wirte\/\",\"url\":\"https:\/\/www.salzburgerland.com\/de\/bauernherbst-wirte\/\",\"name\":\"Bauernherbst-Wirte und Schmankerl - Ihr Urlaub in Salzburg, \u00d6sterreiche\",\"isPartOf\":{\"@id\":\"https:\/\/www.salzburgerland.com\/de\/#website\"},\"primaryImageOfPage\":{\"@id\":\"https:\/\/www.salzburgerland.com\/de\/bauernherbst-wirte\/#primaryimage\"},\"image\":{\"@id\":\"https:\/\/www.salzburgerland.com\/de\/bauernherbst-wirte\/#primaryimage\"},\"thumbnailUrl\":\"https:\/\/www.salzburgerland.com\/de\/wp-content\/uploads\/2025\/03\/rs4533_210531_slt-kulinarik_0008-scr.jpg\",\"datePublished\":\"2018-06-04T09:19:30+00:00\",\"dateModified\":\"2025-09-08T11:06:34+00:00\",\"description\":\"Wenn Salzburgs Bauernherbst-Wirte aufkochen ger\u00e4t ein ganzes Land ins Schw\u00e4rmen!\",\"inLanguage\":\"de\",\"potentialAction\":[{\"@type\":\"ReadAction\",\"target\":[\"https:\/\/www.salzburgerland.com\/de\/bauernherbst-wirte\/\"]}]},{\"@type\":\"ImageObject\",\"inLanguage\":\"de\",\"@id\":\"https:\/\/www.salzburgerland.com\/de\/bauernherbst-wirte\/#primaryimage\",\"url\":\"https:\/\/www.salzburgerland.com\/de\/wp-content\/uploads\/2025\/03\/rs4533_210531_slt-kulinarik_0008-scr.jpg\",\"contentUrl\":\"https:\/\/www.salzburgerland.com\/de\/wp-content\/uploads\/2025\/03\/rs4533_210531_slt-kulinarik_0008-scr.jpg\",\"width\":1100,\"height\":733,\"caption\":\"\u00a9 SalzburgerLand Tourismus, zooom Productions GmbH, Buchteln mit Marmelade und Vanilleso\u00dfe\"},{\"@type\":\"WebSite\",\"@id\":\"https:\/\/www.salzburgerland.com\/de\/#website\",\"url\":\"https:\/\/www.salzburgerland.com\/de\/\",\"name\":\"SalzburgerLand.com\",\"description\":\"Ihr Urlaub in Salzburg, \u00d6sterreich\",\"publisher\":{\"@id\":\"https:\/\/www.salzburgerland.com\/de\/#organization\"},\"potentialAction\":[{\"@type\":\"SearchAction\",\"target\":{\"@type\":\"EntryPoint\",\"urlTemplate\":\"https:\/\/www.salzburgerland.com\/de\/?s={search_term_string}\"},\"query-input\":{\"@type\":\"PropertyValueSpecification\",\"valueRequired\":true,\"valueName\":\"search_term_string\"}}],\"inLanguage\":\"de\"},{\"@type\":\"Organization\",\"@id\":\"https:\/\/www.salzburgerland.com\/de\/#organization\",\"name\":\"SalzburgerLand Tourismus GmbH\",\"url\":\"https:\/\/www.salzburgerland.com\/de\/\",\"logo\":{\"@type\":\"ImageObject\",\"inLanguage\":\"de\",\"@id\":\"https:\/\/www.salzburgerland.com\/de\/#\/schema\/logo\/image\/\",\"url\":\"https:\/\/www.salzburgerland.com\/de\/wp-content\/uploads\/2017\/01\/salzburgerland-logo.jpg\",\"contentUrl\":\"https:\/\/www.salzburgerland.com\/de\/wp-content\/uploads\/2017\/01\/salzburgerland-logo.jpg\",\"width\":1920,\"height\":827,\"caption\":\"SalzburgerLand Tourismus GmbH\"},\"image\":{\"@id\":\"https:\/\/www.salzburgerland.com\/de\/#\/schema\/logo\/image\/\"},\"sameAs\":[\"https:\/\/www.facebook.com\/salzburgerland\/\",\"https:\/\/x.com\/Salzburgerland\",\"https:\/\/www.instagram.com\/salzburgerland\/\",\"http:\/\/dbpedia.org\/resource\/Salzburg_(state)\",\"http:\/\/wikidata.dbpedia.org\/resource\/Q43325\",\"http:\/\/open.salzburgerland.com\/de\/entity\/salzburgerland\",\"https:\/\/www.youtube.com\/user\/salzburgerland\"]}]}<\/script>\n<!-- \/ Yoast SEO Premium plugin. -->","yoast_head_json":{"title":"Bauernherbst-Wirte und Schmankerl - Ihr Urlaub in Salzburg, \u00d6sterreiche","robots":{"index":"index","follow":"follow","max-snippet":"max-snippet:-1","max-image-preview":"max-image-preview:large","max-video-preview":"max-video-preview:-1"},"canonical":"https:\/\/www.salzburgerland.com\/de\/wp-json\/wp\/v2\/pages\/250160","og_locale":"de_DE","og_type":"article","og_title":"Bauernherbst-Wirte - Salzburger Genuss","og_description":"Wenn Salzburgs Bauernherbst-Wirte aufkochen ger\u00e4t ein ganzes Land ins Schw\u00e4rmen!","og_url":"https:\/\/www.salzburgerland.com\/de\/wp-json\/wp\/v2\/pages\/250160","og_site_name":"SalzburgerLand.com","article_publisher":"https:\/\/www.facebook.com\/salzburgerland\/","article_modified_time":"2025-09-08T11:06:34+00:00","og_image":[{"width":1100,"height":675,"url":"https:\/\/www.salzburgerland.com\/de\/wp-content\/uploads\/2025\/03\/rs4533_210531_slt-kulinarik_0008-scr-1100x675.jpg","type":"image\/jpeg"}],"twitter_card":"summary_large_image","twitter_site":"@Salzburgerland","twitter_misc":{"Gesch\u00e4tzte Lesezeit":"2\u00a0Minuten"},"schema":{"@context":"https:\/\/schema.org","@graph":[{"@type":"WebPage","@id":"https:\/\/www.salzburgerland.com\/de\/bauernherbst-wirte\/","url":"https:\/\/www.salzburgerland.com\/de\/bauernherbst-wirte\/","name":"Bauernherbst-Wirte und Schmankerl - Ihr Urlaub in Salzburg, \u00d6sterreiche","isPartOf":{"@id":"https:\/\/www.salzburgerland.com\/de\/#website"},"primaryImageOfPage":{"@id":"https:\/\/www.salzburgerland.com\/de\/bauernherbst-wirte\/#primaryimage"},"image":{"@id":"https:\/\/www.salzburgerland.com\/de\/bauernherbst-wirte\/#primaryimage"},"thumbnailUrl":"https:\/\/www.salzburgerland.com\/de\/wp-content\/uploads\/2025\/03\/rs4533_210531_slt-kulinarik_0008-scr.jpg","datePublished":"2018-06-04T09:19:30+00:00","dateModified":"2025-09-08T11:06:34+00:00","description":"Wenn Salzburgs Bauernherbst-Wirte aufkochen ger\u00e4t ein ganzes Land ins Schw\u00e4rmen!","inLanguage":"de","potentialAction":[{"@type":"ReadAction","target":["https:\/\/www.salzburgerland.com\/de\/bauernherbst-wirte\/"]}]},{"@type":"ImageObject","inLanguage":"de","@id":"https:\/\/www.salzburgerland.com\/de\/bauernherbst-wirte\/#primaryimage","url":"https:\/\/www.salzburgerland.com\/de\/wp-content\/uploads\/2025\/03\/rs4533_210531_slt-kulinarik_0008-scr.jpg","contentUrl":"https:\/\/www.salzburgerland.com\/de\/wp-content\/uploads\/2025\/03\/rs4533_210531_slt-kulinarik_0008-scr.jpg","width":1100,"height":733,"caption":"\u00a9 SalzburgerLand Tourismus, zooom Productions GmbH, Buchteln mit Marmelade und Vanilleso\u00dfe"},{"@type":"WebSite","@id":"https:\/\/www.salzburgerland.com\/de\/#website","url":"https:\/\/www.salzburgerland.com\/de\/","name":"SalzburgerLand.com","description":"Ihr Urlaub in Salzburg, \u00d6sterreich","publisher":{"@id":"https:\/\/www.salzburgerland.com\/de\/#organization"},"potentialAction":[{"@type":"SearchAction","target":{"@type":"EntryPoint","urlTemplate":"https:\/\/www.salzburgerland.com\/de\/?s={search_term_string}"},"query-input":{"@type":"PropertyValueSpecification","valueRequired":true,"valueName":"search_term_string"}}],"inLanguage":"de"},{"@type":"Organization","@id":"https:\/\/www.salzburgerland.com\/de\/#organization","name":"SalzburgerLand Tourismus GmbH","url":"https:\/\/www.salzburgerland.com\/de\/","logo":{"@type":"ImageObject","inLanguage":"de","@id":"https:\/\/www.salzburgerland.com\/de\/#\/schema\/logo\/image\/","url":"https:\/\/www.salzburgerland.com\/de\/wp-content\/uploads\/2017\/01\/salzburgerland-logo.jpg","contentUrl":"https:\/\/www.salzburgerland.com\/de\/wp-content\/uploads\/2017\/01\/salzburgerland-logo.jpg","width":1920,"height":827,"caption":"SalzburgerLand Tourismus GmbH"},"image":{"@id":"https:\/\/www.salzburgerland.com\/de\/#\/schema\/logo\/image\/"},"sameAs":["https:\/\/www.facebook.com\/salzburgerland\/","https:\/\/x.com\/Salzburgerland","https:\/\/www.instagram.com\/salzburgerland\/","http:\/\/dbpedia.org\/resource\/Salzburg_(state)","http:\/\/wikidata.dbpedia.org\/resource\/Q43325","http:\/\/open.salzburgerland.com\/de\/entity\/salzburgerland","https:\/\/www.youtube.com\/user\/salzburgerland"]}]}},"_wl_alt_label":[],"wl:entity_url":"http:\/\/open.salzburgerland.com\/de\/post\/bauernherbst-wirte","_links":{"self":[{"href":"https:\/\/www.salzburgerland.com\/de\/wp-json\/wp\/v2\/pages\/250160","targetHints":{"allow":["GET"]}}],"collection":[{"href":"https:\/\/www.salzburgerland.com\/de\/wp-json\/wp\/v2\/pages"}],"about":[{"href":"https:\/\/www.salzburgerland.com\/de\/wp-json\/wp\/v2\/types\/page"}],"author":[{"embeddable":true,"href":"https:\/\/www.salzburgerland.com\/de\/wp-json\/wp\/v2\/users\/44"}],"replies":[{"embeddable":true,"href":"https:\/\/www.salzburgerland.com\/de\/wp-json\/wp\/v2\/comments?post=250160"}],"version-history":[{"count":23,"href":"https:\/\/www.salzburgerland.com\/de\/wp-json\/wp\/v2\/pages\/250160\/revisions"}],"predecessor-version":[{"id":678584,"href":"https:\/\/www.salzburgerland.com\/de\/wp-json\/wp\/v2\/pages\/250160\/revisions\/678584"}],"wp:featuredmedia":[{"embeddable":true,"href":"https:\/\/www.salzburgerland.com\/de\/wp-json\/wp\/v2\/media\/676602"}],"wp:attachment":[{"href":"https:\/\/www.salzburgerland.com\/de\/wp-json\/wp\/v2\/media?parent=250160"}],"wp:term":[{"taxonomy":"wl_entity_type","embeddable":true,"href":"https:\/\/www.salzburgerland.com\/de\/wp-json\/wp\/v2\/wl_entity_type?post=250160"}],"curies":[{"name":"wp","href":"https:\/\/api.w.org\/{rel}","templated":true}]}}