{"id":3965,"date":"2025-06-27T09:41:01","date_gmt":"2025-06-27T07:41:01","guid":{"rendered":"https:\/\/www.salzburgerland.com\/da\/?page_id=3965"},"modified":"2026-03-18T10:12:54","modified_gmt":"2026-03-18T09:12:54","slug":"erklaering-om-tilgaengelighed","status":"publish","type":"page","link":"https:\/\/www.salzburgerland.com\/da\/erklaering-om-tilgaengelighed\/","title":{"rendered":"Erkl\u00e6ring om tilg\u00e6ngelighed"},"content":{"rendered":"<h2>Erkl\u00e6ring om tilg\u00e6ngelighed<\/h2>\n<p>Vi, SalzburgerLand Tourismus GmbH, bestr\u00e6ber os p\u00e5 at g\u00f8re vores hjemmeside tilg\u00e6ngelig i overensstemmelse med tilg\u00e6ngelighedsloven som \u00e6ndret for at implementere det europ\u00e6iske tilg\u00e6ngelighedsdirektiv (<a href=\"https:\/\/eur-lex.europa.eu\/legal-content\/DE\/TXT\/?uri=CELEX%3A32019L0882\" target=\"_blank\" rel=\"noopener\">direktiv 2019\/882<\/a>) om tilg\u00e6ngelighedskravene til produkter og tjenester.<\/p>\n<p>P\u00e5 grund af f\u00f8lgende inkompatibiliteter og undtagelser er dette websted delvist kompatibelt med overensstemmelsesniveau AA i \u00bbWeb Content Accessibility Guidelines Web \u2013 WCAG 2.1\u00ab i overensstemmelse med den g\u00e6ldende harmoniserede europ\u00e6iske standard \u00bbEuropean Standard EN 301 549 V3.2.1 (2022.08)\u00ab.<\/p>\n<h2>Ikke-tilg\u00e6ngeligt indhold<\/h2>\n<p>Nedenst\u00e5ende indhold er ikke tilg\u00e6ngeligt af f\u00f8lgende \u00e5rsager:<\/p>\n<h3>Uforenelighed med tilg\u00e6ngelighedsbestemmelser:<\/h3>\n<ul>\n<li>Da logoerne er links, bliver de alternative tekster til linktekster. Disse b\u00f8r beskrive linkets destination, hvilket endnu ikke er fuldt implementeret.<\/li>\n<li>De videoer, der bruges p\u00e5 vores hjemmesider, er i \u00f8jeblikket ikke fuldt tilg\u00e6ngelige. Der arbejdes p\u00e5 en automatisk l\u00f8sning via API-n\u00f8glen til at udfylde indholdet. Underteksterne er blevet udfyldt i vid udstr\u00e6kning og b\u00f8r, med f\u00e5 undtagelser, v\u00e6re tilg\u00e6ngelige.<\/li>\n<li>Lydbeskrivelse: Nogle af de videoer, der er indlejret p\u00e5 dette websted, har i \u00f8jeblikket ingen lydbeskrivelse eller yderligere tekstm\u00e6ssige mediealternativer, der beskriver det visuelle indhold. En del af disse videoer er integreret via den eksterne platform YouTube. Da der er tale om indhold fra en tredjepartsudbyder, har vi kun begr\u00e6nset indflydelse p\u00e5 den tekniske implementering eller efterf\u00f8lgende tilf\u00f8jelse af lydbeskrivelser. Vi f\u00f8lger udviklingen p\u00e5 platformen og vil unders\u00f8ge og implementere muligheder for at forbedre tilg\u00e6ngeligheden, i det omfang det er teknisk og organisatorisk muligt.<\/li>\n<li>Vi bestr\u00e6ber os p\u00e5 at skrive vores tekster stort set uden forkortelser og fremmedord. Desuden undg\u00e5r vi indviklede s\u00e6tninger. Hvis en tekst ikke er forst\u00e5elig for Dem og derfor kun delvist fremst\u00e5r som tilg\u00e6ngelig, bedes De kontakte os. Vi vil fors\u00f8ge at stille en letforst\u00e5elig version til r\u00e5dighed for Dem.<\/li>\n<li>S\u00e5 snart tekstzoom aktiveres, bliver meget af indholdet afsk\u00e5ret, og der opst\u00e5r ogs\u00e5 overlapninger<\/li>\n<li>N\u00e5r tekstafstanden tilpasses WCAG-retningslinjerne, opst\u00e5r der overlapninger og d\u00e6kninger<\/li>\n<li>Kort har ingen alternativ tekst. F.eks. kort: Mittersill ligger omgivet af bjerge i Salzachtal syd for Kitzb\u00fchel. Mittersill h\u00f8rer til distriktet Zell am See. Her skulle man skabe en indtastningsmulighed for teksten, som derefter ogs\u00e5 skulle vedligeholdes. Enklere ville en generisk tekst som \u00bbPlacering af &lt;POI&gt; p\u00e5 Google Maps\u00ab v\u00e6re<\/li>\n<li>Spam-beskyttelse \/ Recaptcha: For at beskytte vores kontaktformularer mod spam og masse-e-mails har vi brug for en s\u00e5kaldt \u00bbRe-Captcha\u00ab-funktion. Denne er ikke tilg\u00e6ngelig. Hvis du ikke kan bruge en formular p\u00e5 grund af denne funktion, bedes du sende os en e-mail til <a href=\"mailto:info@salzburgerland.com\">info@salzburgerland.com<\/a><\/li>\n<li>P\u00e5 denne hjemmeside anvendes der til tider engelske udtryk og betegnelser (f.eks. \u201eSound of Music\u201c). Disse udtryk er internationalt etablerede navne, varem\u00e6rker eller tematiske betegnelser, som ikke altid kan overs\u00e6ttes meningsfuldt eller entydigt til dansk. Vi s\u00f8rger dog for at pr\u00e6sentere indholdet s\u00e5 forst\u00e5eligt som muligt og forklare centrale oplysninger i sammenh\u00e6ngen.<\/li>\n<\/ul>\n<p><strong>Vi bestr\u00e6ber os p\u00e5 at rette fejlene inden udgangen af 2026. Derudover sigter vi allerede mod WCAG 2.2-konformitetsniveau AA under implementeringen.<\/strong><br>\n<strong>Bem\u00e6rkninger:<\/strong> Word- og PDF-dokumenter, der ikke er tilg\u00e6ngelige, kan downloades p\u00e5 hjemmesiden. Hvis du har brug for hj\u00e6lp med ikke-tilg\u00e6ngelige PDF-dokumenter, bedes du kontakte <a href=\"mailto:info@salzburgerland.com\">info@salzburgerland.com<\/a>. I s\u00e5 fald vil vi bestr\u00e6be os p\u00e5 at g\u00f8re indholdet tilg\u00e6ngeligt for dig p\u00e5 en passende m\u00e5de, s\u00e5 vidt det er muligt.<\/p>\n<h3>Uforholdsm\u00e6ssig stor byrde:<\/h3>\n<p>Af \u00f8konomiske og organisatoriske \u00e5rsager er det i \u00f8jeblikket endnu ikke muligt at g\u00f8re \u00e6ldre PDF-dokumenter og Office-dokumenter (osv.) tilg\u00e6ngelige. Desuden er det ikke muligt at stille videoer til r\u00e5dighed p\u00e5 tegnsprog.<\/p>\n<h3>Dette indhold falder ikke ind under anvendelsesomr\u00e5det for den g\u00e6ldende lovgivning:<\/h3>\n<p>\u00c6ldre dokumenter og indhold, der ikke er tilg\u00e6ngeligt, er tilg\u00e6ngelige p\u00e5 hjemmesiden. Da disse blev offentliggjort f\u00f8r den 28. juni 2025, er de undtaget fra tilg\u00e6ngelighedsloven, og der er i \u00f8jeblikket ikke planlagt omfattende \u00e6ndringer af dem.<br>\nHjemmesiden indeholder dokumenter og indhold fra tredjepartsudbydere, som hverken er udviklet, finansieret eller kontrolleret af os. Der kan ikke afgives nogen erkl\u00e6ring om, hvorvidt dette tredjepartsindhold er kompatibelt med tilg\u00e6ngelighedsbestemmelserne, og det er derfor ogs\u00e5 undtaget fra kravene i tilg\u00e6ngelighedsloven.<br>\nDisse omfatter for eksempel udbyderen Staymate OG, som leverer vores ferieplanl\u00e6gger MakeMyStay, udbyderen Goodguys GmbH, som tilbyder AI-concierge \/ AI-chatbot Amadeus. Derudover er der masker og visninger i den s\u00e5kaldte TOSC5 (View Event, Infrastructures, Companies), som feratel media technologies AG er ansvarlig for. <a href=\"https:\/\/www.salzburgerland.com\/en\/accessibility-statement-from-feratel-media-technologies-ag\/\" target=\"_blank\" rel=\"noopener\">Feratels tilg\u00e6ngelighedserkl\u00e6ring kan findes under dette link.<\/a> Disse virksomheder er ansvarlige for dette og bestr\u00e6ber sig p\u00e5 at g\u00f8re de tilbudte applikationer s\u00e5 tilg\u00e6ngelige som muligt.<\/p>\n<h2>Oprettelse af erkl\u00e6ringen om tilg\u00e6ngelighed<\/h2>\n<p>Da de fremmedsprogede hjemmesider bruger det samme CMS (content management system) kaldet WordPress som den tyske hjemmeside, og derfor er modulerne, visningsmulighederne osv. meget ens, og disse blev evalueret af Dipl.-Ing. Gerhard Nussbaum fra KI I (Kompetenznetzwerk Informationstechnologie zur F\u00f6rderung der Integration von Menschen mit Behinderungen) i overensstemmelse med WCAG 2.2 AA eller EN 301 549 V3.2.1 \u2013 en selvevaluering kunne implementeres her, og de \u00e5bne punkter t\u00e6ller ogs\u00e5 med her.<br>\nVores hjemmeside bliver konstant forbedret. Brugervenlighed og tilg\u00e6ngelighed er meget vigtigt for os. Hvis du st\u00f8der p\u00e5 barrierer p\u00e5 vores hjemmeside, som forhindrer eller begr\u00e6nser din brug, bedes du give os besked p\u00e5 f\u00f8lgende e-mailadresse: <a href=\"mailto:info@salzburgerland.com\">info@salzburgerland.com<\/a><br>\n. I s\u00e5 fald bedes du kort beskrive problemet og angive URL\u2019en til den p\u00e5g\u00e6ldende hjemmeside eller det p\u00e5g\u00e6ldende dokument. Vi unders\u00f8ger din henvendelse og kontakter dig s\u00e5 hurtigt som muligt.<\/p>\n<p>\u00a0<\/p>\n","protected":false},"excerpt":{"rendered":"<p>Erkl\u00e6ring om tilg\u00e6ngelighed Vi, SalzburgerLand Tourismus GmbH, bestr\u00e6ber os p\u00e5 at g\u00f8re vores hjemmeside tilg\u00e6ngelig i overensstemmelse med tilg\u00e6ngelighedsloven som \u00e6ndret for at implementere det europ\u00e6iske tilg\u00e6ngelighedsdirektiv (direktiv 2019\/882) om tilg\u00e6ngelighedskravene til produkter og tjenester. P\u00e5 grund af f\u00f8lgende inkompatibiliteter og undtagelser er dette websted delvist kompatibelt med overensstemmelsesniveau AA i \u00bbWeb Content Accessibility Guidelines [&hellip;]<\/p>\n","protected":false},"author":30,"featured_media":0,"parent":0,"menu_order":0,"comment_status":"closed","ping_status":"closed","template":"","meta":{"_acf_changed":false,"wl_entities_gutenberg":"","_relevanssi_hide_post":"","_relevanssi_hide_content":"","_relevanssi_pin_for_all":"","_relevanssi_pin_keywords":"","_relevanssi_unpin_keywords":"","_relevanssi_related_keywords":"","_relevanssi_related_include_ids":"","_relevanssi_related_exclude_ids":"","_relevanssi_related_no_append":"","_relevanssi_related_not_related":"","_relevanssi_related_posts":"","_relevanssi_noindex_reason":"","footnotes":""},"wl_entity_type":[22],"class_list":["post-3965","page","type-page","status-publish","hentry","wl_entity_type-article"],"acf":[],"yoast_head":"<!-- This site is optimized with the Yoast SEO Premium plugin v27.5 (Yoast SEO v27.5) - https:\/\/yoast.com\/product\/yoast-seo-premium-wordpress\/ -->\n<title>Erkl\u00e6ring om tilg\u00e6ngelighed \u00bb SalzburgerLand.com<\/title>\n<meta name=\"robots\" content=\"index, follow, max-snippet:-1, max-image-preview:large, max-video-preview:-1\" \/>\n<link rel=\"canonical\" href=\"https:\/\/www.salzburgerland.com\/da\/erklaering-om-tilgaengelighed\/\" \/>\n<meta property=\"og:locale\" content=\"da_DK\" \/>\n<meta property=\"og:type\" content=\"article\" \/>\n<meta property=\"og:title\" content=\"Erkl\u00e6ring om tilg\u00e6ngelighed\" \/>\n<meta property=\"og:description\" content=\"Erkl\u00e6ring om tilg\u00e6ngelighed Vi, SalzburgerLand Tourismus GmbH, bestr\u00e6ber os p\u00e5 at g\u00f8re vores hjemmeside tilg\u00e6ngelig i overensstemmelse med\" \/>\n<meta property=\"og:url\" content=\"https:\/\/www.salzburgerland.com\/da\/erklaering-om-tilgaengelighed\/\" \/>\n<meta property=\"og:site_name\" content=\"SalzburgerLand.com\" \/>\n<meta property=\"article:publisher\" content=\"https:\/\/www.facebook.com\/ferieisalzburgerland\/\" \/>\n<meta property=\"article:modified_time\" content=\"2026-03-18T09:12:54+00:00\" \/>\n<meta name=\"twitter:card\" content=\"summary_large_image\" \/>\n<meta name=\"twitter:site\" content=\"@salzburgerland\" \/>\n<meta name=\"twitter:label1\" content=\"Estimeret l\u00e6setid\" \/>\n\t<meta name=\"twitter:data1\" content=\"5 minutter\" \/>\n<script type=\"application\/ld+json\" class=\"yoast-schema-graph\">{\"@context\":\"https:\\\/\\\/schema.org\",\"@graph\":[{\"@type\":\"WebPage\",\"@id\":\"https:\\\/\\\/www.salzburgerland.com\\\/da\\\/erklaering-om-tilgaengelighed\\\/\",\"url\":\"https:\\\/\\\/www.salzburgerland.com\\\/da\\\/erklaering-om-tilgaengelighed\\\/\",\"name\":\"Erkl\u00e6ring om tilg\u00e6ngelighed \u00bb SalzburgerLand.com\",\"isPartOf\":{\"@id\":\"https:\\\/\\\/www.salzburgerland.com\\\/da\\\/#website\"},\"datePublished\":\"2025-06-27T07:41:01+00:00\",\"dateModified\":\"2026-03-18T09:12:54+00:00\",\"inLanguage\":\"da-DK\",\"potentialAction\":[{\"@type\":\"ReadAction\",\"target\":[\"https:\\\/\\\/www.salzburgerland.com\\\/da\\\/erklaering-om-tilgaengelighed\\\/\"]}]},{\"@type\":\"WebSite\",\"@id\":\"https:\\\/\\\/www.salzburgerland.com\\\/da\\\/#website\",\"url\":\"https:\\\/\\\/www.salzburgerland.com\\\/da\\\/\",\"name\":\"SalzburgerLand.com\",\"description\":\"Din ferie i Salzburg, \u00d8strig\",\"potentialAction\":[{\"@type\":\"SearchAction\",\"target\":{\"@type\":\"EntryPoint\",\"urlTemplate\":\"https:\\\/\\\/www.salzburgerland.com\\\/da\\\/?s={search_term_string}\"},\"query-input\":{\"@type\":\"PropertyValueSpecification\",\"valueRequired\":true,\"valueName\":\"search_term_string\"}}],\"inLanguage\":\"da-DK\"}]}<\/script>\n<!-- \/ Yoast SEO Premium plugin. -->","yoast_head_json":{"title":"Erkl\u00e6ring om tilg\u00e6ngelighed \u00bb SalzburgerLand.com","robots":{"index":"index","follow":"follow","max-snippet":"max-snippet:-1","max-image-preview":"max-image-preview:large","max-video-preview":"max-video-preview:-1"},"canonical":"https:\/\/www.salzburgerland.com\/da\/erklaering-om-tilgaengelighed\/","og_locale":"da_DK","og_type":"article","og_title":"Erkl\u00e6ring om tilg\u00e6ngelighed","og_description":"Erkl\u00e6ring om tilg\u00e6ngelighed Vi, SalzburgerLand Tourismus GmbH, bestr\u00e6ber os p\u00e5 at g\u00f8re vores hjemmeside tilg\u00e6ngelig i overensstemmelse med","og_url":"https:\/\/www.salzburgerland.com\/da\/erklaering-om-tilgaengelighed\/","og_site_name":"SalzburgerLand.com","article_publisher":"https:\/\/www.facebook.com\/ferieisalzburgerland\/","article_modified_time":"2026-03-18T09:12:54+00:00","twitter_card":"summary_large_image","twitter_site":"@salzburgerland","twitter_misc":{"Estimeret l\u00e6setid":"5 minutter"},"schema":{"@context":"https:\/\/schema.org","@graph":[{"@type":"WebPage","@id":"https:\/\/www.salzburgerland.com\/da\/erklaering-om-tilgaengelighed\/","url":"https:\/\/www.salzburgerland.com\/da\/erklaering-om-tilgaengelighed\/","name":"Erkl\u00e6ring om tilg\u00e6ngelighed \u00bb SalzburgerLand.com","isPartOf":{"@id":"https:\/\/www.salzburgerland.com\/da\/#website"},"datePublished":"2025-06-27T07:41:01+00:00","dateModified":"2026-03-18T09:12:54+00:00","inLanguage":"da-DK","potentialAction":[{"@type":"ReadAction","target":["https:\/\/www.salzburgerland.com\/da\/erklaering-om-tilgaengelighed\/"]}]},{"@type":"WebSite","@id":"https:\/\/www.salzburgerland.com\/da\/#website","url":"https:\/\/www.salzburgerland.com\/da\/","name":"SalzburgerLand.com","description":"Din ferie i Salzburg, \u00d8strig","potentialAction":[{"@type":"SearchAction","target":{"@type":"EntryPoint","urlTemplate":"https:\/\/www.salzburgerland.com\/da\/?s={search_term_string}"},"query-input":{"@type":"PropertyValueSpecification","valueRequired":true,"valueName":"search_term_string"}}],"inLanguage":"da-DK"}]}},"_wl_alt_label":[],"wl:entity_url":"http:\/\/open.salzburgerland.com\/da\/page\/erklaering-om-tilgaengelighed-3965","_links":{"self":[{"href":"https:\/\/www.salzburgerland.com\/da\/wp-json\/wp\/v2\/pages\/3965","targetHints":{"allow":["GET"]}}],"collection":[{"href":"https:\/\/www.salzburgerland.com\/da\/wp-json\/wp\/v2\/pages"}],"about":[{"href":"https:\/\/www.salzburgerland.com\/da\/wp-json\/wp\/v2\/types\/page"}],"author":[{"embeddable":true,"href":"https:\/\/www.salzburgerland.com\/da\/wp-json\/wp\/v2\/users\/30"}],"replies":[{"embeddable":true,"href":"https:\/\/www.salzburgerland.com\/da\/wp-json\/wp\/v2\/comments?post=3965"}],"version-history":[{"count":4,"href":"https:\/\/www.salzburgerland.com\/da\/wp-json\/wp\/v2\/pages\/3965\/revisions"}],"predecessor-version":[{"id":4106,"href":"https:\/\/www.salzburgerland.com\/da\/wp-json\/wp\/v2\/pages\/3965\/revisions\/4106"}],"wp:attachment":[{"href":"https:\/\/www.salzburgerland.com\/da\/wp-json\/wp\/v2\/media?parent=3965"}],"wp:term":[{"taxonomy":"wl_entity_type","embeddable":true,"href":"https:\/\/www.salzburgerland.com\/da\/wp-json\/wp\/v2\/wl_entity_type?post=3965"}],"curies":[{"name":"wp","href":"https:\/\/api.w.org\/{rel}","templated":true}]}}