{"id":162484,"date":"2025-06-27T09:24:27","date_gmt":"2025-06-27T07:24:27","guid":{"rendered":"https:\/\/www.salzburgerland.com\/cs\/?page_id=162484"},"modified":"2026-03-18T10:08:37","modified_gmt":"2026-03-18T09:08:37","slug":"prohlaseni-o-pristupnosti","status":"publish","type":"page","link":"https:\/\/www.salzburgerland.com\/cs\/prohlaseni-o-pristupnosti\/","title":{"rendered":"Prohl\u00e1\u0161en\u00ed o p\u0159\u00edstupnosti"},"content":{"rendered":"<h2>Prohl\u00e1\u0161en\u00ed o p\u0159\u00edstupnosti<\/h2>\n<p>My, spole\u010dnost SalzburgerLand Tourismus GmbH, se sna\u017e\u00edme, aby na\u0161e webov\u00e9 str\u00e1nky byly p\u0159\u00edstupn\u00e9 v souladu se z\u00e1konem o p\u0159\u00edstupnosti v platn\u00e9m zn\u011bn\u00ed, kter\u00fd implementuje evropskou sm\u011brnici o p\u0159\u00edstupnosti (<a href=\"https:\/\/eur-lex.europa.eu\/legal-content\/DE\/TXT\/?uri=CELEX%3A32019L0882\" target=\"_blank\" rel=\"noopener\">sm\u011brnice 2019\/882<\/a>) o po\u017eadavc\u00edch na p\u0159\u00edstupnost v\u00fdrobk\u016f a slu\u017eeb.<br>\nVzhledem k n\u00ed\u017ee uveden\u00fdm nesrovnalostem a v\u00fdjimk\u00e1m jsou tyto webov\u00e9 str\u00e1nky \u010d\u00e1ste\u010dn\u011b v souladu se stupn\u011bm shody AA \u201eWeb Content Accessibility Guidelines Web \u2013 WCAG 2.1\u201c podle platn\u00e9 harmonizovan\u00e9 evropsk\u00e9 normy \u201eEuropean Standard EN 301 549 V3.2.1 (2022.08)\u201c.<\/p>\n<h2>Nep\u0159\u00edstupn\u00fd obsah<\/h2>\n<p>N\u00ed\u017ee uveden\u00fd obsah nen\u00ed bezbari\u00e9rov\u00fd z n\u00e1sleduj\u00edc\u00edch d\u016fvod\u016f:<\/p>\n<h3>Nesoulad s p\u0159edpisy o p\u0159\u00edstupnosti:<\/h3>\n<ul>\n<li>Jeliko\u017e jsou loga propojena odkazy, st\u00e1vaj\u00ed se alternativn\u00ed texty texty odkaz\u016f. Ty by m\u011bly popisovat c\u00edl odkazu, co\u017e zat\u00edm nebylo zcela realizov\u00e1no.<\/li>\n<li>Videa pou\u017eit\u00e1 na na\u0161ich webov\u00fdch str\u00e1nk\u00e1ch nejsou v sou\u010dasn\u00e9 dob\u011b zcela bezbari\u00e9rov\u00e1. Pracujeme na automatick\u00e9m \u0159e\u0161en\u00ed vyu\u017e\u00edvaj\u00edc\u00edm API kl\u00ed\u010d pro vypl\u0148ov\u00e1n\u00ed obsahu. Titulky byly rozs\u00e1hle dopln\u011bny a a\u017e na n\u011bkolik v\u00fdjimek by m\u011bly b\u00fdt k dispozici.<\/li>\n<li>Audiodeskripce: N\u011bkter\u00e1 videa vlo\u017een\u00e1 na tento web v sou\u010dasn\u00e9 dob\u011b neobsahuj\u00ed audiodeskripci ani dopl\u0148kov\u00fd textov\u00fd popis vizu\u00e1ln\u00edho obsahu. \u010c\u00e1st t\u011bchto vide\u00ed je integrov\u00e1na prost\u0159ednictv\u00edm extern\u00ed platformy YouTube. Jeliko\u017e se jedn\u00e1 o obsah t\u0159et\u00ed strany, m\u00e1me pouze omezen\u00fd vliv na technickou realizaci nebo dodate\u010dn\u00e9 dopln\u011bn\u00ed audiodeskripc\u00ed. Sledujeme v\u00fdvoj platformy a budeme zkoumat a realizovat p\u0159\u00edslu\u0161n\u00e9 mo\u017enosti pro zlep\u0161en\u00ed p\u0159\u00edstupnosti, pokud to bude technicky a organiza\u010dn\u011b mo\u017en\u00e9.<\/li>\n<li>Sna\u017e\u00edme se ps\u00e1t texty v co nejv\u011bt\u0161\u00ed m\u00ed\u0159e bez zkratek a ciz\u00edch slov. Nav\u00edc se vyh\u00fdb\u00e1me slo\u017eit\u00fdm v\u011btn\u00fdm konstrukc\u00edm. Pokud v\u00e1m n\u011bjak\u00fd text nen\u00ed srozumiteln\u00fd a zd\u00e1 se v\u00e1m proto jen \u010d\u00e1ste\u010dn\u011b bezbari\u00e9rov\u00fd, kontaktujte n\u00e1s pros\u00edm. Pokus\u00edme se v\u00e1m poskytnout srozumitelnou verzi.<\/li>\n<li>Jakmile se aktivuje pouze zv\u011bt\u0161en\u00ed textu, mnoho obsahu se o\u0159\u00edzne a doch\u00e1z\u00ed tak\u00e9 k p\u0159ekr\u00fdv\u00e1n\u00ed.<\/li>\n<li>P\u0159i pou\u017eit\u00ed rozestup\u016f textu podle specifikac\u00ed WCAG doch\u00e1z\u00ed k p\u0159ekr\u00fdv\u00e1n\u00ed a p\u0159ekr\u00fdv\u00e1n\u00ed.<\/li>\n<li>Mapy nemaj\u00ed alternativn\u00ed text. Nap\u0159. mapa: Mittersill le\u017e\u00ed obklopen horami v \u00fadol\u00ed Salzachtal ji\u017en\u011b od Kitzb\u00fchelu. Mittersill pat\u0159\u00ed do okresu Zell am See. Bylo by nutn\u00e9 vytvo\u0159it mo\u017enost zad\u00e1n\u00ed textu, kter\u00fd by pak musel b\u00fdt tak\u00e9 udr\u017eov\u00e1n. Jednodu\u0161\u0161\u00ed by byl obecn\u00fd text jako \u201ePoloha &lt;POI&gt; na Google Maps\u201c.<\/li>\n<li>Ochrana proti spamu \/ Recaptcha: K zabezpe\u010den\u00ed proti spamu a hromadn\u00fdm e-mail\u016fm pot\u0159ebujeme pro na\u0161e kontaktn\u00ed formul\u00e1\u0159e takzvanou funkci \u201eRe-Captcha\u201c. Ta nen\u00ed bezbari\u00e9rov\u00e1. Pokud kv\u016fli t\u00e9to funkci nem\u016f\u017eete formul\u00e1\u0159 pou\u017e\u00edt, za\u0161lete n\u00e1m pros\u00edm e-mail na adresu <a href=\"mailto:info@salzburgerland.com\">info@salzburgerland.com<\/a><\/li>\n<li>Na t\u00e9to webov\u00e9 str\u00e1nce se \u010d\u00e1ste\u010dn\u011b pou\u017e\u00edvaj\u00ed anglick\u00e9 v\u00fdrazy a n\u00e1zvy (nap\u0159. \u201eSound of Music\u201c). Jedn\u00e1 se o mezin\u00e1rodn\u011b zaveden\u00e9 n\u00e1zvy, zna\u010dky nebo tematick\u00e9 pojmy, kter\u00e9 nelze v\u017edy smyslupln\u011b nebo jednozna\u010dn\u011b p\u0159elo\u017eit do \u010de\u0161tiny. Sna\u017e\u00edme se v\u0161ak, aby byl obsah co nejsrozumiteln\u011bj\u0161\u00ed, a kl\u00ed\u010dov\u00e9 informace vysv\u011btlujeme tak\u00e9 v kontextu.<\/li>\n<\/ul>\n<p><strong>Chyby se sna\u017e\u00edme opravit do konce roku 2026. Krom\u011b toho ji\u017e b\u011bhem implementace usilujeme o dosa\u017een\u00ed \u00farovn\u011b shody AA s WCAG 2.2.<\/strong><\/p>\n<p><strong>Pozn\u00e1mky:<\/strong> Nep\u0159\u00edstupn\u00e9 dokumenty ve form\u00e1tu Word a PDF jsou k dispozici ke sta\u017een\u00ed na webov\u00fdch str\u00e1nk\u00e1ch. Pokud pot\u0159ebujete pomoc s nep\u0159\u00edstupn\u00fdmi dokumenty ve form\u00e1tu PDF, obra\u0165te se na adresu <a href=\"mailto:info@salzburgerland.com\">info@salzburgerland.com<\/a>. V takov\u00e9m p\u0159\u00edpad\u011b se budeme sna\u017eit zp\u0159\u00edstupnit v\u00e1m obsah vhodn\u00fdm zp\u016fsobem, pokud to bude mo\u017en\u00e9.<\/p>\n<h3>Nep\u0159im\u011b\u0159en\u00e1 z\u00e1t\u011b\u017e:<\/h3>\n<p>Z ekonomick\u00fdch a organiza\u010dn\u00edch d\u016fvod\u016f nen\u00ed v sou\u010dasn\u00e9 dob\u011b je\u0161t\u011b mo\u017en\u00e9 zp\u0159\u00edstupnit star\u0161\u00ed dokumenty PDF a dokumenty Office (atd.). Krom\u011b toho nen\u00ed mo\u017en\u00e9 poskytnout videa ve znakov\u00e9m jazyce.<\/p>\n<h3>Tento obsah nespad\u00e1 do p\u016fsobnosti platn\u00fdch pr\u00e1vn\u00edch p\u0159edpis\u016f:<\/h3>\n<p>Star\u0161\u00ed dokumenty a obsah, kter\u00e9 nejsou p\u0159\u00edstupn\u00e9, jsou k dispozici na webov\u00fdch str\u00e1nk\u00e1ch. Jeliko\u017e byly zve\u0159ejn\u011bny p\u0159ed 28. \u010dervnem 2025, nevztahuje se na n\u011b z\u00e1kon o p\u0159\u00edstupnosti a v sou\u010dasn\u00e9 dob\u011b se u nich nepl\u00e1nuje \u017e\u00e1dn\u00e1 komplexn\u00ed zm\u011bna.<br>\nWebov\u00e9 str\u00e1nky obsahuj\u00ed dokumenty a obsah od poskytovatel\u016f t\u0159et\u00edch stran, kter\u00e9 nejsou n\u00e1mi vyv\u00edjeny, financov\u00e1ny ani kontrolov\u00e1ny. O kompatibilit\u011b tohoto obsahu t\u0159et\u00edch stran s p\u0159edpisy o p\u0159\u00edstupnosti nelze u\u010dinit \u017e\u00e1dn\u00e9 prohl\u00e1\u0161en\u00ed, a proto se na n\u011bj po\u017eadavky z\u00e1kona o p\u0159\u00edstupnosti rovn\u011b\u017e nevztahuj\u00ed.<br>\nJedn\u00e1 se nap\u0159\u00edklad o poskytovatele Staymate OG, kter\u00fd poskytuje n\u00e1\u0161 pl\u00e1nova\u010d dovolen\u00e9 MakeMyStay, poskytovatele Goodguys GmbH, kter\u00fd nab\u00edz\u00ed AI concierge \/ AI chatbot Amadeus. Krom\u011b toho existuj\u00ed masky a zobrazen\u00ed v takzvan\u00e9m TOSC5 (zobrazen\u00ed Ud\u00e1losti, infrastruktury, spole\u010dnosti), za kter\u00e9 odpov\u00edd\u00e1 spole\u010dnost feratel media technologies AG. <a href=\"https:\/\/www.salzburgerland.com\/en\/accessibility-statement-from-feratel-media-technologies-ag\/\" target=\"_blank\" rel=\"noopener\">Prohl\u00e1\u0161en\u00ed spole\u010dnosti Feratel o p\u0159\u00edstupnosti je k dispozici na tomto odkazu.<\/a>\u00a0Tyto spole\u010dnosti za n\u011b odpov\u00eddaj\u00ed a sna\u017e\u00ed se, aby nab\u00edzen\u00e9 aplikace byly co nejp\u0159\u00edstupn\u011bj\u0161\u00ed.<\/p>\n<h2>Vytvo\u0159en\u00ed prohl\u00e1\u0161en\u00ed o p\u0159\u00edstupnosti<\/h2>\n<p>Vzhledem k tomu, \u017ee cizojazy\u010dn\u00e9 webov\u00e9 str\u00e1nky pou\u017e\u00edvaj\u00ed stejn\u00fd CMS (syst\u00e9m pro spr\u00e1vu obsahu) WordPress jako n\u011bmeck\u00e9 webov\u00e9 str\u00e1nky, a proto jsou moduly, mo\u017enosti zobrazen\u00ed atd. velmi podobn\u00e9 a tyto byly posouzeny Dipl.-Ing. Gerhardem Nussbaumem z KI I (Kompetenznetzwerk Informationstechnologie zur F\u00f6rderung der Integration von Menschen mit Behinderungen) podle WCAG 2.2 AA nebo EN 301 549 V3.2.1 \u2013 mohlo zde b\u00fdt provedeno sebehodnocen\u00ed a zapo\u010d\u00edt\u00e1ny i otev\u0159en\u00e9 body.<br>\nNa\u0161e webov\u00e9 str\u00e1nky jsou neust\u00e1le vylep\u0161ov\u00e1ny. Pou\u017eitelnost a p\u0159\u00edstupnost jsou pro n\u00e1s velmi d\u016fle\u017eit\u00e9. Pokud se na na\u0161ich webov\u00fdch str\u00e1nk\u00e1ch setk\u00e1te s p\u0159ek\u00e1\u017ekami, kter\u00e9 v\u00e1m br\u00e1n\u00ed nebo omezuj\u00ed jejich pou\u017e\u00edv\u00e1n\u00ed, informujte n\u00e1s o tom pros\u00edm na e-mailov\u00e9 adrese: <a href=\"mailto:info@salzburgerland.com\">info@salzburgerland.com<\/a><br>\n. V takov\u00e9m p\u0159\u00edpad\u011b pros\u00edm stru\u010dn\u011b popi\u0161te probl\u00e9m a uve\u010fte adresu URL p\u0159\u00edslu\u0161n\u00e9 webov\u00e9 str\u00e1nky nebo dokumentu. V\u00e1\u0161 dotaz prov\u011b\u0159\u00edme a budeme v\u00e1s co nejd\u0159\u00edve kontaktovat.<\/p>\n","protected":false},"excerpt":{"rendered":"<p>Prohl\u00e1\u0161en\u00ed o p\u0159\u00edstupnosti My, spole\u010dnost SalzburgerLand Tourismus GmbH, se sna\u017e\u00edme, aby na\u0161e webov\u00e9 str\u00e1nky byly p\u0159\u00edstupn\u00e9 v souladu se z\u00e1konem o p\u0159\u00edstupnosti v platn\u00e9m zn\u011bn\u00ed, kter\u00fd implementuje evropskou sm\u011brnici o p\u0159\u00edstupnosti (sm\u011brnice 2019\/882) o po\u017eadavc\u00edch na p\u0159\u00edstupnost v\u00fdrobk\u016f a slu\u017eeb. Vzhledem k n\u00ed\u017ee uveden\u00fdm nesrovnalostem a v\u00fdjimk\u00e1m jsou tyto webov\u00e9 str\u00e1nky \u010d\u00e1ste\u010dn\u011b v souladu se [&hellip;]<\/p>\n","protected":false},"author":30,"featured_media":0,"parent":0,"menu_order":0,"comment_status":"closed","ping_status":"closed","template":"","meta":{"_acf_changed":false,"wl_entities_gutenberg":"","_relevanssi_hide_post":"","_relevanssi_hide_content":"","_relevanssi_pin_for_all":"","_relevanssi_pin_keywords":"","_relevanssi_unpin_keywords":"","_relevanssi_related_keywords":"","_relevanssi_related_include_ids":"","_relevanssi_related_exclude_ids":"","_relevanssi_related_no_append":"","_relevanssi_related_not_related":"","_relevanssi_related_posts":"","_relevanssi_noindex_reason":"","footnotes":""},"wl_entity_type":[706],"class_list":["post-162484","page","type-page","status-publish","hentry","wl_entity_type-article"],"acf":[],"yoast_head":"<!-- This site is optimized with the Yoast SEO Premium plugin v27.5 (Yoast SEO v27.5) - https:\/\/yoast.com\/product\/yoast-seo-premium-wordpress\/ -->\n<title>Prohl\u00e1\u0161en\u00ed o p\u0159\u00edstupnosti \u00bb SalzburgerLand.com<\/title>\n<meta name=\"robots\" content=\"index, follow, max-snippet:-1, max-image-preview:large, max-video-preview:-1\" \/>\n<link rel=\"canonical\" href=\"https:\/\/www.salzburgerland.com\/cs\/prohlaseni-o-pristupnosti\/\" \/>\n<meta property=\"og:locale\" content=\"cs_CZ\" \/>\n<meta property=\"og:type\" content=\"article\" \/>\n<meta property=\"og:title\" content=\"Prohl\u00e1\u0161en\u00ed o p\u0159\u00edstupnosti\" \/>\n<meta property=\"og:description\" content=\"Prohl\u00e1\u0161en\u00ed o p\u0159\u00edstupnosti My, spole\u010dnost SalzburgerLand Tourismus GmbH, se sna\u017e\u00edme, aby na\u0161e webov\u00e9 str\u00e1nky byly p\u0159\u00edstupn\u00e9 v souladu se z\u00e1konem o\" \/>\n<meta property=\"og:url\" content=\"https:\/\/www.salzburgerland.com\/cs\/prohlaseni-o-pristupnosti\/\" \/>\n<meta property=\"og:site_name\" content=\"SalzburgerLand.com\" \/>\n<meta property=\"article:publisher\" content=\"https:\/\/www.facebook.com\/visitsalzburgerland\/\" \/>\n<meta property=\"article:modified_time\" content=\"2026-03-18T09:08:37+00:00\" \/>\n<meta name=\"twitter:card\" content=\"summary_large_image\" \/>\n<meta name=\"twitter:site\" content=\"@salzburgerland\" \/>\n<meta name=\"twitter:label1\" content=\"Odhadovan\u00e1 doba \u010dten\u00ed\" \/>\n\t<meta name=\"twitter:data1\" content=\"5 minut\" \/>\n<script type=\"application\/ld+json\" class=\"yoast-schema-graph\">{\"@context\":\"https:\\\/\\\/schema.org\",\"@graph\":[{\"@type\":\"WebPage\",\"@id\":\"https:\\\/\\\/www.salzburgerland.com\\\/cs\\\/prohlaseni-o-pristupnosti\\\/\",\"url\":\"https:\\\/\\\/www.salzburgerland.com\\\/cs\\\/prohlaseni-o-pristupnosti\\\/\",\"name\":\"Prohl\u00e1\u0161en\u00ed o p\u0159\u00edstupnosti \u00bb SalzburgerLand.com\",\"isPartOf\":{\"@id\":\"https:\\\/\\\/www.salzburgerland.com\\\/cs\\\/#website\"},\"datePublished\":\"2025-06-27T07:24:27+00:00\",\"dateModified\":\"2026-03-18T09:08:37+00:00\",\"inLanguage\":\"cs\",\"potentialAction\":[{\"@type\":\"ReadAction\",\"target\":[\"https:\\\/\\\/www.salzburgerland.com\\\/cs\\\/prohlaseni-o-pristupnosti\\\/\"]}]},{\"@type\":\"WebSite\",\"@id\":\"https:\\\/\\\/www.salzburgerland.com\\\/cs\\\/#website\",\"url\":\"https:\\\/\\\/www.salzburgerland.com\\\/cs\\\/\",\"name\":\"SalzburgerLand.com\",\"description\":\"Va\u0161e dovolen\u00e1 v Salcburku, Rakousko\",\"potentialAction\":[{\"@type\":\"SearchAction\",\"target\":{\"@type\":\"EntryPoint\",\"urlTemplate\":\"https:\\\/\\\/www.salzburgerland.com\\\/cs\\\/?s={search_term_string}\"},\"query-input\":{\"@type\":\"PropertyValueSpecification\",\"valueRequired\":true,\"valueName\":\"search_term_string\"}}],\"inLanguage\":\"cs\"}]}<\/script>\n<!-- \/ Yoast SEO Premium plugin. -->","yoast_head_json":{"title":"Prohl\u00e1\u0161en\u00ed o p\u0159\u00edstupnosti \u00bb SalzburgerLand.com","robots":{"index":"index","follow":"follow","max-snippet":"max-snippet:-1","max-image-preview":"max-image-preview:large","max-video-preview":"max-video-preview:-1"},"canonical":"https:\/\/www.salzburgerland.com\/cs\/prohlaseni-o-pristupnosti\/","og_locale":"cs_CZ","og_type":"article","og_title":"Prohl\u00e1\u0161en\u00ed o p\u0159\u00edstupnosti","og_description":"Prohl\u00e1\u0161en\u00ed o p\u0159\u00edstupnosti My, spole\u010dnost SalzburgerLand Tourismus GmbH, se sna\u017e\u00edme, aby na\u0161e webov\u00e9 str\u00e1nky byly p\u0159\u00edstupn\u00e9 v souladu se z\u00e1konem o","og_url":"https:\/\/www.salzburgerland.com\/cs\/prohlaseni-o-pristupnosti\/","og_site_name":"SalzburgerLand.com","article_publisher":"https:\/\/www.facebook.com\/visitsalzburgerland\/","article_modified_time":"2026-03-18T09:08:37+00:00","twitter_card":"summary_large_image","twitter_site":"@salzburgerland","twitter_misc":{"Odhadovan\u00e1 doba \u010dten\u00ed":"5 minut"},"schema":{"@context":"https:\/\/schema.org","@graph":[{"@type":"WebPage","@id":"https:\/\/www.salzburgerland.com\/cs\/prohlaseni-o-pristupnosti\/","url":"https:\/\/www.salzburgerland.com\/cs\/prohlaseni-o-pristupnosti\/","name":"Prohl\u00e1\u0161en\u00ed o p\u0159\u00edstupnosti \u00bb SalzburgerLand.com","isPartOf":{"@id":"https:\/\/www.salzburgerland.com\/cs\/#website"},"datePublished":"2025-06-27T07:24:27+00:00","dateModified":"2026-03-18T09:08:37+00:00","inLanguage":"cs","potentialAction":[{"@type":"ReadAction","target":["https:\/\/www.salzburgerland.com\/cs\/prohlaseni-o-pristupnosti\/"]}]},{"@type":"WebSite","@id":"https:\/\/www.salzburgerland.com\/cs\/#website","url":"https:\/\/www.salzburgerland.com\/cs\/","name":"SalzburgerLand.com","description":"Va\u0161e dovolen\u00e1 v Salcburku, Rakousko","potentialAction":[{"@type":"SearchAction","target":{"@type":"EntryPoint","urlTemplate":"https:\/\/www.salzburgerland.com\/cs\/?s={search_term_string}"},"query-input":{"@type":"PropertyValueSpecification","valueRequired":true,"valueName":"search_term_string"}}],"inLanguage":"cs"}]}},"_wl_alt_label":[],"wl:entity_url":"http:\/\/open.salzburgerland.com\/cs\/page\/prohlaseni-o-pristupnosti-162484","_links":{"self":[{"href":"https:\/\/www.salzburgerland.com\/cs\/wp-json\/wp\/v2\/pages\/162484","targetHints":{"allow":["GET"]}}],"collection":[{"href":"https:\/\/www.salzburgerland.com\/cs\/wp-json\/wp\/v2\/pages"}],"about":[{"href":"https:\/\/www.salzburgerland.com\/cs\/wp-json\/wp\/v2\/types\/page"}],"author":[{"embeddable":true,"href":"https:\/\/www.salzburgerland.com\/cs\/wp-json\/wp\/v2\/users\/30"}],"replies":[{"embeddable":true,"href":"https:\/\/www.salzburgerland.com\/cs\/wp-json\/wp\/v2\/comments?post=162484"}],"version-history":[{"count":5,"href":"https:\/\/www.salzburgerland.com\/cs\/wp-json\/wp\/v2\/pages\/162484\/revisions"}],"predecessor-version":[{"id":164365,"href":"https:\/\/www.salzburgerland.com\/cs\/wp-json\/wp\/v2\/pages\/162484\/revisions\/164365"}],"wp:attachment":[{"href":"https:\/\/www.salzburgerland.com\/cs\/wp-json\/wp\/v2\/media?parent=162484"}],"wp:term":[{"taxonomy":"wl_entity_type","embeddable":true,"href":"https:\/\/www.salzburgerland.com\/cs\/wp-json\/wp\/v2\/wl_entity_type?post=162484"}],"curies":[{"name":"wp","href":"https:\/\/api.w.org\/{rel}","templated":true}]}}